{"id":739,"date":"2016-07-11T23:36:36","date_gmt":"2016-07-11T22:36:36","guid":{"rendered":"http:\/\/agora.xtec.cat\/ceipferreriguardia\/?page_id=739"},"modified":"2018-11-21T21:05:44","modified_gmt":"2018-11-21T20:05:44","slug":"educacio-artistica","status":"publish","type":"page","link":"https:\/\/agora.xtec.cat\/ceipferreriguardia\/projectes\/educacio-artistica\/","title":{"rendered":"Educaci\u00f3 art\u00edstica"},"content":{"rendered":"<p>La nostra escola aposta per l&#8217;educaci\u00f3 art\u00edsitica tant a\u00a0 nivell d&#8217;educaci\u00f3 visual i pl\u00e0stica com de m\u00fasica. Considerem que l&#8217;art ha de formar part de l&#8217;educaci\u00f3 dels infants ja que els aporta valors, cultura, creativitat i els ajuda a formar-se com a persones.<\/p>\n<p>EDUCACI\u00d3 VISUAL I PL\u00c0STICA<\/p>\n<p>Es plantejen tallers internivells cada trimestre. Cada grup est\u00e0 format per alumnat del mateix cicle i els grups s\u00f3n redu\u00efts (uns 16-18 alumnes). Els tallers s\u00f3n: volum, pintura i disseny amb les TAC.<\/p>\n<p>EDUCACI\u00d3 MUSICAL<\/p>\n<p>El treball de la m\u00fasica es fa des de P3 a 6\u00e8 de Prim\u00e0ria. Cada cicle t\u00e9 per\u00f2 unes caracter\u00edstiques espec\u00edfiques que s\u00f3n les seg\u00fcents:<\/p>\n<p>Infantil: M\u00fasica i moviment. Treball de can\u00e7ons, audicions i expressi\u00f3 corporal.<\/p>\n<p>Cicle Inicial: Introducci\u00f3 al llenguatge musical, can\u00e7ons, danses i audicions.<\/p>\n<p>Cicle Mitj\u00e0: Introducci\u00f3 al conjunt Orff (amb instruments de placa)<\/p>\n<p>Cicle Superior: Cant\u00e0nia 5\u00e8 i Compositors a l\u2019aula a 6\u00e8.<\/p>\n","protected":false},"excerpt":{"rendered":"<p>La nostra escola aposta per l&#8217;educaci\u00f3 art\u00edsitica tant a\u00a0 nivell d&#8217;educaci\u00f3 visual i pl\u00e0stica com de m\u00fasica. Considerem que l&#8217;art ha de formar part de l&#8217;educaci\u00f3 dels infants ja que els aporta valors, cultura, creativitat i els ajuda a formar-se com a persones.<br \/>\nEDUCACI\u00d3 VISUAL I&hellip;  <a href=\"https:\/\/agora.xtec.cat\/ceipferreriguardia\/projectes\/educacio-artistica\/\" title=\"Read Educaci\u00f3 art\u00edstica\">Llegeix m\u00e9s\u00bb<\/a><\/p>\n","protected":false},"author":1,"featured_media":0,"parent":725,"menu_order":0,"comment_status":"closed","ping_status":"closed","template":"page-templates\/side-menu.php","meta":{"_bbp_topic_count":0,"_bbp_reply_count":0,"_bbp_total_topic_count":0,"_bbp_total_reply_count":0,"_bbp_voice_count":0,"_bbp_anonymous_reply_count":0,"_bbp_topic_count_hidden":0,"_bbp_reply_count_hidden":0,"_bbp_forum_subforum_count":0,"footnotes":""},"class_list":["post-739","page","type-page","status-publish","hentry"],"post_mailing_queue_ids":[],"_links":{"self":[{"href":"https:\/\/agora.xtec.cat\/ceipferreriguardia\/wp-json\/wp\/v2\/pages\/739","targetHints":{"allow":["GET"]}}],"collection":[{"href":"https:\/\/agora.xtec.cat\/ceipferreriguardia\/wp-json\/wp\/v2\/pages"}],"about":[{"href":"https:\/\/agora.xtec.cat\/ceipferreriguardia\/wp-json\/wp\/v2\/types\/page"}],"author":[{"embeddable":true,"href":"https:\/\/agora.xtec.cat\/ceipferreriguardia\/wp-json\/wp\/v2\/users\/1"}],"replies":[{"embeddable":true,"href":"https:\/\/agora.xtec.cat\/ceipferreriguardia\/wp-json\/wp\/v2\/comments?post=739"}],"version-history":[{"count":3,"href":"https:\/\/agora.xtec.cat\/ceipferreriguardia\/wp-json\/wp\/v2\/pages\/739\/revisions"}],"predecessor-version":[{"id":1160,"href":"https:\/\/agora.xtec.cat\/ceipferreriguardia\/wp-json\/wp\/v2\/pages\/739\/revisions\/1160"}],"up":[{"embeddable":true,"href":"https:\/\/agora.xtec.cat\/ceipferreriguardia\/wp-json\/wp\/v2\/pages\/725"}],"wp:attachment":[{"href":"https:\/\/agora.xtec.cat\/ceipferreriguardia\/wp-json\/wp\/v2\/media?parent=739"}],"curies":[{"name":"wp","href":"https:\/\/api.w.org\/{rel}","templated":true}]}}