{"id":36,"date":"2014-09-18T12:33:11","date_gmt":"2014-09-18T11:33:11","guid":{"rendered":"http:\/\/agora.xtec.cat\/ceipferreriguardia\/?page_id=36"},"modified":"2022-07-14T13:20:10","modified_gmt":"2022-07-14T11:20:10","slug":"material-escolar","status":"publish","type":"page","link":"https:\/\/agora.xtec.cat\/ceipferreriguardia\/lescola\/material-escolar\/","title":{"rendered":"Material escolar"},"content":{"rendered":"<p>Cada curs es paga una quota anual per a l&#8217;adquisici\u00f3 de material escolar per a l&#8217;alumnat (carpetes,estoig, llapis, bol\u00edgrafs, regles, tisores, arxivadors, pega, cartolines, calculadores, colors, llibretes, etc.).<\/p>\n<p>MATERIAL ESPEC\u00cdFIC:<\/p>\n<p>&#8211; EDUCACI\u00d3 F\u00cdSICA: Per a les sessions d&#8217;educaci\u00f3 f\u00edsica \u00e9s imprescindible portar sabatilles d&#8217;esport, pantal\u00f3 curt, samarreta o xandall i tovallola, aix\u00ed com samarreta de recanvi. Es recomana que el xandall i samarreta siguin el de l&#8217;escola.<\/p>\n<p>&#8211; NATACI\u00d3 CICLE INICIAL: Cal portar banyador, casquet de bany, xancletes i tovallola, aix\u00ed com un petit necesser per tal de treballar la higiene personal.<\/p>\n<p>&#8211; INICIACI\u00d3 A LA VELA (5\u00e8): L&#8217;alumnat ha de portar roba de recanvi, paravent, sabatilles d&#8217;aigua, gorra, aigua i crema solar.<\/p>\n<p>&#8211; EDUCACI\u00d3 MUSICAL: a l&#8217;inici de cada curs es demana que els infants portin mitjons antilliscants.<\/p>\n<p>&#8211; PSICOMOTRICITAT: Per a les sessions de psicomotricitat cal portar roba esportiva i sabatilles d&#8217;esport.<\/p>\n<p>&nbsp;<\/p>\n","protected":false},"excerpt":{"rendered":"<p>Cada curs es paga una quota anual per a l&#8217;adquisici\u00f3 de material escolar per a l&#8217;alumnat (carpetes,estoig, llapis, bol\u00edgrafs, regles, tisores, arxivadors, pega, cartolines, calculadores, colors, llibretes, etc.).<br \/>\nMATERIAL ESPEC\u00cdFIC:<br \/>\n&#8211; EDUCACI\u00d3 F\u00cdSICA: Per a les sessions d&#8217;educaci\u00f3 f\u00edsica \u00e9s imprescindible portar sabatilles d&#8217;esport, pantal\u00f3 curt, samarreta&hellip;  <a href=\"https:\/\/agora.xtec.cat\/ceipferreriguardia\/lescola\/material-escolar\/\" title=\"Read Material escolar\">Llegeix m\u00e9s\u00bb<\/a><\/p>\n","protected":false},"author":1,"featured_media":0,"parent":22,"menu_order":70,"comment_status":"closed","ping_status":"closed","template":"page-templates\/side-menu.php","meta":{"_bbp_topic_count":0,"_bbp_reply_count":0,"_bbp_total_topic_count":0,"_bbp_total_reply_count":0,"_bbp_voice_count":0,"_bbp_anonymous_reply_count":0,"_bbp_topic_count_hidden":0,"_bbp_reply_count_hidden":0,"_bbp_forum_subforum_count":0,"footnotes":""},"class_list":["post-36","page","type-page","status-publish","hentry"],"post_mailing_queue_ids":[],"_links":{"self":[{"href":"https:\/\/agora.xtec.cat\/ceipferreriguardia\/wp-json\/wp\/v2\/pages\/36","targetHints":{"allow":["GET"]}}],"collection":[{"href":"https:\/\/agora.xtec.cat\/ceipferreriguardia\/wp-json\/wp\/v2\/pages"}],"about":[{"href":"https:\/\/agora.xtec.cat\/ceipferreriguardia\/wp-json\/wp\/v2\/types\/page"}],"author":[{"embeddable":true,"href":"https:\/\/agora.xtec.cat\/ceipferreriguardia\/wp-json\/wp\/v2\/users\/1"}],"replies":[{"embeddable":true,"href":"https:\/\/agora.xtec.cat\/ceipferreriguardia\/wp-json\/wp\/v2\/comments?post=36"}],"version-history":[{"count":3,"href":"https:\/\/agora.xtec.cat\/ceipferreriguardia\/wp-json\/wp\/v2\/pages\/36\/revisions"}],"predecessor-version":[{"id":1950,"href":"https:\/\/agora.xtec.cat\/ceipferreriguardia\/wp-json\/wp\/v2\/pages\/36\/revisions\/1950"}],"up":[{"embeddable":true,"href":"https:\/\/agora.xtec.cat\/ceipferreriguardia\/wp-json\/wp\/v2\/pages\/22"}],"wp:attachment":[{"href":"https:\/\/agora.xtec.cat\/ceipferreriguardia\/wp-json\/wp\/v2\/media?parent=36"}],"curies":[{"name":"wp","href":"https:\/\/api.w.org\/{rel}","templated":true}]}}