{"id":32,"date":"2014-09-18T12:31:33","date_gmt":"2014-09-18T11:31:33","guid":{"rendered":"http:\/\/agora.xtec.cat\/ceipferreriguardia\/?page_id=32"},"modified":"2025-06-23T09:58:13","modified_gmt":"2025-06-23T07:58:13","slug":"calendari-del-curs","status":"publish","type":"page","link":"https:\/\/agora.xtec.cat\/ceipferreriguardia\/lescola\/calendari-del-curs\/","title":{"rendered":"Calendari del curs 2025\/2026"},"content":{"rendered":"<h4><strong>Inici de curs 25\/26:<\/strong><\/h4>\n<p>8 de setembre de 2025<\/p>\n<p>ADAPTACI\u00d3 A I3: del 8 al 10 de setembre de 2025<\/p>\n<h4><strong>Vacances:<\/strong><\/h4>\n<h6><strong>NADAL: del 20 de desembre de 2025 al 7 de gener de 2026, ambd\u00f3s inclosos.<\/strong><\/h6>\n<p><strong>SETMANA SANTA: del 28 de mar\u00e7 al 6 d&#8217;abril de 2026, ambd\u00f3s inclosos.<\/strong><\/p>\n<h4><strong>Dies festius<\/strong>:<\/h4>\n<p>11 de setembre, 12 d\u2019octubre, 1 de novembre, 6 i 8 de desembre, 1 de maig, 25 de maig (2a Pasqua, festa local), 24 juny i 29 de juny (festa local).<\/p>\n<h4><strong>Dies festius de lliure disposici\u00f3 acordats pel Consell Escolar:<\/strong><\/h4>\n<div class=\"layoutArea\">\n<div class=\"column\">\n<p>Divendres 10\u00a0 d\u2019octubre de 2025<\/p>\n<p>Dilluns 3 de novembre de 2025<\/p>\n<p>Dilluns 16 de febrer de 2026<\/p>\n<p>Divendres 13 de mar\u00e7 de 2026<\/p>\n<p>Dijous 30 d&#8217;abril de2026<\/p>\n<\/div>\n<div><\/div>\n<div class=\"column\">\n<p>&nbsp;<\/p>\n<p><strong>COL\u00d2NIES I VIATGE 6\u00e8<\/strong><\/p>\n<p>Col\u00f2nies (I5,2n,4t): del 20 al 22 de maig a Mas Banyeres (Centelles)<\/p>\n<p>Viatge 6\u00e8: del 26 al 29 de maig a Mas Gorgoll (Palam\u00f3s)<\/p>\n<\/div>\n<\/div>\n<h4><\/h4>\n<h4><strong>Jornada intensiva:<\/strong><\/h4>\n<p>19 de desembre de 2026<\/p>\n<p>Del 8 al 19 de juny (ambd\u00f3s inclosos)<\/p>\n<p>&nbsp;<\/p>\n<p><em>L\u2019<b>horari lectiu<\/b> del centre \u00e9s de 9 a 12:30 h i de 15:00 a 16:30 h\u00a0 per a EI i CI \/\/ de 8:55 a 15:25 i de 14:55 a 16:25h per a CM i CS. L&#8217;horari lectiu de jornada intensiva \u00e9s de 9 a 13h.<br \/>\n<\/em><\/p>\n<p><em>Per als alumnes que inicien l\u2019escolaritzaci\u00f3 a I3 s\u2019organitza un breu per\u00edode d\u2019adaptaci\u00f3 que suposa una certa modificaci\u00f3 dels horaris dels tres primers dies de classe, i que es fa saber a les fam\u00edlies en les reunions pr\u00e8vies corresponents.<\/em><\/p>\n<p><a href=\"https:\/\/drive.google.com\/file\/d\/1OS6nwyLwK8ahVRseAroBSfl-ap82DOcH\/view?usp=sharing\">ENLLA\u00c7 AL CALENDARI EN PDF<\/a><\/p>\n","protected":false},"excerpt":{"rendered":"<p>Inici de curs 25\/26:<br \/>\n8 de setembre de 2025<br \/>\nADAPTACI\u00d3 A I3: del 8 al 10 de setembre de 2025<br \/>\nVacances:<br \/>\nNADAL: del 20 de desembre de 2025 al 7 de gener de 2026, ambd\u00f3s inclosos.<br \/>\nSETMANA SANTA: del 28 de mar\u00e7 al 6 d&#8217;abril de 2026, ambd\u00f3s inclosos.<br \/>\nDies festius:<br \/>\n11&hellip;  <a href=\"https:\/\/agora.xtec.cat\/ceipferreriguardia\/lescola\/calendari-del-curs\/\" title=\"Read Calendari del curs 2025\/2026\">Llegeix m\u00e9s\u00bb<\/a><\/p>\n","protected":false},"author":1,"featured_media":0,"parent":22,"menu_order":50,"comment_status":"closed","ping_status":"closed","template":"page-templates\/side-menu.php","meta":{"_bbp_topic_count":0,"_bbp_reply_count":0,"_bbp_total_topic_count":0,"_bbp_total_reply_count":0,"_bbp_voice_count":0,"_bbp_anonymous_reply_count":0,"_bbp_topic_count_hidden":0,"_bbp_reply_count_hidden":0,"_bbp_forum_subforum_count":0,"footnotes":""},"class_list":["post-32","page","type-page","status-publish","hentry"],"post_mailing_queue_ids":[],"_links":{"self":[{"href":"https:\/\/agora.xtec.cat\/ceipferreriguardia\/wp-json\/wp\/v2\/pages\/32","targetHints":{"allow":["GET"]}}],"collection":[{"href":"https:\/\/agora.xtec.cat\/ceipferreriguardia\/wp-json\/wp\/v2\/pages"}],"about":[{"href":"https:\/\/agora.xtec.cat\/ceipferreriguardia\/wp-json\/wp\/v2\/types\/page"}],"author":[{"embeddable":true,"href":"https:\/\/agora.xtec.cat\/ceipferreriguardia\/wp-json\/wp\/v2\/users\/1"}],"replies":[{"embeddable":true,"href":"https:\/\/agora.xtec.cat\/ceipferreriguardia\/wp-json\/wp\/v2\/comments?post=32"}],"version-history":[{"count":7,"href":"https:\/\/agora.xtec.cat\/ceipferreriguardia\/wp-json\/wp\/v2\/pages\/32\/revisions"}],"predecessor-version":[{"id":2142,"href":"https:\/\/agora.xtec.cat\/ceipferreriguardia\/wp-json\/wp\/v2\/pages\/32\/revisions\/2142"}],"up":[{"embeddable":true,"href":"https:\/\/agora.xtec.cat\/ceipferreriguardia\/wp-json\/wp\/v2\/pages\/22"}],"wp:attachment":[{"href":"https:\/\/agora.xtec.cat\/ceipferreriguardia\/wp-json\/wp\/v2\/media?parent=32"}],"curies":[{"name":"wp","href":"https:\/\/api.w.org\/{rel}","templated":true}]}}