{"id":26,"date":"2014-09-18T12:24:32","date_gmt":"2014-09-18T11:24:32","guid":{"rendered":"http:\/\/agora.xtec.cat\/ceipferreriguardia\/?page_id=26"},"modified":"2025-07-16T10:47:27","modified_gmt":"2025-07-16T08:47:27","slug":"historia","status":"publish","type":"page","link":"https:\/\/agora.xtec.cat\/ceipferreriguardia\/lescola\/historia\/","title":{"rendered":"Hist\u00f2ria"},"content":{"rendered":"<p data-start=\"113\" data-end=\"144\"><strong data-start=\"113\" data-end=\"144\">Una escola amb nom de futur<\/strong><\/p>\n<p data-start=\"146\" data-end=\"577\">L\u2019Escola Francesc Ferrer i Gu\u00e0rdia va obrir les seves portes el curs 1982-83 al cor del Masnou, una vila costanera de tradici\u00f3 comercial i amb una comunitat diversa. Des del seu inici, l\u2019escola ha estat un referent d\u2019educaci\u00f3 p\u00fablica, inclusiva i compromesa amb el desenvolupament integral dels infants. Amb una sola l\u00ednia educativa que abra\u00e7a des d\u2019Educaci\u00f3 Infantil fins a Prim\u00e0ria, ha sabut mantenir un entorn proper i familiar.<\/p>\n<p data-start=\"579\" data-end=\"986\">Situada al carrer Joan Llampallas, l\u2019escola acull nens i nenes de tot el municipi, reflectint la riquesa cultural i social del barri. A trav\u00e9s del temps, ha crescut amb una visi\u00f3 clara: formar persones competents, aut\u00f2nomes i compromeses amb la societat i el medi ambient. El seu projecte educatiu aposta per una educaci\u00f3 activa, on la lectura, la reflexi\u00f3 cr\u00edtica i el respecte mutu s\u00f3n pilars fonamentals.<\/p>\n<p data-start=\"988\" data-end=\"1235\">El nom de l\u2019escola no \u00e9s casual: Francesc Ferrer i Gu\u00e0rdia, pedagog i lliurepensador, inspira la seva ess\u00e8ncia educativa. Fidels al seu esperit, el centre fomenta valors democr\u00e0tics, la igualtat d\u2019oportunitats i l\u2019aprenentatge al llarg de la vida.<\/p>\n<p data-start=\"1237\" data-end=\"1385\">Avui, m\u00e9s de quaranta anys despr\u00e9s, l\u2019Escola Ferrer i Gu\u00e0rdia continua sent una comunitat viva, que es transforma, apr\u00e8n i creix amb cada generaci\u00f3.<\/p>\n","protected":false},"excerpt":{"rendered":"<p>Una escola amb nom de futur<br \/>\nL\u2019Escola Francesc Ferrer i Gu\u00e0rdia va obrir les seves portes el curs 1982-83 al cor del Masnou, una vila costanera de tradici\u00f3 comercial i amb una comunitat diversa. Des del seu inici, l\u2019escola ha estat un referent d\u2019educaci\u00f3 p\u00fablica, inclusiva&hellip;  <a href=\"https:\/\/agora.xtec.cat\/ceipferreriguardia\/lescola\/historia\/\" title=\"Read Hist\u00f2ria\">Llegeix m\u00e9s\u00bb<\/a><\/p>\n","protected":false},"author":1,"featured_media":0,"parent":22,"menu_order":20,"comment_status":"closed","ping_status":"closed","template":"page-templates\/side-menu.php","meta":{"_bbp_topic_count":0,"_bbp_reply_count":0,"_bbp_total_topic_count":0,"_bbp_total_reply_count":0,"_bbp_voice_count":0,"_bbp_anonymous_reply_count":0,"_bbp_topic_count_hidden":0,"_bbp_reply_count_hidden":0,"_bbp_forum_subforum_count":0,"footnotes":""},"class_list":["post-26","page","type-page","status-publish","hentry"],"post_mailing_queue_ids":[],"_links":{"self":[{"href":"https:\/\/agora.xtec.cat\/ceipferreriguardia\/wp-json\/wp\/v2\/pages\/26","targetHints":{"allow":["GET"]}}],"collection":[{"href":"https:\/\/agora.xtec.cat\/ceipferreriguardia\/wp-json\/wp\/v2\/pages"}],"about":[{"href":"https:\/\/agora.xtec.cat\/ceipferreriguardia\/wp-json\/wp\/v2\/types\/page"}],"author":[{"embeddable":true,"href":"https:\/\/agora.xtec.cat\/ceipferreriguardia\/wp-json\/wp\/v2\/users\/1"}],"replies":[{"embeddable":true,"href":"https:\/\/agora.xtec.cat\/ceipferreriguardia\/wp-json\/wp\/v2\/comments?post=26"}],"version-history":[{"count":2,"href":"https:\/\/agora.xtec.cat\/ceipferreriguardia\/wp-json\/wp\/v2\/pages\/26\/revisions"}],"predecessor-version":[{"id":2153,"href":"https:\/\/agora.xtec.cat\/ceipferreriguardia\/wp-json\/wp\/v2\/pages\/26\/revisions\/2153"}],"up":[{"embeddable":true,"href":"https:\/\/agora.xtec.cat\/ceipferreriguardia\/wp-json\/wp\/v2\/pages\/22"}],"wp:attachment":[{"href":"https:\/\/agora.xtec.cat\/ceipferreriguardia\/wp-json\/wp\/v2\/media?parent=26"}],"curies":[{"name":"wp","href":"https:\/\/api.w.org\/{rel}","templated":true}]}}