{"id":22,"date":"2014-09-18T12:19:57","date_gmt":"2014-09-18T11:19:57","guid":{"rendered":"http:\/\/agora.xtec.cat\/ceipferreriguardia\/?page_id=22"},"modified":"2025-07-16T11:07:58","modified_gmt":"2025-07-16T09:07:58","slug":"lescola","status":"publish","type":"page","link":"https:\/\/agora.xtec.cat\/ceipferreriguardia\/lescola\/","title":{"rendered":"Benvinguts a l\u2019Escola Ferrer i Gu\u00e0rdia"},"content":{"rendered":"<p data-start=\"202\" data-end=\"493\">Som una escola p\u00fablica i familiar del Masnou, amb m\u00e9s de 40 anys d\u2019hist\u00f2ria, on cada infant \u00e9s \u00fanic i important. A la Ferrer i Gu\u00e0rdia eduquem amb la mirada posada en el present i el futur, acompanyant els infants perqu\u00e8 esdevinguin persones competents, aut\u00f2nomes, respectuoses i amb valors.<\/p>\n<p data-start=\"495\" data-end=\"764\">Creiem que <strong data-start=\"506\" data-end=\"540\">educar \u00e9s fer cr\u00e9ixer persones<\/strong>, no nom\u00e9s transmetre coneixements. Per aix\u00f2, m\u00e9s enll\u00e0 dels bons resultats acad\u00e8mics que caracteritzen el nostre alumnat, estem orgullosos de la seva capacitat per conviure, cooperar i actuar amb responsabilitat i respecte.<\/p>\n<p data-start=\"766\" data-end=\"965\">El nostre equip docent \u00e9s proper, comprom\u00e8s i acollidor. Treballem en equip i amb il\u00b7lusi\u00f3, creant un clima de confian\u00e7a que afavoreix l\u2019aprenentatge i el desenvolupament personal de cada nen i nena.<\/p>\n<p data-start=\"967\" data-end=\"1055\">A la Ferrer i Gu\u00e0rdia, <strong data-start=\"990\" data-end=\"1054\">creixem junts com a escola, com a persones i com a comunitat<\/strong>.<\/p>\n","protected":false},"excerpt":{"rendered":"<p>Som una escola p\u00fablica i familiar del Masnou, amb m\u00e9s de 40 anys d\u2019hist\u00f2ria, on cada infant \u00e9s \u00fanic i important. A la Ferrer i Gu\u00e0rdia eduquem amb la mirada posada en el present i el futur, acompanyant els infants perqu\u00e8 esdevinguin persones competents, aut\u00f2nomes,&hellip;  <a href=\"https:\/\/agora.xtec.cat\/ceipferreriguardia\/lescola\/\" title=\"Read Benvinguts a l\u2019Escola Ferrer i Gu\u00e0rdia\">Llegeix m\u00e9s\u00bb<\/a><\/p>\n","protected":false},"author":1,"featured_media":0,"parent":0,"menu_order":0,"comment_status":"closed","ping_status":"closed","template":"page-templates\/side-menu.php","meta":{"_bbp_topic_count":0,"_bbp_reply_count":0,"_bbp_total_topic_count":0,"_bbp_total_reply_count":0,"_bbp_voice_count":0,"_bbp_anonymous_reply_count":0,"_bbp_topic_count_hidden":0,"_bbp_reply_count_hidden":0,"_bbp_forum_subforum_count":0,"footnotes":""},"class_list":["post-22","page","type-page","status-publish","hentry"],"post_mailing_queue_ids":[],"_links":{"self":[{"href":"https:\/\/agora.xtec.cat\/ceipferreriguardia\/wp-json\/wp\/v2\/pages\/22","targetHints":{"allow":["GET"]}}],"collection":[{"href":"https:\/\/agora.xtec.cat\/ceipferreriguardia\/wp-json\/wp\/v2\/pages"}],"about":[{"href":"https:\/\/agora.xtec.cat\/ceipferreriguardia\/wp-json\/wp\/v2\/types\/page"}],"author":[{"embeddable":true,"href":"https:\/\/agora.xtec.cat\/ceipferreriguardia\/wp-json\/wp\/v2\/users\/1"}],"replies":[{"embeddable":true,"href":"https:\/\/agora.xtec.cat\/ceipferreriguardia\/wp-json\/wp\/v2\/comments?post=22"}],"version-history":[{"count":3,"href":"https:\/\/agora.xtec.cat\/ceipferreriguardia\/wp-json\/wp\/v2\/pages\/22\/revisions"}],"predecessor-version":[{"id":2159,"href":"https:\/\/agora.xtec.cat\/ceipferreriguardia\/wp-json\/wp\/v2\/pages\/22\/revisions\/2159"}],"wp:attachment":[{"href":"https:\/\/agora.xtec.cat\/ceipferreriguardia\/wp-json\/wp\/v2\/media?parent=22"}],"curies":[{"name":"wp","href":"https:\/\/api.w.org\/{rel}","templated":true}]}}