{"id":1794,"date":"2021-09-30T15:02:23","date_gmt":"2021-09-30T13:02:23","guid":{"rendered":"https:\/\/agora.xtec.cat\/ceipferreriguardia\/?page_id=1794"},"modified":"2021-09-30T15:02:23","modified_gmt":"2021-09-30T13:02:23","slug":"calcul-mental-manipulatiu","status":"publish","type":"page","link":"https:\/\/agora.xtec.cat\/ceipferreriguardia\/projectes\/calcul-mental-manipulatiu\/","title":{"rendered":"C\u00e0lcul mental manipulatiu"},"content":{"rendered":"<p>\u00das de material manipulatiu des de P3 en l\u2019adquisici\u00f3 de c\u00e0lcul mental i algoritmes.<br \/>\nUna sessi\u00f3 setmanal amb dos mestres a l\u2019aula per treballar el c\u00e0lcul amb material manipulatiu i la l\u00f2gica matem\u00e0tica.<\/p>\n","protected":false},"excerpt":{"rendered":"<p>\u00das de material manipulatiu des de P3 en l\u2019adquisici\u00f3 de c\u00e0lcul mental i algoritmes.<br \/>\nUna sessi\u00f3 setmanal amb dos mestres a l\u2019aula per treballar el c\u00e0lcul amb material manipulatiu i la l\u00f2gica matem\u00e0tica.<\/p>\n","protected":false},"author":4,"featured_media":0,"parent":725,"menu_order":0,"comment_status":"closed","ping_status":"closed","template":"","meta":{"_bbp_topic_count":0,"_bbp_reply_count":0,"_bbp_total_topic_count":0,"_bbp_total_reply_count":0,"_bbp_voice_count":0,"_bbp_anonymous_reply_count":0,"_bbp_topic_count_hidden":0,"_bbp_reply_count_hidden":0,"_bbp_forum_subforum_count":0,"footnotes":""},"class_list":["post-1794","page","type-page","status-publish","hentry"],"post_mailing_queue_ids":[],"_links":{"self":[{"href":"https:\/\/agora.xtec.cat\/ceipferreriguardia\/wp-json\/wp\/v2\/pages\/1794","targetHints":{"allow":["GET"]}}],"collection":[{"href":"https:\/\/agora.xtec.cat\/ceipferreriguardia\/wp-json\/wp\/v2\/pages"}],"about":[{"href":"https:\/\/agora.xtec.cat\/ceipferreriguardia\/wp-json\/wp\/v2\/types\/page"}],"author":[{"embeddable":true,"href":"https:\/\/agora.xtec.cat\/ceipferreriguardia\/wp-json\/wp\/v2\/users\/4"}],"replies":[{"embeddable":true,"href":"https:\/\/agora.xtec.cat\/ceipferreriguardia\/wp-json\/wp\/v2\/comments?post=1794"}],"version-history":[{"count":1,"href":"https:\/\/agora.xtec.cat\/ceipferreriguardia\/wp-json\/wp\/v2\/pages\/1794\/revisions"}],"predecessor-version":[{"id":1795,"href":"https:\/\/agora.xtec.cat\/ceipferreriguardia\/wp-json\/wp\/v2\/pages\/1794\/revisions\/1795"}],"up":[{"embeddable":true,"href":"https:\/\/agora.xtec.cat\/ceipferreriguardia\/wp-json\/wp\/v2\/pages\/725"}],"wp:attachment":[{"href":"https:\/\/agora.xtec.cat\/ceipferreriguardia\/wp-json\/wp\/v2\/media?parent=1794"}],"curies":[{"name":"wp","href":"https:\/\/api.w.org\/{rel}","templated":true}]}}