{"id":750,"date":"2013-10-20T17:34:56","date_gmt":"2013-10-20T15:34:56","guid":{"rendered":"http:\/\/escolaferreries.cat\/bloc_biblioteca\/?page_id=750"},"modified":"2018-05-07T16:30:07","modified_gmt":"2018-05-07T14:30:07","slug":"marato-de-lectura-sant-jordi-2013","status":"publish","type":"page","link":"https:\/\/agora.xtec.cat\/ceipferreries\/biblioteca\/arxiu\/marato-de-lectura-sant-jordi-2013\/","title":{"rendered":"Marat\u00f3 de lectura Sant Jordi 2013"},"content":{"rendered":"<address><strong><code><\/code><\/strong><\/address>\n<p>A l\u2019escola hem tingut la joia d\u2019escoltar moltes veus desgranant lectures de contes i poemes.Hem comen\u00e7at el dia amb les paraules fermes, clares i amoroses de les autoritats locals i educatives.<\/p>\n<p>La Cristina i Miquel s\u2019han retrobat novament amb l\u2019escola i amb els xiquets i xiquetes, les seves han estat unes lectures que han sortit de l\u2019\u00e0nima de qui sempre han estat i seran mestres.<\/p>\n<p><em>Els mes petits, s\u2019han quedat bocabadats escoltant els contes de la Begonya, Marc i Judit, bibliotecaris de la Biblioteca Merc\u00e8 Lleix\u00e0.Acabem el mat\u00ed, rebent el millor regal que ens podien donar els pares: L\u2019esfor\u00e7 i la voluntat d\u2019oferir a les seves filles i fills temps per llegir, amb tota l\u2019estima, complicitats, somriures, acompanyats de la m\u00fasica d\u2019alguns dels components del grup Riu en so.Les veus de Jes\u00fas Tibau i Manel Oll\u00e9, ens han embolcallat de paraules nostrades. El goig d\u2019escoltar lectures de dos\u00a0 homes vinculats a la terra i al pa\u00eds.Mentre, el pati s\u2019omplia de fam\u00edlies que venien a llegir amb els seus fills i filles.<\/em><\/p>\n<p><em>M\u00aa Jos\u00e9 Gin\u00e9 &#8211; Responsable biblioteca escola<\/em><\/p>\n<address>\u00a0<\/address>\n<address>\n<address><strong><code>\u00a0 \u00a0 \u00a0 \u00a0 \u00a0 \u00a0 \u00a0 \u00a0 \u00a0 \u00a0 \u00a0 \u00a0 \u00a0 \u00a0 \u00a0 \u00a0 \u00a0 \u00a0 \u00a0 \u00a0<\/code><\/strong><\/address>\n<address>\u00a0<\/address>\n<p style=\"text-align: center;\">LA DIADA ENS VA DEIXAR IMATGES SIMP\u00c0TIQUES I EMOTIVES<\/p>\n<p><a href=\"http:\/\/escolaferreries.cat\/bloc_biblioteca\/wp-content\/uploads\/2012\/11\/2013-04-23-09.08.23.jpg\"><img loading=\"lazy\" decoding=\"async\" class=\"aligncenter size-medium wp-image-673\" src=\"http:\/\/escolaferreries.cat\/bloc_biblioteca\/wp-content\/uploads\/2012\/11\/2013-04-23-09.08.23-300x225.jpg\" alt=\"2013-04-23 09.08.23\" width=\"300\" height=\"225\" srcset=\"https:\/\/agora.xtec.cat\/ceipferreries\/wp-content\/uploads\/usu1804\/2012\/11\/2013-04-23-09.08.23-300x225.jpg 300w, https:\/\/agora.xtec.cat\/ceipferreries\/wp-content\/uploads\/usu1804\/2012\/11\/2013-04-23-09.08.23-768x576.jpg 768w, https:\/\/agora.xtec.cat\/ceipferreries\/wp-content\/uploads\/usu1804\/2012\/11\/2013-04-23-09.08.23-1024x768.jpg 1024w, https:\/\/agora.xtec.cat\/ceipferreries\/wp-content\/uploads\/usu1804\/2012\/11\/2013-04-23-09.08.23-200x150.jpg 200w, https:\/\/agora.xtec.cat\/ceipferreries\/wp-content\/uploads\/usu1804\/2012\/11\/2013-04-23-09.08.23.jpg 1600w\" sizes=\"auto, (max-width: 300px) 100vw, 300px\" \/><\/a> <a href=\"http:\/\/escolaferreries.cat\/bloc_biblioteca\/wp-content\/uploads\/2012\/11\/2013-04-23-09.29.35.jpg\"><img loading=\"lazy\" decoding=\"async\" class=\"aligncenter size-medium wp-image-674\" src=\"http:\/\/escolaferreries.cat\/bloc_biblioteca\/wp-content\/uploads\/2012\/11\/2013-04-23-09.29.35-300x225.jpg\" alt=\"2013-04-23 09.29.35\" width=\"300\" height=\"225\" srcset=\"https:\/\/agora.xtec.cat\/ceipferreries\/wp-content\/uploads\/usu1804\/2012\/11\/2013-04-23-09.29.35-300x225.jpg 300w, https:\/\/agora.xtec.cat\/ceipferreries\/wp-content\/uploads\/usu1804\/2012\/11\/2013-04-23-09.29.35-768x576.jpg 768w, https:\/\/agora.xtec.cat\/ceipferreries\/wp-content\/uploads\/usu1804\/2012\/11\/2013-04-23-09.29.35-1024x768.jpg 1024w, https:\/\/agora.xtec.cat\/ceipferreries\/wp-content\/uploads\/usu1804\/2012\/11\/2013-04-23-09.29.35-200x150.jpg 200w, https:\/\/agora.xtec.cat\/ceipferreries\/wp-content\/uploads\/usu1804\/2012\/11\/2013-04-23-09.29.35.jpg 1600w\" sizes=\"auto, (max-width: 300px) 100vw, 300px\" \/><\/a> <a href=\"http:\/\/escolaferreries.cat\/bloc_biblioteca\/wp-content\/uploads\/2012\/11\/2013-04-23-12.35.04.jpg\"><img loading=\"lazy\" decoding=\"async\" class=\"aligncenter size-medium wp-image-675\" src=\"http:\/\/escolaferreries.cat\/bloc_biblioteca\/wp-content\/uploads\/2012\/11\/2013-04-23-12.35.04-300x225.jpg\" alt=\"2013-04-23 12.35.04\" width=\"300\" height=\"225\" srcset=\"https:\/\/agora.xtec.cat\/ceipferreries\/wp-content\/uploads\/usu1804\/2012\/11\/2013-04-23-12.35.04-300x225.jpg 300w, https:\/\/agora.xtec.cat\/ceipferreries\/wp-content\/uploads\/usu1804\/2012\/11\/2013-04-23-12.35.04-768x576.jpg 768w, https:\/\/agora.xtec.cat\/ceipferreries\/wp-content\/uploads\/usu1804\/2012\/11\/2013-04-23-12.35.04-1024x768.jpg 1024w, https:\/\/agora.xtec.cat\/ceipferreries\/wp-content\/uploads\/usu1804\/2012\/11\/2013-04-23-12.35.04-200x150.jpg 200w, https:\/\/agora.xtec.cat\/ceipferreries\/wp-content\/uploads\/usu1804\/2012\/11\/2013-04-23-12.35.04.jpg 1600w\" sizes=\"auto, (max-width: 300px) 100vw, 300px\" \/><\/a> <a href=\"http:\/\/escolaferreries.cat\/bloc_biblioteca\/wp-content\/uploads\/2012\/11\/2013-04-23-15.02.54.jpg\"><img loading=\"lazy\" decoding=\"async\" class=\"aligncenter size-medium wp-image-676\" src=\"http:\/\/escolaferreries.cat\/bloc_biblioteca\/wp-content\/uploads\/2012\/11\/2013-04-23-15.02.54-225x300.jpg\" alt=\"2013-04-23 15.02.54\" width=\"225\" height=\"300\" srcset=\"https:\/\/agora.xtec.cat\/ceipferreries\/wp-content\/uploads\/usu1804\/2012\/11\/2013-04-23-15.02.54-225x300.jpg 225w, https:\/\/agora.xtec.cat\/ceipferreries\/wp-content\/uploads\/usu1804\/2012\/11\/2013-04-23-15.02.54-768x1024.jpg 768w, https:\/\/agora.xtec.cat\/ceipferreries\/wp-content\/uploads\/usu1804\/2012\/11\/2013-04-23-15.02.54.jpg 1200w\" sizes=\"auto, (max-width: 225px) 100vw, 225px\" \/><\/a> <a href=\"http:\/\/escolaferreries.cat\/bloc_biblioteca\/wp-content\/uploads\/2012\/11\/2013-04-23-15.47.55.jpg\"><img loading=\"lazy\" decoding=\"async\" class=\"aligncenter size-medium wp-image-677\" src=\"http:\/\/escolaferreries.cat\/bloc_biblioteca\/wp-content\/uploads\/2012\/11\/2013-04-23-15.47.55-300x225.jpg\" alt=\"2013-04-23 15.47.55\" width=\"300\" height=\"225\" srcset=\"https:\/\/agora.xtec.cat\/ceipferreries\/wp-content\/uploads\/usu1804\/2012\/11\/2013-04-23-15.47.55-300x225.jpg 300w, https:\/\/agora.xtec.cat\/ceipferreries\/wp-content\/uploads\/usu1804\/2012\/11\/2013-04-23-15.47.55-768x576.jpg 768w, https:\/\/agora.xtec.cat\/ceipferreries\/wp-content\/uploads\/usu1804\/2012\/11\/2013-04-23-15.47.55-1024x768.jpg 1024w, https:\/\/agora.xtec.cat\/ceipferreries\/wp-content\/uploads\/usu1804\/2012\/11\/2013-04-23-15.47.55-200x150.jpg 200w, https:\/\/agora.xtec.cat\/ceipferreries\/wp-content\/uploads\/usu1804\/2012\/11\/2013-04-23-15.47.55.jpg 1600w\" sizes=\"auto, (max-width: 300px) 100vw, 300px\" \/><\/a> <a href=\"http:\/\/escolaferreries.cat\/bloc_biblioteca\/wp-content\/uploads\/2012\/11\/IMG_0874.jpg\"><img loading=\"lazy\" decoding=\"async\" class=\"aligncenter size-medium wp-image-678\" src=\"http:\/\/escolaferreries.cat\/bloc_biblioteca\/wp-content\/uploads\/2012\/11\/IMG_0874-300x168.jpg\" alt=\"IMG_0874\" width=\"300\" height=\"168\" \/><\/a><\/p>\n<\/address>\n<p style=\"text-align: center;\">\u00a0LES OPINIONS I VALORACIONS<\/p>\n<p style=\"text-align: center;\"><a href=\"http:\/\/escolaferreries.cat\/bloc_biblioteca\/wp-content\/uploads\/2012\/11\/marato-de-lectura-escola-ferreries-Jesus-M-Tibau.jpg\"><img loading=\"lazy\" decoding=\"async\" class=\"aligncenter size-thumbnail wp-image-679\" src=\"http:\/\/escolaferreries.cat\/bloc_biblioteca\/wp-content\/uploads\/2012\/11\/marato-de-lectura-escola-ferreries-Jesus-M-Tibau-150x150.jpg\" alt=\"marato de lectura escola ferreries Jesus M Tibau\" width=\"150\" height=\"150\" \/><\/a>Informaci\u00f3 esxtreta del blog: http:\/\/jmtibau.blogspot.com.es\/<\/p>\n<p><em>Una de les activitats en qu\u00e8 vaig participar el passat Sant Jordi fou la 1a \u00a0Marat\u00f3 de lectura en veu alta a l&#8217;Escola de Ferreries, on vaig llegir un poema de Joana Raspall, i el conte Magnetisme, del recull I un cop de vent els despentina. Despr\u00e9s vam passar <a href=\"http:\/\/www.youtube.com\/watch?v=VyCmBHtZ6AA\">el curtmetratge<\/a> que fa un parell d&#8217;anys van fer a l&#8217;Escola Daniel Mangran\u00e9 de Jes\u00fas.<\/em><\/p>\n<p><em>Segurament aquesta va ser l&#8217;activitat m\u00e9s enriquidora del dia. Va ser un plaer llegir davant l&#8217;alumnat de 5\u00e8, que escoltaven en silenci, rient quan tocava riure i, per tant, atents. A l&#8217;hora d&#8217;escollir el conte vaig dubtar, perqu\u00e8 els meus relats no van adre\u00e7ats precisament al p\u00fablic infantil, per\u00f2 els xiquets i xiquetes s\u00f3n petits d&#8217;edat, per\u00f2 no babaus, i saben entendre un relat encara que vagi adre\u00e7at a un p\u00fablic adult.<\/em><br \/>\n<em> Durant la jornada va participar gent de la pol\u00edtica, escriptors, pares, mares, etc. El cap d&#8217;estudis va remarcar als alumnes que si gent important (em fa gr\u00e0cia, o em ruboritza, que es refereixin a mi com a &#8220;important&#8221;) els havia vingut a llegir, \u00e9s perqu\u00e8 la lectura \u00e9s important.<\/em><br \/>\n<em> Als passadissos vaig coincidir amb amics com Manel Oll\u00e9 (sempre apassionat i apassionant) i Gustau Moreno, \u00a0periodista en el paper de pare.<\/em><br \/>\n<em> Abans de sortir signo al llibre d&#8217;honor de l&#8217;escola. Hi deixo un nanoconte; m&#8217;emporto esperan\u00e7a.<\/em><\/p>\n<address>\u00a0<\/address>\n<address><a href=\"http:\/\/escolaferreries.cat\/bloc_biblioteca\/wp-content\/uploads\/2012\/11\/padrins-de-lectura.jpg\"><img loading=\"lazy\" decoding=\"async\" class=\"aligncenter size-thumbnail wp-image-681\" src=\"http:\/\/escolaferreries.cat\/bloc_biblioteca\/wp-content\/uploads\/2012\/11\/padrins-de-lectura-150x150.jpg\" alt=\"padrins de lectura\" width=\"150\" height=\"150\" \/><\/a><\/address>\n<address>\u00a0<\/address>\n<address>\u00a0 \u00a0 \u00a0 \u00a0 \u00a0 \u00a0 \u00a0 \u00a0 \u00a0 \u00a0 \u00a0 \u00a0 \u00a0 \u00a0 \u00a0 \u00a0 \u00a0 \u00a0 \u00a0 \u00a0 \u00a0 \u00a0 \u00a0 \u00a0 Informaci\u00f3 extreta de:<\/address>\n<address>\u00a0<\/address>\n<div style=\"text-align: center;\"><a href=\"http:\/\/jmtibau.blogspot.com.es\/2013\/04\/padrins-de-lectura.html\" target=\"_blank\" rel=\"noopener noreferrer\">\u00a0\u00a0\u00a0\u00a0\u00a0\u00a0 http:\/\/jmtibau.blogspot.com.<wbr \/>es\/2013\/04\/padrins-de-lectura.<wbr \/>html<\/a><\/div>\n<div><\/div>\n<address>\u00a0<\/address>\n<address>\n<div>Per Sant Jordi vaig anar a l&#8217;<a href=\"http:\/\/jmtibau.blogspot.com.es\/2013\/04\/marato-de-lectura.html\">Escola de Ferreries<\/a>, i vaig ser testimoni d&#8217;una activitat que trobo genial: Padrins de lectura.<\/div>\n<div>Consisteix en formar parelles de padrins\/es-fillols\/es, en qu\u00e8 alumnes de 4t apadrinen alumnes de 1r, els de 5\u00e8 als de 2n, i els de 6\u00e8 als de 3r.<\/div>\n<div>Signen un carnet on detallen els llibres llegits, on el padr\u00ed es compromet a preparar-se els contes i a llegir-los al seu fillol\/a, i el fillol es compromet a escoltar amb atenci\u00f3 i a respectar i valorar el treball del padr\u00ed\/na.<\/div>\n<div>Per Sant Jordi van fer una concentraci\u00f3 de parelles al pati, i feia goig veure un munt de xiquets i xiquetes, asseguts en parelles, amb llibres a les mans.<\/div>\n<div>Es tracta d&#8217;una activitat genial, on tots dos aprenen i s&#8217;enriqueixen m\u00fatuament.<\/div>\n<div>Felicitats per la iniciativa!<\/div>\n<div><\/div>\n<div><\/div>\n<div><\/div>\n<div><\/div>\n<div>MANEL OLL\u00c9<\/div>\n<div>\n<div dir=\"ltr\">\n<div>Ismael, quina alegria m\u00e9s gran ahir. Quin plaer! poder participar en la vostra jornada. Reivindico la figura del professor itinerant que pot portar la veu a altres escoles (diferents de la seua). Un gran dia. Gr\u00e0cies a tots els companys de l&#8217;escola. Fins aviat.<\/div>\n<p>Manel<\/p>\n<\/div>\n<\/div>\n<\/address>\n","protected":false},"excerpt":{"rendered":"<p>A l\u2019escola hem tingut la joia d\u2019escoltar moltes veus desgranant lectures de contes i poemes.Hem comen\u00e7at el dia amb les paraules fermes, clares i amoroses de les autoritats locals i educatives.<br \/>\nLa Cristina i Miquel s\u2019han retrobat novament amb l\u2019escola i amb els xiquets i xiquetes,&hellip;  <a href=\"https:\/\/agora.xtec.cat\/ceipferreries\/biblioteca\/arxiu\/marato-de-lectura-sant-jordi-2013\/\" title=\"Read Marat\u00f3 de lectura Sant Jordi 2013\">Llegeix m\u00e9s\u00bb<\/a><\/p>\n","protected":false},"author":1,"featured_media":0,"parent":2086,"menu_order":190,"comment_status":"open","ping_status":"closed","template":"page-templates\/side-menu.php","meta":{"_bbp_topic_count":0,"_bbp_reply_count":0,"_bbp_total_topic_count":0,"_bbp_total_reply_count":0,"_bbp_voice_count":0,"_bbp_anonymous_reply_count":0,"_bbp_topic_count_hidden":0,"_bbp_reply_count_hidden":0,"_bbp_forum_subforum_count":0,"footnotes":""},"class_list":["post-750","page","type-page","status-publish","hentry"],"post_mailing_queue_ids":[],"_links":{"self":[{"href":"https:\/\/agora.xtec.cat\/ceipferreries\/wp-json\/wp\/v2\/pages\/750","targetHints":{"allow":["GET"]}}],"collection":[{"href":"https:\/\/agora.xtec.cat\/ceipferreries\/wp-json\/wp\/v2\/pages"}],"about":[{"href":"https:\/\/agora.xtec.cat\/ceipferreries\/wp-json\/wp\/v2\/types\/page"}],"author":[{"embeddable":true,"href":"https:\/\/agora.xtec.cat\/ceipferreries\/wp-json\/wp\/v2\/users\/1"}],"replies":[{"embeddable":true,"href":"https:\/\/agora.xtec.cat\/ceipferreries\/wp-json\/wp\/v2\/comments?post=750"}],"version-history":[{"count":3,"href":"https:\/\/agora.xtec.cat\/ceipferreries\/wp-json\/wp\/v2\/pages\/750\/revisions"}],"predecessor-version":[{"id":2091,"href":"https:\/\/agora.xtec.cat\/ceipferreries\/wp-json\/wp\/v2\/pages\/750\/revisions\/2091"}],"up":[{"embeddable":true,"href":"https:\/\/agora.xtec.cat\/ceipferreries\/wp-json\/wp\/v2\/pages\/2086"}],"wp:attachment":[{"href":"https:\/\/agora.xtec.cat\/ceipferreries\/wp-json\/wp\/v2\/media?parent=750"}],"curies":[{"name":"wp","href":"https:\/\/api.w.org\/{rel}","templated":true}]}}