{"id":593,"date":"2018-04-23T22:14:48","date_gmt":"2018-04-23T20:14:48","guid":{"rendered":"http:\/\/agora.xtec.cat\/ceipferreries\/?page_id=593"},"modified":"2018-05-08T15:22:10","modified_gmt":"2018-05-08T13:22:10","slug":"tokapp","status":"publish","type":"page","link":"https:\/\/agora.xtec.cat\/ceipferreries\/tokapp\/","title":{"rendered":"TokApp School"},"content":{"rendered":"<blockquote><p>A l&#8217;<strong>Escola Ferreries<\/strong> estem d&#8217;acord a fer una despesa m\u00ednima en paper i una mesura \u00e9s fer les comunicacions a les fam\u00edlies en format digital. \u00c9s per aix\u00f2 que a l&#8217;escola utilitzem una aplicaci\u00f3 totalment gratu\u00efta anomenada TokApp. Ser\u00e0 molt important que us la descarregueu al vostre tel\u00e8fon m\u00f2bil. \u00c9s compatible amb <em>Android<\/em>, <em>iPhone<\/em> i <em>Windows Phone<\/em>. Per a configurar l&#8217;app seguiu els passos seg\u00fcents:<\/p><\/blockquote>\n<p><a href=\"https:\/\/photos.google.com\/share\/AF1QipPuclI-b72xbxzRM4j5cA7-UJdj_AidkHVQgCv0UP0UgJf3eq63SbGeUmmwazNkmA?key=d0NnVnV1UGZJNlZnTk9vQl9QS0R5RmZyTllTWjFR&amp;source=ctrlq.org\"><img loading=\"lazy\" decoding=\"async\" class=\"aligncenter\" src=\"https:\/\/lh3.googleusercontent.com\/CLfuwSfu3rii9N6He3bAIfwTodsvJjBkO9S8AudHOCcOQVftK09X7_rlcUlQ2v9yiLD6NkY3akC7DiINk5sdduhgkYQn4qe4JUBA-ZT0NfqlqlPBaAPo8Z0OCwm4CJzY97ju-Gdj=w2400\" width=\"659\" height=\"494\" \/><\/a><\/p>\n<p>Aquesta va ser la campanya per fer-ne difusi\u00f3:<\/p>\n<p><iframe loading=\"lazy\" src=\"https:\/\/www.youtube.com\/embed\/W-d-d-yNPYA\" width=\"560\" height=\"315\" frameborder=\"0\" allowfullscreen=\"allowfullscreen\"><\/iframe><br \/>\n<iframe loading=\"lazy\" src=\"https:\/\/www.youtube.com\/embed\/lSJiaC58VVM\" width=\"560\" height=\"315\" frameborder=\"0\" allowfullscreen=\"allowfullscreen\"><\/iframe><\/p>\n<div style=\"position: relative; height: 0; padding-bottom: 56.25%;\"><iframe loading=\"lazy\" style=\"position: absolute; width: 100%; height: 100%; left: 0;\" src=\"https:\/\/www.youtube.com\/embed\/2NWD8mDl53M?ecver=2\" width=\"640\" height=\"360\" frameborder=\"0\" allowfullscreen=\"allowfullscreen\" data-mce-fragment=\"1\"><\/iframe><\/div>\n<p>&nbsp;<\/p>\n<p><iframe loading=\"lazy\" src=\"https:\/\/www.youtube.com\/embed\/L6MzDiQeWP8\" width=\"560\" height=\"315\" frameborder=\"0\" allowfullscreen=\"allowfullscreen\"><\/iframe><\/p>\n<p>&nbsp;<\/p>\n","protected":false},"excerpt":{"rendered":"<p>A l&#8217;Escola Ferreries estem d&#8217;acord a fer una despesa m\u00ednima en paper i una mesura \u00e9s fer les comunicacions a les fam\u00edlies en format digital. \u00c9s per aix\u00f2 que a l&#8217;escola utilitzem una aplicaci\u00f3 totalment gratu\u00efta anomenada TokApp. Ser\u00e0 molt important que us la descarregueu&hellip;  <a href=\"https:\/\/agora.xtec.cat\/ceipferreries\/tokapp\/\" title=\"Read TokApp School\">Llegeix m\u00e9s\u00bb<\/a><\/p>\n","protected":false},"author":1,"featured_media":0,"parent":0,"menu_order":0,"comment_status":"closed","ping_status":"closed","template":"page-templates\/side-menu.php","meta":{"_bbp_topic_count":0,"_bbp_reply_count":0,"_bbp_total_topic_count":0,"_bbp_total_reply_count":0,"_bbp_voice_count":0,"_bbp_anonymous_reply_count":0,"_bbp_topic_count_hidden":0,"_bbp_reply_count_hidden":0,"_bbp_forum_subforum_count":0,"footnotes":""},"class_list":["post-593","page","type-page","status-publish","hentry"],"post_mailing_queue_ids":[],"_links":{"self":[{"href":"https:\/\/agora.xtec.cat\/ceipferreries\/wp-json\/wp\/v2\/pages\/593","targetHints":{"allow":["GET"]}}],"collection":[{"href":"https:\/\/agora.xtec.cat\/ceipferreries\/wp-json\/wp\/v2\/pages"}],"about":[{"href":"https:\/\/agora.xtec.cat\/ceipferreries\/wp-json\/wp\/v2\/types\/page"}],"author":[{"embeddable":true,"href":"https:\/\/agora.xtec.cat\/ceipferreries\/wp-json\/wp\/v2\/users\/1"}],"replies":[{"embeddable":true,"href":"https:\/\/agora.xtec.cat\/ceipferreries\/wp-json\/wp\/v2\/comments?post=593"}],"version-history":[{"count":2,"href":"https:\/\/agora.xtec.cat\/ceipferreries\/wp-json\/wp\/v2\/pages\/593\/revisions"}],"predecessor-version":[{"id":1790,"href":"https:\/\/agora.xtec.cat\/ceipferreries\/wp-json\/wp\/v2\/pages\/593\/revisions\/1790"}],"wp:attachment":[{"href":"https:\/\/agora.xtec.cat\/ceipferreries\/wp-json\/wp\/v2\/media?parent=593"}],"curies":[{"name":"wp","href":"https:\/\/api.w.org\/{rel}","templated":true}]}}