{"id":3903,"date":"2023-12-21T12:26:33","date_gmt":"2023-12-21T11:26:33","guid":{"rendered":"https:\/\/agora.xtec.cat\/ceipferreries\/?page_id=3903"},"modified":"2023-12-21T12:31:52","modified_gmt":"2023-12-21T11:31:52","slug":"qui-som","status":"publish","type":"page","link":"https:\/\/agora.xtec.cat\/ceipferreries\/afa\/qui-som\/","title":{"rendered":"Qui som?"},"content":{"rendered":"<p><a href=\"https:\/\/agora.xtec.cat\/ceipferreries\/wp-content\/uploads\/usu1804\/2023\/12\/AFA.jpg\"><img loading=\"lazy\" decoding=\"async\" class=\"size-large wp-image-3899 aligncenter\" src=\"https:\/\/agora.xtec.cat\/ceipferreries\/wp-content\/uploads\/usu1804\/2023\/12\/AFA-1024x576.jpg\" alt=\"\" width=\"1024\" height=\"576\" srcset=\"https:\/\/agora.xtec.cat\/ceipferreries\/wp-content\/uploads\/usu1804\/2023\/12\/AFA-1024x576.jpg 1024w, https:\/\/agora.xtec.cat\/ceipferreries\/wp-content\/uploads\/usu1804\/2023\/12\/AFA-300x169.jpg 300w, https:\/\/agora.xtec.cat\/ceipferreries\/wp-content\/uploads\/usu1804\/2023\/12\/AFA-768x432.jpg 768w, https:\/\/agora.xtec.cat\/ceipferreries\/wp-content\/uploads\/usu1804\/2023\/12\/AFA.jpg 1333w\" sizes=\"auto, (max-width: 1024px) 100vw, 1024px\" \/><\/a><\/p>\n<p>Benvinguts a la secci\u00f3 de l&#8217;AFA! El primer que us preguntareu \u00e9s&#8230; qui som AFA? Doncs AFA som tots&#8230; tota la comunitat de fam\u00edlies de l&#8217;Escola Ferreries que treballem d&#8217;una manera o altra per fer de l&#8217;escola un lloc on les nostres petites i petits puguin desenvolupar tot el seu potencial!<\/p>\n<p>Per\u00f2 clar, un grup de mares i pares ens presentem de forma volunt\u00e0ria per participar encara de forma m\u00e9s activa en el disseny d&#8217;iniciatives i la seva posada en marxa, sempre en col\u00b7laboraci\u00f3 amb l&#8217;equip docent. Ens organitzem en comissions per tal de ser m\u00e9s eficients i poder dividir-nos la feina. Mireu el seg\u00fcent v\u00eddeo i, a m\u00e9s de poder corroborar que ens ho passem molt b\u00e9&#8230; veureu la feinada que fem entre tots!<\/p>\n<p><iframe loading=\"lazy\" src=\"https:\/\/www.youtube.com\/embed\/-SGALJqK174\" width=\"560\" height=\"315\" frameborder=\"0\" allowfullscreen=\"allowfullscreen\"><\/iframe><\/p>\n<p>&nbsp;<\/p>\n","protected":false},"excerpt":{"rendered":"<p><a href=\"https:\/\/agora.xtec.cat\/ceipferreries\/wp-content\/uploads\/usu1804\/2023\/12\/AFA.jpg\"><\/a><br \/>\nBenvinguts a la secci\u00f3 de l&#8217;AFA! El primer que us preguntareu \u00e9s&#8230; qui som AFA? Doncs AFA som tots&#8230; tota la comunitat de fam\u00edlies de l&#8217;Escola Ferreries que treballem d&#8217;una manera o altra per fer de l&#8217;escola un lloc on les nostres petites i&hellip;  <a href=\"https:\/\/agora.xtec.cat\/ceipferreries\/afa\/qui-som\/\" title=\"Read Qui som?\">Llegeix m\u00e9s\u00bb<\/a><\/p>\n","protected":false},"author":24,"featured_media":0,"parent":538,"menu_order":0,"comment_status":"closed","ping_status":"closed","template":"page-templates\/side-menu.php","meta":{"_bbp_topic_count":0,"_bbp_reply_count":0,"_bbp_total_topic_count":0,"_bbp_total_reply_count":0,"_bbp_voice_count":0,"_bbp_anonymous_reply_count":0,"_bbp_topic_count_hidden":0,"_bbp_reply_count_hidden":0,"_bbp_forum_subforum_count":0,"footnotes":""},"class_list":["post-3903","page","type-page","status-publish","hentry"],"post_mailing_queue_ids":[],"_links":{"self":[{"href":"https:\/\/agora.xtec.cat\/ceipferreries\/wp-json\/wp\/v2\/pages\/3903","targetHints":{"allow":["GET"]}}],"collection":[{"href":"https:\/\/agora.xtec.cat\/ceipferreries\/wp-json\/wp\/v2\/pages"}],"about":[{"href":"https:\/\/agora.xtec.cat\/ceipferreries\/wp-json\/wp\/v2\/types\/page"}],"author":[{"embeddable":true,"href":"https:\/\/agora.xtec.cat\/ceipferreries\/wp-json\/wp\/v2\/users\/24"}],"replies":[{"embeddable":true,"href":"https:\/\/agora.xtec.cat\/ceipferreries\/wp-json\/wp\/v2\/comments?post=3903"}],"version-history":[{"count":1,"href":"https:\/\/agora.xtec.cat\/ceipferreries\/wp-json\/wp\/v2\/pages\/3903\/revisions"}],"predecessor-version":[{"id":3904,"href":"https:\/\/agora.xtec.cat\/ceipferreries\/wp-json\/wp\/v2\/pages\/3903\/revisions\/3904"}],"up":[{"embeddable":true,"href":"https:\/\/agora.xtec.cat\/ceipferreries\/wp-json\/wp\/v2\/pages\/538"}],"wp:attachment":[{"href":"https:\/\/agora.xtec.cat\/ceipferreries\/wp-json\/wp\/v2\/media?parent=3903"}],"curies":[{"name":"wp","href":"https:\/\/api.w.org\/{rel}","templated":true}]}}