{"id":3895,"date":"2023-12-21T12:21:46","date_gmt":"2023-12-21T11:21:46","guid":{"rendered":"https:\/\/agora.xtec.cat\/ceipferreries\/?page_id=3895"},"modified":"2024-11-05T08:16:37","modified_gmt":"2024-11-05T07:16:37","slug":"contacta","status":"publish","type":"page","link":"https:\/\/agora.xtec.cat\/ceipferreries\/afa\/contacta\/","title":{"rendered":"Contacta"},"content":{"rendered":"<h2><a href=\"https:\/\/agora.xtec.cat\/ceipferreries\/wp-content\/uploads\/usu1804\/2023\/12\/AFA.jpg\"><img loading=\"lazy\" decoding=\"async\" class=\"size-large wp-image-3899 aligncenter\" src=\"https:\/\/agora.xtec.cat\/ceipferreries\/wp-content\/uploads\/usu1804\/2023\/12\/AFA-1024x576.jpg\" alt=\"\" width=\"1024\" height=\"576\" srcset=\"https:\/\/agora.xtec.cat\/ceipferreries\/wp-content\/uploads\/usu1804\/2023\/12\/AFA-1024x576.jpg 1024w, https:\/\/agora.xtec.cat\/ceipferreries\/wp-content\/uploads\/usu1804\/2023\/12\/AFA-300x169.jpg 300w, https:\/\/agora.xtec.cat\/ceipferreries\/wp-content\/uploads\/usu1804\/2023\/12\/AFA-768x432.jpg 768w, https:\/\/agora.xtec.cat\/ceipferreries\/wp-content\/uploads\/usu1804\/2023\/12\/AFA.jpg 1333w\" sizes=\"auto, (max-width: 1024px) 100vw, 1024px\" \/><\/a><\/h2>\n<h2>Vols posar-te en contacte amb nosaltres?<\/h2>\n<p dir=\"ltr\">Voldries donar afegir un suggeriment de millora?<\/p>\n<p dir=\"ltr\" style=\"text-align: center;\">Pots enviar-nos un correu electr\u00f2nic<\/p>\n<p dir=\"ltr\" style=\"text-align: center;\"><a href=\"mailto:ampaescolaferreries@gmail.com\"><img loading=\"lazy\" decoding=\"async\" class=\"wp-image-3890 aligncenter\" src=\"https:\/\/agora.xtec.cat\/ceipferreries\/wp-content\/uploads\/usu1804\/2023\/12\/email.png\" alt=\"\" width=\"81\" height=\"81\" srcset=\"https:\/\/agora.xtec.cat\/ceipferreries\/wp-content\/uploads\/usu1804\/2023\/12\/email.png 512w, https:\/\/agora.xtec.cat\/ceipferreries\/wp-content\/uploads\/usu1804\/2023\/12\/email-300x300.png 300w, https:\/\/agora.xtec.cat\/ceipferreries\/wp-content\/uploads\/usu1804\/2023\/12\/email-150x150.png 150w\" sizes=\"auto, (max-width: 81px) 100vw, 81px\" \/><\/a>Emplenar un formulari de contacte<\/p>\n<p style=\"text-align: center;\"><a href=\"https:\/\/forms.gle\/heBQajx3LHoHRkGg9\"><img loading=\"lazy\" decoding=\"async\" class=\"wp-image-3891 aligncenter\" src=\"https:\/\/agora.xtec.cat\/ceipferreries\/wp-content\/uploads\/usu1804\/2023\/12\/form.png\" alt=\"\" width=\"108\" height=\"108\" srcset=\"https:\/\/agora.xtec.cat\/ceipferreries\/wp-content\/uploads\/usu1804\/2023\/12\/form.png 512w, https:\/\/agora.xtec.cat\/ceipferreries\/wp-content\/uploads\/usu1804\/2023\/12\/form-300x300.png 300w, https:\/\/agora.xtec.cat\/ceipferreries\/wp-content\/uploads\/usu1804\/2023\/12\/form-150x150.png 150w\" sizes=\"auto, (max-width: 108px) 100vw, 108px\" \/><\/a><\/p>\n<p style=\"text-align: center;\">Accedir al xat per WhatsApp<\/p>\n<p style=\"text-align: center;\"><a href=\"https:\/\/wa.me\/607087255\"><img loading=\"lazy\" decoding=\"async\" class=\"wp-image-3892 aligncenter\" src=\"https:\/\/agora.xtec.cat\/ceipferreries\/wp-content\/uploads\/usu1804\/2023\/12\/whatsapp.png\" alt=\"\" width=\"80\" height=\"80\" srcset=\"https:\/\/agora.xtec.cat\/ceipferreries\/wp-content\/uploads\/usu1804\/2023\/12\/whatsapp.png 512w, https:\/\/agora.xtec.cat\/ceipferreries\/wp-content\/uploads\/usu1804\/2023\/12\/whatsapp-300x300.png 300w, https:\/\/agora.xtec.cat\/ceipferreries\/wp-content\/uploads\/usu1804\/2023\/12\/whatsapp-150x150.png 150w\" sizes=\"auto, (max-width: 80px) 100vw, 80px\" \/><\/a><\/p>\n<p dir=\"ltr\">Et recordem que el nostre horari d&#8217;atenci\u00f3 al p\u00fablic \u00e9s de: <strong>9:00 a 10:30<\/strong> i <strong>16:30 a 17:30<\/strong> (Preguem demanar cita mitjan\u00e7ant <strong>correu<\/strong> o <strong>whatsapp<\/strong>).<\/p>\n<p>&nbsp;<\/p>\n<p>&nbsp;<\/p>\n","protected":false},"excerpt":{"rendered":"<p><a href=\"https:\/\/agora.xtec.cat\/ceipferreries\/wp-content\/uploads\/usu1804\/2023\/12\/AFA.jpg\"><\/a><br \/>\nVols posar-te en contacte amb nosaltres?<br \/>\nVoldries donar afegir un suggeriment de millora?<br \/>\nPots enviar-nos un correu electr\u00f2nic<br \/>\n<a href=\"mailto:ampaescolaferreries@gmail.com\"><\/a>Emplenar un formulari de contacte<br \/>\n<a href=\"https:\/\/forms.gle\/heBQajx3LHoHRkGg9\"><\/a><br \/>\nAccedir al xat per WhatsApp<br \/>\n<a href=\"https:\/\/wa.me\/607087255\"><\/a><br \/>\nEt recordem que el nostre horari d&#8217;atenci\u00f3 al p\u00fablic \u00e9s de: 9:00 a 10:30 i 16:30 a 17:30&hellip;  <a href=\"https:\/\/agora.xtec.cat\/ceipferreries\/afa\/contacta\/\" title=\"Read Contacta\">Llegeix m\u00e9s\u00bb<\/a><\/p>\n","protected":false},"author":24,"featured_media":0,"parent":538,"menu_order":3,"comment_status":"closed","ping_status":"closed","template":"page-templates\/side-menu.php","meta":{"_bbp_topic_count":0,"_bbp_reply_count":0,"_bbp_total_topic_count":0,"_bbp_total_reply_count":0,"_bbp_voice_count":0,"_bbp_anonymous_reply_count":0,"_bbp_topic_count_hidden":0,"_bbp_reply_count_hidden":0,"_bbp_forum_subforum_count":0,"footnotes":""},"class_list":["post-3895","page","type-page","status-publish","hentry"],"post_mailing_queue_ids":[],"_links":{"self":[{"href":"https:\/\/agora.xtec.cat\/ceipferreries\/wp-json\/wp\/v2\/pages\/3895","targetHints":{"allow":["GET"]}}],"collection":[{"href":"https:\/\/agora.xtec.cat\/ceipferreries\/wp-json\/wp\/v2\/pages"}],"about":[{"href":"https:\/\/agora.xtec.cat\/ceipferreries\/wp-json\/wp\/v2\/types\/page"}],"author":[{"embeddable":true,"href":"https:\/\/agora.xtec.cat\/ceipferreries\/wp-json\/wp\/v2\/users\/24"}],"replies":[{"embeddable":true,"href":"https:\/\/agora.xtec.cat\/ceipferreries\/wp-json\/wp\/v2\/comments?post=3895"}],"version-history":[{"count":6,"href":"https:\/\/agora.xtec.cat\/ceipferreries\/wp-json\/wp\/v2\/pages\/3895\/revisions"}],"predecessor-version":[{"id":3914,"href":"https:\/\/agora.xtec.cat\/ceipferreries\/wp-json\/wp\/v2\/pages\/3895\/revisions\/3914"}],"up":[{"embeddable":true,"href":"https:\/\/agora.xtec.cat\/ceipferreries\/wp-json\/wp\/v2\/pages\/538"}],"wp:attachment":[{"href":"https:\/\/agora.xtec.cat\/ceipferreries\/wp-json\/wp\/v2\/media?parent=3895"}],"curies":[{"name":"wp","href":"https:\/\/api.w.org\/{rel}","templated":true}]}}