{"id":3760,"date":"2023-02-01T09:26:45","date_gmt":"2023-02-01T08:26:45","guid":{"rendered":"https:\/\/agora.xtec.cat\/ceipferreries\/?page_id=3760"},"modified":"2023-02-02T11:22:18","modified_gmt":"2023-02-02T10:22:18","slug":"diagnosi","status":"publish","type":"page","link":"https:\/\/agora.xtec.cat\/ceipferreries\/estrategia\/diagnosi\/","title":{"rendered":"DIAGNOSI"},"content":{"rendered":"<p class=\"CDt4Ke zfr3Q\" dir=\"ltr\">L&#8217;escola ha fet servir l&#8217;eina <span class=\" aw5Odc\"><a class=\"XqQF9c\" href=\"https:\/\/www.google.com\/url?q=https%3A%2F%2Feducation.ec.europa.eu%2Fes%2Fnode%2F1736&amp;sa=D&amp;sntz=1&amp;usg=AOvVaw3z_zoQR6U9FhNZRG4QmRb2\" target=\"_blank\" rel=\"noopener\"><strong>SELFIE<\/strong><\/a><\/span> amb l&#8217;objectiu de fomentar la reflexi\u00f3 personal en relaci\u00f3 amb l&#8217;\u00fas de les tecnologies digitals per a la doc\u00e8ncia i l&#8217;aprenentatge. L&#8217;eina SELFIE ha sigut desenvolupada per la Comissi\u00f3 Europea amb un equip internacional d&#8217;experts.<\/p>\n<p class=\"CDt4Ke zfr3Q\" dir=\"ltr\">Les dades obtingudes en passar aquest diagn\u00f2stic permeten extreure conclusions sobre en quin punt actual ens trobem i tamb\u00e9 per a plantejar-nos objectius a assolir en l&#8217;\u00e0mbit digital.<\/p>\n<p class=\"CDt4Ke zfr3Q\" dir=\"ltr\">L&#8217;eina SELFIE es va passar el curs 2021-2022 a l&#8217;alumnat de 6\u00e8 i al personal docent del centre.<\/p>\n<p dir=\"ltr\">\u00a0 \u00a0 \u00a0 \u00a0 \u00a0 \u00a0 \u00a0 \u00a0 \u00a0 \u00a0 \u00a0 \u00a0 \u00a0 \u00a0 \u00a0 \u00a0 \u00a0 \u00a0 \u00a0 \u00a0 \u00a0 \u00a0<strong>RESULTATS DIAGN\u00d2STIC\u00a0<\/strong>\u00a0 \u00a0 \u00a0 \u00a0 \u00a0 \u00a0 \u00a0 \u00a0 \u00a0 \u00a0 \u00a0 \u00a0 \u00a0 \u00a0 \u00a0 \u00a0 \u00a0 \u00a0 \u00a0 \u00a0 \u00a0 \u00a0 \u00a0 \u00a0 \u00a0 \u00a0 \u00a0 \u00a0 \u00a0 \u00a0 \u00a0 \u00a0 \u00a0 \u00a0 \u00a0 \u00a0 \u00a0 \u00a0 \u00a0 \u00a0 \u00a0 \u00a0 \u00a0 \u00a0 \u00a0 <strong>\u00a0 VALORACI\u00d3 DELS PUNTS FORTS I FEBLES<\/strong><\/p>\n<p><iframe loading=\"lazy\" src=\"https:\/\/drive.google.com\/file\/d\/12BrF2SNkQjIP4OV77rWb419Ol2xvb68w\/preview\" width=\"640\" height=\"480\"><\/iframe><iframe loading=\"lazy\" src=\"https:\/\/drive.google.com\/file\/d\/1QV0P5gE3PqCK-6k4MhC47vmfbc5SQeRc\/preview\" width=\"640\" height=\"480\"><\/iframe><\/p>\n<p>&nbsp;<\/p>\n","protected":false},"excerpt":{"rendered":"<p>L&#8217;escola ha fet servir l&#8217;eina SELFIE amb l&#8217;objectiu de fomentar la reflexi\u00f3 personal en relaci\u00f3 amb l&#8217;\u00fas de les tecnologies digitals per a la doc\u00e8ncia i l&#8217;aprenentatge. L&#8217;eina SELFIE ha sigut desenvolupada per la Comissi\u00f3 Europea amb un equip internacional d&#8217;experts. Les dades obtingudes en passar aquest diagn\u00f2stic permeten extreure conclusions sobre en quin punt [&hellip;]<\/p>\n","protected":false},"author":1,"featured_media":0,"parent":3571,"menu_order":0,"comment_status":"closed","ping_status":"closed","template":"","meta":{"_bbp_topic_count":0,"_bbp_reply_count":0,"_bbp_total_topic_count":0,"_bbp_total_reply_count":0,"_bbp_voice_count":0,"_bbp_anonymous_reply_count":0,"_bbp_topic_count_hidden":0,"_bbp_reply_count_hidden":0,"_bbp_forum_subforum_count":0,"site-sidebar-layout":"default","site-content-layout":"","ast-site-content-layout":"","site-content-style":"default","site-sidebar-style":"default","ast-global-header-display":"","ast-banner-title-visibility":"","ast-main-header-display":"","ast-hfb-above-header-display":"","ast-hfb-below-header-display":"","ast-hfb-mobile-header-display":"","site-post-title":"","ast-breadcrumbs-content":"","ast-featured-img":"","footer-sml-layout":"","theme-transparent-header-meta":"","adv-header-id-meta":"","stick-header-meta":"","header-above-stick-meta":"","header-main-stick-meta":"","header-below-stick-meta":"","astra-migrate-meta-layouts":"default","ast-page-background-enabled":"default","ast-page-background-meta":{"desktop":{"background-color":"var(--ast-global-color-4)","background-image":"","background-repeat":"repeat","background-position":"center center","background-size":"auto","background-attachment":"scroll","background-type":"","background-media":"","overlay-type":"","overlay-color":"","overlay-opacity":"","overlay-gradient":""},"tablet":{"background-color":"","background-image":"","background-repeat":"repeat","background-position":"center center","background-size":"auto","background-attachment":"scroll","background-type":"","background-media":"","overlay-type":"","overlay-color":"","overlay-opacity":"","overlay-gradient":""},"mobile":{"background-color":"","background-image":"","background-repeat":"repeat","background-position":"center center","background-size":"auto","background-attachment":"scroll","background-type":"","background-media":"","overlay-type":"","overlay-color":"","overlay-opacity":"","overlay-gradient":""}},"ast-content-background-meta":{"desktop":{"background-color":"var(--ast-global-color-5)","background-image":"","background-repeat":"repeat","background-position":"center center","background-size":"auto","background-attachment":"scroll","background-type":"","background-media":"","overlay-type":"","overlay-color":"","overlay-opacity":"","overlay-gradient":""},"tablet":{"background-color":"var(--ast-global-color-5)","background-image":"","background-repeat":"repeat","background-position":"center center","background-size":"auto","background-attachment":"scroll","background-type":"","background-media":"","overlay-type":"","overlay-color":"","overlay-opacity":"","overlay-gradient":""},"mobile":{"background-color":"var(--ast-global-color-5)","background-image":"","background-repeat":"repeat","background-position":"center center","background-size":"auto","background-attachment":"scroll","background-type":"","background-media":"","overlay-type":"","overlay-color":"","overlay-opacity":"","overlay-gradient":""}},"footnotes":""},"class_list":["post-3760","page","type-page","status-publish","hentry"],"post_mailing_queue_ids":[],"_links":{"self":[{"href":"https:\/\/agora.xtec.cat\/ceipferreries\/wp-json\/wp\/v2\/pages\/3760","targetHints":{"allow":["GET"]}}],"collection":[{"href":"https:\/\/agora.xtec.cat\/ceipferreries\/wp-json\/wp\/v2\/pages"}],"about":[{"href":"https:\/\/agora.xtec.cat\/ceipferreries\/wp-json\/wp\/v2\/types\/page"}],"author":[{"embeddable":true,"href":"https:\/\/agora.xtec.cat\/ceipferreries\/wp-json\/wp\/v2\/users\/1"}],"replies":[{"embeddable":true,"href":"https:\/\/agora.xtec.cat\/ceipferreries\/wp-json\/wp\/v2\/comments?post=3760"}],"version-history":[{"count":3,"href":"https:\/\/agora.xtec.cat\/ceipferreries\/wp-json\/wp\/v2\/pages\/3760\/revisions"}],"predecessor-version":[{"id":3768,"href":"https:\/\/agora.xtec.cat\/ceipferreries\/wp-json\/wp\/v2\/pages\/3760\/revisions\/3768"}],"up":[{"embeddable":true,"href":"https:\/\/agora.xtec.cat\/ceipferreries\/wp-json\/wp\/v2\/pages\/3571"}],"wp:attachment":[{"href":"https:\/\/agora.xtec.cat\/ceipferreries\/wp-json\/wp\/v2\/media?parent=3760"}],"curies":[{"name":"wp","href":"https:\/\/api.w.org\/{rel}","templated":true}]}}