{"id":2665,"date":"2020-04-21T16:37:40","date_gmt":"2020-04-21T14:37:40","guid":{"rendered":"http:\/\/agora.xtec.cat\/ceipferreries\/?page_id=2665"},"modified":"2020-04-22T16:04:55","modified_gmt":"2020-04-22T14:04:55","slug":"sant-jordi-cs","status":"publish","type":"page","link":"https:\/\/agora.xtec.cat\/ceipferreries\/sant-jordi\/sant-jordi-cs\/","title":{"rendered":"SANT JORDI CICLE SUPERIOR"},"content":{"rendered":"<p><a href=\"https:\/\/agora.xtec.cat\/ceipferreries\/wp-content\/uploads\/usu1804\/2020\/04\/IMG_20200419_105220.jpg\"><img loading=\"lazy\" decoding=\"async\" class=\"size-medium wp-image-2648 alignleft\" src=\"https:\/\/agora.xtec.cat\/ceipferreries\/wp-content\/uploads\/usu1804\/2020\/04\/IMG_20200419_105220-220x300.jpg\" alt=\"\" width=\"220\" height=\"300\" srcset=\"https:\/\/agora.xtec.cat\/ceipferreries\/wp-content\/uploads\/usu1804\/2020\/04\/IMG_20200419_105220-220x300.jpg 220w, https:\/\/agora.xtec.cat\/ceipferreries\/wp-content\/uploads\/usu1804\/2020\/04\/IMG_20200419_105220-768x1049.jpg 768w, https:\/\/agora.xtec.cat\/ceipferreries\/wp-content\/uploads\/usu1804\/2020\/04\/IMG_20200419_105220-750x1024.jpg 750w, https:\/\/agora.xtec.cat\/ceipferreries\/wp-content\/uploads\/usu1804\/2020\/04\/IMG_20200419_105220.jpg 1080w\" sizes=\"auto, (max-width: 220px) 100vw, 220px\" \/><\/a><\/p>\n<p><strong>Des de la comissi\u00f3 de biblioteca hem volgut mantindre la tradici\u00f3 de la Marat\u00f3 de Lectura i enguany la fem en l\u00ednia!!!<\/strong><\/p>\n<h5><strong>Us volem oferir una finestra al m\u00f3n a trav\u00e9s de la lectura!!!<\/strong><\/h5>\n<h5><strong>Mireu quines lectures m\u00e9s boniques us hem preparat!<\/strong><\/h5>\n<h3><span style=\"color: #0000ff;\">LLegir ens ajuda a cr\u00e9ixer!<\/span><img loading=\"lazy\" decoding=\"async\" class=\"aligncenter\" src=\"https:\/\/www.idiomasumh.es\/sites\/default\/files\/styles\/foto_grande_1024\/public\/field\/image\/fsj.jpg?itok=Qjy19Ce6\" width=\"316\" height=\"124\" \/><\/h3>\n<p>&nbsp;<\/p>\n<p><iframe loading=\"lazy\" src=\"https:\/\/www.youtube.com\/embed\/qFyp2R5gEfw\" width=\"560\" height=\"315\" frameborder=\"0\"><\/iframe><br \/>\n<iframe loading=\"lazy\" src=\"https:\/\/www.youtube.com\/embed\/7eGvyJNoFz4\" width=\"560\" height=\"315\" frameborder=\"0\"><\/iframe><br \/>\n<iframe loading=\"lazy\" src=\"https:\/\/www.youtube.com\/embed\/svJnJJYZJek\" width=\"560\" height=\"315\" frameborder=\"0\"><\/iframe><\/p>\n<p><iframe loading=\"lazy\" src=\"https:\/\/www.youtube.com\/embed\/hqf6ZFTi7is\" width=\"560\" height=\"315\" frameborder=\"0\"><\/iframe><br \/>\n<iframe loading=\"lazy\" src=\"https:\/\/www.youtube.com\/embed\/H0Nf19eCVE0\" width=\"560\" height=\"315\" frameborder=\"0\"><\/iframe><\/p>\n<h2><span style=\"color: #ff0000;\"><strong>Us reptem a enviar-nos v\u00eddeos amb les vostres lectures a santjordi@escolaferreries.cat (durada m\u00e0xima 3 min)<\/strong><\/span><\/h2>\n","protected":false},"excerpt":{"rendered":"<p><a href=\"https:\/\/agora.xtec.cat\/ceipferreries\/wp-content\/uploads\/usu1804\/2020\/04\/IMG_20200419_105220.jpg\"><\/a><br \/>\nDes de la comissi\u00f3 de biblioteca hem volgut mantindre la tradici\u00f3 de la Marat\u00f3 de Lectura i enguany la fem en l\u00ednia!!!<br \/>\nUs volem oferir una finestra al m\u00f3n a trav\u00e9s de la lectura!!!<br \/>\nMireu quines lectures m\u00e9s boniques us hem preparat!<br \/>\nLLegir ens ajuda a cr\u00e9ixer!<br \/>\n&nbsp;<\/p>\n<p>Us&hellip;  <a href=\"https:\/\/agora.xtec.cat\/ceipferreries\/sant-jordi\/sant-jordi-cs\/\" title=\"Read SANT JORDI CICLE SUPERIOR\">Llegeix m\u00e9s\u00bb<\/a><\/p>\n","protected":false},"author":1,"featured_media":0,"parent":2634,"menu_order":6,"comment_status":"closed","ping_status":"closed","template":"page-templates\/side-menu.php","meta":{"_bbp_topic_count":0,"_bbp_reply_count":0,"_bbp_total_topic_count":0,"_bbp_total_reply_count":0,"_bbp_voice_count":0,"_bbp_anonymous_reply_count":0,"_bbp_topic_count_hidden":0,"_bbp_reply_count_hidden":0,"_bbp_forum_subforum_count":0,"footnotes":""},"class_list":["post-2665","page","type-page","status-publish","hentry"],"post_mailing_queue_ids":[],"_links":{"self":[{"href":"https:\/\/agora.xtec.cat\/ceipferreries\/wp-json\/wp\/v2\/pages\/2665","targetHints":{"allow":["GET"]}}],"collection":[{"href":"https:\/\/agora.xtec.cat\/ceipferreries\/wp-json\/wp\/v2\/pages"}],"about":[{"href":"https:\/\/agora.xtec.cat\/ceipferreries\/wp-json\/wp\/v2\/types\/page"}],"author":[{"embeddable":true,"href":"https:\/\/agora.xtec.cat\/ceipferreries\/wp-json\/wp\/v2\/users\/1"}],"replies":[{"embeddable":true,"href":"https:\/\/agora.xtec.cat\/ceipferreries\/wp-json\/wp\/v2\/comments?post=2665"}],"version-history":[{"count":4,"href":"https:\/\/agora.xtec.cat\/ceipferreries\/wp-json\/wp\/v2\/pages\/2665\/revisions"}],"predecessor-version":[{"id":2735,"href":"https:\/\/agora.xtec.cat\/ceipferreries\/wp-json\/wp\/v2\/pages\/2665\/revisions\/2735"}],"up":[{"embeddable":true,"href":"https:\/\/agora.xtec.cat\/ceipferreries\/wp-json\/wp\/v2\/pages\/2634"}],"wp:attachment":[{"href":"https:\/\/agora.xtec.cat\/ceipferreries\/wp-json\/wp\/v2\/media?parent=2665"}],"curies":[{"name":"wp","href":"https:\/\/api.w.org\/{rel}","templated":true}]}}