{"id":2657,"date":"2020-04-21T16:13:07","date_gmt":"2020-04-21T14:13:07","guid":{"rendered":"http:\/\/agora.xtec.cat\/ceipferreries\/?page_id=2657"},"modified":"2020-04-22T16:02:01","modified_gmt":"2020-04-22T14:02:01","slug":"sant-jordi-cm","status":"publish","type":"page","link":"https:\/\/agora.xtec.cat\/ceipferreries\/sant-jordi\/sant-jordi-cm\/","title":{"rendered":"SANT JORDI CICLE MITJ\u00c0"},"content":{"rendered":"<p><strong><a href=\"https:\/\/agora.xtec.cat\/ceipferreries\/wp-content\/uploads\/usu1804\/2020\/04\/IMG_20200419_105220.jpg\"><img loading=\"lazy\" decoding=\"async\" class=\"alignleft size-medium wp-image-2648\" src=\"https:\/\/agora.xtec.cat\/ceipferreries\/wp-content\/uploads\/usu1804\/2020\/04\/IMG_20200419_105220-220x300.jpg\" alt=\"\" width=\"220\" height=\"300\" srcset=\"https:\/\/agora.xtec.cat\/ceipferreries\/wp-content\/uploads\/usu1804\/2020\/04\/IMG_20200419_105220-220x300.jpg 220w, https:\/\/agora.xtec.cat\/ceipferreries\/wp-content\/uploads\/usu1804\/2020\/04\/IMG_20200419_105220-768x1049.jpg 768w, https:\/\/agora.xtec.cat\/ceipferreries\/wp-content\/uploads\/usu1804\/2020\/04\/IMG_20200419_105220-750x1024.jpg 750w, https:\/\/agora.xtec.cat\/ceipferreries\/wp-content\/uploads\/usu1804\/2020\/04\/IMG_20200419_105220.jpg 1080w\" sizes=\"auto, (max-width: 220px) 100vw, 220px\" \/><\/a><\/strong><\/p>\n<p>&nbsp;<\/p>\n<p><strong>Des de la comissi\u00f3 de biblioteca hem volgut mantindre la tradici\u00f3 de la Marat\u00f3 de Lectura i enguany la fem en l\u00ednia!!!<\/strong><\/p>\n<h5><strong>Us volem oferir una finestra al m\u00f3n a trav\u00e9s de la lectura!!!<\/strong><\/h5>\n<h5><strong>Mireu quines lectures m\u00e9s boniques us hem preparat!<\/strong><\/h5>\n<h3><span style=\"color: #0000ff;\">LLegir ens ajuda a cr\u00e9ixer!<\/span><\/h3>\n<p><img loading=\"lazy\" decoding=\"async\" class=\"aligncenter\" src=\"https:\/\/www.idiomasumh.es\/sites\/default\/files\/styles\/foto_grande_1024\/public\/field\/image\/fsj.jpg?itok=Qjy19Ce6\" width=\"308\" height=\"121\" \/><\/p>\n<p style=\"text-align: left;\"><iframe loading=\"lazy\" src=\"https:\/\/www.youtube.com\/embed\/8vXgmjfyRYk\" width=\"560\" height=\"315\" frameborder=\"0\"><\/iframe><br \/>\n<iframe loading=\"lazy\" src=\"https:\/\/www.youtube.com\/embed\/AmkUscodVdE\" width=\"560\" height=\"315\" frameborder=\"0\"><\/iframe><br \/>\n<iframe loading=\"lazy\" src=\"https:\/\/www.youtube.com\/embed\/AkJtgX-Q_08\" width=\"560\" height=\"315\" frameborder=\"0\"><\/iframe><br \/>\n<iframe loading=\"lazy\" src=\"https:\/\/www.youtube.com\/embed\/1qWvdQ5DBF8\" width=\"560\" height=\"315\" frameborder=\"0\"><\/iframe><br \/>\n<iframe loading=\"lazy\" src=\"https:\/\/www.youtube.com\/embed\/VhIsu1ETSFQ\" width=\"560\" height=\"315\" frameborder=\"0\"><\/iframe><br \/>\n<iframe loading=\"lazy\" src=\"https:\/\/www.youtube.com\/embed\/25uEnT9vGi8\" width=\"560\" height=\"315\" frameborder=\"0\"><\/iframe><br \/>\n<iframe loading=\"lazy\" src=\"https:\/\/www.youtube.com\/embed\/gm-NceMKnIg\" width=\"560\" height=\"315\" frameborder=\"0\"><\/iframe><\/p>\n<h2><span style=\"color: #ff0000;\"><strong>Us reptem a enviar-nos v\u00eddeos amb les vostres lectures a santjordi@escolaferreries.cat (durada m\u00e0xima 3 min)<\/strong><\/span><\/h2>\n","protected":false},"excerpt":{"rendered":"<p><a href=\"https:\/\/agora.xtec.cat\/ceipferreries\/wp-content\/uploads\/usu1804\/2020\/04\/IMG_20200419_105220.jpg\"><\/a><br \/>\n&nbsp;<br \/>\nDes de la comissi\u00f3 de biblioteca hem volgut mantindre la tradici\u00f3 de la Marat\u00f3 de Lectura i enguany la fem en l\u00ednia!!!<br \/>\nUs volem oferir una finestra al m\u00f3n a trav\u00e9s de la lectura!!!<br \/>\nMireu quines lectures m\u00e9s boniques us hem preparat!<br \/>\nLLegir ens ajuda a cr\u00e9ixer!<\/p>\n<p>Us&hellip;  <a href=\"https:\/\/agora.xtec.cat\/ceipferreries\/sant-jordi\/sant-jordi-cm\/\" title=\"Read SANT JORDI CICLE MITJ\u00c0\">Llegeix m\u00e9s\u00bb<\/a><\/p>\n","protected":false},"author":1,"featured_media":0,"parent":2634,"menu_order":4,"comment_status":"closed","ping_status":"closed","template":"page-templates\/side-menu.php","meta":{"_bbp_topic_count":0,"_bbp_reply_count":0,"_bbp_total_topic_count":0,"_bbp_total_reply_count":0,"_bbp_voice_count":0,"_bbp_anonymous_reply_count":0,"_bbp_topic_count_hidden":0,"_bbp_reply_count_hidden":0,"_bbp_forum_subforum_count":0,"footnotes":""},"class_list":["post-2657","page","type-page","status-publish","hentry"],"post_mailing_queue_ids":[],"_links":{"self":[{"href":"https:\/\/agora.xtec.cat\/ceipferreries\/wp-json\/wp\/v2\/pages\/2657","targetHints":{"allow":["GET"]}}],"collection":[{"href":"https:\/\/agora.xtec.cat\/ceipferreries\/wp-json\/wp\/v2\/pages"}],"about":[{"href":"https:\/\/agora.xtec.cat\/ceipferreries\/wp-json\/wp\/v2\/types\/page"}],"author":[{"embeddable":true,"href":"https:\/\/agora.xtec.cat\/ceipferreries\/wp-json\/wp\/v2\/users\/1"}],"replies":[{"embeddable":true,"href":"https:\/\/agora.xtec.cat\/ceipferreries\/wp-json\/wp\/v2\/comments?post=2657"}],"version-history":[{"count":3,"href":"https:\/\/agora.xtec.cat\/ceipferreries\/wp-json\/wp\/v2\/pages\/2657\/revisions"}],"predecessor-version":[{"id":2734,"href":"https:\/\/agora.xtec.cat\/ceipferreries\/wp-json\/wp\/v2\/pages\/2657\/revisions\/2734"}],"up":[{"embeddable":true,"href":"https:\/\/agora.xtec.cat\/ceipferreries\/wp-json\/wp\/v2\/pages\/2634"}],"wp:attachment":[{"href":"https:\/\/agora.xtec.cat\/ceipferreries\/wp-json\/wp\/v2\/media?parent=2657"}],"curies":[{"name":"wp","href":"https:\/\/api.w.org\/{rel}","templated":true}]}}