{"id":2653,"date":"2020-04-21T16:01:25","date_gmt":"2020-04-21T14:01:25","guid":{"rendered":"http:\/\/agora.xtec.cat\/ceipferreries\/?page_id=2653"},"modified":"2020-04-22T16:00:27","modified_gmt":"2020-04-22T14:00:27","slug":"sant-jordi-ei","status":"publish","type":"page","link":"https:\/\/agora.xtec.cat\/ceipferreries\/sant-jordi\/sant-jordi-ei\/","title":{"rendered":"SANT JORDI EDUCACIO INFANTIL"},"content":{"rendered":"<h5><a href=\"https:\/\/agora.xtec.cat\/ceipferreries\/wp-content\/uploads\/usu1804\/2020\/04\/IMG_20200419_105220.jpg\"><img loading=\"lazy\" decoding=\"async\" class=\"alignleft wp-image-2648 size-medium\" src=\"https:\/\/agora.xtec.cat\/ceipferreries\/wp-content\/uploads\/usu1804\/2020\/04\/IMG_20200419_105220-220x300.jpg\" alt=\"\" width=\"220\" height=\"300\" srcset=\"https:\/\/agora.xtec.cat\/ceipferreries\/wp-content\/uploads\/usu1804\/2020\/04\/IMG_20200419_105220-220x300.jpg 220w, https:\/\/agora.xtec.cat\/ceipferreries\/wp-content\/uploads\/usu1804\/2020\/04\/IMG_20200419_105220-768x1049.jpg 768w, https:\/\/agora.xtec.cat\/ceipferreries\/wp-content\/uploads\/usu1804\/2020\/04\/IMG_20200419_105220-750x1024.jpg 750w, https:\/\/agora.xtec.cat\/ceipferreries\/wp-content\/uploads\/usu1804\/2020\/04\/IMG_20200419_105220.jpg 1080w\" sizes=\"auto, (max-width: 220px) 100vw, 220px\" \/><\/a><\/h5>\n<h5><strong>Des de la comissi\u00f3 de biblioteca hem volgut mantindre la tradici\u00f3 de la Marat\u00f3 de Lectura i enguany la fem en l\u00ednia!!!<\/strong><\/h5>\n<h5><strong>Us volem oferir una finestra al m\u00f3n a trav\u00e9s de la lectura!!!<\/strong><\/h5>\n<h5><strong>Mireu quines lectures m\u00e9s boniques us hem preparat!<\/strong><\/h5>\n<h3><span style=\"color: #0000ff;\">LLegir\u00a0<\/span><span style=\"color: #0000ff;\">ens ajuda a cr\u00e9ixer!<\/span><\/h3>\n<p><img loading=\"lazy\" decoding=\"async\" class=\"alignnone \" src=\"https:\/\/www.idiomasumh.es\/sites\/default\/files\/styles\/foto_grande_1024\/public\/field\/image\/fsj.jpg?itok=Qjy19Ce6\" width=\"334\" height=\"131\" \/><\/p>\n<p><iframe loading=\"lazy\" src=\"https:\/\/www.youtube.com\/embed\/foM-tWm6BZ8\" width=\"560\" height=\"315\" frameborder=\"0\"><\/iframe><br \/>\n<iframe loading=\"lazy\" src=\"https:\/\/www.youtube.com\/embed\/iA8cB8_zPsk\" width=\"560\" height=\"315\" frameborder=\"0\"><\/iframe><\/p>\n<p><iframe loading=\"lazy\" src=\"https:\/\/www.youtube.com\/embed\/-t9pfUBclD0\" width=\"560\" height=\"315\" frameborder=\"0\"><\/iframe><br \/>\n<iframe loading=\"lazy\" src=\"https:\/\/www.youtube.com\/embed\/fUb3EneLjgY\" width=\"560\" height=\"315\" frameborder=\"0\"><\/iframe><\/p>\n<p><iframe loading=\"lazy\" src=\"https:\/\/www.youtube.com\/embed\/PaU9XbvDhUw\" width=\"560\" height=\"315\" frameborder=\"0\"><\/iframe><br \/>\n<iframe loading=\"lazy\" src=\"https:\/\/www.youtube.com\/embed\/dV8w_YQWfno\" width=\"560\" height=\"315\" frameborder=\"0\"><\/iframe><br \/>\n<iframe loading=\"lazy\" src=\"https:\/\/www.youtube.com\/embed\/hZIwwLmV18Q\" width=\"560\" height=\"315\" frameborder=\"0\"><\/iframe><br \/>\n<iframe loading=\"lazy\" src=\"https:\/\/www.youtube.com\/embed\/_mqZuS2Mzqg\" width=\"560\" height=\"315\" frameborder=\"0\"><\/iframe><\/p>\n<h2><span style=\"color: #ff0000;\"><strong>Us reptem a enviar-nos v\u00eddeos amb les vostres lectures a santjordi@escolaferreries.cat (durada m\u00e0xima 3 min)<\/strong><\/span><\/h2>\n","protected":false},"excerpt":{"rendered":"<p><a href=\"https:\/\/agora.xtec.cat\/ceipferreries\/wp-content\/uploads\/usu1804\/2020\/04\/IMG_20200419_105220.jpg\"><\/a><br \/>\nDes de la comissi\u00f3 de biblioteca hem volgut mantindre la tradici\u00f3 de la Marat\u00f3 de Lectura i enguany la fem en l\u00ednia!!!<br \/>\nUs volem oferir una finestra al m\u00f3n a trav\u00e9s de la lectura!!!<br \/>\nMireu quines lectures m\u00e9s boniques us hem preparat!<br \/>\nLLegir\u00a0ens ajuda a cr\u00e9ixer!<\/p>\n<p>Us reptem&hellip;  <a href=\"https:\/\/agora.xtec.cat\/ceipferreries\/sant-jordi\/sant-jordi-ei\/\" title=\"Read SANT JORDI EDUCACIO INFANTIL\">Llegeix m\u00e9s\u00bb<\/a><\/p>\n","protected":false},"author":1,"featured_media":0,"parent":2634,"menu_order":0,"comment_status":"closed","ping_status":"closed","template":"page-templates\/side-menu.php","meta":{"_bbp_topic_count":0,"_bbp_reply_count":0,"_bbp_total_topic_count":0,"_bbp_total_reply_count":0,"_bbp_voice_count":0,"_bbp_anonymous_reply_count":0,"_bbp_topic_count_hidden":0,"_bbp_reply_count_hidden":0,"_bbp_forum_subforum_count":0,"footnotes":""},"class_list":["post-2653","page","type-page","status-publish","hentry"],"post_mailing_queue_ids":[],"_links":{"self":[{"href":"https:\/\/agora.xtec.cat\/ceipferreries\/wp-json\/wp\/v2\/pages\/2653","targetHints":{"allow":["GET"]}}],"collection":[{"href":"https:\/\/agora.xtec.cat\/ceipferreries\/wp-json\/wp\/v2\/pages"}],"about":[{"href":"https:\/\/agora.xtec.cat\/ceipferreries\/wp-json\/wp\/v2\/types\/page"}],"author":[{"embeddable":true,"href":"https:\/\/agora.xtec.cat\/ceipferreries\/wp-json\/wp\/v2\/users\/1"}],"replies":[{"embeddable":true,"href":"https:\/\/agora.xtec.cat\/ceipferreries\/wp-json\/wp\/v2\/comments?post=2653"}],"version-history":[{"count":4,"href":"https:\/\/agora.xtec.cat\/ceipferreries\/wp-json\/wp\/v2\/pages\/2653\/revisions"}],"predecessor-version":[{"id":2732,"href":"https:\/\/agora.xtec.cat\/ceipferreries\/wp-json\/wp\/v2\/pages\/2653\/revisions\/2732"}],"up":[{"embeddable":true,"href":"https:\/\/agora.xtec.cat\/ceipferreries\/wp-json\/wp\/v2\/pages\/2634"}],"wp:attachment":[{"href":"https:\/\/agora.xtec.cat\/ceipferreries\/wp-json\/wp\/v2\/media?parent=2653"}],"curies":[{"name":"wp","href":"https:\/\/api.w.org\/{rel}","templated":true}]}}