{"id":2634,"date":"2020-04-21T10:10:21","date_gmt":"2020-04-21T08:10:21","guid":{"rendered":"http:\/\/agora.xtec.cat\/ceipferreries\/?page_id=2634"},"modified":"2021-04-22T18:13:43","modified_gmt":"2021-04-22T16:13:43","slug":"sant-jordi","status":"publish","type":"page","link":"https:\/\/agora.xtec.cat\/ceipferreries\/sant-jordi\/","title":{"rendered":"Sant Jordi 2020"},"content":{"rendered":"<h5 style=\"text-align: left;\"><strong>Mireu quines lectures m\u00e9s boniques us hem preparat! Hi ha molts mestres explicant hist<\/strong><strong>\u00f2ries meravelloses que us permetran veure el m\u00f3n des de casa!<\/strong><\/h5>\n<h5 style=\"text-align: left;\"><strong><span style=\"color: #0000ff;\">Teniu lectures per triar i remenar!<\/span><\/strong><\/h5>\n<h5 style=\"text-align: left;\"><span style=\"color: #0000ff;\">LLegir ens ajuda a cr\u00e9ixer!<\/span><\/h5>\n<p><iframe loading=\"lazy\" src=\"https:\/\/www.youtube.com\/embed\/-iLLZtsrWgY\" width=\"560\" height=\"315\" frameborder=\"0\"><\/iframe><\/p>\n<p><img loading=\"lazy\" decoding=\"async\" class=\"alignleft size-large\" src=\"https:\/\/bibliotecavirtual.diba.cat\/documents\/350195\/38176122\/Llegim+plegats.jpg\/675cd87d-f77c-46b7-848b-2830c068e528?t=1520069808748\" width=\"394\" height=\"295\" \/><\/p>\n<h5><\/h5>\n<h5><\/h5>\n<h5><\/h5>\n<h5 style=\"text-align: left;\"><span style=\"color: #ff0000;\"><strong>Us reptem a enviar-nos v\u00eddeos amb les vostres lectures a santjordi@escolaferreries.cat (durada m\u00e0xima 3 min)<\/strong><\/span><\/h5>\n","protected":false},"excerpt":{"rendered":"<p>Mireu quines lectures m\u00e9s boniques us hem preparat! Hi ha molts mestres explicant hist\u00f2ries meravelloses que us permetran veure el m\u00f3n des de casa!<br \/>\nTeniu lectures per triar i remenar!<br \/>\nLLegir ens ajuda a cr\u00e9ixer!<\/p>\n<p>Us reptem a enviar-nos v\u00eddeos amb les vostres lectures a santjordi@escolaferreries.cat (durada m\u00e0xima&hellip;  <a href=\"https:\/\/agora.xtec.cat\/ceipferreries\/sant-jordi\/\" title=\"Read Sant Jordi 2020\">Llegeix m\u00e9s\u00bb<\/a><\/p>\n","protected":false},"author":1,"featured_media":0,"parent":0,"menu_order":0,"comment_status":"closed","ping_status":"closed","template":"page-templates\/side-menu.php","meta":{"_bbp_topic_count":0,"_bbp_reply_count":0,"_bbp_total_topic_count":0,"_bbp_total_reply_count":0,"_bbp_voice_count":0,"_bbp_anonymous_reply_count":0,"_bbp_topic_count_hidden":0,"_bbp_reply_count_hidden":0,"_bbp_forum_subforum_count":0,"footnotes":""},"class_list":["post-2634","page","type-page","status-publish","hentry"],"post_mailing_queue_ids":[],"_links":{"self":[{"href":"https:\/\/agora.xtec.cat\/ceipferreries\/wp-json\/wp\/v2\/pages\/2634","targetHints":{"allow":["GET"]}}],"collection":[{"href":"https:\/\/agora.xtec.cat\/ceipferreries\/wp-json\/wp\/v2\/pages"}],"about":[{"href":"https:\/\/agora.xtec.cat\/ceipferreries\/wp-json\/wp\/v2\/types\/page"}],"author":[{"embeddable":true,"href":"https:\/\/agora.xtec.cat\/ceipferreries\/wp-json\/wp\/v2\/users\/1"}],"replies":[{"embeddable":true,"href":"https:\/\/agora.xtec.cat\/ceipferreries\/wp-json\/wp\/v2\/comments?post=2634"}],"version-history":[{"count":4,"href":"https:\/\/agora.xtec.cat\/ceipferreries\/wp-json\/wp\/v2\/pages\/2634\/revisions"}],"predecessor-version":[{"id":3189,"href":"https:\/\/agora.xtec.cat\/ceipferreries\/wp-json\/wp\/v2\/pages\/2634\/revisions\/3189"}],"wp:attachment":[{"href":"https:\/\/agora.xtec.cat\/ceipferreries\/wp-json\/wp\/v2\/media?parent=2634"}],"curies":[{"name":"wp","href":"https:\/\/api.w.org\/{rel}","templated":true}]}}