{"id":2181,"date":"2018-06-28T12:54:21","date_gmt":"2018-06-28T10:54:21","guid":{"rendered":"http:\/\/agora.xtec.cat\/ceipferreries\/?page_id=2181"},"modified":"2018-06-28T12:58:30","modified_gmt":"2018-06-28T10:58:30","slug":"gep","status":"publish","type":"page","link":"https:\/\/agora.xtec.cat\/ceipferreries\/lescola\/gep\/","title":{"rendered":"GEP"},"content":{"rendered":"<p><b>Generaci\u00f3 Pluriling\u00fce (GEP)<\/b><span style=\"font-weight: 400;\">.<\/span><\/p>\n<p><span style=\"font-weight: 400;\">Des del curs<\/span> <span style=\"font-weight: 400;\">2017-2018 la nostra escola forma part del programa\u00a0d\u2019innovaci\u00f3 pedag\u00f2gica <\/span><b>Generaci\u00f3 Pluriling\u00fce<\/b><span style=\"font-weight: 400;\">, la finalitat del qual \u00e9s millorar la compet\u00e8ncia en llengua anglesa de l\u2019alumnat.<\/span><\/p>\n<p><span style=\"font-weight: 400;\">Les accions del GEP s\u2019orienten a:<\/span><\/p>\n<ul>\n<li style=\"font-weight: 400;\"><span style=\"font-weight: 400;\">Incrementar el temps d\u2019exposici\u00f3 de l\u2019alumnat a la llengua estrangera a trav\u00e9s de l\u2019aplicaci\u00f3 de la metodologia AICLE (Aprenentatge Integrat de Contingut i Llengua Estrangera).<\/span><\/li>\n<li style=\"font-weight: 400;\"><span style=\"font-weight: 400;\">Acompanyar els centres educatius en el proc\u00e9s de desplegament i consolidaci\u00f3 d\u2019un projecte ling\u00fc\u00edstic pluriling\u00fce propi.<\/span><\/li>\n<\/ul>\n<p><span style=\"font-weight: 400;\">A l\u2019Escola Ferreries fa molts anys que s\u2019utilitza la metodologia AICLE, \u00e9s a dir, fer \u00e0rees no ling\u00fc\u00edstiques en angl\u00e8s. Es fa a l\u2019educaci\u00f3 art\u00edstica visual i pl\u00e0stica a Cicle Mitj\u00e0 i Cicle Superior i una part del medi a Cicle Superior. Amb l\u2019objectiu de refor\u00e7ar la llengua anglesa al nostre centre i continuar creixent i millorant en la implementaci\u00f3 de la metodologia AICLE hem trobat molt positiu formar part d\u2019aquest programa. L\u2019equip impulsor del centre rep una formaci\u00f3 de tres anys.<\/span><\/p>\n<p>&nbsp;<\/p>\n<p><span style=\"font-weight: 400;\">Per m\u00e9s informaci\u00f3 sobre el programa:<\/span><\/p>\n<p><a href=\"http:\/\/xtec.gencat.cat\/ca\/projectes\/plurilinguisme\/programes\/pluri\/gep\/\"><span style=\"font-weight: 400;\">http:\/\/xtec.gencat.cat\/ca\/projectes\/plurilinguisme\/programes\/pluri\/gep\/<\/span><\/a><\/p>\n<p>&nbsp;<\/p>\n<p><span style=\"font-weight: 400;\">Per veure la implementaci\u00f3 del projecte a l\u2019escola:<\/span><\/p>\n<p><a href=\"https:\/\/ca.padlet.com\/msabat38\/4jg4h3l7y23d\"><span style=\"font-weight: 400;\">https:\/\/ca.padlet.com\/msabat38\/4jg4h3l7y23d<\/span><\/a><\/p>\n<p><a href=\"https:\/\/padlet.com\/mpellis1\/eutzz7mtawpg\"><span style=\"font-weight: 400;\">https:\/\/padlet.com\/mpellis1\/eutzz7mtawpg<\/span><\/a><\/p>\n<p><a href=\"https:\/\/es.padlet.com\/mroyo235\/ixbh2ie5s8kf\"><span style=\"font-weight: 400;\">https:\/\/es.padlet.com\/mroyo235\/ixbh2ie5s8kf<\/span><\/a><\/p>\n","protected":false},"excerpt":{"rendered":"<p>Generaci\u00f3 Pluriling\u00fce (GEP).<br \/>\nDes del curs 2017-2018 la nostra escola forma part del programa\u00a0d\u2019innovaci\u00f3 pedag\u00f2gica Generaci\u00f3 Pluriling\u00fce, la finalitat del qual \u00e9s millorar la compet\u00e8ncia en llengua anglesa de l\u2019alumnat.<br \/>\nLes accions del GEP s\u2019orienten a:<\/p>\n<ul>\n<li style=\"font-weight: 400;\">Incrementar el temps d\u2019exposici\u00f3 de l\u2019alumnat a la llengua estrangera&hellip;  <a href=\"https:\/\/agora.xtec.cat\/ceipferreries\/lescola\/gep\/\" title=\"Read GEP\">Llegeix m\u00e9s\u00bb<\/a><br \/>\n","protected":false},"author":1,"featured_media":0,"parent":22,"menu_order":70,"comment_status":"closed","ping_status":"closed","template":"page-templates\/side-menu.php","meta":{"_bbp_topic_count":0,"_bbp_reply_count":0,"_bbp_total_topic_count":0,"_bbp_total_reply_count":0,"_bbp_voice_count":0,"_bbp_anonymous_reply_count":0,"_bbp_topic_count_hidden":0,"_bbp_reply_count_hidden":0,"_bbp_forum_subforum_count":0,"footnotes":""},"class_list":["post-2181","page","type-page","status-publish","hentry"],"post_mailing_queue_ids":[],"_links":{"self":[{"href":"https:\/\/agora.xtec.cat\/ceipferreries\/wp-json\/wp\/v2\/pages\/2181","targetHints":{"allow":["GET"]}}],"collection":[{"href":"https:\/\/agora.xtec.cat\/ceipferreries\/wp-json\/wp\/v2\/pages"}],"about":[{"href":"https:\/\/agora.xtec.cat\/ceipferreries\/wp-json\/wp\/v2\/types\/page"}],"author":[{"embeddable":true,"href":"https:\/\/agora.xtec.cat\/ceipferreries\/wp-json\/wp\/v2\/users\/1"}],"replies":[{"embeddable":true,"href":"https:\/\/agora.xtec.cat\/ceipferreries\/wp-json\/wp\/v2\/comments?post=2181"}],"version-history":[{"count":3,"href":"https:\/\/agora.xtec.cat\/ceipferreries\/wp-json\/wp\/v2\/pages\/2181\/revisions"}],"predecessor-version":[{"id":2185,"href":"https:\/\/agora.xtec.cat\/ceipferreries\/wp-json\/wp\/v2\/pages\/2181\/revisions\/2185"}],"up":[{"embeddable":true,"href":"https:\/\/agora.xtec.cat\/ceipferreries\/wp-json\/wp\/v2\/pages\/22"}],"wp:attachment":[{"href":"https:\/\/agora.xtec.cat\/ceipferreries\/wp-json\/wp\/v2\/media?parent=2181"}],"curies":[{"name":"wp","href":"https:\/\/api.w.org\/{rel}","templated":true}]}}