{"id":1564,"date":"2015-12-21T09:44:34","date_gmt":"2015-12-21T08:44:34","guid":{"rendered":"http:\/\/escolaferreries.cat\/bloc_biblioteca\/?page_id=1564"},"modified":"2018-11-28T20:48:46","modified_gmt":"2018-11-28T19:48:46","slug":"bibliopati","status":"publish","type":"page","link":"https:\/\/agora.xtec.cat\/ceipferreries\/biblioteca\/biblio-2\/bibliopati\/","title":{"rendered":"Bibliopati"},"content":{"rendered":"<p>Aquest curs (2018-2019) el bibliopati s&#8217;est\u00e0 potenciant i t\u00e9 molt bona resposta per part de l&#8217;alumnat . Les ajudants estan motivad\u00edssimes i tenen molta iniciativa. S\u00f3n les m\u00e9s grans de l&#8217;escola que volunt\u00e0riament es van presentar.<\/p>\n<p><a href=\"https:\/\/agora.xtec.cat\/ceipferreries\/wp-content\/uploads\/usu1804\/2018\/11\/IMG_20180928_104730-retoc.jpg\"><img loading=\"lazy\" decoding=\"async\" class=\" wp-image-2299\" src=\"https:\/\/agora.xtec.cat\/ceipferreries\/wp-content\/uploads\/usu1804\/2018\/11\/IMG_20180928_104730-retoc-768x1024.jpg\" alt=\"\" width=\"508\" height=\"677\" srcset=\"https:\/\/agora.xtec.cat\/ceipferreries\/wp-content\/uploads\/usu1804\/2018\/11\/IMG_20180928_104730-retoc-768x1024.jpg 768w, https:\/\/agora.xtec.cat\/ceipferreries\/wp-content\/uploads\/usu1804\/2018\/11\/IMG_20180928_104730-retoc-225x300.jpg 225w\" sizes=\"auto, (max-width: 508px) 100vw, 508px\" \/><\/a><\/p>\n<ul>\n<li><span style=\"color: #ff6600;\">DESPR\u00c9S DE VEURE LA TASCA QUE FAN ES VAN AFEGIR M\u00c9S AJUDANTS!!! TOT UN \u00c8XIT!<\/span><\/li>\n<\/ul>\n<p>Tasques que fan els encarregats de BIBLIOPATI.<\/p>\n<p>* Van a buscar els m\u00e9s petits i els acompanyen fins la biblioteca.<\/p>\n<p>* Proposen lectures als alumnes que ho necessiten.<\/p>\n<p>* Fan endre\u00e7a de la biblioteca.<\/p>\n<p>* Vigilen els seus companys i companyes.<\/p>\n<p>* I aquest curs <strong>GESTIONEN EL PR\u00c9STEC!!!<\/strong> Per cert, \u00e9s un \u00e8xit!<br \/>\nA biblopati:<\/p>\n<p>* Es comparteixen lectures i es llegeix en parelles.<\/p>\n<p>* Es pot anar als ordinadors<\/p>\n<p>(cerques d&#8217;informaci\u00f3, fer treballs, visitar la p\u00e0gina web de l&#8217;escola &#8230;)<\/p>\n<p>* Els ajudants i els mestres ajuden a trobar llibres de tem\u00e0tiques determinades.<\/p>\n<p><strong>Algunes imatges de bibliopati!<br \/>\n<a href=\"http:\/\/escolaferreries.cat\/bloc_biblioteca\/wp-content\/uploads\/2015\/12\/bibliopati-2017-2.jpg\"><img loading=\"lazy\" decoding=\"async\" class=\"aligncenter size-large wp-image-1739\" src=\"http:\/\/escolaferreries.cat\/bloc_biblioteca\/wp-content\/uploads\/2015\/12\/bibliopati-2017-2-1024x576.jpg\" alt=\"bibliopati 2017 2\" width=\"530\" height=\"298\" srcset=\"https:\/\/agora.xtec.cat\/ceipferreries\/wp-content\/uploads\/usu1804\/2015\/12\/bibliopati-2017-2-1024x576.jpg 1024w, https:\/\/agora.xtec.cat\/ceipferreries\/wp-content\/uploads\/usu1804\/2015\/12\/bibliopati-2017-2-300x169.jpg 300w, https:\/\/agora.xtec.cat\/ceipferreries\/wp-content\/uploads\/usu1804\/2015\/12\/bibliopati-2017-2-768x432.jpg 768w\" sizes=\"auto, (max-width: 530px) 100vw, 530px\" \/><\/a><br \/>\n<a href=\"http:\/\/escolaferreries.cat\/bloc_biblioteca\/wp-content\/uploads\/2015\/12\/bibliopat-2017-1.jpg\"><img loading=\"lazy\" decoding=\"async\" class=\"aligncenter size-large wp-image-1737\" src=\"http:\/\/escolaferreries.cat\/bloc_biblioteca\/wp-content\/uploads\/2015\/12\/bibliopat-2017-1-1024x576.jpg\" alt=\"bibliopat 2017 1\" width=\"530\" height=\"298\" srcset=\"https:\/\/agora.xtec.cat\/ceipferreries\/wp-content\/uploads\/usu1804\/2015\/12\/bibliopat-2017-1-1024x576.jpg 1024w, https:\/\/agora.xtec.cat\/ceipferreries\/wp-content\/uploads\/usu1804\/2015\/12\/bibliopat-2017-1-300x169.jpg 300w, https:\/\/agora.xtec.cat\/ceipferreries\/wp-content\/uploads\/usu1804\/2015\/12\/bibliopat-2017-1-768x432.jpg 768w\" sizes=\"auto, (max-width: 530px) 100vw, 530px\" \/><\/a><br \/>\n<a href=\"http:\/\/escolaferreries.cat\/bloc_biblioteca\/wp-content\/uploads\/2017\/02\/DSC_00721.jpg\"><img loading=\"lazy\" decoding=\"async\" class=\"aligncenter size-large wp-image-1767\" src=\"http:\/\/escolaferreries.cat\/bloc_biblioteca\/wp-content\/uploads\/2017\/02\/DSC_00721-1024x576.jpg\" alt=\"DSC_0072[1]\" width=\"530\" height=\"298\" srcset=\"https:\/\/agora.xtec.cat\/ceipferreries\/wp-content\/uploads\/usu1804\/2017\/02\/DSC_00721-1024x576.jpg 1024w, https:\/\/agora.xtec.cat\/ceipferreries\/wp-content\/uploads\/usu1804\/2017\/02\/DSC_00721-300x169.jpg 300w, https:\/\/agora.xtec.cat\/ceipferreries\/wp-content\/uploads\/usu1804\/2017\/02\/DSC_00721-768x432.jpg 768w\" sizes=\"auto, (max-width: 530px) 100vw, 530px\" \/><\/a><br \/>\n<a href=\"http:\/\/escolaferreries.cat\/bloc_biblioteca\/wp-content\/uploads\/2015\/12\/2015-10-30-11.24.15.jpg\"><img loading=\"lazy\" decoding=\"async\" class=\"aligncenter size-large wp-image-1667\" src=\"http:\/\/escolaferreries.cat\/bloc_biblioteca\/wp-content\/uploads\/2015\/12\/2015-10-30-11.24.15-1024x576.jpg\" alt=\"2015-10-30 11.24.15\" width=\"530\" height=\"298\" srcset=\"https:\/\/agora.xtec.cat\/ceipferreries\/wp-content\/uploads\/usu1804\/2015\/12\/2015-10-30-11.24.15-1024x576.jpg 1024w, https:\/\/agora.xtec.cat\/ceipferreries\/wp-content\/uploads\/usu1804\/2015\/12\/2015-10-30-11.24.15-300x169.jpg 300w, https:\/\/agora.xtec.cat\/ceipferreries\/wp-content\/uploads\/usu1804\/2015\/12\/2015-10-30-11.24.15-768x432.jpg 768w\" sizes=\"auto, (max-width: 530px) 100vw, 530px\" \/><\/a><\/strong><\/p>\n<p><a href=\"http:\/\/escolaferreries.cat\/bloc_biblioteca\/wp-content\/uploads\/2015\/12\/2015-10-15-11.24.36.jpg\"><img loading=\"lazy\" decoding=\"async\" class=\"aligncenter size-large wp-image-1668\" src=\"http:\/\/escolaferreries.cat\/bloc_biblioteca\/wp-content\/uploads\/2015\/12\/2015-10-15-11.24.36-1024x576.jpg\" alt=\"2015-10-15 11.24.36\" width=\"530\" height=\"298\" srcset=\"https:\/\/agora.xtec.cat\/ceipferreries\/wp-content\/uploads\/usu1804\/2015\/12\/2015-10-15-11.24.36-1024x576.jpg 1024w, https:\/\/agora.xtec.cat\/ceipferreries\/wp-content\/uploads\/usu1804\/2015\/12\/2015-10-15-11.24.36-300x169.jpg 300w, https:\/\/agora.xtec.cat\/ceipferreries\/wp-content\/uploads\/usu1804\/2015\/12\/2015-10-15-11.24.36-768x432.jpg 768w\" sizes=\"auto, (max-width: 530px) 100vw, 530px\" \/><\/a><br \/>\n<iframe loading=\"lazy\" src=\"\/\/v.calameo.com\/library\/?type=account&amp;id=4640361&amp;rows=1&amp;sortBy=latestPublished&amp;theme=wood&amp;bgColor=&amp;thumbSize=normal&amp;showTitle=true&amp;showShadow=true&amp;showGloss=true&amp;showInfo=account&amp;linkTo=view&amp;linkTarget=_blank\" width=\"100%\" height=\"185\" frameborder=\"0\" allowfullscreen=\"allowfullscreen\"><\/iframe><\/p>\n","protected":false},"excerpt":{"rendered":"<p>Aquest curs (2018-2019) el bibliopati s&#8217;est\u00e0 potenciant i t\u00e9 molt bona resposta per part de l&#8217;alumnat . Les ajudants estan motivad\u00edssimes i tenen molta iniciativa. S\u00f3n les m\u00e9s grans de l&#8217;escola que volunt\u00e0riament es van presentar.<br \/>\n<a href=\"https:\/\/agora.xtec.cat\/ceipferreries\/wp-content\/uploads\/usu1804\/2018\/11\/IMG_20180928_104730-retoc.jpg\"><\/a><\/p>\n<ul>\n<li>DESPR\u00c9S DE VEURE LA TASCA QUE FAN ES VAN&hellip;  <a href=\"https:\/\/agora.xtec.cat\/ceipferreries\/biblioteca\/biblio-2\/bibliopati\/\" title=\"Read Bibliopati\">Llegeix m\u00e9s\u00bb<\/a><br \/>\n","protected":false},"author":1,"featured_media":0,"parent":1605,"menu_order":50,"comment_status":"open","ping_status":"closed","template":"page-templates\/side-menu.php","meta":{"_bbp_topic_count":0,"_bbp_reply_count":0,"_bbp_total_topic_count":0,"_bbp_total_reply_count":0,"_bbp_voice_count":0,"_bbp_anonymous_reply_count":0,"_bbp_topic_count_hidden":0,"_bbp_reply_count_hidden":0,"_bbp_forum_subforum_count":0,"footnotes":""},"class_list":["post-1564","page","type-page","status-publish","hentry"],"post_mailing_queue_ids":[],"_links":{"self":[{"href":"https:\/\/agora.xtec.cat\/ceipferreries\/wp-json\/wp\/v2\/pages\/1564","targetHints":{"allow":["GET"]}}],"collection":[{"href":"https:\/\/agora.xtec.cat\/ceipferreries\/wp-json\/wp\/v2\/pages"}],"about":[{"href":"https:\/\/agora.xtec.cat\/ceipferreries\/wp-json\/wp\/v2\/types\/page"}],"author":[{"embeddable":true,"href":"https:\/\/agora.xtec.cat\/ceipferreries\/wp-json\/wp\/v2\/users\/1"}],"replies":[{"embeddable":true,"href":"https:\/\/agora.xtec.cat\/ceipferreries\/wp-json\/wp\/v2\/comments?post=1564"}],"version-history":[{"count":3,"href":"https:\/\/agora.xtec.cat\/ceipferreries\/wp-json\/wp\/v2\/pages\/1564\/revisions"}],"predecessor-version":[{"id":2300,"href":"https:\/\/agora.xtec.cat\/ceipferreries\/wp-json\/wp\/v2\/pages\/1564\/revisions\/2300"}],"up":[{"embeddable":true,"href":"https:\/\/agora.xtec.cat\/ceipferreries\/wp-json\/wp\/v2\/pages\/1605"}],"wp:attachment":[{"href":"https:\/\/agora.xtec.cat\/ceipferreries\/wp-json\/wp\/v2\/media?parent=1564"}],"curies":[{"name":"wp","href":"https:\/\/api.w.org\/{rel}","templated":true}]}}