{"id":1304,"date":"2014-05-30T11:01:29","date_gmt":"2014-05-30T09:01:29","guid":{"rendered":"http:\/\/escolaferreries.cat\/bloc_biblioteca\/?page_id=1304"},"modified":"2021-03-11T12:14:17","modified_gmt":"2021-03-11T11:14:17","slug":"comissio-de-biblioteca","status":"publish","type":"page","link":"https:\/\/agora.xtec.cat\/ceipferreries\/biblioteca\/comissio-de-biblioteca\/","title":{"rendered":"Comissi\u00f3 de biblioteca"},"content":{"rendered":"<p><span style=\"color: #800080;\">Aquesta\u00a0 pr\u00e0ctica s\u2019emmarca dintre de\u00a0 la Programaci\u00f3 Anual de Centre de l\u2019escola i forma part de la programaci\u00f3 anual de biblioteca.<\/span><\/p>\n<h5 style=\"text-align: justify;\"><span style=\"color: #800080;\">La comissi\u00f3 de biblioteca de l\u2019escola es va crear per tal d\u2019implementar el projecte PUNTEDU, una vegada finalitzat el per\u00edode de\u00a0 tres anys de durada. Calia cercar una nova via de treball, ja prevista a les instruccions d\u2019inici de curs,\u00a0 per tal que la biblioteca continues tenint\u00a0 pres\u00e8ncia a l\u2019escola.<\/span><\/h5>\n<h3><span style=\"color: #ff9900;\">Composici\u00f3 de la comissi\u00f3:<\/span><\/h3>\n<ul>\n<li><span style=\"color: #800080;\">Cap d\u2019estudis<\/span><\/li>\n<li><span style=\"color: #800080;\">Equip de biblioteca (tamb\u00e9 representants de EI, CM, CS)<\/span><\/li>\n<li><span style=\"color: #800080;\">Representant del parvulari<\/span><\/li>\n<li><span style=\"color: #800080;\">Representant de Cicle Inicial.<\/span><\/li>\n<li><span style=\"color: #800080;\">Representant d&#8217;Aula d&#8217;Acollida.<\/span><\/li>\n<\/ul>\n<h3><span style=\"color: #000080;\">Curs 2018\/2019<\/span><\/h3>\n<p><span style=\"color: #000080;\">Objectius<\/span><\/p>\n<ul>\n<li><span style=\"color: #000080;\">Adquirir nous llibres en funci\u00f3 a les necessitats i peticions de l&#8217;alumnat.<\/span><\/li>\n<li><span style=\"color: #000080;\">Encabir durant la mitja hora de lectura la possibilitat de pr\u00e9stec a CM i a CS.<\/span><\/li>\n<li><span style=\"color: #000080;\">Gestionar la visita dels autors a les aules.<\/span><\/li>\n<li><span style=\"color: #000080;\">Coordinar les visites i els contacontes que ofereixen les dues biblioteques p\u00fabliques m\u00e9s properes al centre.<\/span><\/li>\n<li><span style=\"color: #000080;\">Acollir el tancament de la formaci\u00f3 e-pergam com s&#8217;havia fet altres cursos.<\/span><\/li>\n<li><span style=\"color: #000080;\">Coordinar el seminari de biblioteques.<\/span><\/li>\n<li><span style=\"color: #000080;\">Revisar i millorar els aspectes m\u00e9s importants inclosos a la mem\u00f2ria de centre i&#8230;<\/span><\/li>\n<li><span style=\"color: #000080;\">Continuar amb la tasca comen\u00e7ada en cursos anteriors sense deixar mai de banda la FUNCIONALITAT de la biblioteca.<\/span><\/li>\n<\/ul>\n<p>&nbsp;<\/p>\n<p><span style=\"color: #008000;\">Objectius a assolir durant el curs 2017\/2018:<\/span><\/p>\n<p><span style=\"color: #008000;\">*Continuar amb el moviment de llibres sempre centralitzat des de biblioteca: els pr\u00e9stecs ( biblioteca oberta i bibliopati), caixes de padrins, maletes viatgeres, biblioteques d&#8217;aula, certamen de lectura en veu alta, exposicions&#8230;<\/span><\/p>\n<p><span style=\"color: #008000;\">* Gestionar les compres i\u00a0 que aquestes donin resposta a les necessitats dels mestres i amb els gustos dels alumnes. ( Quins llibres vull a la biblioteca?).<\/span><\/p>\n<p><span style=\"color: #008000;\">*Agilitzar el proc\u00e9s d&#8217;enregistrar un llibre, des de la compra o donaci\u00f3, fins que est\u00e0 en pr\u00e9stec o est\u00e0 a l&#8217;aula.<\/span><\/p>\n<p><span style=\"color: #008000;\">* Dinamitzar el blog de biblioteca amb la participaci\u00f3 dels alumnes.<\/span><\/p>\n<p><span style=\"color: #ff6600;\">Els principals objectius que ens hem marcat aquest curs 2016\/2017 \u00e9s :<\/span><\/p>\n<ul>\n<li><span style=\"color: #ff6600;\">Dinamitzar les biblioteques d&#8217;aula.<\/span><\/li>\n<li><span style=\"color: #ff6600;\">Ajudar els mestres amb els llibres que hi ha a la biblioteca de la classe: Ficci\u00f3, c\u00f2mics, coneixements, poesia, revistes&#8230;<\/span><\/li>\n<li><span style=\"color: #ff6600;\">Ubicaci\u00f3 de les biblioteques d&#8217;aula donant-los un paper m\u00e9s principal dins la classe.<\/span><\/li>\n<\/ul>\n<p><span style=\"color: #800080;\"><span style=\"color: #800080;\">La fita que ens vam marcar el curs 2015\/2016 va ser:<\/span><\/span><\/p>\n<p><span style=\"color: #ff0000;\">LA FUNCIONALITAT<\/span><\/p>\n<p><span style=\"color: #800080;\">&#8211; Facilitar el pr\u00e9stec a l&#8217;alumnat de cicle mitj\u00e0 i superior<\/span><\/p>\n<p><span style=\"color: #800080;\">&#8211; Buscar un criteri com\u00fa del funcionament de les\u00a0 biblioteques d&#8217;aula<\/span><\/p>\n<p><span style=\"color: #800080;\">&#8211; Copsar les necessitats dels mestres i mirar de respondre-hi<\/span><\/p>\n<h3 style=\"text-align: justify;\"><span style=\"color: #ff9900;\">Funcionament de la comissi\u00f3:<\/span><\/h3>\n<ol>\n<li style=\"text-align: justify;\"><strong><span style=\"color: #800080;\">Els\u00a0 responsables de la biblioteca redacten la convocat\u00f2ria de les reunions amb els punts de l\u2019ordre del dia i la fa arribar als membres de la comissi\u00f3.<\/span><\/strong><\/li>\n<li style=\"text-align: justify;\"><strong><span style=\"color: #800080;\">Una reuni\u00f3 mensual fixa (primer dilluns de mes) i altres si la planificaci\u00f3 de les activitats ho requereix.<\/span><\/strong><\/li>\n<li style=\"text-align: justify;\"><strong><span style=\"color: #800080;\">Els mestres representants de cada cicle fan el retorn dels acords establerts a les respectives reunions de cicle.<\/span><\/strong><\/li>\n<li style=\"text-align: justify;\"><strong><span style=\"color: #800080;\">Presa de decisions sobre els temes de l\u2019ordre del dia.<\/span><\/strong><\/li>\n<li style=\"text-align: justify;\"><strong><span style=\"color: #800080;\">Acabada la reuni\u00f3 es redacta un acta dels temes que s\u2019han parlat. Aquestes actes formen part de la documentaci\u00f3 interna de la biblioteca.<\/span><\/strong><\/li>\n<\/ol>\n<h3><span style=\"color: #ff9900;\">Decisions curriculars que pren la Comissi\u00f3:<\/span><\/h3>\n<ol>\n<li style=\"text-align: justify;\">\n<h6><span style=\"color: #800080;\">En reunions posteriors de la comissi\u00f3 es planifiquen conjuntament:<\/span><\/h6>\n<\/li>\n<li style=\"text-align: justify;\">\n<h6><span style=\"color: #800080;\">L\u2019adquisici\u00f3 de llibres.<\/span><\/h6>\n<\/li>\n<li style=\"text-align: justify;\">\n<h6><span style=\"color: #800080;\">La participaci\u00f3 en activitats liter\u00e0ries (gust per la lectura, certamen de lectura en veu alta, Atrapallibres)<\/span><\/h6>\n<\/li>\n<li style=\"text-align: justify;\">\n<h6><span style=\"color: #800080;\">Les novetats editorials.<\/span><\/h6>\n<\/li>\n<li style=\"text-align: justify;\">\n<h6><span style=\"color: #800080;\">Les vies per a donar a con\u00e8ixer la biblioteca a les fam\u00edlies (tr\u00edptics, anuncis, pr\u00e9stecs).<\/span><\/h6>\n<\/li>\n<li style=\"text-align: justify;\">\n<h6><span style=\"color: #800080;\">Es programen activitats de gust per la lectura.<\/span><\/h6>\n<\/li>\n<li style=\"text-align: justify;\">\n<h6><span style=\"color: #800080;\">Es programen activitats de\u00a0 cerca d\u2019informaci\u00f3.<\/span><\/h6>\n<\/li>\n<li style=\"text-align: justify;\">\n<h6><span style=\"color: #800080;\">Planificaci\u00f3 i organitzaci\u00f3 de la diada de Sant Jordi i el Concurs literari.<\/span><\/h6>\n<\/li>\n<li style=\"text-align: justify;\">\n<h6><span style=\"color: #800080;\">Dinamitzaci\u00f3 i actualitzaci\u00f3 del blog de la biblioteca<\/span> <span style=\"color: #800080;\">com a mitj\u00e0 per a donar a con\u00e8ixer les activitats que s\u2019hi desenvolupen.<\/span><\/h6>\n<\/li>\n<li style=\"text-align: justify;\">\n<h6><span style=\"color: #800080;\">Gesti\u00f3 de pr\u00e9stecs a la biblioteca p\u00fablica.<\/span><\/h6>\n<\/li>\n<li style=\"text-align: justify;\">\n<h6><span style=\"color: #800080;\">Propostes de formaci\u00f3 liter\u00e0ria per als mestres.<\/span><\/h6>\n<\/li>\n<li style=\"text-align: justify;\">\n<h6><span style=\"color: #800080;\">Revisi\u00f3, de les subscripcions anuals a publicacions educatives.<\/span><\/h6>\n<\/li>\n<li style=\"text-align: justify;\">\n<h6><span style=\"color: #800080;\">Adquisici\u00f3 de llibres i altres materials de suport a la tasca docent.<\/span><\/h6>\n<\/li>\n<li style=\"text-align: justify;\">\n<h6><span style=\"color: #800080;\">Gesti\u00f3 de la biblioteca d\u2019aula\/biblioteca de l\u2019escola.<\/span><\/h6>\n<\/li>\n<\/ol>\n<p><iframe loading=\"lazy\" src=\"http:\/\/prezi.com\/embed\/vbeqft0zxpqa\/?bgcolor=ffffff&amp;lock_to_path=0&amp;autoplay=0&amp;autohide_ctrls=0&amp;features=undefined&amp;disabled_features=undefined\" width=\"500\" height=\"280\" frameborder=\"0\"><\/iframe><\/p>\n","protected":false},"excerpt":{"rendered":"<p>Aquesta\u00a0 pr\u00e0ctica s\u2019emmarca dintre de\u00a0 la Programaci\u00f3 Anual de Centre de l\u2019escola i forma part de la programaci\u00f3 anual de biblioteca.<br \/>\nLa comissi\u00f3 de biblioteca de l\u2019escola es va crear per tal d\u2019implementar el projecte PUNTEDU, una vegada finalitzat el per\u00edode de\u00a0 tres anys de durada.&hellip;  <a href=\"https:\/\/agora.xtec.cat\/ceipferreries\/biblioteca\/comissio-de-biblioteca\/\" title=\"Read Comissi\u00f3 de biblioteca\">Llegeix m\u00e9s\u00bb<\/a><\/p>\n","protected":false},"author":1,"featured_media":0,"parent":1125,"menu_order":20,"comment_status":"open","ping_status":"closed","template":"page-templates\/side-menu.php","meta":{"_bbp_topic_count":0,"_bbp_reply_count":0,"_bbp_total_topic_count":0,"_bbp_total_reply_count":0,"_bbp_voice_count":0,"_bbp_anonymous_reply_count":0,"_bbp_topic_count_hidden":0,"_bbp_reply_count_hidden":0,"_bbp_forum_subforum_count":0,"footnotes":""},"class_list":["post-1304","page","type-page","status-publish","hentry"],"post_mailing_queue_ids":[],"_links":{"self":[{"href":"https:\/\/agora.xtec.cat\/ceipferreries\/wp-json\/wp\/v2\/pages\/1304","targetHints":{"allow":["GET"]}}],"collection":[{"href":"https:\/\/agora.xtec.cat\/ceipferreries\/wp-json\/wp\/v2\/pages"}],"about":[{"href":"https:\/\/agora.xtec.cat\/ceipferreries\/wp-json\/wp\/v2\/types\/page"}],"author":[{"embeddable":true,"href":"https:\/\/agora.xtec.cat\/ceipferreries\/wp-json\/wp\/v2\/users\/1"}],"replies":[{"embeddable":true,"href":"https:\/\/agora.xtec.cat\/ceipferreries\/wp-json\/wp\/v2\/comments?post=1304"}],"version-history":[{"count":4,"href":"https:\/\/agora.xtec.cat\/ceipferreries\/wp-json\/wp\/v2\/pages\/1304\/revisions"}],"predecessor-version":[{"id":3126,"href":"https:\/\/agora.xtec.cat\/ceipferreries\/wp-json\/wp\/v2\/pages\/1304\/revisions\/3126"}],"up":[{"embeddable":true,"href":"https:\/\/agora.xtec.cat\/ceipferreries\/wp-json\/wp\/v2\/pages\/1125"}],"wp:attachment":[{"href":"https:\/\/agora.xtec.cat\/ceipferreries\/wp-json\/wp\/v2\/media?parent=1304"}],"curies":[{"name":"wp","href":"https:\/\/api.w.org\/{rel}","templated":true}]}}