{"id":73,"date":"2014-09-18T14:01:51","date_gmt":"2014-09-18T13:01:51","guid":{"rendered":"http:\/\/agora.xtec.cat\/ceipferrandesagarra\/?page_id=73"},"modified":"2026-04-27T08:47:38","modified_gmt":"2026-04-27T06:47:38","slug":"menjador-escolar","status":"publish","type":"page","link":"https:\/\/agora.xtec.cat\/ceipferrandesagarra\/serveis\/menjador-escolar\/","title":{"rendered":"Menjador escolar"},"content":{"rendered":"<p>A l&#8217;escola disposem de cuina pr\u00f2pia i d\u2019un men\u00fa assequible, desenvolupat per nutricionistes perqu\u00e8 els infants creixin forts i amb salut.<\/p>\n<p>Un cop han dinat en diferents torns, es realitzen diferents activitats d&#8217;entreteniment.<\/p>\n<p><a href=\"https:\/\/agora.xtec.cat\/ceipferrandesagarra\/wp-content\/uploads\/usu2411\/2021\/03\/TRIPTIC-CAT-SCHOOL.pdf\">TRIPTIC-RECREA<\/a><\/p>\n<p>&nbsp;<\/p>\n<p>&nbsp;<\/p>\n<p style=\"text-align: center;\"><strong><a href=\"https:\/\/agora.xtec.cat\/ceipferrandesagarra\/wp-content\/uploads\/usu2411\/2026\/04\/MN-BASAL-Maig-26-ReCrea-FERRAN-DE-SAGARRA-PRIM.pdf\">MEN\u00da MAIG (PRIM\u00c0RIA)<\/a><\/strong><\/p>\n<p style=\"text-align: center;\"><strong><a href=\"https:\/\/agora.xtec.cat\/ceipferrandesagarra\/wp-content\/uploads\/usu2411\/2026\/04\/MN-BASAL-Maig-26-ReCrea-FERRAN-DE-SAGARRA-INF.pdf\">MEN\u00da MAIG<\/a><\/strong><strong><a href=\"https:\/\/agora.xtec.cat\/ceipferrandesagarra\/wp-content\/uploads\/usu2411\/2026\/04\/MN-BASAL-Maig-26-ReCrea-FERRAN-DE-SAGARRA-INF.pdf\"> (INFANTIL)<\/a><\/strong><\/p>\n<p style=\"text-align: center;\"><strong><a href=\"https:\/\/agora.xtec.cat\/ceipferrandesagarra\/wp-content\/uploads\/usu2411\/2026\/03\/MN-BASAL-Abril-26-ReCrea-FERRAN-DE-SAGARRA-INF.pdf\">MEN\u00da ABRIL (INFANTIL)<\/a><\/strong><\/p>\n<p style=\"text-align: center;\"><a href=\"https:\/\/agora.xtec.cat\/ceipferrandesagarra\/wp-content\/uploads\/usu2411\/2026\/03\/MN-BASAL-Abril-26-ReCrea-FERRAN-DE-SAGARRA-PRIM.pdf\"><strong>MEN\u00da ABRIL (PRIM\u00c0RIA)<\/strong><\/a><\/p>\n<p>&nbsp;<\/p>\n<table style=\"border-collapse: collapse; width: 100%;\">\n<tbody>\n<tr>\n<td style=\"width: 50%;\">\n<h3 style=\"text-align: center;\"><span style=\"text-decoration: underline;\"><strong>CONTACTE MENJADOR<\/strong><\/span><\/h3>\n<h4 style=\"text-align: center;\">\u260e 610 427 438<\/h4>\n<h4 style=\"text-align: center;\">\ud83d\udce9 sagarra@recreagastronomia.com<\/h4>\n<\/td>\n<td style=\"width: 50%;\">\n<h3 style=\"text-align: center;\"><span style=\"text-decoration: underline;\"><strong>HORARI D&#8217;ATENCI\u00d3 A LES FAM\u00cdLIES<\/strong><\/span><\/h3>\n<h4 style=\"text-align: center;\"><strong>Altes i baixes de menjador<\/strong><\/h4>\n<h4 style=\"text-align: center;\">De dilluns a divendres 8:30h. a 10:30h. a:<\/h4>\n<h4 style=\"text-align: center;\">\u260e 610 427 438<\/h4>\n<\/td>\n<\/tr>\n<\/tbody>\n<\/table>\n<h3 style=\"text-align: center;\"><a href=\"https:\/\/agora.xtec.cat\/ceipferrandesagarra\/wp-content\/uploads\/usu2411\/2025\/11\/PROTOCOL-ACTUACIONS-MENJADOR-2.docx.pdf\">PROTOCOL D\u2019ACTUACI\u00d3 DAVANT DE FALTES GREUS\/LLEUS AL MENJADOR<\/a><\/h3>\n<p>&nbsp;<\/p>\n<p style=\"text-align: center;\">\n","protected":false},"excerpt":{"rendered":"<p>A l&#8217;escola disposem de cuina pr\u00f2pia i d\u2019un men\u00fa assequible, desenvolupat per nutricionistes perqu\u00e8 els infants creixin forts i amb salut. Un cop han dinat en diferents torns, es realitzen diferents activitats d&#8217;entreteniment. TRIPTIC-RECREA &nbsp; &nbsp; MEN\u00da MAIG (PRIM\u00c0RIA) MEN\u00da MAIG (INFANTIL) MEN\u00da ABRIL (INFANTIL) MEN\u00da ABRIL (PRIM\u00c0RIA) &nbsp; CONTACTE MENJADOR \u260e 610 427 438 [&hellip;]<\/p>\n","protected":false},"author":1,"featured_media":0,"parent":66,"menu_order":1,"comment_status":"closed","ping_status":"closed","template":"","meta":{"_bbp_topic_count":0,"_bbp_reply_count":0,"_bbp_total_topic_count":0,"_bbp_total_reply_count":0,"_bbp_voice_count":0,"_bbp_anonymous_reply_count":0,"_bbp_topic_count_hidden":0,"_bbp_reply_count_hidden":0,"_bbp_forum_subforum_count":0,"site-sidebar-layout":"default","site-content-layout":"","ast-site-content-layout":"default","site-content-style":"default","site-sidebar-style":"default","ast-global-header-display":"","ast-banner-title-visibility":"","ast-main-header-display":"","ast-hfb-above-header-display":"","ast-hfb-below-header-display":"","ast-hfb-mobile-header-display":"","site-post-title":"","ast-breadcrumbs-content":"","ast-featured-img":"","footer-sml-layout":"","theme-transparent-header-meta":"default","adv-header-id-meta":"","stick-header-meta":"","header-above-stick-meta":"","header-main-stick-meta":"","header-below-stick-meta":"","astra-migrate-meta-layouts":"set","ast-page-background-enabled":"default","ast-page-background-meta":{"desktop":{"background-color":"var(--ast-global-color-4)","background-image":"","background-repeat":"repeat","background-position":"center center","background-size":"auto","background-attachment":"scroll","background-type":"","background-media":"","overlay-type":"","overlay-color":"","overlay-opacity":"","overlay-gradient":""},"tablet":{"background-color":"","background-image":"","background-repeat":"repeat","background-position":"center center","background-size":"auto","background-attachment":"scroll","background-type":"","background-media":"","overlay-type":"","overlay-color":"","overlay-opacity":"","overlay-gradient":""},"mobile":{"background-color":"","background-image":"","background-repeat":"repeat","background-position":"center center","background-size":"auto","background-attachment":"scroll","background-type":"","background-media":"","overlay-type":"","overlay-color":"","overlay-opacity":"","overlay-gradient":""}},"ast-content-background-meta":{"desktop":{"background-color":"var(--ast-global-color-5)","background-image":"","background-repeat":"repeat","background-position":"center center","background-size":"auto","background-attachment":"scroll","background-type":"","background-media":"","overlay-type":"","overlay-color":"","overlay-opacity":"","overlay-gradient":""},"tablet":{"background-color":"var(--ast-global-color-5)","background-image":"","background-repeat":"repeat","background-position":"center center","background-size":"auto","background-attachment":"scroll","background-type":"","background-media":"","overlay-type":"","overlay-color":"","overlay-opacity":"","overlay-gradient":""},"mobile":{"background-color":"var(--ast-global-color-5)","background-image":"","background-repeat":"repeat","background-position":"center center","background-size":"auto","background-attachment":"scroll","background-type":"","background-media":"","overlay-type":"","overlay-color":"","overlay-opacity":"","overlay-gradient":""}},"footnotes":""},"class_list":["post-73","page","type-page","status-publish","hentry"],"post_mailing_queue_ids":[],"_links":{"self":[{"href":"https:\/\/agora.xtec.cat\/ceipferrandesagarra\/wp-json\/wp\/v2\/pages\/73","targetHints":{"allow":["GET"]}}],"collection":[{"href":"https:\/\/agora.xtec.cat\/ceipferrandesagarra\/wp-json\/wp\/v2\/pages"}],"about":[{"href":"https:\/\/agora.xtec.cat\/ceipferrandesagarra\/wp-json\/wp\/v2\/types\/page"}],"author":[{"embeddable":true,"href":"https:\/\/agora.xtec.cat\/ceipferrandesagarra\/wp-json\/wp\/v2\/users\/1"}],"replies":[{"embeddable":true,"href":"https:\/\/agora.xtec.cat\/ceipferrandesagarra\/wp-json\/wp\/v2\/comments?post=73"}],"version-history":[{"count":7,"href":"https:\/\/agora.xtec.cat\/ceipferrandesagarra\/wp-json\/wp\/v2\/pages\/73\/revisions"}],"predecessor-version":[{"id":24827,"href":"https:\/\/agora.xtec.cat\/ceipferrandesagarra\/wp-json\/wp\/v2\/pages\/73\/revisions\/24827"}],"up":[{"embeddable":true,"href":"https:\/\/agora.xtec.cat\/ceipferrandesagarra\/wp-json\/wp\/v2\/pages\/66"}],"wp:attachment":[{"href":"https:\/\/agora.xtec.cat\/ceipferrandesagarra\/wp-json\/wp\/v2\/media?parent=73"}],"curies":[{"name":"wp","href":"https:\/\/api.w.org\/{rel}","templated":true}]}}