{"id":73,"date":"2014-09-18T14:01:51","date_gmt":"2014-09-18T13:01:51","guid":{"rendered":"http:\/\/agora.xtec.cat\/ceipfarigolaclot\/?page_id=73"},"modified":"2026-04-10T12:20:55","modified_gmt":"2026-04-10T10:20:55","slug":"menjador-escolar","status":"publish","type":"page","link":"https:\/\/agora.xtec.cat\/ceipfarigolaclot\/serveis\/menjador-escolar\/","title":{"rendered":"Menjador escolar"},"content":{"rendered":"<h3><strong><span style=\"color: #000000;\">Vols venir a dinar a l&#8217;escola?<\/span><\/strong><\/h3>\n<p><span style=\"font-family: verdana, geneva, sans-serif;\">Per iniciativa de l&#8217;escola, teniu la possibilitat de venir a dinar amb el vostre fill o filla. Nom\u00e9s cal que reserveu dia i esperar la nostra confirmaci\u00f3. L&#8217;escola es posar\u00e0 en contacte amb vosaltres per confirmar-vos l&#8217;hora exacta del dinar.<\/span><\/p>\n<p><span style=\"font-family: verdana, geneva, sans-serif;\"><strong>En qu\u00e8 consisteix?<\/strong> Les <\/span><a id=\"vols\"><\/a><span style=\"font-family: verdana, geneva, sans-serif;\">mares o pares poden venir a dinar amb els seus fills o filles una vegada al curs (una vegada amb cada fill o filla en el cas en qu\u00e8 tingueu m\u00e9s d\u2019un). Si alguna fam\u00edlia vol repetir (per exemple, ja va venir un dels progenitors i ara vol venir l\u2019altre) aquest segon \u00e0pat s\u2019haur\u00e0 d\u2019abonar (3,15 \u20ac). Tamb\u00e9 hi ha l\u2019opci\u00f3 de venir els dos progenitors el mateix dia, en aquest cas, tamb\u00e9 s\u2019haur\u00e0 d\u2019abonar pel preu del dinar d\u2019un dels dos (3,15 \u20ac).<\/span><\/p>\n<p><span style=\"font-family: verdana, geneva, sans-serif;\"><strong>Com es pot reservar?<\/strong> Cada dia podrem atendre a les fam\u00edlies de dos infants. Per fer la reserva caldr\u00e0 omplir un formulari i posteriorment rebreu un correu confirmant l\u2019hora a qu\u00e8 heu d\u2019estar al centre.<\/span><\/p>\n<h4 style=\"text-align: center;\"><a href=\"https:\/\/docs.google.com\/forms\/d\/e\/1FAIpQLSc5XbrZRj5O9JYus94BoDwYllwAs_sivgziUAZN40DFCPoZcQ\/viewform\" target=\"_blank\" rel=\"noopener noreferrer\"><span style=\"color: #2908f5;\">RESERVA PER DINAR AMB EL FILL O FILLA<\/span><\/a><\/h4>\n<hr \/>\n<h3><strong><span style=\"color: #000000;\">Men\u00fa del servei <a id=\"menu\"><\/a>de menjador<\/span><\/strong><\/h3>\n<p>\u00a0<\/p>\n\n\n<figure data-wp-context=\"{&quot;imageId&quot;:&quot;69ddf3880d03d&quot;}\" data-wp-interactive=\"core\/image\" class=\"wp-block-image wp-lightbox-container\"><img loading=\"lazy\" decoding=\"async\" width=\"877\" height=\"621\" data-wp-class--hide=\"state.isContentHidden\" data-wp-class--show=\"state.isContentVisible\" data-wp-init=\"callbacks.setButtonStyles\" data-wp-on-async--click=\"actions.showLightbox\" data-wp-on-async--load=\"callbacks.setButtonStyles\" data-wp-on-async-window--resize=\"callbacks.setButtonStyles\" src=\"https:\/\/agora.xtec.cat\/ceipfarigolaclot\/wp-content\/uploads\/usu983\/2026\/03\/menu-menjador.jpg\" alt=\"\" class=\"wp-image-46343\" srcset=\"https:\/\/agora.xtec.cat\/ceipfarigolaclot\/wp-content\/uploads\/usu983\/2026\/03\/menu-menjador.jpg 877w, https:\/\/agora.xtec.cat\/ceipfarigolaclot\/wp-content\/uploads\/usu983\/2026\/03\/menu-menjador-300x212.jpg 300w, https:\/\/agora.xtec.cat\/ceipfarigolaclot\/wp-content\/uploads\/usu983\/2026\/03\/menu-menjador-768x544.jpg 768w\" sizes=\"auto, (max-width: 877px) 100vw, 877px\" \/><button\n\t\t\tclass=\"lightbox-trigger\"\n\t\t\ttype=\"button\"\n\t\t\taria-haspopup=\"dialog\"\n\t\t\taria-label=\"Amplia la imatge\"\n\t\t\tdata-wp-init=\"callbacks.initTriggerButton\"\n\t\t\tdata-wp-on-async--click=\"actions.showLightbox\"\n\t\t\tdata-wp-style--right=\"state.imageButtonRight\"\n\t\t\tdata-wp-style--top=\"state.imageButtonTop\"\n\t\t>\n\t\t\t<svg xmlns=\"http:\/\/www.w3.org\/2000\/svg\" width=\"12\" height=\"12\" fill=\"none\" viewBox=\"0 0 12 12\">\n\t\t\t\t<path fill=\"#fff\" d=\"M2 0a2 2 0 0 0-2 2v2h1.5V2a.5.5 0 0 1 .5-.5h2V0H2Zm2 10.5H2a.5.5 0 0 1-.5-.5V8H0v2a2 2 0 0 0 2 2h2v-1.5ZM8 12v-1.5h2a.5.5 0 0 0 .5-.5V8H12v2a2 2 0 0 1-2 2H8Zm2-12a2 2 0 0 1 2 2v2h-1.5V2a.5.5 0 0 0-.5-.5H8V0h2Z\" \/>\n\t\t\t<\/svg>\n\t\t<\/button><\/figure>\n\n\n\n<figure data-wp-context=\"{&quot;imageId&quot;:&quot;69ddf3880ead3&quot;}\" data-wp-interactive=\"core\/image\" class=\"wp-block-image wp-lightbox-container\"><img loading=\"lazy\" decoding=\"async\" width=\"877\" height=\"621\" data-wp-class--hide=\"state.isContentHidden\" data-wp-class--show=\"state.isContentVisible\" data-wp-init=\"callbacks.setButtonStyles\" data-wp-on-async--click=\"actions.showLightbox\" data-wp-on-async--load=\"callbacks.setButtonStyles\" data-wp-on-async-window--resize=\"callbacks.setButtonStyles\" src=\"https:\/\/agora.xtec.cat\/ceipfarigolaclot\/wp-content\/uploads\/usu983\/2026\/03\/menu-sopar-menjador.jpg\" alt=\"\" class=\"wp-image-46344\" srcset=\"https:\/\/agora.xtec.cat\/ceipfarigolaclot\/wp-content\/uploads\/usu983\/2026\/03\/menu-sopar-menjador.jpg 877w, https:\/\/agora.xtec.cat\/ceipfarigolaclot\/wp-content\/uploads\/usu983\/2026\/03\/menu-sopar-menjador-300x212.jpg 300w, https:\/\/agora.xtec.cat\/ceipfarigolaclot\/wp-content\/uploads\/usu983\/2026\/03\/menu-sopar-menjador-768x544.jpg 768w\" sizes=\"auto, (max-width: 877px) 100vw, 877px\" \/><button\n\t\t\tclass=\"lightbox-trigger\"\n\t\t\ttype=\"button\"\n\t\t\taria-haspopup=\"dialog\"\n\t\t\taria-label=\"Amplia la imatge\"\n\t\t\tdata-wp-init=\"callbacks.initTriggerButton\"\n\t\t\tdata-wp-on-async--click=\"actions.showLightbox\"\n\t\t\tdata-wp-style--right=\"state.imageButtonRight\"\n\t\t\tdata-wp-style--top=\"state.imageButtonTop\"\n\t\t>\n\t\t\t<svg xmlns=\"http:\/\/www.w3.org\/2000\/svg\" width=\"12\" height=\"12\" fill=\"none\" viewBox=\"0 0 12 12\">\n\t\t\t\t<path fill=\"#fff\" d=\"M2 0a2 2 0 0 0-2 2v2h1.5V2a.5.5 0 0 1 .5-.5h2V0H2Zm2 10.5H2a.5.5 0 0 1-.5-.5V8H0v2a2 2 0 0 0 2 2h2v-1.5ZM8 12v-1.5h2a.5.5 0 0 0 .5-.5V8H12v2a2 2 0 0 1-2 2H8Zm2-12a2 2 0 0 1 2 2v2h-1.5V2a.5.5 0 0 0-.5-.5H8V0h2Z\" \/>\n\t\t\t<\/svg>\n\t\t<\/button><\/figure>\n\n\n\n<p><span style=\"font-family: verdana, geneva, sans-serif;\">I aqu\u00ed teniu els men\u00fas del mes amb totes les adaptacions<\/span>:<\/p>\n\n\n\n<p><\/p>\n\n\n\n<div class=\"wp-block-buttons is-horizontal is-content-justification-center is-layout-flex wp-container-core-buttons-is-layout-1 wp-block-buttons-is-layout-flex\">\n<div class=\"wp-block-button\"><a class=\"wp-block-button__link has-white-color has-vivid-green-cyan-background-color has-text-color has-background has-link-color wp-element-button\" href=\"https:\/\/www.lafarigola.cat\/1%20Fitxers%20temporals\/menumensual\/menu.pdf\" target=\"_blank\" rel=\"noreferrer noopener\">Descarrega&#8217;t tots els men\u00fas del mes<\/a><\/div>\n<\/div>\n\n\n\n<hr class=\"wp-block-separator has-alpha-channel-opacity\"\/>\n\n\n\n<h3 class=\"wp-block-heading\"><strong><span style=\"color: #000000;\">Pla de funcionament del menjador escolar<\/span><\/strong><\/h3>\n\n\n\n<h4 class=\"wp-block-heading alignwide has-text-align-center\"><a href=\"https:\/\/drive.google.com\/file\/d\/1XV-ZZuJIuiWBm7WIQqijwoeJCZ_h7krD\/view?usp=sharing\" target=\"_blank\" rel=\"noopener\">Consulta aqu\u00ed el document<\/a><\/h4>\n\n\n\n<hr class=\"wp-block-separator has-alpha-channel-opacity\"\/>\n\n\n\n<h3 class=\"wp-block-heading\"><span style=\"color: #000000;\"><strong>Devoluci\u00f3 de l&#8217;import dels dies d&#8217;abs\u00e8ncia justificada al menjador<\/strong><\/span><\/h3>\n\n\n\n<p><span style=\"font-family: verdana, geneva, sans-serif;\">En cas d&#8217;abs\u00e8ncia per malaltia al servei de menjador, l&#8217;empresa adjudicat\u00e0ria abonar\u00e0 a la fam\u00edlia la part corresponent a l&#8217;alimentaci\u00f3 dels dies que no ha fet \u00fas del servei. Per tenir dret a la devoluci\u00f3 haur\u00e0 d\u2019absentar-se del servei de menjador durant tres dies seguits, com a m\u00ednim. Aquest abonament es far\u00e0 efectiu un cop acabat cada trimestre.<\/span><\/p>\n\n\n\n<p><span style=\"font-family: verdana, geneva, sans-serif;\">D\u2019altra banda, els dies que hi hagi col\u00f2nies escolars, l\u2019empresa adjudicat\u00e0ria tamb\u00e9 tornar\u00e0 a les fam\u00edlies que hi hagin participat, l\u2019import corresponent al preu del dinar dels dies que duri l\u2019activitat.<\/span><\/p>\n\n\n\n<p><span style=\"font-family: verdana, geneva, sans-serif;\">Us informem que la part corresponent al dinar, segons les indicacions del Departament d&#8217;Educaci\u00f3, \u00e9s de 2,30 \u20ac.<\/span><\/p>\n\n\n\n<p><span style=\"font-family: verdana, geneva, sans-serif;\">Per poder accedir a l\u2019abonament s\u2019haur\u00e0 d\u2019informar de l\u2019abs\u00e8ncia abans de les 10:30\u202fh mitjan\u00e7ant el formulari que trobareu en l\u2019enlla\u00e7 (<a href=\"https:\/\/goo.gl\/forms\/ssDZlERWQbZmVYPD2\"><span style=\"color: #2908f5;\">https:\/\/goo.gl\/forms\/ssDZlERWQbZmVYPD2<\/span><\/a>).<\/span><\/p>\n\n\n\n<p><span style=\"font-family: verdana, geneva, sans-serif;\">Nom\u00e9s s\u2019atendran comunicacions per aquest canal abans de les 10.30 h.<\/span><\/p>\n\n\n\n<hr class=\"wp-block-separator has-alpha-channel-opacity\"\/>\n\n\n\n<p><\/p>\n","protected":false},"excerpt":{"rendered":"<p>Vols venir a dinar a l&#8217;escola? Per iniciativa de l&#8217;escola, teniu la possibilitat de venir a dinar amb el vostre [&hellip;]<\/p>\n","protected":false},"author":1,"featured_media":0,"parent":66,"menu_order":30,"comment_status":"closed","ping_status":"closed","template":"","meta":{"_bbp_topic_count":0,"_bbp_reply_count":0,"_bbp_total_topic_count":0,"_bbp_total_reply_count":0,"_bbp_voice_count":0,"_bbp_anonymous_reply_count":0,"_bbp_topic_count_hidden":0,"_bbp_reply_count_hidden":0,"_bbp_forum_subforum_count":0,"site-sidebar-layout":"default","site-content-layout":"","ast-site-content-layout":"default","site-content-style":"default","site-sidebar-style":"default","ast-global-header-display":"","ast-banner-title-visibility":"","ast-main-header-display":"","ast-hfb-above-header-display":"","ast-hfb-below-header-display":"","ast-hfb-mobile-header-display":"","site-post-title":"","ast-breadcrumbs-content":"","ast-featured-img":"","footer-sml-layout":"","theme-transparent-header-meta":"","adv-header-id-meta":"","stick-header-meta":"","header-above-stick-meta":"","header-main-stick-meta":"","header-below-stick-meta":"","astra-migrate-meta-layouts":"set","ast-page-background-enabled":"default","ast-page-background-meta":{"desktop":{"background-color":"var(--ast-global-color-4)","background-image":"","background-repeat":"repeat","background-position":"center center","background-size":"auto","background-attachment":"scroll","background-type":"","background-media":"","overlay-type":"","overlay-color":"","overlay-opacity":"","overlay-gradient":""},"tablet":{"background-color":"","background-image":"","background-repeat":"repeat","background-position":"center center","background-size":"auto","background-attachment":"scroll","background-type":"","background-media":"","overlay-type":"","overlay-color":"","overlay-opacity":"","overlay-gradient":""},"mobile":{"background-color":"","background-image":"","background-repeat":"repeat","background-position":"center center","background-size":"auto","background-attachment":"scroll","background-type":"","background-media":"","overlay-type":"","overlay-color":"","overlay-opacity":"","overlay-gradient":""}},"ast-content-background-meta":{"desktop":{"background-color":"var(--ast-global-color-5)","background-image":"","background-repeat":"repeat","background-position":"center center","background-size":"auto","background-attachment":"scroll","background-type":"","background-media":"","overlay-type":"","overlay-color":"","overlay-opacity":"","overlay-gradient":""},"tablet":{"background-color":"var(--ast-global-color-5)","background-image":"","background-repeat":"repeat","background-position":"center center","background-size":"auto","background-attachment":"scroll","background-type":"","background-media":"","overlay-type":"","overlay-color":"","overlay-opacity":"","overlay-gradient":""},"mobile":{"background-color":"var(--ast-global-color-5)","background-image":"","background-repeat":"repeat","background-position":"center center","background-size":"auto","background-attachment":"scroll","background-type":"","background-media":"","overlay-type":"","overlay-color":"","overlay-opacity":"","overlay-gradient":""}},"footnotes":""},"class_list":["post-73","page","type-page","status-publish","hentry"],"post_mailing_queue_ids":[],"_links":{"self":[{"href":"https:\/\/agora.xtec.cat\/ceipfarigolaclot\/wp-json\/wp\/v2\/pages\/73","targetHints":{"allow":["GET"]}}],"collection":[{"href":"https:\/\/agora.xtec.cat\/ceipfarigolaclot\/wp-json\/wp\/v2\/pages"}],"about":[{"href":"https:\/\/agora.xtec.cat\/ceipfarigolaclot\/wp-json\/wp\/v2\/types\/page"}],"author":[{"embeddable":true,"href":"https:\/\/agora.xtec.cat\/ceipfarigolaclot\/wp-json\/wp\/v2\/users\/1"}],"replies":[{"embeddable":true,"href":"https:\/\/agora.xtec.cat\/ceipfarigolaclot\/wp-json\/wp\/v2\/comments?post=73"}],"version-history":[{"count":6,"href":"https:\/\/agora.xtec.cat\/ceipfarigolaclot\/wp-json\/wp\/v2\/pages\/73\/revisions"}],"predecessor-version":[{"id":46455,"href":"https:\/\/agora.xtec.cat\/ceipfarigolaclot\/wp-json\/wp\/v2\/pages\/73\/revisions\/46455"}],"up":[{"embeddable":true,"href":"https:\/\/agora.xtec.cat\/ceipfarigolaclot\/wp-json\/wp\/v2\/pages\/66"}],"wp:attachment":[{"href":"https:\/\/agora.xtec.cat\/ceipfarigolaclot\/wp-json\/wp\/v2\/media?parent=73"}],"curies":[{"name":"wp","href":"https:\/\/api.w.org\/{rel}","templated":true}]}}