{"id":698,"date":"2016-08-28T12:32:32","date_gmt":"2016-08-28T11:32:32","guid":{"rendered":"http:\/\/agora.xtec.cat\/ceipfarigolaclot\/?page_id=698"},"modified":"2025-04-03T09:39:15","modified_gmt":"2025-04-03T07:39:15","slug":"autoritzacions","status":"publish","type":"page","link":"https:\/\/agora.xtec.cat\/ceipfarigolaclot\/curs-actual\/autoritzacions\/","title":{"rendered":"Autoritzacions"},"content":{"rendered":"\n<p style=\"padding-left: 40px;\"><a href=\"http:\/\/www.lafarigola.cat\/documents%20i%20autoritzacions%20families_archivos\/Autoritzacio%20medicaments.pdf\" target=\"_blank\" rel=\"nofollow noopener noreferrer\">Autoritzaci\u00f3 per subministrar medicaments<\/a><\/p>\n<p style=\"padding-left: 40px;\"><a href=\"http:\/\/www.lafarigola.cat\/documents%20i%20autoritzacions%20families_archivos\/Autoritzacio%20medicaments%20cr%C3%B2nics.pdf\" target=\"_blank\" rel=\"nofollow noopener noreferrer\">Autoritzaci\u00f3 per subministrar medicaments en el cas de malalties cr\u00f2niques<\/a><\/p>\n<p style=\"padding-left: 40px;\"><a href=\"http:\/\/www.lafarigola.cat\/documents%20i%20autoritzacions%20families_archivos\/Canvi%20de%20dades.pdf\" target=\"_blank\" rel=\"nofollow noopener noreferrer\">Full per comunicar canvi de dades<\/a><\/p>\n<p style=\"padding-left: 40px;\"><a href=\"http:\/\/www.lafarigola.cat\/documents%20i%20autoritzacions%20families_archivos\/Autoritzaci%C3%B3%20adreces%20electr%C3%B2niques.pdf\" target=\"_blank\" rel=\"nofollow noopener noreferrer\">Autoritzaci\u00f3 per rebre informaci\u00f3 per correu electr\u00f2nic<\/a><\/p>\n<p style=\"padding-left: 40px;\"><a href=\"http:\/\/www.lafarigola.cat\/documents%20i%20autoritzacions%20families_archivos\/Autoritzacio%20per%20sortir%20sols%20%28C%20Superior%29.pdf\" target=\"_blank\" rel=\"noopener noreferrer\">Autoritzaci\u00f3 per sortir sol en acabar l&#8217;horari lectiu de mat\u00ed i\/o tarda (nom\u00e9s cicle superior)<\/a><\/p>\n<p>\u00a0 \u00a0 \u00a0 \u00a0 \u00a0 \u00a0<a href=\"https:\/\/www.lafarigola.cat\/documents%20i%20autoritzacions%20families_archivos\/Autoritzaci%C3%B3%20per%20sortir%20acompanyats.pdf\" target=\"_blank\" rel=\"noopener\">Autoritzaci\u00f3 a altres persones per a la recollida d&#8217;infants<\/a><\/p>\n<p style=\"padding-left: 40px;\"><a href=\"http:\/\/www.lafarigola.cat\/documents%20i%20autoritzacions%20families_archivos\/Servei%20de%20Menjador.pdf\" target=\"_blank\" rel=\"noopener noreferrer\">Inscripci\u00f3 al servei de menjador<\/a><\/p>\n<p style=\"padding-left: 40px;\"><a href=\"http:\/\/www.lafarigola.cat\/documents%20i%20autoritzacions%20families_archivos\/Ordre%20SEPA.pdf\" target=\"_blank\" rel=\"noopener noreferrer\">Ordre SEPA\u00a0<\/a><\/p>\n","protected":false},"excerpt":{"rendered":"<p>Autoritzaci\u00f3 per subministrar medicaments Autoritzaci\u00f3 per subministrar medicaments en el cas de malalties cr\u00f2niques Full per comunicar canvi de dades [&hellip;]<\/p>\n","protected":false},"author":1,"featured_media":0,"parent":461,"menu_order":80,"comment_status":"closed","ping_status":"closed","template":"","meta":{"_bbp_topic_count":0,"_bbp_reply_count":0,"_bbp_total_topic_count":0,"_bbp_total_reply_count":0,"_bbp_voice_count":0,"_bbp_anonymous_reply_count":0,"_bbp_topic_count_hidden":0,"_bbp_reply_count_hidden":0,"_bbp_forum_subforum_count":0,"site-sidebar-layout":"default","site-content-layout":"","ast-site-content-layout":"default","site-content-style":"default","site-sidebar-style":"default","ast-global-header-display":"","ast-banner-title-visibility":"","ast-main-header-display":"","ast-hfb-above-header-display":"","ast-hfb-below-header-display":"","ast-hfb-mobile-header-display":"","site-post-title":"","ast-breadcrumbs-content":"","ast-featured-img":"","footer-sml-layout":"","theme-transparent-header-meta":"","adv-header-id-meta":"","stick-header-meta":"","header-above-stick-meta":"","header-main-stick-meta":"","header-below-stick-meta":"","astra-migrate-meta-layouts":"set","ast-page-background-enabled":"default","ast-page-background-meta":{"desktop":{"background-color":"var(--ast-global-color-4)","background-image":"","background-repeat":"repeat","background-position":"center center","background-size":"auto","background-attachment":"scroll","background-type":"","background-media":"","overlay-type":"","overlay-color":"","overlay-opacity":"","overlay-gradient":""},"tablet":{"background-color":"","background-image":"","background-repeat":"repeat","background-position":"center center","background-size":"auto","background-attachment":"scroll","background-type":"","background-media":"","overlay-type":"","overlay-color":"","overlay-opacity":"","overlay-gradient":""},"mobile":{"background-color":"","background-image":"","background-repeat":"repeat","background-position":"center center","background-size":"auto","background-attachment":"scroll","background-type":"","background-media":"","overlay-type":"","overlay-color":"","overlay-opacity":"","overlay-gradient":""}},"ast-content-background-meta":{"desktop":{"background-color":"var(--ast-global-color-5)","background-image":"","background-repeat":"repeat","background-position":"center center","background-size":"auto","background-attachment":"scroll","background-type":"","background-media":"","overlay-type":"","overlay-color":"","overlay-opacity":"","overlay-gradient":""},"tablet":{"background-color":"var(--ast-global-color-5)","background-image":"","background-repeat":"repeat","background-position":"center center","background-size":"auto","background-attachment":"scroll","background-type":"","background-media":"","overlay-type":"","overlay-color":"","overlay-opacity":"","overlay-gradient":""},"mobile":{"background-color":"var(--ast-global-color-5)","background-image":"","background-repeat":"repeat","background-position":"center center","background-size":"auto","background-attachment":"scroll","background-type":"","background-media":"","overlay-type":"","overlay-color":"","overlay-opacity":"","overlay-gradient":""}},"footnotes":""},"class_list":["post-698","page","type-page","status-publish","hentry"],"post_mailing_queue_ids":[],"_links":{"self":[{"href":"https:\/\/agora.xtec.cat\/ceipfarigolaclot\/wp-json\/wp\/v2\/pages\/698","targetHints":{"allow":["GET"]}}],"collection":[{"href":"https:\/\/agora.xtec.cat\/ceipfarigolaclot\/wp-json\/wp\/v2\/pages"}],"about":[{"href":"https:\/\/agora.xtec.cat\/ceipfarigolaclot\/wp-json\/wp\/v2\/types\/page"}],"author":[{"embeddable":true,"href":"https:\/\/agora.xtec.cat\/ceipfarigolaclot\/wp-json\/wp\/v2\/users\/1"}],"replies":[{"embeddable":true,"href":"https:\/\/agora.xtec.cat\/ceipfarigolaclot\/wp-json\/wp\/v2\/comments?post=698"}],"version-history":[{"count":6,"href":"https:\/\/agora.xtec.cat\/ceipfarigolaclot\/wp-json\/wp\/v2\/pages\/698\/revisions"}],"predecessor-version":[{"id":42681,"href":"https:\/\/agora.xtec.cat\/ceipfarigolaclot\/wp-json\/wp\/v2\/pages\/698\/revisions\/42681"}],"up":[{"embeddable":true,"href":"https:\/\/agora.xtec.cat\/ceipfarigolaclot\/wp-json\/wp\/v2\/pages\/461"}],"wp:attachment":[{"href":"https:\/\/agora.xtec.cat\/ceipfarigolaclot\/wp-json\/wp\/v2\/media?parent=698"}],"curies":[{"name":"wp","href":"https:\/\/api.w.org\/{rel}","templated":true}]}}