{"id":674,"date":"2016-08-28T11:50:38","date_gmt":"2016-08-28T10:50:38","guid":{"rendered":"http:\/\/agora.xtec.cat\/ceipfarigolaclot\/?page_id=674"},"modified":"2025-03-01T19:19:12","modified_gmt":"2025-03-01T18:19:12","slug":"escola-daprenentatge-i-servei","status":"publish","type":"page","link":"https:\/\/agora.xtec.cat\/ceipfarigolaclot\/lescola\/els-nostres-trets\/escola-daprenentatge-i-servei\/","title":{"rendered":"Escola d&#8217;aprenentatge i servei"},"content":{"rendered":"<p>Tot i la pluralitat d&#8217;experi\u00e8ncies d&#8217;APS, amb accents i sensibilitats diferents, hi ha un cert grau d&#8217;unanimitat en definir-lo com una activitat complexa que integra el servei a la comunitat amb l&#8217;aprenentatge de continguts, compet\u00e8ncies, habilitats o valors. En l&#8217;APS es fonen <strong>intencionalitat pedag\u00f2gica i intencionalitat solid\u00e0ria<\/strong>. \u00c9s una proposta innovadora que parteix d&#8217;elements tan coneguts com el servei voluntari a la comunitat i l&#8217;adquisici\u00f3 d&#8217;aprenentatges.<a href=\"http:\/\/agora.xtec.cat\/ceipfarigolaclot\/wp-content\/uploads\/usu983\/2016\/08\/PM1_aps_logo_300px.jpg\"><img loading=\"lazy\" decoding=\"async\" class=\" wp-image-677 alignright\" src=\"http:\/\/agora.xtec.cat\/ceipfarigolaclot\/wp-content\/uploads\/usu983\/2016\/08\/PM1_aps_logo_300px.jpg\" alt=\"PM1_aps_logo_300px\" width=\"179\" height=\"179\" srcset=\"https:\/\/agora.xtec.cat\/ceipfarigolaclot\/wp-content\/uploads\/usu983\/2016\/08\/PM1_aps_logo_300px.jpg 220w, https:\/\/agora.xtec.cat\/ceipfarigolaclot\/wp-content\/uploads\/usu983\/2016\/08\/PM1_aps_logo_300px-150x150.jpg 150w\" sizes=\"auto, (max-width: 179px) 100vw, 179px\" \/><\/a><\/p>\n<blockquote><p><span style=\"color: #000000;\"><em>L&#8217;aprenentatge servei \u00e9s una proposta educativa que combina processos d&#8217;aprenentatge i de servei a la comunitat en un sol projecte ben articulat en el qual els participants es formen tot treballant sobre necessitats reals de l&#8217;entorn amb l&#8217;objectiu de millorar-lo.<\/em><\/span><\/p><\/blockquote>\n<p>L&#8217;aprenentatge servei \u00e9s, doncs, <strong>un projecte educatiu amb utilitat social.<\/strong><\/p>\n<p>La relaci\u00f3 circular que s&#8217;estableix entre l&#8217;aprenentatge i el servei genera una nova realitat que intensifica els efectes de cada un per separat. <strong>L&#8217;aprenentatge millora el servei a la comunitat<\/strong>, perqu\u00e8 aquest guanya en qualitat, i <strong>el servei d\u00f3na sentit a l&#8217;aprenentatge,<\/strong> perqu\u00e8 all\u00f2 que s&#8217;apr\u00e8n es pot transferir a la realitat en forma d&#8217;acci\u00f3.<\/p>\n<p>En el nostres centre l&#8217;alumnat gaudeix de la realitzaci\u00f3 d&#8217;un projecte d&#8217;Aprenentatge i servei a cada cicle.<\/p>\n<ul>\n<li>Educaci\u00f3 Infantil: hort escolar<\/li>\n<li>Cicle Inicial: recapte d&#8217;aliments col\u00b7laborant amb el Banc dels aliments de Barcelona<\/li>\n<li>Cicle Mitj\u00e0: banc de sang amb el suport de Banc de sang i teixits<\/li>\n<li>Cicle Superior: padrinatge de lectura amb l&#8217;alumnat de cicle inicial de la nostra escola<\/li>\n<\/ul>\n<pre style=\"text-align: right;\"><em>\u00a9\u00a0http:\/\/www.aprenentatgeservei.org\/<\/em><\/pre>\n","protected":false},"excerpt":{"rendered":"<p>Tot i la pluralitat d&#8217;experi\u00e8ncies d&#8217;APS, amb accents i sensibilitats diferents, hi ha un cert grau d&#8217;unanimitat en definir-lo com [&hellip;]<\/p>\n","protected":false},"author":1,"featured_media":0,"parent":32673,"menu_order":20,"comment_status":"closed","ping_status":"closed","template":"","meta":{"_bbp_topic_count":0,"_bbp_reply_count":0,"_bbp_total_topic_count":0,"_bbp_total_reply_count":0,"_bbp_voice_count":0,"_bbp_anonymous_reply_count":0,"_bbp_topic_count_hidden":0,"_bbp_reply_count_hidden":0,"_bbp_forum_subforum_count":0,"site-sidebar-layout":"left-sidebar","site-content-layout":"","ast-site-content-layout":"default","site-content-style":"default","site-sidebar-style":"default","ast-global-header-display":"","ast-banner-title-visibility":"","ast-main-header-display":"","ast-hfb-above-header-display":"","ast-hfb-below-header-display":"","ast-hfb-mobile-header-display":"","site-post-title":"","ast-breadcrumbs-content":"","ast-featured-img":"","footer-sml-layout":"","theme-transparent-header-meta":"","adv-header-id-meta":"","stick-header-meta":"","header-above-stick-meta":"","header-main-stick-meta":"","header-below-stick-meta":"","astra-migrate-meta-layouts":"set","ast-page-background-enabled":"default","ast-page-background-meta":{"desktop":{"background-color":"var(--ast-global-color-4)","background-image":"","background-repeat":"repeat","background-position":"center center","background-size":"auto","background-attachment":"scroll","background-type":"","background-media":"","overlay-type":"","overlay-color":"","overlay-opacity":"","overlay-gradient":""},"tablet":{"background-color":"","background-image":"","background-repeat":"repeat","background-position":"center center","background-size":"auto","background-attachment":"scroll","background-type":"","background-media":"","overlay-type":"","overlay-color":"","overlay-opacity":"","overlay-gradient":""},"mobile":{"background-color":"","background-image":"","background-repeat":"repeat","background-position":"center center","background-size":"auto","background-attachment":"scroll","background-type":"","background-media":"","overlay-type":"","overlay-color":"","overlay-opacity":"","overlay-gradient":""}},"ast-content-background-meta":{"desktop":{"background-color":"var(--ast-global-color-5)","background-image":"","background-repeat":"repeat","background-position":"center center","background-size":"auto","background-attachment":"scroll","background-type":"","background-media":"","overlay-type":"","overlay-color":"","overlay-opacity":"","overlay-gradient":""},"tablet":{"background-color":"var(--ast-global-color-5)","background-image":"","background-repeat":"repeat","background-position":"center center","background-size":"auto","background-attachment":"scroll","background-type":"","background-media":"","overlay-type":"","overlay-color":"","overlay-opacity":"","overlay-gradient":""},"mobile":{"background-color":"var(--ast-global-color-5)","background-image":"","background-repeat":"repeat","background-position":"center center","background-size":"auto","background-attachment":"scroll","background-type":"","background-media":"","overlay-type":"","overlay-color":"","overlay-opacity":"","overlay-gradient":""}},"footnotes":""},"class_list":["post-674","page","type-page","status-publish","hentry"],"post_mailing_queue_ids":[],"_links":{"self":[{"href":"https:\/\/agora.xtec.cat\/ceipfarigolaclot\/wp-json\/wp\/v2\/pages\/674","targetHints":{"allow":["GET"]}}],"collection":[{"href":"https:\/\/agora.xtec.cat\/ceipfarigolaclot\/wp-json\/wp\/v2\/pages"}],"about":[{"href":"https:\/\/agora.xtec.cat\/ceipfarigolaclot\/wp-json\/wp\/v2\/types\/page"}],"author":[{"embeddable":true,"href":"https:\/\/agora.xtec.cat\/ceipfarigolaclot\/wp-json\/wp\/v2\/users\/1"}],"replies":[{"embeddable":true,"href":"https:\/\/agora.xtec.cat\/ceipfarigolaclot\/wp-json\/wp\/v2\/comments?post=674"}],"version-history":[{"count":4,"href":"https:\/\/agora.xtec.cat\/ceipfarigolaclot\/wp-json\/wp\/v2\/pages\/674\/revisions"}],"predecessor-version":[{"id":42093,"href":"https:\/\/agora.xtec.cat\/ceipfarigolaclot\/wp-json\/wp\/v2\/pages\/674\/revisions\/42093"}],"up":[{"embeddable":true,"href":"https:\/\/agora.xtec.cat\/ceipfarigolaclot\/wp-json\/wp\/v2\/pages\/32673"}],"wp:attachment":[{"href":"https:\/\/agora.xtec.cat\/ceipfarigolaclot\/wp-json\/wp\/v2\/media?parent=674"}],"curies":[{"name":"wp","href":"https:\/\/api.w.org\/{rel}","templated":true}]}}