{"id":671,"date":"2016-08-28T11:46:34","date_gmt":"2016-08-28T10:46:34","guid":{"rendered":"http:\/\/agora.xtec.cat\/ceipfarigolaclot\/?page_id=671"},"modified":"2022-11-16T18:00:16","modified_gmt":"2022-11-16T17:00:16","slug":"escola-verda","status":"publish","type":"page","link":"https:\/\/agora.xtec.cat\/ceipfarigolaclot\/lescola\/els-nostres-trets\/escola-verda\/","title":{"rendered":"Escola sostenible"},"content":{"rendered":"<p>Participem en el programa Escoles + sostenibles de l&#8217;Ajuntament de Barcelona.<\/p>\n<p class=\"rtejustify\">La\u00a0<strong>MISSI\u00d3<\/strong>\u00a0del programa \u00e9s\u00a0<strong>acompanyar\u00a0<\/strong>els equips dels centres educatius a incorporar criteris de sostenibilitat en tots els \u00e0mbits de la seva tasca educativa, amb un enfocament integral. A<\/p>\n<p><strong>Formem persones conscients d\u2019elles mateixes, del seu entorn i dels l\u00edmits planetaris<\/strong>, i que se senten responsables de cercar camins per a un desenvolupament ecol\u00f2gicament viable, socialment equitatiu i econ\u00f2micament efica\u00e7 per distribuir riquesa. S\u00f3n persones actives i creatives, h\u00e0bils per clarificar valors i interessos, imaginar alternatives, negociar solucions i participar en la seva implementaci\u00f3.<\/p>\n<p>Pensem que l&#8217;escola \u00e9s una petita societat i, per tant, volem que en ella els nostres infants i joves adquireixin un conjunt de<strong> valors<\/strong> que, ja des d&#8217;ara, ajudin a construir una ciutat que satisfaci les necessitats presents sense comprometre les necessitats de les generacions futures.<\/p>\n<p>&nbsp;<\/p>\n<p>&nbsp;<\/p>\n<p><img loading=\"lazy\" decoding=\"async\" class=\"alignleft size-full wp-image-32738\" src=\"https:\/\/agora.xtec.cat\/ceipfarigolaclot\/wp-content\/uploads\/usu983\/2022\/11\/DECALEG-DE-BONES-PRACTIQUES-PER-LA-SOSTENIBILITAT-1024x724-3.jpg\" alt=\"\" width=\"907\" height=\"661\" srcset=\"https:\/\/agora.xtec.cat\/ceipfarigolaclot\/wp-content\/uploads\/usu983\/2022\/11\/DECALEG-DE-BONES-PRACTIQUES-PER-LA-SOSTENIBILITAT-1024x724-3.jpg 907w, https:\/\/agora.xtec.cat\/ceipfarigolaclot\/wp-content\/uploads\/usu983\/2022\/11\/DECALEG-DE-BONES-PRACTIQUES-PER-LA-SOSTENIBILITAT-1024x724-3-300x219.jpg 300w, https:\/\/agora.xtec.cat\/ceipfarigolaclot\/wp-content\/uploads\/usu983\/2022\/11\/DECALEG-DE-BONES-PRACTIQUES-PER-LA-SOSTENIBILITAT-1024x724-3-768x560.jpg 768w\" sizes=\"auto, (max-width: 907px) 100vw, 907px\" \/><\/p>\n<p>&nbsp;<\/p>\n","protected":false},"excerpt":{"rendered":"<p>Participem en el programa Escoles + sostenibles de l&#8217;Ajuntament de Barcelona. La\u00a0MISSI\u00d3\u00a0del programa \u00e9s\u00a0acompanyar\u00a0els equips dels centres educatius a incorporar [&hellip;]<\/p>\n","protected":false},"author":1,"featured_media":0,"parent":32673,"menu_order":60,"comment_status":"closed","ping_status":"closed","template":"page-templates\/side-menu.php","meta":{"_bbp_topic_count":0,"_bbp_reply_count":0,"_bbp_total_topic_count":0,"_bbp_total_reply_count":0,"_bbp_voice_count":0,"_bbp_anonymous_reply_count":0,"_bbp_topic_count_hidden":0,"_bbp_reply_count_hidden":0,"_bbp_forum_subforum_count":0,"site-sidebar-layout":"default","site-content-layout":"","ast-site-content-layout":"","site-content-style":"default","site-sidebar-style":"default","ast-global-header-display":"","ast-banner-title-visibility":"","ast-main-header-display":"","ast-hfb-above-header-display":"","ast-hfb-below-header-display":"","ast-hfb-mobile-header-display":"","site-post-title":"","ast-breadcrumbs-content":"","ast-featured-img":"","footer-sml-layout":"","theme-transparent-header-meta":"","adv-header-id-meta":"","stick-header-meta":"","header-above-stick-meta":"","header-main-stick-meta":"","header-below-stick-meta":"","astra-migrate-meta-layouts":"default","ast-page-background-enabled":"default","ast-page-background-meta":{"desktop":{"background-color":"var(--ast-global-color-4)","background-image":"","background-repeat":"repeat","background-position":"center center","background-size":"auto","background-attachment":"scroll","background-type":"","background-media":"","overlay-type":"","overlay-color":"","overlay-opacity":"","overlay-gradient":""},"tablet":{"background-color":"","background-image":"","background-repeat":"repeat","background-position":"center center","background-size":"auto","background-attachment":"scroll","background-type":"","background-media":"","overlay-type":"","overlay-color":"","overlay-opacity":"","overlay-gradient":""},"mobile":{"background-color":"","background-image":"","background-repeat":"repeat","background-position":"center center","background-size":"auto","background-attachment":"scroll","background-type":"","background-media":"","overlay-type":"","overlay-color":"","overlay-opacity":"","overlay-gradient":""}},"ast-content-background-meta":{"desktop":{"background-color":"var(--ast-global-color-5)","background-image":"","background-repeat":"repeat","background-position":"center center","background-size":"auto","background-attachment":"scroll","background-type":"","background-media":"","overlay-type":"","overlay-color":"","overlay-opacity":"","overlay-gradient":""},"tablet":{"background-color":"var(--ast-global-color-5)","background-image":"","background-repeat":"repeat","background-position":"center center","background-size":"auto","background-attachment":"scroll","background-type":"","background-media":"","overlay-type":"","overlay-color":"","overlay-opacity":"","overlay-gradient":""},"mobile":{"background-color":"var(--ast-global-color-5)","background-image":"","background-repeat":"repeat","background-position":"center center","background-size":"auto","background-attachment":"scroll","background-type":"","background-media":"","overlay-type":"","overlay-color":"","overlay-opacity":"","overlay-gradient":""}},"footnotes":""},"class_list":["post-671","page","type-page","status-publish","hentry"],"post_mailing_queue_ids":[],"_links":{"self":[{"href":"https:\/\/agora.xtec.cat\/ceipfarigolaclot\/wp-json\/wp\/v2\/pages\/671","targetHints":{"allow":["GET"]}}],"collection":[{"href":"https:\/\/agora.xtec.cat\/ceipfarigolaclot\/wp-json\/wp\/v2\/pages"}],"about":[{"href":"https:\/\/agora.xtec.cat\/ceipfarigolaclot\/wp-json\/wp\/v2\/types\/page"}],"author":[{"embeddable":true,"href":"https:\/\/agora.xtec.cat\/ceipfarigolaclot\/wp-json\/wp\/v2\/users\/1"}],"replies":[{"embeddable":true,"href":"https:\/\/agora.xtec.cat\/ceipfarigolaclot\/wp-json\/wp\/v2\/comments?post=671"}],"version-history":[{"count":3,"href":"https:\/\/agora.xtec.cat\/ceipfarigolaclot\/wp-json\/wp\/v2\/pages\/671\/revisions"}],"predecessor-version":[{"id":32739,"href":"https:\/\/agora.xtec.cat\/ceipfarigolaclot\/wp-json\/wp\/v2\/pages\/671\/revisions\/32739"}],"up":[{"embeddable":true,"href":"https:\/\/agora.xtec.cat\/ceipfarigolaclot\/wp-json\/wp\/v2\/pages\/32673"}],"wp:attachment":[{"href":"https:\/\/agora.xtec.cat\/ceipfarigolaclot\/wp-json\/wp\/v2\/media?parent=671"}],"curies":[{"name":"wp","href":"https:\/\/api.w.org\/{rel}","templated":true}]}}