{"id":661,"date":"2016-08-28T11:36:42","date_gmt":"2016-08-28T10:36:42","guid":{"rendered":"http:\/\/agora.xtec.cat\/ceipfarigolaclot\/?page_id=661"},"modified":"2022-11-15T19:19:42","modified_gmt":"2022-11-15T18:19:42","slug":"escola-tecnologica","status":"publish","type":"page","link":"https:\/\/agora.xtec.cat\/ceipfarigolaclot\/lescola\/els-nostres-trets\/escola-tecnologica\/","title":{"rendered":"Escola tecnol\u00f2gica"},"content":{"rendered":"<h5><span style=\"text-decoration: underline;\"><strong><span style=\"color: #008000; text-decoration: underline;\">Pla de Tecnologies per a l&#8217;Aprenentatge i el Coneixement<\/span><\/strong><\/span><\/h5>\n<p><span style=\"color: #000000;\">El Pla TAC (Pla de Tecnologies per a l&#8217;Aprenentatge i el Coneixement) \u00e9s un document consensuat per unanimitat pel claustre de professors i referendat pel consell escolar en qu\u00e8 es recullen les caracter\u00edstiques actuals del centre en relaci\u00f3 a les TAC,\u00a0 es defineixen\u00a0\u00a0els objectius i es planifiquen les actuacions que es duran a terme pel que fa als aspectes organitzatius, did\u00e0cticopedag\u00f2gics i curriculars.<\/span><a href=\"http:\/\/agora.xtec.cat\/ceipfarigolaclot\/wp-content\/uploads\/usu983\/2016\/04\/esquema-Pla-Tac.png\"><img loading=\"lazy\" decoding=\"async\" class=\"size-full wp-image-645 aligncenter\" src=\"http:\/\/agora.xtec.cat\/ceipfarigolaclot\/wp-content\/uploads\/usu983\/2016\/04\/esquema-Pla-Tac.png\" alt=\"esquema Pla Tac\" width=\"528\" height=\"448\" srcset=\"https:\/\/agora.xtec.cat\/ceipfarigolaclot\/wp-content\/uploads\/usu983\/2016\/04\/esquema-Pla-Tac.png 528w, https:\/\/agora.xtec.cat\/ceipfarigolaclot\/wp-content\/uploads\/usu983\/2016\/04\/esquema-Pla-Tac-300x255.png 300w\" sizes=\"auto, (max-width: 528px) 100vw, 528px\" \/><\/a><\/p>\n<pre style=\"text-align: right;\"><span style=\"color: #000000;\"><em>\u00a9 Generalitat de Catalunya<\/em><\/span><\/pre>\n<p>&nbsp;<\/p>\n<p><span style=\"color: #000000;\">L\u2019objectiu principal del <strong>Pla TAC<\/strong> \u00e9s assegurar la compet\u00e8ncia digital de l\u2019alumnat, la integraci\u00f3 curricular, la inclusi\u00f3 digital i la innovaci\u00f3 metodol\u00f2gica. Es tracta d\u2019organitzar, amb criteris pedag\u00f2gics, els continguts, les actuacions i els recursos digitals que fem servir a l\u2019escola. Hem de treballar perqu\u00e8 l\u2019alumnat aprengui amb la tecnologia i aprengui sobre la tecnologia.<\/span><\/p>\n<p><a href=\"http:\/\/agora.xtec.cat\/ceipfarigolaclot\/wp-content\/uploads\/usu983\/2016\/08\/Faridrac-ordinador.jpg\"><img loading=\"lazy\" decoding=\"async\" class=\"aligncenter wp-image-681\" src=\"http:\/\/agora.xtec.cat\/ceipfarigolaclot\/wp-content\/uploads\/usu983\/2016\/08\/Faridrac-ordinador-1024x976.jpg\" alt=\"Faridrac ordinador\" width=\"230\" height=\"219\" srcset=\"https:\/\/agora.xtec.cat\/ceipfarigolaclot\/wp-content\/uploads\/usu983\/2016\/08\/Faridrac-ordinador-1024x976.jpg 1024w, https:\/\/agora.xtec.cat\/ceipfarigolaclot\/wp-content\/uploads\/usu983\/2016\/08\/Faridrac-ordinador-300x286.jpg 300w, https:\/\/agora.xtec.cat\/ceipfarigolaclot\/wp-content\/uploads\/usu983\/2016\/08\/Faridrac-ordinador-768x732.jpg 768w, https:\/\/agora.xtec.cat\/ceipfarigolaclot\/wp-content\/uploads\/usu983\/2016\/08\/Faridrac-ordinador.jpg 1884w\" sizes=\"auto, (max-width: 230px) 100vw, 230px\" \/><\/a><\/p>\n<h5><span style=\"color: #008000;\"><strong><u>Objectius del nostre Pla TAC<\/u><\/strong><\/span><\/h5>\n<ol>\n<li><span style=\"color: #000000;\">Millorar la compet\u00e8ncia digital de l\u2019alumnat. Programar i integrar les TAC en l&#8217;ensenyament aprenentatge.<\/span><\/li>\n<li><span style=\"color: #000000;\">Garantir la inclusi\u00f3 digital de tot l\u2019alumnat.<\/span><\/li>\n<li><span style=\"color: #000000;\">Actualitzar les metodologies que es fan servir a l\u2019aula.<\/span><\/li>\n<li><span style=\"color: #000000;\">Explicar qu\u00e8 s\u00f3n les TAC.<\/span><\/li>\n<li><span style=\"color: #000000;\">Afavorir la formaci\u00f3 de tot el personal en l\u2019\u00e0mbit de les TIC i les TAC.<\/span><\/li>\n<li><span style=\"color: #000000;\">Fer servir formats digitalitzats en la gesti\u00f3 del centre: acad\u00e8mica, administrativa, econ\u00f2mica, etc.<\/span><\/li>\n<li><span style=\"color: #000000;\">Implicar les fam\u00edlies en l\u2019\u00fas de les TAC.<\/span><\/li>\n<li><span style=\"color: #000000;\">Mantenir l\u2019inventari del maquinari i programar futures inversions.<\/span><\/li>\n<\/ol>\n","protected":false},"excerpt":{"rendered":"<p>Pla de Tecnologies per a l&#8217;Aprenentatge i el Coneixement El Pla TAC (Pla de Tecnologies per a l&#8217;Aprenentatge i el [&hellip;]<\/p>\n","protected":false},"author":1,"featured_media":0,"parent":32673,"menu_order":30,"comment_status":"closed","ping_status":"closed","template":"page-templates\/side-menu.php","meta":{"_bbp_topic_count":0,"_bbp_reply_count":0,"_bbp_total_topic_count":0,"_bbp_total_reply_count":0,"_bbp_voice_count":0,"_bbp_anonymous_reply_count":0,"_bbp_topic_count_hidden":0,"_bbp_reply_count_hidden":0,"_bbp_forum_subforum_count":0,"site-sidebar-layout":"default","site-content-layout":"","ast-site-content-layout":"","site-content-style":"default","site-sidebar-style":"default","ast-global-header-display":"","ast-banner-title-visibility":"","ast-main-header-display":"","ast-hfb-above-header-display":"","ast-hfb-below-header-display":"","ast-hfb-mobile-header-display":"","site-post-title":"","ast-breadcrumbs-content":"","ast-featured-img":"","footer-sml-layout":"","theme-transparent-header-meta":"","adv-header-id-meta":"","stick-header-meta":"","header-above-stick-meta":"","header-main-stick-meta":"","header-below-stick-meta":"","astra-migrate-meta-layouts":"default","ast-page-background-enabled":"default","ast-page-background-meta":{"desktop":{"background-color":"var(--ast-global-color-4)","background-image":"","background-repeat":"repeat","background-position":"center center","background-size":"auto","background-attachment":"scroll","background-type":"","background-media":"","overlay-type":"","overlay-color":"","overlay-opacity":"","overlay-gradient":""},"tablet":{"background-color":"","background-image":"","background-repeat":"repeat","background-position":"center center","background-size":"auto","background-attachment":"scroll","background-type":"","background-media":"","overlay-type":"","overlay-color":"","overlay-opacity":"","overlay-gradient":""},"mobile":{"background-color":"","background-image":"","background-repeat":"repeat","background-position":"center center","background-size":"auto","background-attachment":"scroll","background-type":"","background-media":"","overlay-type":"","overlay-color":"","overlay-opacity":"","overlay-gradient":""}},"ast-content-background-meta":{"desktop":{"background-color":"var(--ast-global-color-5)","background-image":"","background-repeat":"repeat","background-position":"center center","background-size":"auto","background-attachment":"scroll","background-type":"","background-media":"","overlay-type":"","overlay-color":"","overlay-opacity":"","overlay-gradient":""},"tablet":{"background-color":"var(--ast-global-color-5)","background-image":"","background-repeat":"repeat","background-position":"center center","background-size":"auto","background-attachment":"scroll","background-type":"","background-media":"","overlay-type":"","overlay-color":"","overlay-opacity":"","overlay-gradient":""},"mobile":{"background-color":"var(--ast-global-color-5)","background-image":"","background-repeat":"repeat","background-position":"center center","background-size":"auto","background-attachment":"scroll","background-type":"","background-media":"","overlay-type":"","overlay-color":"","overlay-opacity":"","overlay-gradient":""}},"footnotes":""},"class_list":["post-661","page","type-page","status-publish","hentry"],"post_mailing_queue_ids":[],"_links":{"self":[{"href":"https:\/\/agora.xtec.cat\/ceipfarigolaclot\/wp-json\/wp\/v2\/pages\/661","targetHints":{"allow":["GET"]}}],"collection":[{"href":"https:\/\/agora.xtec.cat\/ceipfarigolaclot\/wp-json\/wp\/v2\/pages"}],"about":[{"href":"https:\/\/agora.xtec.cat\/ceipfarigolaclot\/wp-json\/wp\/v2\/types\/page"}],"author":[{"embeddable":true,"href":"https:\/\/agora.xtec.cat\/ceipfarigolaclot\/wp-json\/wp\/v2\/users\/1"}],"replies":[{"embeddable":true,"href":"https:\/\/agora.xtec.cat\/ceipfarigolaclot\/wp-json\/wp\/v2\/comments?post=661"}],"version-history":[{"count":3,"href":"https:\/\/agora.xtec.cat\/ceipfarigolaclot\/wp-json\/wp\/v2\/pages\/661\/revisions"}],"predecessor-version":[{"id":688,"href":"https:\/\/agora.xtec.cat\/ceipfarigolaclot\/wp-json\/wp\/v2\/pages\/661\/revisions\/688"}],"up":[{"embeddable":true,"href":"https:\/\/agora.xtec.cat\/ceipfarigolaclot\/wp-json\/wp\/v2\/pages\/32673"}],"wp:attachment":[{"href":"https:\/\/agora.xtec.cat\/ceipfarigolaclot\/wp-json\/wp\/v2\/media?parent=661"}],"curies":[{"name":"wp","href":"https:\/\/api.w.org\/{rel}","templated":true}]}}