{"id":658,"date":"2016-08-28T11:33:57","date_gmt":"2016-08-28T10:33:57","guid":{"rendered":"http:\/\/agora.xtec.cat\/ceipfarigolaclot\/?page_id=658"},"modified":"2024-12-27T17:25:51","modified_gmt":"2024-12-27T16:25:51","slug":"escola-trilingue","status":"publish","type":"page","link":"https:\/\/agora.xtec.cat\/ceipfarigolaclot\/lescola\/els-nostres-trets\/escola-trilingue\/","title":{"rendered":"Escola triling\u00fce"},"content":{"rendered":"<h5 dir=\"ltr\"><span style=\"text-decoration: underline;\"><strong><span style=\"color: #008000; text-decoration: underline;\">Projecte ling\u00fc\u00edstic de centre<\/span><\/strong><\/span><\/h5>\n<p style=\"text-align: justify;\">D\u2019acord amb l\u2019article 14 de la Llei d\u2019educaci\u00f3, el projecte ling\u00fc\u00edstic forma part del projecte educatiu del centre.<\/p>\n<p style=\"text-align: justify;\">Recull, de manera organitzada, tant els criteris adoptats per a l\u2019ensenyament i l\u2019aprenentatge de les lleng\u00fces, com els criteris de comunicaci\u00f3 del centre. Es tracta, per tant, d\u2019un instrument que ajuda a desenvolupar de manera coherent i efica\u00e7 les activitats d\u2019aprenentatge ling\u00fc\u00edstic i que posa l\u2019accent en els acords de gesti\u00f3 educativa di\u00e0ria dels centres. \u00c9s, doncs, una eina pedag\u00f2gica i organitzativa flexible, que evoluciona a partir de les estrat\u00e8gies educatives fixades i de l\u2019assoliment dels objectius marcats d\u2019acord amb les especificitats pr\u00f2pies de cada centre.<\/p>\n<p>Per tant, el Projecte Ling\u00fc\u00edstic de Centre \u00e9s un document que parteix d\u2019una reflexi\u00f3 interna del centre, que recull les decisions preses a partir d\u2019aquesta an\u00e0lisi en relaci\u00f3 amb l\u2019ensenyament i l\u2019aprenentatge de les lleng\u00fces i que t\u00e9 com a objectiu donar coher\u00e8ncia a la manera d\u2019adquirir-les. \u00c9s un document de reflexi\u00f3 i de presa de decisions que incideix en tots els contextos comunicatius dels centres: aula, centre i entorn.<\/p>\n<p>El vols consultar? Fes clic aqu\u00ed\u2026 <a href=\"https:\/\/drive.google.com\/file\/d\/1XaoJvsIG9hbndQg9xhK-xYnXU_de2fRC\/view?usp=sharing\" target=\"_blank\" rel=\"noopener noreferrer\"><span style=\"color: #0000ff;\">PROJECTE LING\u00dc\u00cdSTIC DE CENTRE<\/span><\/a><\/p>\n<p>El nostre principal objectiu \u00e9s engrescar l\u2019alumnat en l\u2019\u00fas de la llengua anglesa com a vehicle per aprendre continguts d\u2019altres \u00e0rees, \u00e9s a dir, afavorir el contacte amb la llengua anglesa en \u00e0rees no ling\u00fc\u00edstiques.<\/p>\n<h5 dir=\"ltr\"><span style=\"text-decoration: underline;\"><strong><span style=\"color: #008000; text-decoration: underline;\">Programa GEP (Generaci\u00f3 Pluriling\u00fce)<\/span><\/strong><\/span><\/h5>\n<p>Durant el per\u00edode 2021-2024 l&#8217;escola ha participat en el programa d&#8217;innovaci\u00f3 pedag\u00f2gica Generaci\u00f3 Pluriling\u00fce (GEP). Actualment, la metodologia a les aules pel que fa a l&#8217;ensenyament de la llengua anglesa continua fonamentada en els principis que es van incorporar durant la participaci\u00f3 en el programa d&#8217;innovaci\u00f3 pedag\u00f2gica esmentat anteriorment.<\/p>\n<p>La finalitat d\u2019aquest programa \u00e9s millorar la compet\u00e8ncia en lleng\u00fces estrangeres de l\u2019alumnat, afavorint el seu creixement acad\u00e8mic i posterior inserci\u00f3 laboral, i capacitant-lo per interactuar amb el m\u00f3n en diverses lleng\u00fces i de manera cr\u00edtica.<\/p>\n<p>Les accions del programa GEP s\u2019orienten, d\u2019una banda, a incrementar el temps d\u2019exposici\u00f3 de l\u2019alumnat a les lleng\u00fces estrangeres curriculars i, d\u2019una altra, a acompanyar els centres educatius en el proc\u00e9s de desplegament i consolidaci\u00f3 d\u2019un projecte ling\u00fc\u00edstic pluriling\u00fce propi. Rebem\u00a0formaci\u00f3 quinzenal sobre aspectes referents a l&#8217;aplicaci\u00f3 d&#8217;aquest projecte: Enfocament AICLE (Aprenentatge Integrat de Continguts en Llengua Estrangera), Classroom language, aprenentatge cooperatiu, din\u00e0miques d&#8217;aula, entre d&#8217;altres.<\/p>\n<p>Prioritzem la llengua anglesa en el dia a dia de l&#8217;escola: tenim aula exclusiva d&#8217;angl\u00e8s, convidem a l&#8217;aula a fam\u00edlies de parla anglesa, fem expressi\u00f3 oral de llengua anglesa en grup redu\u00eft, i gaudim de personal extra i de suport per fer <strong>classes d&#8217;angl\u00e8s<\/strong> i <strong>classes en angl\u00e8s<\/strong>.<\/p>\n<p>Aquest enfocament pensem que els ser\u00e0 de gran utilitat en el futur.<\/p>\n<h5 dir=\"ltr\"><span style=\"text-decoration: underline;\"><strong><span style=\"color: #008000; text-decoration: underline;\"><img loading=\"lazy\" decoding=\"async\" class=\"wp-image-29010 aligncenter\" src=\"https:\/\/agora.xtec.cat\/ceipfarigolaclot\/wp-content\/uploads\/usu983\/2022\/02\/Som-escola-GEp-generation.jpg\" alt=\"\" width=\"210\" height=\"297\" srcset=\"https:\/\/agora.xtec.cat\/ceipfarigolaclot\/wp-content\/uploads\/usu983\/2022\/02\/Som-escola-GEp-generation.jpg 1587w, https:\/\/agora.xtec.cat\/ceipfarigolaclot\/wp-content\/uploads\/usu983\/2022\/02\/Som-escola-GEp-generation-212x300.jpg 212w, https:\/\/agora.xtec.cat\/ceipfarigolaclot\/wp-content\/uploads\/usu983\/2022\/02\/Som-escola-GEp-generation-724x1024.jpg 724w, https:\/\/agora.xtec.cat\/ceipfarigolaclot\/wp-content\/uploads\/usu983\/2022\/02\/Som-escola-GEp-generation-768x1086.jpg 768w, https:\/\/agora.xtec.cat\/ceipfarigolaclot\/wp-content\/uploads\/usu983\/2022\/02\/Som-escola-GEp-generation-1086x1536.jpg 1086w, https:\/\/agora.xtec.cat\/ceipfarigolaclot\/wp-content\/uploads\/usu983\/2022\/02\/Som-escola-GEp-generation-1448x2048.jpg 1448w\" sizes=\"auto, (max-width: 210px) 100vw, 210px\" \/><\/span><\/strong><\/span><\/h5>\n<p><span style=\"text-decoration: underline;\"><strong><span style=\"color: #008000; text-decoration: underline;\">\u00a0<\/span><\/strong><\/span><\/p>\n","protected":false},"excerpt":{"rendered":"<p>Projecte ling\u00fc\u00edstic de centre D\u2019acord amb l\u2019article 14 de la Llei d\u2019educaci\u00f3, el projecte ling\u00fc\u00edstic forma part del projecte educatiu [&hellip;]<\/p>\n","protected":false},"author":1,"featured_media":0,"parent":32673,"menu_order":10,"comment_status":"closed","ping_status":"closed","template":"page-templates\/side-menu.php","meta":{"_bbp_topic_count":0,"_bbp_reply_count":0,"_bbp_total_topic_count":0,"_bbp_total_reply_count":0,"_bbp_voice_count":0,"_bbp_anonymous_reply_count":0,"_bbp_topic_count_hidden":0,"_bbp_reply_count_hidden":0,"_bbp_forum_subforum_count":0,"site-sidebar-layout":"default","site-content-layout":"","ast-site-content-layout":"","site-content-style":"default","site-sidebar-style":"default","ast-global-header-display":"","ast-banner-title-visibility":"","ast-main-header-display":"","ast-hfb-above-header-display":"","ast-hfb-below-header-display":"","ast-hfb-mobile-header-display":"","site-post-title":"","ast-breadcrumbs-content":"","ast-featured-img":"","footer-sml-layout":"","theme-transparent-header-meta":"","adv-header-id-meta":"","stick-header-meta":"","header-above-stick-meta":"","header-main-stick-meta":"","header-below-stick-meta":"","astra-migrate-meta-layouts":"default","ast-page-background-enabled":"default","ast-page-background-meta":{"desktop":{"background-color":"var(--ast-global-color-4)","background-image":"","background-repeat":"repeat","background-position":"center center","background-size":"auto","background-attachment":"scroll","background-type":"","background-media":"","overlay-type":"","overlay-color":"","overlay-opacity":"","overlay-gradient":""},"tablet":{"background-color":"","background-image":"","background-repeat":"repeat","background-position":"center center","background-size":"auto","background-attachment":"scroll","background-type":"","background-media":"","overlay-type":"","overlay-color":"","overlay-opacity":"","overlay-gradient":""},"mobile":{"background-color":"","background-image":"","background-repeat":"repeat","background-position":"center center","background-size":"auto","background-attachment":"scroll","background-type":"","background-media":"","overlay-type":"","overlay-color":"","overlay-opacity":"","overlay-gradient":""}},"ast-content-background-meta":{"desktop":{"background-color":"var(--ast-global-color-5)","background-image":"","background-repeat":"repeat","background-position":"center center","background-size":"auto","background-attachment":"scroll","background-type":"","background-media":"","overlay-type":"","overlay-color":"","overlay-opacity":"","overlay-gradient":""},"tablet":{"background-color":"var(--ast-global-color-5)","background-image":"","background-repeat":"repeat","background-position":"center center","background-size":"auto","background-attachment":"scroll","background-type":"","background-media":"","overlay-type":"","overlay-color":"","overlay-opacity":"","overlay-gradient":""},"mobile":{"background-color":"var(--ast-global-color-5)","background-image":"","background-repeat":"repeat","background-position":"center center","background-size":"auto","background-attachment":"scroll","background-type":"","background-media":"","overlay-type":"","overlay-color":"","overlay-opacity":"","overlay-gradient":""}},"footnotes":""},"class_list":["post-658","page","type-page","status-publish","hentry"],"post_mailing_queue_ids":[],"_links":{"self":[{"href":"https:\/\/agora.xtec.cat\/ceipfarigolaclot\/wp-json\/wp\/v2\/pages\/658","targetHints":{"allow":["GET"]}}],"collection":[{"href":"https:\/\/agora.xtec.cat\/ceipfarigolaclot\/wp-json\/wp\/v2\/pages"}],"about":[{"href":"https:\/\/agora.xtec.cat\/ceipfarigolaclot\/wp-json\/wp\/v2\/types\/page"}],"author":[{"embeddable":true,"href":"https:\/\/agora.xtec.cat\/ceipfarigolaclot\/wp-json\/wp\/v2\/users\/1"}],"replies":[{"embeddable":true,"href":"https:\/\/agora.xtec.cat\/ceipfarigolaclot\/wp-json\/wp\/v2\/comments?post=658"}],"version-history":[{"count":5,"href":"https:\/\/agora.xtec.cat\/ceipfarigolaclot\/wp-json\/wp\/v2\/pages\/658\/revisions"}],"predecessor-version":[{"id":41215,"href":"https:\/\/agora.xtec.cat\/ceipfarigolaclot\/wp-json\/wp\/v2\/pages\/658\/revisions\/41215"}],"up":[{"embeddable":true,"href":"https:\/\/agora.xtec.cat\/ceipfarigolaclot\/wp-json\/wp\/v2\/pages\/32673"}],"wp:attachment":[{"href":"https:\/\/agora.xtec.cat\/ceipfarigolaclot\/wp-json\/wp\/v2\/media?parent=658"}],"curies":[{"name":"wp","href":"https:\/\/api.w.org\/{rel}","templated":true}]}}