{"id":652,"date":"2016-08-28T11:31:04","date_gmt":"2016-08-28T10:31:04","guid":{"rendered":"http:\/\/agora.xtec.cat\/ceipfarigolaclot\/?page_id=652"},"modified":"2022-11-15T19:28:10","modified_gmt":"2022-11-15T18:28:10","slug":"linia-pedagogica","status":"publish","type":"page","link":"https:\/\/agora.xtec.cat\/ceipfarigolaclot\/lescola\/linia-pedagogica\/","title":{"rendered":"L\u00ednia pedag\u00f2gica i projecte de direcci\u00f3"},"content":{"rendered":"<h4 style=\"text-align: center;\"><span style=\"color: #008000;\"><b><span lang=\"CA\"><u>EIXOS PRINCIPALS DE LA NOSTRA L\u00cdNIA METODOL\u00d2GICA<\/u><\/span><\/b><\/span><\/h4>\n<h4><\/h4>\n<h4 style=\"text-align: center;\">Projecte Educatiu de Centre: <a href=\"https:\/\/lafarigola.cat\/1%20Fitxers%20temporals\/Projecte%20Educatiu%20de%20Centre.pdf\" target=\"_blank\" rel=\"noopener noreferrer\">Desc\u00e0rrega<\/a><\/h4>\n<h4 style=\"text-align: center;\">Projecte de direcci\u00f3 2022-2026: <a href=\"http:\/\/www.lafarigola.cat\/1%20Fitxers%20temporals\/Projecte%20de%20Direccio%202022-2026.pdf\" target=\"_blank\" rel=\"noopener noreferrer\">Desc\u00e0rrega<\/a><\/h4>\n<p>&nbsp;<\/p>\n<p><span style=\"color: #000000;\">El nostre Projecte educatiu t\u00e9 com a fita el desenvolupament integral i harm\u00f2nic dels nostres infants. Una educaci\u00f3 que ajudi als nostres nens i nenes a esdevenir persones aut\u00f2nomes, cr\u00edtiques i compromeses, que puguin participar de forma activa en el seu entorn i en la societat en general. Educar\u00a0implica potenciar en cada infant totes les seves capacitats perqu\u00e8 progressin en el seu desenvolupament equilibrat i global.<\/span><\/p>\n<p>El logo que aquest curs ens acompanya \u00e9s l&#8217;anomenat &#8220;<span class=\"il\">Mode<\/span>\u00a0<span class=\"il\">on<\/span>&#8220;. Darrere d&#8217;aquest s\u00edmbol hi ha una intenci\u00f3 i actitud proactiva envers el creixement de la nostra escola.\u00a0<span class=\"il\">Mode<\/span>\u00a0<span class=\"il\">on<\/span> per a nosaltres \u00e9s continu\u00eftat i millora. <span class=\"il\">Mode<\/span>\u00a0<span class=\"il\">on<\/span>\u00a0a tot all\u00f2 nou que vindr\u00e0, a cr\u00e9ixer, a construir, a innovar&#8230;<\/p>\n<p><img loading=\"lazy\" decoding=\"async\" class=\"size-full wp-image-32522 aligncenter\" src=\"https:\/\/agora.xtec.cat\/ceipfarigolaclot\/wp-content\/uploads\/usu983\/2022\/11\/Boto-300x250-1.jpg\" alt=\"\" width=\"300\" height=\"250\" \/><\/p>\n<p>&nbsp;<\/p>\n","protected":false},"excerpt":{"rendered":"<p>EIXOS PRINCIPALS DE LA NOSTRA L\u00cdNIA METODOL\u00d2GICA Projecte Educatiu de Centre: Desc\u00e0rrega Projecte de direcci\u00f3 2022-2026: Desc\u00e0rrega &nbsp; El nostre [&hellip;]<\/p>\n","protected":false},"author":1,"featured_media":0,"parent":22,"menu_order":20,"comment_status":"closed","ping_status":"closed","template":"page-templates\/side-menu.php","meta":{"_bbp_topic_count":0,"_bbp_reply_count":0,"_bbp_total_topic_count":0,"_bbp_total_reply_count":0,"_bbp_voice_count":0,"_bbp_anonymous_reply_count":0,"_bbp_topic_count_hidden":0,"_bbp_reply_count_hidden":0,"_bbp_forum_subforum_count":0,"site-sidebar-layout":"default","site-content-layout":"","ast-site-content-layout":"","site-content-style":"default","site-sidebar-style":"default","ast-global-header-display":"","ast-banner-title-visibility":"","ast-main-header-display":"","ast-hfb-above-header-display":"","ast-hfb-below-header-display":"","ast-hfb-mobile-header-display":"","site-post-title":"","ast-breadcrumbs-content":"","ast-featured-img":"","footer-sml-layout":"","theme-transparent-header-meta":"","adv-header-id-meta":"","stick-header-meta":"","header-above-stick-meta":"","header-main-stick-meta":"","header-below-stick-meta":"","astra-migrate-meta-layouts":"default","ast-page-background-enabled":"default","ast-page-background-meta":{"desktop":{"background-color":"var(--ast-global-color-4)","background-image":"","background-repeat":"repeat","background-position":"center center","background-size":"auto","background-attachment":"scroll","background-type":"","background-media":"","overlay-type":"","overlay-color":"","overlay-opacity":"","overlay-gradient":""},"tablet":{"background-color":"","background-image":"","background-repeat":"repeat","background-position":"center center","background-size":"auto","background-attachment":"scroll","background-type":"","background-media":"","overlay-type":"","overlay-color":"","overlay-opacity":"","overlay-gradient":""},"mobile":{"background-color":"","background-image":"","background-repeat":"repeat","background-position":"center center","background-size":"auto","background-attachment":"scroll","background-type":"","background-media":"","overlay-type":"","overlay-color":"","overlay-opacity":"","overlay-gradient":""}},"ast-content-background-meta":{"desktop":{"background-color":"var(--ast-global-color-5)","background-image":"","background-repeat":"repeat","background-position":"center center","background-size":"auto","background-attachment":"scroll","background-type":"","background-media":"","overlay-type":"","overlay-color":"","overlay-opacity":"","overlay-gradient":""},"tablet":{"background-color":"var(--ast-global-color-5)","background-image":"","background-repeat":"repeat","background-position":"center center","background-size":"auto","background-attachment":"scroll","background-type":"","background-media":"","overlay-type":"","overlay-color":"","overlay-opacity":"","overlay-gradient":""},"mobile":{"background-color":"var(--ast-global-color-5)","background-image":"","background-repeat":"repeat","background-position":"center center","background-size":"auto","background-attachment":"scroll","background-type":"","background-media":"","overlay-type":"","overlay-color":"","overlay-opacity":"","overlay-gradient":""}},"footnotes":""},"class_list":["post-652","page","type-page","status-publish","hentry"],"post_mailing_queue_ids":[],"_links":{"self":[{"href":"https:\/\/agora.xtec.cat\/ceipfarigolaclot\/wp-json\/wp\/v2\/pages\/652","targetHints":{"allow":["GET"]}}],"collection":[{"href":"https:\/\/agora.xtec.cat\/ceipfarigolaclot\/wp-json\/wp\/v2\/pages"}],"about":[{"href":"https:\/\/agora.xtec.cat\/ceipfarigolaclot\/wp-json\/wp\/v2\/types\/page"}],"author":[{"embeddable":true,"href":"https:\/\/agora.xtec.cat\/ceipfarigolaclot\/wp-json\/wp\/v2\/users\/1"}],"replies":[{"embeddable":true,"href":"https:\/\/agora.xtec.cat\/ceipfarigolaclot\/wp-json\/wp\/v2\/comments?post=652"}],"version-history":[{"count":3,"href":"https:\/\/agora.xtec.cat\/ceipfarigolaclot\/wp-json\/wp\/v2\/pages\/652\/revisions"}],"predecessor-version":[{"id":32682,"href":"https:\/\/agora.xtec.cat\/ceipfarigolaclot\/wp-json\/wp\/v2\/pages\/652\/revisions\/32682"}],"up":[{"embeddable":true,"href":"https:\/\/agora.xtec.cat\/ceipfarigolaclot\/wp-json\/wp\/v2\/pages\/22"}],"wp:attachment":[{"href":"https:\/\/agora.xtec.cat\/ceipfarigolaclot\/wp-json\/wp\/v2\/media?parent=652"}],"curies":[{"name":"wp","href":"https:\/\/api.w.org\/{rel}","templated":true}]}}