{"id":533,"date":"2016-08-14T18:40:43","date_gmt":"2016-08-14T17:40:43","guid":{"rendered":"http:\/\/agora.xtec.cat\/ceipfarigolaclot\/?page_id=533"},"modified":"2026-04-10T12:24:11","modified_gmt":"2026-04-10T10:24:11","slug":"informacio-setmanal","status":"publish","type":"page","link":"https:\/\/agora.xtec.cat\/ceipfarigolaclot\/curs-actual\/informacio-setmanal\/","title":{"rendered":"Informaci\u00f3 Setmanal"},"content":{"rendered":"<h5><span style=\"text-decoration: underline;\"><span style=\"color: #008000; text-decoration: underline;\">Abril 2026<\/span><\/span><\/h5>\n<ul>\n<li><a href=\"https:\/\/www.lafarigola.cat\/infosetmanal20252026_archivos\/20260410%20Info%20setmanal%20num.%20554.pdf\">Informaci\u00f3 setmanal n\u00fam. 554<\/a> (10.04.2026)<\/li>\n<\/ul>\n<h5><span style=\"text-decoration: underline;\"><span style=\"color: #008000; text-decoration: underline;\">Mar\u00e7 2026<\/span><\/span><\/h5>\n<ul>\n<li><a href=\"https:\/\/www.lafarigola.cat\/infosetmanal20252026_archivos\/20260327%20Info%20setmanal%20num.%20553.pdf\">Informaci\u00f3 setmanal n\u00fam. 553<\/a> (26.03.2026)<\/li>\n<li><a href=\"https:\/\/www.lafarigola.cat\/infosetmanal20252026_archivos\/20260320%20Info%20setmanal%20num.%20552.pdf\">Informaci\u00f3 setmanal n\u00fam. 552<\/a> (19.03.2026)<\/li>\n<li><a href=\"https:\/\/www.lafarigola.cat\/infosetmanal20252026_archivos\/20260313%20Info%20setmanal%20num.%20551.pdf\">Informaci\u00f3 setmanal n\u00fam. 551<\/a> (13.03.2026)<\/li>\n<li><a href=\"https:\/\/www.lafarigola.cat\/infosetmanal20252026_archivos\/20260306%20Info%20setmanal%20num.%20550.pdf\">Informaci\u00f3 setmanal n\u00fam. 550<\/a> (06.03.2026)<\/li>\n<\/ul>\n<h5><span style=\"text-decoration: underline;\"><span style=\"color: #008000; text-decoration: underline;\">Febrer 2026<\/span><\/span><\/h5>\n<ul>\n<li><a href=\"https:\/\/www.lafarigola.cat\/infosetmanal20252026_archivos\/20260227%20Info%20setmanal%20num.%20549.pdf\">Informaci\u00f3 setmanal n\u00fam. 549<\/a> (27.02.2026)<\/li>\n<li><a href=\"https:\/\/www.lafarigola.cat\/infosetmanal20252026_archivos\/20260220%20Info%20setmanal%20num.%20548.pdf\">Informaci\u00f3 setmanal n\u00fam. 548<\/a> (20.02.2026)<\/li>\n<li><a href=\"https:\/\/www.lafarigola.cat\/infosetmanal20252026_archivos\/20260213%20Info%20setmanal%20num.%20547.pdf\">Informaci\u00f3 setmanal n\u00fam. 547<\/a> (13.02.2026)<\/li>\n<li><a href=\"https:\/\/www.lafarigola.cat\/infosetmanal20252026_archivos\/20260206%20Info%20setmanal%20num.%20546.pdf\">Informaci\u00f3 setmanal n\u00fam. 546<\/a> (06.02.2026)<\/li>\n<\/ul>\n<h5><span style=\"text-decoration: underline;\"><span style=\"color: #008000; text-decoration: underline;\">Gener 2026<\/span><\/span><\/h5>\n<ul>\n<li><a href=\"https:\/\/www.lafarigola.cat\/infosetmanal20252026_archivos\/20260130%20Info%20setmanal%20num.%20545.pdf\">Informaci\u00f3 setmanal n\u00fam. 545<\/a>\u00a0(30.01.2026)<\/li>\n<li><a href=\"https:\/\/www.lafarigola.cat\/infosetmanal20252026_archivos\/20260123%20Info%20setmanal%20num.%20544.pdf\">Informaci\u00f3 setmanal n\u00fam. 544<\/a> (23.01.2026)<\/li>\n<li><a href=\"https:\/\/www.lafarigola.cat\/infosetmanal20252026_archivos\/20260116%20Info%20setmanal%20num.%20543.pdf\">Informaci\u00f3 setmanal n\u00fam. 543<\/a>\u00a0(09.01.2026)<\/li>\n<li><a href=\"https:\/\/www.lafarigola.cat\/infosetmanal20252026_archivos\/20260109%20Info%20setmanal%20num.%20542.pdf\" target=\"_blank\" rel=\"noopener\">Informaci\u00f3 setmanal n\u00fam. 542<\/a> (09.01.2026)<\/li>\n<\/ul>\n<h5><span style=\"text-decoration: underline;\"><span style=\"color: #008000; text-decoration: underline;\">Desembre 2025<\/span><\/span><\/h5>\n<ul>\n<li><a href=\"https:\/\/www.lafarigola.cat\/infosetmanal20252026_archivos\/20251219%20Info%20setmanal%20num.%20541.pdf\" target=\"_blank\" rel=\"noopener\">Informaci\u00f3 setmanal n\u00fam. 541<\/a> (19.12.2025)<\/li>\n<li><span style=\"color: #000000;\"><a href=\"https:\/\/www.lafarigola.cat\/infosetmanal20252026_archivos\/20251212%20Info%20setmanal%20num.%20540.pdf\" target=\"_blank\" rel=\"noopener\">Informaci\u00f3 setmanal n\u00fam. 540<\/a> (12.12.2025)<\/span><\/li>\n<li><span style=\"color: #000000;\"><a href=\"https:\/\/www.lafarigola.cat\/infosetmanal20252026_archivos\/20251204%20Info%20setmanal%20num.%20539.pdf\" target=\"_blank\" rel=\"noopener\">Informaci\u00f3 setmanal n\u00fam. 539<\/a> (05.12.2025)<\/span><\/li>\n<\/ul>\n<h5><span style=\"text-decoration: underline;\"><span style=\"color: #008000; text-decoration: underline;\">Novembre 2025<\/span><\/span><\/h5>\n<ul>\n<li><span style=\"color: #000000;\"><a href=\"https:\/\/www.lafarigola.cat\/infosetmanal20252026_archivos\/20251128%20Info%20setmanal%20num.%20538.pdf\" target=\"_blank\" rel=\"noopener\">Informaci\u00f3 setmanal n\u00fam. 538<\/a> (28.11.2025)<\/span><\/li>\n<li><span style=\"color: #000000;\"><a href=\"https:\/\/www.lafarigola.cat\/infosetmanal20252026_archivos\/20251121%20Info%20setmanal%20num.%20537.pdf\" target=\"_blank\" rel=\"noopener\">Informaci\u00f3 setmanal n\u00fam. 537<\/a> (21.11.2025)<\/span><\/li>\n<li><span style=\"color: #000000;\"><a href=\"https:\/\/www.lafarigola.cat\/infosetmanal20252026_archivos\/20251114%20Info%20setmanal%20num.%20536.pdf\" target=\"_blank\" rel=\"noopener\">Informaci\u00f3 setmanal n\u00fam. 536<\/a> (14.11.2025)<\/span><\/li>\n<li><span style=\"color: #000000;\"><a href=\"https:\/\/www.lafarigola.cat\/infosetmanal20252026_archivos\/20251107%20Info%20setmanal%20num.%20535.pdf\" target=\"_blank\" rel=\"noopener\">Informaci\u00f3 setmanal n\u00fam. 535<\/a> (07.11.2025)<\/span><\/li>\n<\/ul>\n<h5><span style=\"text-decoration: underline;\"><span style=\"color: #008000; text-decoration: underline;\">Octubre 2025<\/span><\/span><\/h5>\n<ul>\n<li><span style=\"color: #000000;\"><a href=\"https:\/\/www.lafarigola.cat\/infosetmanal20252026_archivos\/20251031%20Info%20setmanal%20num.%20534.pdf\" target=\"_blank\" rel=\"noopener\">Informaci\u00f3 setmanal n\u00fam. 534<\/a> (31.10.2025)<\/span><\/li>\n<li><span style=\"color: #000000;\"><a href=\"https:\/\/www.lafarigola.cat\/infosetmanal20252026_archivos\/20251024%20Info%20setmanal%20num.%20533.pdf\" target=\"_blank\" rel=\"noopener\">Informaci\u00f3 setmanal n\u00fam. 533<\/a> (24.10.2025)<\/span><\/li>\n<li><span style=\"color: #000000;\"><a href=\"https:\/\/www.lafarigola.cat\/infosetmanal20252026_archivos\/20251017%20Info%20setmanal%20num.%20532.pdf\" target=\"_blank\" rel=\"noopener\">Informaci\u00f3 setmanal n\u00fam. 532<\/a>\u00a0(17.10.2025)<\/span><\/li>\n<li><span style=\"color: #000000;\"><a href=\"https:\/\/www.lafarigola.cat\/infosetmanal20252026_archivos\/20251010%20Info%20setmanal%20num.%20531.pdf\" target=\"_blank\" rel=\"noopener\">Informaci\u00f3 setmanal n\u00fam. 531<\/a> (10.10.2025)<\/span><\/li>\n<li><span style=\"color: #000000;\"><a href=\"https:\/\/www.lafarigola.cat\/infosetmanal20252026_archivos\/20251003%20Info%20setmanal%20num.%20530.pdf\" target=\"_blank\" rel=\"noopener\">Informaci\u00f3 setmanal n\u00fam. 530<\/a> (03.10.2025)<\/span><\/li>\n<\/ul>\n<h5><span style=\"text-decoration: underline;\"><span style=\"color: #008000; text-decoration: underline;\">Setembre 2025<\/span><\/span><\/h5>\n<ul>\n<li><span style=\"color: #000000;\"><a href=\"https:\/\/www.lafarigola.cat\/infosetmanal20252026_archivos\/20250926%20Info%20setmanal%20num.%20529.pdf\" target=\"_blank\" rel=\"noopener\">Informaci\u00f3 setmanal n\u00fam. 529<\/a> (26.09.2025)<\/span><\/li>\n<li><span style=\"color: #000000;\"><a href=\"https:\/\/www.lafarigola.cat\/infosetmanal20252026_archivos\/20250919%20Info%20setmanal%20num.%20528.pdf\" target=\"_blank\" rel=\"noopener\">Informaci\u00f3 setmanal n\u00fam. 528<\/a> (19.09.2025)<\/span><\/li>\n<li><span style=\"color: #000000;\"><a href=\"https:\/\/www.lafarigola.cat\/infosetmanal20252026_archivos\/20250912%20Info%20setmanal%20num.%20527.pdf\" target=\"_blank\" rel=\"noopener\">Informaci\u00f3 setmanal n\u00fam. 527<\/a> (12.09.2025)<\/span><\/li>\n<li><span style=\"color: #000000;\"><a href=\"https:\/\/www.lafarigola.cat\/infosetmanal20252026_archivos\/20250905%20Info%20setmanal%20num.%20526.pdf\" target=\"_blank\" rel=\"noopener\">Informaci\u00f3 setmanal n\u00fam. 526<\/a> (05.09.2025)<\/span><\/li>\n<\/ul>\n\n\n<p><\/p>\n","protected":false},"excerpt":{"rendered":"<p>Abril 2026 Informaci\u00f3 setmanal n\u00fam. 554 (10.04.2026) Mar\u00e7 2026 Informaci\u00f3 setmanal n\u00fam. 553 (26.03.2026) Informaci\u00f3 setmanal n\u00fam. 552 (19.03.2026) Informaci\u00f3 [&hellip;]<\/p>\n","protected":false},"author":1,"featured_media":0,"parent":461,"menu_order":50,"comment_status":"closed","ping_status":"closed","template":"","meta":{"_bbp_topic_count":0,"_bbp_reply_count":0,"_bbp_total_topic_count":0,"_bbp_total_reply_count":0,"_bbp_voice_count":0,"_bbp_anonymous_reply_count":0,"_bbp_topic_count_hidden":0,"_bbp_reply_count_hidden":0,"_bbp_forum_subforum_count":0,"site-sidebar-layout":"left-sidebar","site-content-layout":"","ast-site-content-layout":"default","site-content-style":"default","site-sidebar-style":"default","ast-global-header-display":"","ast-banner-title-visibility":"","ast-main-header-display":"","ast-hfb-above-header-display":"","ast-hfb-below-header-display":"","ast-hfb-mobile-header-display":"","site-post-title":"","ast-breadcrumbs-content":"","ast-featured-img":"","footer-sml-layout":"","theme-transparent-header-meta":"","adv-header-id-meta":"","stick-header-meta":"","header-above-stick-meta":"","header-main-stick-meta":"","header-below-stick-meta":"","astra-migrate-meta-layouts":"set","ast-page-background-enabled":"default","ast-page-background-meta":{"desktop":{"background-color":"var(--ast-global-color-4)","background-image":"","background-repeat":"repeat","background-position":"center center","background-size":"auto","background-attachment":"scroll","background-type":"","background-media":"","overlay-type":"","overlay-color":"","overlay-opacity":"","overlay-gradient":""},"tablet":{"background-color":"","background-image":"","background-repeat":"repeat","background-position":"center center","background-size":"auto","background-attachment":"scroll","background-type":"","background-media":"","overlay-type":"","overlay-color":"","overlay-opacity":"","overlay-gradient":""},"mobile":{"background-color":"","background-image":"","background-repeat":"repeat","background-position":"center center","background-size":"auto","background-attachment":"scroll","background-type":"","background-media":"","overlay-type":"","overlay-color":"","overlay-opacity":"","overlay-gradient":""}},"ast-content-background-meta":{"desktop":{"background-color":"var(--ast-global-color-5)","background-image":"","background-repeat":"repeat","background-position":"center center","background-size":"auto","background-attachment":"scroll","background-type":"","background-media":"","overlay-type":"","overlay-color":"","overlay-opacity":"","overlay-gradient":""},"tablet":{"background-color":"var(--ast-global-color-5)","background-image":"","background-repeat":"repeat","background-position":"center center","background-size":"auto","background-attachment":"scroll","background-type":"","background-media":"","overlay-type":"","overlay-color":"","overlay-opacity":"","overlay-gradient":""},"mobile":{"background-color":"var(--ast-global-color-5)","background-image":"","background-repeat":"repeat","background-position":"center center","background-size":"auto","background-attachment":"scroll","background-type":"","background-media":"","overlay-type":"","overlay-color":"","overlay-opacity":"","overlay-gradient":""}},"footnotes":""},"class_list":["post-533","page","type-page","status-publish","hentry"],"post_mailing_queue_ids":[],"_links":{"self":[{"href":"https:\/\/agora.xtec.cat\/ceipfarigolaclot\/wp-json\/wp\/v2\/pages\/533","targetHints":{"allow":["GET"]}}],"collection":[{"href":"https:\/\/agora.xtec.cat\/ceipfarigolaclot\/wp-json\/wp\/v2\/pages"}],"about":[{"href":"https:\/\/agora.xtec.cat\/ceipfarigolaclot\/wp-json\/wp\/v2\/types\/page"}],"author":[{"embeddable":true,"href":"https:\/\/agora.xtec.cat\/ceipfarigolaclot\/wp-json\/wp\/v2\/users\/1"}],"replies":[{"embeddable":true,"href":"https:\/\/agora.xtec.cat\/ceipfarigolaclot\/wp-json\/wp\/v2\/comments?post=533"}],"version-history":[{"count":6,"href":"https:\/\/agora.xtec.cat\/ceipfarigolaclot\/wp-json\/wp\/v2\/pages\/533\/revisions"}],"predecessor-version":[{"id":46457,"href":"https:\/\/agora.xtec.cat\/ceipfarigolaclot\/wp-json\/wp\/v2\/pages\/533\/revisions\/46457"}],"up":[{"embeddable":true,"href":"https:\/\/agora.xtec.cat\/ceipfarigolaclot\/wp-json\/wp\/v2\/pages\/461"}],"wp:attachment":[{"href":"https:\/\/agora.xtec.cat\/ceipfarigolaclot\/wp-json\/wp\/v2\/media?parent=533"}],"curies":[{"name":"wp","href":"https:\/\/api.w.org\/{rel}","templated":true}]}}