{"id":529,"date":"2016-08-14T18:31:27","date_gmt":"2016-08-14T17:31:27","guid":{"rendered":"http:\/\/agora.xtec.cat\/ceipfarigolaclot\/?page_id=529"},"modified":"2025-09-06T20:48:36","modified_gmt":"2025-09-06T18:48:36","slug":"equip-directiu-i-coordinacions","status":"publish","type":"page","link":"https:\/\/agora.xtec.cat\/ceipfarigolaclot\/curs-actual\/equip-directiu-i-coordinacions\/","title":{"rendered":"Equip directiu i coordinacions"},"content":{"rendered":"<p><span style=\"font-size: 20px;\"><b><i><span style=\"color: #38761d;\">Equip directiu<\/span><\/i><\/b><\/span><\/p>\n<ul>\n<li><span style=\"color: #000000; font-size: 14px;\">Directora:\u00a0Isa C. (direccio@lafarigola.cat)<\/span><\/li>\n<li><span style=\"font-size: 14px;\">Cap d\u2019Estudis: Cristina F<span style=\"background-color: rgba(0, 0, 0, 0); font-weight: inherit;\">. (capdestudis@lafarigola.cat)<\/span><\/span><\/li>\n<li><span style=\"font-size: 14px;\">Secretari:\u00a0<span style=\"background-color: rgba(0, 0, 0, 0); font-weight: inherit;\">Rafa T. (secretaria@lafarigola.cat)<\/span><\/span><\/li>\n<\/ul>\n<p><span style=\"font-size: 20px;\"><b><i><span style=\"color: #38761d;\">Coordinacions de cicle<\/span><\/i><\/b><\/span><\/p>\n<ul>\n<li><span style=\"color: #000000; font-size: 14px;\">Ed. Infantil: Pilar P. (pilar.prado@lafarigola.cat)<\/span><\/li>\n<li><span style=\"font-size: 14px; background-color: rgba(0, 0, 0, 0); font-weight: inherit;\">C. Inicial: Laura G. (laura.garcia@lafarigola.cat)<\/span><\/li>\n<li><span style=\"font-size: 14px;\"><span style=\"font-family: inherit; background-color: rgba(0, 0, 0, 0); font-weight: inherit;\">C. Mitj\u00e0: Cristian N. (cristian.nuez<\/span><span style=\"color: #000000;\">@lafarigola.cat)<\/span><\/span><\/li>\n<li><span style=\"font-family: inherit; font-size: 14px; background-color: rgba(0, 0, 0, 0); font-weight: inherit;\">C. Superior: Maria L. (maria.linan@lafarigola.cat)<\/span><\/li>\n<\/ul>\n<p><span style=\"font-size: 20px;\"><b><i><span style=\"color: #38761d;\">Altres coordinacions<\/span><\/i><\/b><\/span><\/p>\n<ul>\n<li><span style=\"font-size: 14px;\"><b><i><span style=\"color: #38761d;\">Coordinaci\u00f3 digital: <\/span><\/i><\/b>Rafa T. (secretaria<span style=\"color: #000000;\">@lafarigola.cat)<\/span><\/span><\/li>\n<li><span style=\"font-size: 14px;\"><b><i><span style=\"color: #38761d;\">Coordinaci\u00f3 de riscos laborals:<\/span><\/i><\/b> J\u00e8ssica C. (jessica.consuegra<span style=\"color: #000000;\">@lafarigola.cat)<\/span><\/span><\/li>\n<li><span style=\"font-size: 14px;\"><strong><b><i><span style=\"color: #38761d;\">Coordinaci\u00f3 ling\u00fc\u00edstica:<\/span><\/i><\/b><\/strong> Graciel\u00b7la M. (graciela.martinez<span style=\"color: #000000;\">@lafarigola.cat)<\/span><\/span><\/li>\n<li><span style=\"font-size: 14px;\"><b><i><span style=\"color: #38761d;\">Coordinaci\u00f3 alumnes de pr\u00e0ctiques i relaci\u00f3 amb les universitats:\u00a0<\/span><\/i><\/b><\/span><\/li>\n<li><span style=\"font-size: 14px;\"><b><i><span style=\"color: #38761d;\">Coordinaci\u00f3 de conviv\u00e8ncia, coeducaci\u00f3 i benestar: <\/span><\/i><\/b>Sandra R. (sandra.riba@lafairgola.cat)<\/span><\/li>\n<li><span style=\"font-size: 14px;\"><b><i><span style=\"color: #38761d;\">Equip d&#8217;Assessorament Psicopedag\u00f2gic: <\/span><\/i><\/b>Roser C.<\/span><\/li>\n<\/ul>\n","protected":false},"excerpt":{"rendered":"<p>Equip directiu Directora:\u00a0Isa C. (direccio@lafarigola.cat) Cap d\u2019Estudis: Cristina F. (capdestudis@lafarigola.cat) Secretari:\u00a0Rafa T. (secretaria@lafarigola.cat) Coordinacions de cicle Ed. Infantil: Pilar P. [&hellip;]<\/p>\n","protected":false},"author":1,"featured_media":0,"parent":461,"menu_order":10,"comment_status":"closed","ping_status":"closed","template":"","meta":{"_bbp_topic_count":0,"_bbp_reply_count":0,"_bbp_total_topic_count":0,"_bbp_total_reply_count":0,"_bbp_voice_count":0,"_bbp_anonymous_reply_count":0,"_bbp_topic_count_hidden":0,"_bbp_reply_count_hidden":0,"_bbp_forum_subforum_count":0,"site-sidebar-layout":"default","site-content-layout":"","ast-site-content-layout":"default","site-content-style":"default","site-sidebar-style":"default","ast-global-header-display":"","ast-banner-title-visibility":"","ast-main-header-display":"","ast-hfb-above-header-display":"","ast-hfb-below-header-display":"","ast-hfb-mobile-header-display":"","site-post-title":"","ast-breadcrumbs-content":"","ast-featured-img":"","footer-sml-layout":"","theme-transparent-header-meta":"","adv-header-id-meta":"","stick-header-meta":"","header-above-stick-meta":"","header-main-stick-meta":"","header-below-stick-meta":"","astra-migrate-meta-layouts":"set","ast-page-background-enabled":"default","ast-page-background-meta":{"desktop":{"background-color":"var(--ast-global-color-4)","background-image":"","background-repeat":"repeat","background-position":"center center","background-size":"auto","background-attachment":"scroll","background-type":"","background-media":"","overlay-type":"","overlay-color":"","overlay-opacity":"","overlay-gradient":""},"tablet":{"background-color":"","background-image":"","background-repeat":"repeat","background-position":"center center","background-size":"auto","background-attachment":"scroll","background-type":"","background-media":"","overlay-type":"","overlay-color":"","overlay-opacity":"","overlay-gradient":""},"mobile":{"background-color":"","background-image":"","background-repeat":"repeat","background-position":"center center","background-size":"auto","background-attachment":"scroll","background-type":"","background-media":"","overlay-type":"","overlay-color":"","overlay-opacity":"","overlay-gradient":""}},"ast-content-background-meta":{"desktop":{"background-color":"var(--ast-global-color-5)","background-image":"","background-repeat":"repeat","background-position":"center center","background-size":"auto","background-attachment":"scroll","background-type":"","background-media":"","overlay-type":"","overlay-color":"","overlay-opacity":"","overlay-gradient":""},"tablet":{"background-color":"var(--ast-global-color-5)","background-image":"","background-repeat":"repeat","background-position":"center center","background-size":"auto","background-attachment":"scroll","background-type":"","background-media":"","overlay-type":"","overlay-color":"","overlay-opacity":"","overlay-gradient":""},"mobile":{"background-color":"var(--ast-global-color-5)","background-image":"","background-repeat":"repeat","background-position":"center center","background-size":"auto","background-attachment":"scroll","background-type":"","background-media":"","overlay-type":"","overlay-color":"","overlay-opacity":"","overlay-gradient":""}},"footnotes":""},"class_list":["post-529","page","type-page","status-publish","hentry"],"post_mailing_queue_ids":[],"_links":{"self":[{"href":"https:\/\/agora.xtec.cat\/ceipfarigolaclot\/wp-json\/wp\/v2\/pages\/529","targetHints":{"allow":["GET"]}}],"collection":[{"href":"https:\/\/agora.xtec.cat\/ceipfarigolaclot\/wp-json\/wp\/v2\/pages"}],"about":[{"href":"https:\/\/agora.xtec.cat\/ceipfarigolaclot\/wp-json\/wp\/v2\/types\/page"}],"author":[{"embeddable":true,"href":"https:\/\/agora.xtec.cat\/ceipfarigolaclot\/wp-json\/wp\/v2\/users\/1"}],"replies":[{"embeddable":true,"href":"https:\/\/agora.xtec.cat\/ceipfarigolaclot\/wp-json\/wp\/v2\/comments?post=529"}],"version-history":[{"count":6,"href":"https:\/\/agora.xtec.cat\/ceipfarigolaclot\/wp-json\/wp\/v2\/pages\/529\/revisions"}],"predecessor-version":[{"id":43794,"href":"https:\/\/agora.xtec.cat\/ceipfarigolaclot\/wp-json\/wp\/v2\/pages\/529\/revisions\/43794"}],"up":[{"embeddable":true,"href":"https:\/\/agora.xtec.cat\/ceipfarigolaclot\/wp-json\/wp\/v2\/pages\/461"}],"wp:attachment":[{"href":"https:\/\/agora.xtec.cat\/ceipfarigolaclot\/wp-json\/wp\/v2\/media?parent=529"}],"curies":[{"name":"wp","href":"https:\/\/api.w.org\/{rel}","templated":true}]}}