{"id":463,"date":"2016-04-19T23:23:52","date_gmt":"2016-04-19T22:23:52","guid":{"rendered":"http:\/\/agora.xtec.cat\/ceipfarigolaclot\/?page_id=463"},"modified":"2026-04-10T12:53:38","modified_gmt":"2026-04-10T10:53:38","slug":"sortides-pedagogiques","status":"publish","type":"page","link":"https:\/\/agora.xtec.cat\/ceipfarigolaclot\/curs-actual\/sortides-pedagogiques\/","title":{"rendered":"Sortides pedag\u00f2giques"},"content":{"rendered":"<div class=\"sites-layout-tile sites-tile-name-content-1\">\n<div dir=\"ltr\">\n<div>\n<div>\n<h5 style=\"text-align: center;\">Si voleu con\u00e8ixer la data de cada sortida, feu clic en aquest <a href=\"https:\/\/agora.xtec.cat\/ceipfarigolaclot\/curs-actual\/sortides-pedagogiques-restringit-a-les-familes-del-centre\/\">enlla\u00e7<\/a> (contingut protegit exclusiu per a les fam\u00edlies del centre). Hi podeu accedir amb la contrasenya habitual de les sortides.<\/h5>\n<h5><\/h5>\n<h5><strong><span style=\"color: #008000;\">Educaci\u00f3 infantil: I3<\/span><\/strong><\/h5>\n<h6><strong>Primer trimestre<\/strong><\/h6>\n<ul>\n<li>Parc del Clot \/ Barcelona \/ A peu<\/li>\n<li>Celebrem la Festa Major \/ Parc del Clot \/ Barcelona \/ A peu<\/li>\n<li>Sortida a <em>Correos<\/em> \/ El Clot \/ Barcelona<\/li>\n<\/ul>\n<h6><strong>Segon trimestre<\/strong><\/h6>\n<ul>\n<li>\u201cUn llit al cap\u201d \/ Museu d&#8217;Art Contemporani de Barcelona \/ Barcelona \/ Autocar<\/li>\n<li>Teatre: &#8220;Bee&#8221; \/ Centre Cultural La Farinera del Clot \/ Barcelona \/ A peu<\/li>\n<li>Teatre en angl\u00e8s: \u201cThe London Rat\u201d \/ A l&#8217;escola<\/li>\n<\/ul>\n<h6><strong>Tercer trimestre<\/strong><\/h6>\n<ul>\n<li>Jocs amb aigua \/ El Xaragall \/ Llinars del Vall\u00e8s \/ Autocar<\/li>\n<li>\u201cEl petit m\u00f3n dels somnis\u201d \/ Audici\u00f3 musical \/ A l&#8217;escola<\/li>\n<li>Psicomotricitat \/ Joc Viu \/ Barcelona \/ A peu<\/li>\n<\/ul>\n<hr \/>\n<\/div>\n<h5><span style=\"color: #008000;\"><strong>Educaci\u00f3 infantil: I4<\/strong><\/span><\/h5>\n<h6><strong>Primer trimestre<\/strong><\/h6>\n<ul>\n<li>Espectacle de cicle inicial \/ Centre Cultural La Farinera del Clot \/ Barcelona \/ A peu<\/li>\n<li>&#8220;El bosc a la tardor: castanyada&#8221; \/ Can Pou \/ Sant Antoni de Vilamajor \/ Autocar<\/li>\n<li>Celebrem la Festa Major \/ Parc del Clot \/ Barcelona \/ A peu<\/li>\n<li>Sortida a <em>Correos<\/em> \/ El Clot \/ Barcelona<\/li>\n<\/ul>\n<h6><strong>Segon trimestre<\/strong><\/h6>\n<ul>\n<li>Mir\u00f3 i els Estats Units \/ Fundaci\u00f3 Mir\u00f3 \/ Barcelona \/ Autocar<\/li>\n<li>Teatre: &#8220;Bee&#8221; \/ Centre Cultural La Farinera del Clot \/ Barcelona \/ A peu<\/li>\n<li>Teatre en angl\u00e8s: \u201cThe London Rat\u201d \/ A l&#8217;escola<\/li>\n<\/ul>\n<h6><strong>Tercer trimestre<\/strong><\/h6>\n<ul>\n<li>Jocs amb aigua \/ El Xaragall \/ Llinars del Vall\u00e8s \/ Autocar<\/li>\n<li>\u201c1, 2, 3 despertasons!\u201d \/ Audici\u00f3 musical \/ A l&#8217;escola<\/li>\n<li>Museu Blau \/ Barcelona \/ TRAM<\/li>\n<li>Mulla&#8217;t jugant \/ Platja de La Mar Bella \/ Barcelona \/ Autocar<\/li>\n<\/ul>\n<\/div>\n<div>\n<div>\n<hr style=\"color: #222222; font-size: 16px; font-weight: 400;\" \/>\n<h5><span style=\"color: #008000;\"><strong>Educaci\u00f3 infantil: I5<\/strong><\/span><\/h5>\n<h6><strong>Primer trimestre<\/strong><\/h6>\n<ul>\n<li>Espectacle de cicle inicial \/ Centre Cultural La Farinera del Clot \/ Barcelona \/ A peu<\/li>\n<li>Psicomotricitat \/ Bosc Vertical \/ Matar\u00f3 \/ Autocar<\/li>\n<li>&#8220;El bosc a la tardor: castanyada&#8221; \/ Can Pou \/ Sant Antoni de Vilamajor \/ Autocar<\/li>\n<li>Celebrem la Festa Major \/ Parc del Clot \/ Barcelona \/ A peu<\/li>\n<li>Sortida a <em>Correos<\/em> \/ El Clot \/ Barcelona<\/li>\n<li>Museu Blau \/ Museu de Ci\u00e8ncies Naturals de Barcelona \/ Barcelona \/ Tram<\/li>\n<\/ul>\n<h6><strong>Segon trimestre<\/strong><\/h6>\n<ul>\n<li>Teatre en angl\u00e8s: \u201cThe London Rat\u201d \/ A l&#8217;escola<\/li>\n<li>Teatre: &#8220;Bee&#8221; \/ Centre Cultural La Farinera del Clot \/ Barcelona \/ A peu<\/li>\n<li>Concert \u201cMonstres\u201d \/ L&#8217;Auditori \/ Barcelona \/ A peu<\/li>\n<li>Museu Picasso \/ Barcelona \/ Autocar<\/li>\n<\/ul>\n<h6><strong>Tercer trimestre<\/strong><\/h6>\n<ul>\n<li>Jocs amb aigua \/ El Xaragall \/ Llinars del Vall\u00e8s \/ Autocar<\/li>\n<li>Col\u00f2nies \/ Can Ribas \/ Bigues i Riells \/ Autocar<\/li>\n<\/ul>\n<hr \/>\n<h5><span style=\"color: #008000;\"><strong>Educaci\u00f3 prim\u00e0ria: 1r<\/strong><\/span><\/h5>\n<h6><strong>Primer trimestre<\/strong><\/h6>\n<ul>\n<li>Espectacle de cicle inicial \/ Centre Cultural La Farinera del Clot \/ Barcelona \/ A peu<\/li>\n<li>Visitem la Biblioteca \/ Biblioteca El Clot &#8211; Josep Benet \/ Barcelona \/ A peu<\/li>\n<li>Animaci\u00f3 lectora &#8220;El meu avi i jo&#8221; \/ A l&#8217;escola<\/li>\n<li>Anem al mercat, a &#8220;La Paloma&#8221; i al Parc del Clot \/ Barcelona \/ A peu<\/li>\n<li>1r B: Visitem l&#8217;Institut Salvador Espriu \/ Barcelona \/ A peu<\/li>\n<\/ul>\n<h6><strong>Segon trimestre<\/strong><\/h6>\n<ul>\n<li>Teatre \u201cEls Tres Porquets\u201d \/ Teatre Regina \/ Barcelona \/ Metro<\/li>\n<li>Mozart en vambes \/ CaixaF\u00f2rum \/ Barcelona \/ Metro<\/li>\n<li>Espectacle de cicle mitj\u00e0 \/ Centre Cultural La Farinera del Clot \/ Barcelona \/ A peu<\/li>\n<li>Mirem l&#8217;escola des del cel \/ Torre Gl\u00f2ries \/ Barcelona \/ A peu<\/li>\n<li>1r A: Fundaci\u00f3 privada per la Conservaci\u00f3 i Recuperaci\u00f3 d&#8217;Animals Marins (CRAM) \/ El Prat de Llobregat \/ Autocar<\/li>\n<li>1r B: Ens visita un expert en voltors \/ A l&#8217;escola<\/li>\n<\/ul>\n<h6><strong>Tercer trimestre<\/strong><\/h6>\n<ul>\n<li>Visita \u201cExploraci\u00f3 al Lab.\u201d i taller \u201cA la manera de la ci\u00e8ncia\u201d \/ Fundaci\u00f3 Universit\u00e0ria del Bages \/ Manresa \/ Autocar<\/li>\n<li>Juguem tots i totes junts \/ Platja de la Mar Bella \/ Barcelona \/ Autocar<\/li>\n<li>Visitem la Sagrada Fam\u00edlia \/ Barcelona \/ Metro<\/li>\n<li>Taller: SantJordiDivers26&#8242; \/ A l&#8217;escola<\/li>\n<li>1r B: Visitem el Cim de les \u00c0ligues \/ Sant Feliu de Codines\u00a0 \/ Autocar<\/li>\n<\/ul>\n<\/div>\n<hr \/>\n<h5><span style=\"color: #008000;\"><strong>Educaci\u00f3 prim\u00e0ria: 2n<\/strong><\/span><\/h5>\n<h6><strong>Primer trimestre<\/strong><\/h6>\n<ul>\n<li>Visita \u201cExploraci\u00f3 al Lab.\u201d i taller \u201cA la manera de la ci\u00e8ncia\u201d \/ Fundaci\u00f3 Universit\u00e0ria del Bages \/ Manresa \/ Autocar<\/li>\n<li>Espectacle de cicle inicial \/ Centre Cultural La Farinera del Clot \/ Barcelona \/ A peu<\/li>\n<li>Imitant els vitralls \/ Poble Espanyol \/ Barcelona \/ Autocar<\/li>\n<li>Investiguem el barri \/ El Clot \/ Barcelona \/ A peu<\/li>\n<li>Visitem la Biblioteca \/ Biblioteca El Clot &#8211; Josep Benet \/ Barcelona \/ A peu<\/li>\n<li>&#8220;El meu avi i jo&#8221; \/ Activitat de dinamitzaci\u00f3 lectora \/ A l&#8217;escola<\/li>\n<\/ul>\n<h6><strong>Segon trimestre<\/strong><\/h6>\n<ul>\n<li>Taller: \u201cNyam, nyam, qu\u00e8 hi ha per berenar?\u201d &#8211; Educaci\u00f3 en el consum \/ A l&#8217;escola<\/li>\n<li>Mozart en vambes \/ CaixaF\u00f2rum \/ Barcelona \/ Metro<\/li>\n<li>Espectacle de cicle mitj\u00e0 \/ Centre Cultural La Farinera del Clot \/ Barcelona \/ A peu<\/li>\n<li>Visitem el Mercat del Clot \/ Barcelona \/ A peu<\/li>\n<\/ul>\n<h6><strong>Tercer trimestre<\/strong><\/h6>\n<ul>\n<li>Dansa Ara \/ Estadi Ol\u00edmpic \/ Barcelona \/ Autocar<\/li>\n<li>Teatre en angl\u00e8s: \u201cCinderella\u201d \/ Centre Moral i Cultural del Poblenou \/ Barcelona \/ A peu<\/li>\n<li>Col\u00f2nies \/ Can Puig \/ Sant Salvador de Guardiola \/ Autocar<\/li>\n<li>Visitem la Sagrada Fam\u00edlia \/ Barcelona \/ Metro<\/li>\n<li>Taller: SantJordiDivers26&#8242; \/ A l&#8217;escola<\/li>\n<\/ul>\n<hr \/>\n<h5><span style=\"color: #008000;\"><strong>Educaci\u00f3 prim\u00e0ria: 3r<\/strong><\/span><\/h5>\n<h6><strong>Primer trimestre<\/strong><\/h6>\n<ul>\n<li>Taller \u201cCarbassonem\u201d \/ A l&#8217;escola<\/li>\n<li>Taller &#8220;Les c\u00fapules de Leonardo Da Vinci&#8221; \/ A l&#8217;escola<\/li>\n<li>Visita a la Delegaci\u00f3 Territorial de l&#8217;AEMET \/ Barcelona \/ Metro<\/li>\n<li>Cantada de Nadales en angl\u00e8s \/ Pla\u00e7a del Mercat &#8211; Centre Comercial Westfield Gl\u00f2ries &#8211; La Clariana \/ Barri del Clot \/ Barcelona \/ A peu<\/li>\n<\/ul>\n<h6><strong>Segon trimestre<\/strong><\/h6>\n<ul>\n<li>Teatre: \u201cArmstrong, un musical molt especial\u201d \/ Teatre Poliorama \/ Barcelona \/ Metro<\/li>\n<li>Espectacle de cicle mitj\u00e0 \/ Centre Cultural La Farinera del Clot \/ Barcelona \/ A peu<\/li>\n<li>Curses d&#8217;orientaci\u00f3 \/ Parc del F\u00f2rum \/ Barcelona \/ TRAM<\/li>\n<li>Teatre: &#8220;Embolic&#8221; (nom\u00e9s alumnat de l&#8217;aula d&#8217;acollida) \/ Auditori de Sant Mart\u00ed \/ Barcelona \/ A peu<\/li>\n<li>Teatre: &#8220;Al\u00edcia al pa\u00eds dels m\u00f2bils&#8221; \/ Teatre Romea \/ Barcelona \/ Metro<\/li>\n<li>Animaci\u00f3 lectora \/ Biblioteca Gabriel Garc\u00eda M\u00e1rquez \/ Barcelona \/ A peu<\/li>\n<\/ul>\n<h6><strong>Tercer trimestre<\/strong><\/h6>\n<ul>\n<li>Espectacle de cicle superior \/ Centre Cultural La Farinera del Clot \/ Barcelona \/ A peu<\/li>\n<li>Activitats d&#8217;aventura \/ Can Putxet \/ Sant Celoni \/ Autocar<\/li>\n<\/ul>\n<hr \/>\n<\/div>\n<h5><span style=\"color: #008000;\"><strong>Educaci\u00f3 prim\u00e0ria:\u00a04t<\/strong><\/span><\/h5>\n<h6><strong>Primer trimestre<\/strong><\/h6>\n<ul>\n<li>Anem a la biblioteca \/ Biblioteca Camp de l&#8217;Arpa &#8211; Caterina Albert \/ A peu<\/li>\n<li>Taller \u201cCarbassonem\u201d \/ A l&#8217;escola<\/li>\n<li>Visita a la mina i taller de joieria \/ Parc Arqueol\u00f2gic de les Mines \/ Gav\u00e0 \/ Autocar<\/li>\n<li>Taller &#8220;Les c\u00fapules de Leonardo Da Vinci&#8221; \/ A l&#8217;escola<\/li>\n<li>Cantada de Nadales en angl\u00e8s \/ Pla\u00e7a del Mercat &#8211; Centre Comercial Westfield Gl\u00f2ries &#8211; La Clariana \/ Barri del Clot \/ Barcelona \/ A peu<\/li>\n<li>Cantada de Nadales en angl\u00e8s \/ Pla\u00e7a del Mercat &#8211; Centre Comercial Westfield Gl\u00f2ries &#8211; La Clariana \/ Barri del Clot \/ Barcelona \/ A peu<\/li>\n<\/ul>\n<h6><strong>Segon trimestre<\/strong><\/h6>\n<ul>\n<li>Teatre en angl\u00e8s: \u201cRobin Hood\u201d \/ Centre Moral i Cultural del Poblenou \/ Barcelona \/ A peu<\/li>\n<li>Espectacle de cicle mitj\u00e0 \/ Centre Cultural La Farinera del Clot \/ Barcelona \/ A peu<\/li>\n<li>B\u00e0dminton \/ CEM La Marbella \/ Barcelona \/ Autocar<\/li>\n<li>Taller de doblatge \/ A l&#8217;escola (nom\u00e9s l&#8217;alumnat de l&#8217;aula d&#8217;acollida)<\/li>\n<li>Teatre &#8220;Embolic&#8221; (nom\u00e9s alumnat de l&#8217;aula d&#8217;acollida) \/ Auditori de Sant Mart\u00ed \/ Barcelona \/ A peu<\/li>\n<li>Penjada de cartells &#8220;Banc de Sang&#8221; \/ El Clot \/ Barcelona \/ A peu<\/li>\n<li>Autors a les aules: Oriol Canosa \/ A l&#8217;escola<\/li>\n<\/ul>\n<h6><strong>Tercer trimestre<\/strong><\/h6>\n<ul>\n<li>Espectacle de cicle superior \/ Centre Cultural La Farinera del Clot \/ Barcelona \/ A peu<\/li>\n<li>Col\u00f2nies \/ C\u00e0mping del Mar \/ Malgrat de Mar \/ Autocar<\/li>\n<li>Autors a les aules \/ A l&#8217;escola<\/li>\n<\/ul>\n<hr \/>\n<h5><span style=\"color: #008000;\"><strong>Educaci\u00f3 prim\u00e0ria: 5\u00e8<\/strong><\/span><\/h5>\n<h6><strong>Primer trimestre<\/strong><\/h6>\n<ul>\n<li>Coneixent Ib\u00e1\u00f1ez \/ Biblioteca Gabriel Garc\u00eda M\u00e1rquez \/ Barcelona \/ A peu<\/li>\n<li>Reptes de la prehist\u00f2ria \/ Museu d&#8217;Hist\u00f2ria de Catalunya \/ Barcelona \/ Anada amb metro, tornada amb TRAM<\/li>\n<li>Taller d&#8217;abelles \/ A l&#8217;escola<\/li>\n<li>Sortida de tardor \/ Castell de Fluvi\u00e0 \/ Sant Esteve de Palautordera \/ Autocar<\/li>\n<li>Dibuix al natural \/ Barri del Clot \/ Barcelona \/ A peu<\/li>\n<\/ul>\n<h6><strong>Segon trimestre<\/strong><\/h6>\n<ul>\n<li>El m\u00f3n de la c\u00e8l\u00b7lula \/ Museu de la Ci\u00e8ncia &#8211; CosmoCaixa \/ Barcelona \/ Tot el dia<\/li>\n<li>Symphony + Hist\u00f2ria d&#8217;un retrat \/ CaixaF\u00f2rum \/ Barcelona \/ Metro<\/li>\n<li>Magic brains: il\u00b7lusionar i ensenyar des de la m\u00e0gia \/ A l&#8217;escola<\/li>\n<li>Taller de doblatge \/ A l&#8217;escola (nom\u00e9s l&#8217;alumnat de l&#8217;aula d&#8217;acollida)<\/li>\n<li>Teatre &#8220;Embolic&#8221; (nom\u00e9s alumnat de l&#8217;aula d&#8217;acollida) \/ Auditori de Sant Mart\u00ed \/ Barcelona \/ A peu<\/li>\n<li>Scottish dance \/ A l&#8217;escola<\/li>\n<li>Taller: muralisme \/ Rocblackblock \/ A l&#8217;escola<\/li>\n<li>Projecte FariMelis \/ Escola Torrent d&#8217;en Melis \/ Barcelona \/ Autob\u00fas (nom\u00e9s un grup d&#8217;alumnes)<\/li>\n<\/ul>\n<h6><strong>Tercer trimestre<\/strong><\/h6>\n<ul>\n<li>Espectacle de cicle superior \/ Centre Cultural La Farinera del Clot \/ Barcelona \/ A peu<\/li>\n<li>Escalada \/ Montju\u00efc \/ Barcelona \/ Autocar<\/li>\n<li>Bateig de mar \/ Badalona \/ Tren<\/li>\n<li>Taller &#8220;Anima una hist\u00f2ria&#8221; \/ A l&#8217;escola<\/li>\n<\/ul>\n<hr \/>\n<div>\n<h5><span style=\"color: #008000;\"><strong>Educaci\u00f3 prim\u00e0ria: 6\u00e8<\/strong><\/span><\/h5>\n<h6><strong>Primer trimestre<\/strong><\/h6>\n<ul>\n<li>Reptes de la prehist\u00f2ria \/ Museu d&#8217;Hist\u00f2ria de Catalunya \/ Barcelona \/ Anada amb metro, tornada amb TRAM<\/li>\n<li>Visitem el Parlament \/ Parc de la Ciutadella \/ Barcelona \/ TRAM<\/li>\n<li>L&#8217;escola cuina al mercat \/ Mercat de Santa Caterina \/ Barcelona \/ Metro<\/li>\n<li>\u201cI ara, qu\u00e8 llegeixo?\u201d \/\u00a0 Biblioteca Camp de l&#8217;Arpa &#8211; Caterina Albert \/ Barcelona \/ A peu<\/li>\n<li>Teatre en angl\u00e8s: \u201cChristmas Carol\u201d \/ C\u00edrcol Cat\u00f2lic de Badalona \/ Badalona \/ Metro<\/li>\n<li>Dibuix al natural \/ Barri del Clot \/ Barcelona \/ A peu<\/li>\n<\/ul>\n<h6><strong style=\"font-size: 0.944444rem; background-color: rgba(0, 0, 0, 0);\">Segon trimestre<\/strong><\/h6>\n<ul>\n<li>Talking brains: inspirar en neuroci\u00e8ncia des de la tecnologia \/ A l&#8217;escola<\/li>\n<li><span style=\"color: #ff0000;\">ANUL\u00b7LADA<\/span> Voleibol \/ \u00c8gora Ol\u00edmpics \/ Barcelona \/ Autocar<\/li>\n<li>Coneix la c\u00e8l\u00b7lula: un viatge fascinant! \/ Escolab, Centre de Regulaci\u00f3 Genom\u00f2nica (CRG) \/ Barcelona \/ TRAM<\/li>\n<li>Fen\u00f2mens el\u00e8ctrics \/ CosmoCaixa \/ Barcelona \/ Autocar<\/li>\n<li>Com ens relacionem a trav\u00e9s de les pantalles \/ A l&#8217;escola<\/li>\n<li>Taller de doblatge \/ A l&#8217;escola (nom\u00e9s l&#8217;alumnat de l&#8217;aula d&#8217;acollida)<\/li>\n<li>Xerrada sobre muralisme \/ RocBlackBlock \/ A l&#8217;escola<\/li>\n<li>Teatre &#8220;Embolic&#8221; (nom\u00e9s alumnat de l&#8217;aula d&#8217;acollida) \/ Auditori de Sant Mart\u00ed \/ Barcelona \/ A peu<\/li>\n<li>Taller de percussi\u00f3 amb bidons \/ A l&#8217;escola<\/li>\n<li>Visita a l&#8217;Institut Salvador Espriu \/ Barcelona \/ A peu<\/li>\n<li>Scottish dance \/ A l&#8217;escola<\/li>\n<li>Visita a l&#8217;Institut Caterina Albert \/ Barcelona \/ A peu<\/li>\n<li>Visita a l&#8217;Institut Mois\u00e8s Broggi \/ Barcelona \/ A peu<\/li>\n<\/ul>\n<h6><strong>Tercer trimestre<\/strong><\/h6>\n<ul>\n<li>Espectacle de cicle superior \/ Centre Cultural La Farinera del Clot \/ Barcelona \/ A peu<\/li>\n<li>Col\u00f2nies \/ Villa Engr\u00e0cia \/ Les Masies \/ Tarragona \/ Autocar<\/li>\n<li>Taller &#8220;Anima una hist\u00f2ria&#8221; \/ A l&#8217;escola<\/li>\n<\/ul>\n<\/div>\n<\/div>\n<\/div>\n","protected":false},"excerpt":{"rendered":"<p>Si voleu con\u00e8ixer la data de cada sortida, feu clic en aquest enlla\u00e7 (contingut protegit exclusiu per a les fam\u00edlies [&hellip;]<\/p>\n","protected":false},"author":1,"featured_media":0,"parent":461,"menu_order":60,"comment_status":"closed","ping_status":"closed","template":"","meta":{"_bbp_topic_count":0,"_bbp_reply_count":0,"_bbp_total_topic_count":0,"_bbp_total_reply_count":0,"_bbp_voice_count":0,"_bbp_anonymous_reply_count":0,"_bbp_topic_count_hidden":0,"_bbp_reply_count_hidden":0,"_bbp_forum_subforum_count":0,"site-sidebar-layout":"default","site-content-layout":"","ast-site-content-layout":"default","site-content-style":"default","site-sidebar-style":"default","ast-global-header-display":"","ast-banner-title-visibility":"","ast-main-header-display":"","ast-hfb-above-header-display":"","ast-hfb-below-header-display":"","ast-hfb-mobile-header-display":"","site-post-title":"","ast-breadcrumbs-content":"","ast-featured-img":"","footer-sml-layout":"","theme-transparent-header-meta":"","adv-header-id-meta":"","stick-header-meta":"","header-above-stick-meta":"","header-main-stick-meta":"","header-below-stick-meta":"","astra-migrate-meta-layouts":"set","ast-page-background-enabled":"default","ast-page-background-meta":{"desktop":{"background-color":"var(--ast-global-color-4)","background-image":"","background-repeat":"repeat","background-position":"center center","background-size":"auto","background-attachment":"scroll","background-type":"","background-media":"","overlay-type":"","overlay-color":"","overlay-opacity":"","overlay-gradient":""},"tablet":{"background-color":"","background-image":"","background-repeat":"repeat","background-position":"center center","background-size":"auto","background-attachment":"scroll","background-type":"","background-media":"","overlay-type":"","overlay-color":"","overlay-opacity":"","overlay-gradient":""},"mobile":{"background-color":"","background-image":"","background-repeat":"repeat","background-position":"center center","background-size":"auto","background-attachment":"scroll","background-type":"","background-media":"","overlay-type":"","overlay-color":"","overlay-opacity":"","overlay-gradient":""}},"ast-content-background-meta":{"desktop":{"background-color":"var(--ast-global-color-5)","background-image":"","background-repeat":"repeat","background-position":"center center","background-size":"auto","background-attachment":"scroll","background-type":"","background-media":"","overlay-type":"","overlay-color":"","overlay-opacity":"","overlay-gradient":""},"tablet":{"background-color":"var(--ast-global-color-5)","background-image":"","background-repeat":"repeat","background-position":"center center","background-size":"auto","background-attachment":"scroll","background-type":"","background-media":"","overlay-type":"","overlay-color":"","overlay-opacity":"","overlay-gradient":""},"mobile":{"background-color":"var(--ast-global-color-5)","background-image":"","background-repeat":"repeat","background-position":"center center","background-size":"auto","background-attachment":"scroll","background-type":"","background-media":"","overlay-type":"","overlay-color":"","overlay-opacity":"","overlay-gradient":""}},"footnotes":""},"class_list":["post-463","page","type-page","status-publish","hentry"],"post_mailing_queue_ids":[],"_links":{"self":[{"href":"https:\/\/agora.xtec.cat\/ceipfarigolaclot\/wp-json\/wp\/v2\/pages\/463","targetHints":{"allow":["GET"]}}],"collection":[{"href":"https:\/\/agora.xtec.cat\/ceipfarigolaclot\/wp-json\/wp\/v2\/pages"}],"about":[{"href":"https:\/\/agora.xtec.cat\/ceipfarigolaclot\/wp-json\/wp\/v2\/types\/page"}],"author":[{"embeddable":true,"href":"https:\/\/agora.xtec.cat\/ceipfarigolaclot\/wp-json\/wp\/v2\/users\/1"}],"replies":[{"embeddable":true,"href":"https:\/\/agora.xtec.cat\/ceipfarigolaclot\/wp-json\/wp\/v2\/comments?post=463"}],"version-history":[{"count":6,"href":"https:\/\/agora.xtec.cat\/ceipfarigolaclot\/wp-json\/wp\/v2\/pages\/463\/revisions"}],"predecessor-version":[{"id":46458,"href":"https:\/\/agora.xtec.cat\/ceipfarigolaclot\/wp-json\/wp\/v2\/pages\/463\/revisions\/46458"}],"up":[{"embeddable":true,"href":"https:\/\/agora.xtec.cat\/ceipfarigolaclot\/wp-json\/wp\/v2\/pages\/461"}],"wp:attachment":[{"href":"https:\/\/agora.xtec.cat\/ceipfarigolaclot\/wp-json\/wp\/v2\/media?parent=463"}],"curies":[{"name":"wp","href":"https:\/\/api.w.org\/{rel}","templated":true}]}}