{"id":39514,"date":"2024-07-07T07:59:05","date_gmt":"2024-07-07T05:59:05","guid":{"rendered":"https:\/\/agora.xtec.cat\/ceipfarigolaclot\/?page_id=39514"},"modified":"2025-10-09T12:25:36","modified_gmt":"2025-10-09T10:25:36","slug":"documents-de-centre","status":"publish","type":"page","link":"https:\/\/agora.xtec.cat\/ceipfarigolaclot\/lescola\/documents-de-centre\/","title":{"rendered":"Documents de centre"},"content":{"rendered":"<table style=\"border-collapse: collapse; width: 100%; height: 655px;\">\n<tbody>\n<tr style=\"height: 30px;\">\n<th style=\"width: 52.9116%; height: 30px; text-align: center; vertical-align: middle;\" scope=\"row\">\n<h3>Documents p\u00fablics<\/h3>\n<\/th>\n<th style=\"text-align: center; vertical-align: middle; width: 10.241%; height: 30px;\">\n<h5>Nom abreujat<\/h5>\n<\/th>\n<th style=\"text-align: center; vertical-align: middle; width: 6.6767%; height: 30px;\" scope=\"row\">\n<h5>Data d&#8217;aprovaci\u00f3<\/h5>\n<\/th>\n<th style=\"text-align: center; vertical-align: middle; width: 6.6767%; height: 30px;\">\n<h5>\u00c0mbit d&#8217;aprovaci\u00f3<\/h5>\n<\/th>\n<\/tr>\n<tr style=\"height: 32px;\">\n<td style=\"width: 52.9116%; height: 40px;\"><a href=\"https:\/\/drive.google.com\/file\/d\/18bNbI5nkrBDWs154PAsnV8PfG-7TtcDx\/view?usp=sharing\" target=\"_blank\" rel=\"noopener\">Projecte educatiu de centre<\/a><\/td>\n<td style=\"width: 10.241%; text-align: center; vertical-align: middle; height: 40px;\">PEC<\/td>\n<td style=\"text-align: center; vertical-align: middle; width: 6.6767%; height: 40px;\">12.06.2025<\/td>\n<td style=\"text-align: center; vertical-align: middle; width: 6.6767%; height: 40px;\">Consell escolar<\/td>\n<\/tr>\n<tr style=\"height: 32px;\">\n<td style=\"width: 52.9116%; height: 40px;\"><a href=\"https:\/\/drive.google.com\/file\/d\/18WsVD6LzxFPiNuz8b1eoDLgwNXNsKOOd\/view?usp=sharing\" target=\"_blank\" rel=\"noopener\">Normes d&#8217;organitzaci\u00f3 i funcionament del centre<\/a><\/td>\n<td style=\"text-align: center; vertical-align: middle; width: 10.241%; height: 40px;\">NOFC<\/td>\n<td style=\"text-align: center; vertical-align: middle; width: 6.6767%; height: 40px;\">12.06.2025<\/td>\n<td style=\"text-align: center; vertical-align: middle; width: 6.6767%; height: 40px;\">Consell escolar<\/td>\n<\/tr>\n<tr style=\"height: 32px;\">\n<td style=\"width: 52.9116%; height: 40px;\"><a href=\"https:\/\/agora.xtec.cat\/ceipfarigolaclot\/estrategia-digital-de-centre\/\">Estrat\u00e8gia digital de centre<\/a><\/td>\n<td style=\"text-align: center; vertical-align: middle; width: 10.241%; height: 40px;\">EDC<\/td>\n<td style=\"text-align: center; vertical-align: middle; width: 6.6767%; height: 40px;\">12.06.2023<\/td>\n<td style=\"text-align: center; vertical-align: middle; width: 6.6767%; height: 40px;\">Consell escolar<\/td>\n<\/tr>\n<tr style=\"height: 32px;\">\n<td style=\"width: 52.9116%; height: 40px;\"><a href=\"https:\/\/drive.google.com\/file\/d\/1XaoJvsIG9hbndQg9xhK-xYnXU_de2fRC\/view?usp=sharing\" target=\"_blank\" rel=\"noopener\">Projecte ling\u00fc\u00edstic<\/a><\/td>\n<td style=\"text-align: center; vertical-align: middle; width: 10.241%; height: 40px;\">PLC<\/td>\n<td style=\"text-align: center; vertical-align: middle; width: 6.6767%; height: 40px;\">16.10.2023<\/td>\n<td style=\"text-align: center; vertical-align: middle; width: 6.6767%; height: 40px;\">Consell escolar<\/td>\n<\/tr>\n<tr style=\"height: 32px;\">\n<td style=\"width: 52.9116%; height: 40px;\"><a href=\"https:\/\/drive.google.com\/file\/d\/1XV-ZZuJIuiWBm7WIQqijwoeJCZ_h7krD\/view?usp=sharing\" target=\"_blank\" rel=\"noopener\">Pla de funcionament del menjador<\/a><\/td>\n<td style=\"text-align: center; vertical-align: middle; width: 10.241%; height: 40px;\">PFM<\/td>\n<td style=\"text-align: center; vertical-align: middle; width: 6.6767%; height: 40px;\">07.10.2025<\/td>\n<td style=\"text-align: center; vertical-align: middle; width: 6.6767%; height: 40px;\">Consell escolar<\/td>\n<\/tr>\n<tr style=\"height: 30px;\">\n<th style=\"width: 52.9116%; height: 30px; text-align: center; vertical-align: middle;\" scope=\"row\">\n<h3>Documents interns<\/h3>\n<\/th>\n<th style=\"text-align: center; vertical-align: middle; width: 10.241%; height: 30px;\">\n<h5>Nom abreujat<\/h5>\n<\/th>\n<th style=\"text-align: center; vertical-align: middle; width: 6.6767%; height: 30px;\" scope=\"row\">\n<h5>Data d&#8217;aprovaci\u00f3<\/h5>\n<\/th>\n<th style=\"text-align: center; vertical-align: middle; width: 6.6767%; height: 30px;\">\n<h5>\u00c0mbit d&#8217;aprovaci\u00f3<\/h5>\n<\/th>\n<\/tr>\n<tr style=\"height: 32px;\">\n<td style=\"width: 52.9116%; height: 40px;\"><a href=\"https:\/\/drive.google.com\/file\/d\/18a8pYFnEOYjHHn2TVbltZhoSF7SVzBUJ\/view?usp=sharing\" target=\"_blank\" rel=\"noopener\">Projecte de direcci\u00f3<\/a><\/td>\n<td style=\"text-align: center; vertical-align: middle; width: 10.241%; height: 40px;\">PD<\/td>\n<td style=\"text-align: center; vertical-align: middle; width: 6.6767%; height: 40px;\">01.09.2022<\/td>\n<td style=\"text-align: center; vertical-align: middle; width: 6.6767%; height: 40px;\">Direcci\u00f3<\/td>\n<\/tr>\n<tr style=\"height: 32px;\">\n<td style=\"width: 52.9116%; height: 40px;\"><a href=\"https:\/\/drive.google.com\/file\/d\/18_uzqM7v-J6ggKZ-LDXSP3kPbpRBHE65\/view?usp=sharing\" target=\"_blank\" rel=\"noopener\">Projecte de conviv\u00e8ncia<\/a><\/td>\n<td style=\"text-align: center; vertical-align: middle; width: 10.241%; height: 40px;\">PC<\/td>\n<td style=\"text-align: center; vertical-align: middle; width: 6.6767%; height: 40px;\">04.12.2023<\/td>\n<td style=\"text-align: center; vertical-align: middle; width: 6.6767%; height: 40px;\">Consell escolar<\/td>\n<\/tr>\n<tr style=\"height: 32px;\">\n<td style=\"width: 52.9116%; height: 40px;\"><a href=\"https:\/\/drive.google.com\/file\/d\/18YCuHaIaQfwmmN1Mf59RECDRmKkReW-a\/view?usp=sharing\" target=\"_blank\" rel=\"noopener\">Pla de comunicaci\u00f3<\/a><\/td>\n<td style=\"text-align: center; vertical-align: middle; width: 10.241%; height: 40px;\">PdC<\/td>\n<td style=\"text-align: center; vertical-align: middle; width: 6.6767%; height: 40px;\">29.01.2024<\/td>\n<td style=\"text-align: center; vertical-align: middle; width: 6.6767%; height: 40px;\">Equip directiu<\/td>\n<\/tr>\n<tr style=\"height: 32px;\">\n<td style=\"width: 52.9116%; height: 40px;\"><a href=\"https:\/\/drive.google.com\/file\/d\/18XaOqcemUSKzmvKi1oGPTi19ZbEGGfAH\/view?usp=sharing\" target=\"_blank\" rel=\"noopener\">Pla d&#8217;acollida<\/a><\/td>\n<td style=\"text-align: center; vertical-align: middle; width: 10.241%; height: 40px;\">PA<\/td>\n<td style=\"text-align: center; vertical-align: middle; width: 6.6767%; height: 40px;\">26.06.2023<\/td>\n<td style=\"text-align: center; vertical-align: middle; width: 6.6767%; height: 40px;\">Equip directiu<\/td>\n<\/tr>\n<tr style=\"height: 32px;\">\n<td style=\"width: 52.9116%; height: 40px;\"><a href=\"https:\/\/drive.google.com\/file\/d\/18XyqLgTCvel2IDlNc2QCtMfeqgJYJMzJ\/view?usp=sharing\" target=\"_blank\" rel=\"noopener\">Pla d&#8217;atenci\u00f3 educativa inclusiva<\/a><\/td>\n<td style=\"text-align: center; vertical-align: middle; width: 10.241%; height: 40px;\">PAEI<\/td>\n<td style=\"text-align: center; vertical-align: middle; width: 6.6767%; height: 40px;\">12.01.2024<\/td>\n<td style=\"text-align: center; vertical-align: middle; width: 6.6767%; height: 40px;\">Equip directiu<\/td>\n<\/tr>\n<tr style=\"height: 32px;\">\n<td style=\"width: 52.9116%; height: 40px;\"><a href=\"https:\/\/drive.google.com\/file\/d\/1OO2Ob0F5_nX5uMWjwmBQx3BwGZA7cbza\/view?usp=sharing\" target=\"_blank\" rel=\"noopener\">Pla d&#8217;organitzaci\u00f3 del centre per altes temperatures<\/a><\/td>\n<td style=\"text-align: center; vertical-align: middle; width: 10.241%; height: 40px;\">POCAT<\/td>\n<td style=\"text-align: center; vertical-align: middle; width: 6.6767%; height: 40px;\">12.05.2023<\/td>\n<td style=\"text-align: center; vertical-align: middle; width: 6.6767%; height: 40px;\">Equip directiu<\/td>\n<\/tr>\n<tr style=\"height: 32px;\">\n<td style=\"width: 52.9116%; height: 40px;\"><a href=\"https:\/\/drive.google.com\/file\/d\/18_7WF_qFLGHE2l1jzM_kW10CPcIzJDtC\/view?usp=sharing\" target=\"_blank\" rel=\"noopener\">Programaci\u00f3 General Anual de Centre<\/a><\/td>\n<td style=\"text-align: center; vertical-align: middle; width: 10.241%; height: 40px;\">PGAC<\/td>\n<td style=\"text-align: center; vertical-align: middle; width: 6.6767%; height: 40px;\">07.10.2025<\/td>\n<td style=\"text-align: center; vertical-align: middle; width: 6.6767%; height: 40px;\">Consell escolar<\/td>\n<\/tr>\n<tr style=\"height: 40px;\">\n<td style=\"width: 52.9116%; height: 40px;\"><a href=\"https:\/\/drive.google.com\/file\/d\/18Ws5yYM1eQSbiG3Mb7yBot-Ioj3XY_zb\/view?usp=sharing\" target=\"_blank\" rel=\"noopener\">Mem\u00f2ria Anual de Centre<\/a><\/td>\n<td style=\"text-align: center; vertical-align: middle; width: 10.241%; height: 40px;\">MAC<\/td>\n<td style=\"text-align: center; vertical-align: middle; width: 6.6767%; height: 40px;\">27.06.2024<\/td>\n<td style=\"text-align: center; vertical-align: middle; width: 6.6767%; height: 40px;\">Consell escolar<\/td>\n<\/tr>\n<tr style=\"height: 40px;\">\n<td style=\"width: 52.9116%; height: 36px;\"><a href=\"https:\/\/drive.google.com\/file\/d\/18YTn08BUiJ8WrmwHmLuU9GefrcImcNYE\/view?usp=sharing\" target=\"_blank\" rel=\"noopener\">Pla d&#8217;emerg\u00e8ncia<\/a><\/td>\n<td style=\"text-align: center; vertical-align: middle; width: 10.241%; height: 36px;\">Pd&#8217;E<\/td>\n<td style=\"text-align: center; vertical-align: middle; width: 6.6767%; height: 36px;\">23.09.2023<\/td>\n<td style=\"text-align: center; vertical-align: middle; width: 6.6767%; height: 36px;\">Riscos laborals<\/td>\n<\/tr>\n<tr style=\"height: 40px;\">\n<td style=\"width: 52.9116%; height: 39px;\"><a href=\"https:\/\/drive.google.com\/file\/d\/1wxGI4-4jhYBp9sI8qL3HQmf752GLsCM5\/view?usp=sharing\" target=\"_blank\" rel=\"noopener\">Pla d&#8217;Acci\u00f3 Tutorial<\/a><\/td>\n<td style=\"text-align: center; vertical-align: middle; width: 10.241%; height: 39px;\">PAT<\/td>\n<td style=\"text-align: center; vertical-align: middle; width: 6.6767%; height: 39px;\">12.06.2025<\/td>\n<td style=\"text-align: center; vertical-align: middle; width: 6.6767%; height: 39px;\">Consell escolar<\/td>\n<\/tr>\n<\/tbody>\n<\/table>\n\n\n<p><\/p>\n","protected":false},"excerpt":{"rendered":"<p>Documents p\u00fablics Nom abreujat Data d&#8217;aprovaci\u00f3 \u00c0mbit d&#8217;aprovaci\u00f3 Projecte educatiu de centre PEC 12.06.2025 Consell escolar Normes d&#8217;organitzaci\u00f3 i funcionament [&hellip;]<\/p>\n","protected":false},"author":1,"featured_media":0,"parent":22,"menu_order":49,"comment_status":"closed","ping_status":"closed","template":"","meta":{"_bbp_topic_count":0,"_bbp_reply_count":0,"_bbp_total_topic_count":0,"_bbp_total_reply_count":0,"_bbp_voice_count":0,"_bbp_anonymous_reply_count":0,"_bbp_topic_count_hidden":0,"_bbp_reply_count_hidden":0,"_bbp_forum_subforum_count":0,"site-sidebar-layout":"default","site-content-layout":"","ast-site-content-layout":"default","site-content-style":"default","site-sidebar-style":"default","ast-global-header-display":"","ast-banner-title-visibility":"","ast-main-header-display":"","ast-hfb-above-header-display":"","ast-hfb-below-header-display":"","ast-hfb-mobile-header-display":"","site-post-title":"","ast-breadcrumbs-content":"","ast-featured-img":"","footer-sml-layout":"","theme-transparent-header-meta":"","adv-header-id-meta":"","stick-header-meta":"","header-above-stick-meta":"","header-main-stick-meta":"","header-below-stick-meta":"","astra-migrate-meta-layouts":"set","ast-page-background-enabled":"default","ast-page-background-meta":{"desktop":{"background-color":"var(--ast-global-color-4)","background-image":"","background-repeat":"repeat","background-position":"center center","background-size":"auto","background-attachment":"scroll","background-type":"","background-media":"","overlay-type":"","overlay-color":"","overlay-opacity":"","overlay-gradient":""},"tablet":{"background-color":"","background-image":"","background-repeat":"repeat","background-position":"center center","background-size":"auto","background-attachment":"scroll","background-type":"","background-media":"","overlay-type":"","overlay-color":"","overlay-opacity":"","overlay-gradient":""},"mobile":{"background-color":"","background-image":"","background-repeat":"repeat","background-position":"center center","background-size":"auto","background-attachment":"scroll","background-type":"","background-media":"","overlay-type":"","overlay-color":"","overlay-opacity":"","overlay-gradient":""}},"ast-content-background-meta":{"desktop":{"background-color":"var(--ast-global-color-5)","background-image":"","background-repeat":"repeat","background-position":"center center","background-size":"auto","background-attachment":"scroll","background-type":"","background-media":"","overlay-type":"","overlay-color":"","overlay-opacity":"","overlay-gradient":""},"tablet":{"background-color":"var(--ast-global-color-5)","background-image":"","background-repeat":"repeat","background-position":"center center","background-size":"auto","background-attachment":"scroll","background-type":"","background-media":"","overlay-type":"","overlay-color":"","overlay-opacity":"","overlay-gradient":""},"mobile":{"background-color":"var(--ast-global-color-5)","background-image":"","background-repeat":"repeat","background-position":"center center","background-size":"auto","background-attachment":"scroll","background-type":"","background-media":"","overlay-type":"","overlay-color":"","overlay-opacity":"","overlay-gradient":""}},"footnotes":""},"class_list":["post-39514","page","type-page","status-publish","hentry"],"post_mailing_queue_ids":[],"_links":{"self":[{"href":"https:\/\/agora.xtec.cat\/ceipfarigolaclot\/wp-json\/wp\/v2\/pages\/39514","targetHints":{"allow":["GET"]}}],"collection":[{"href":"https:\/\/agora.xtec.cat\/ceipfarigolaclot\/wp-json\/wp\/v2\/pages"}],"about":[{"href":"https:\/\/agora.xtec.cat\/ceipfarigolaclot\/wp-json\/wp\/v2\/types\/page"}],"author":[{"embeddable":true,"href":"https:\/\/agora.xtec.cat\/ceipfarigolaclot\/wp-json\/wp\/v2\/users\/1"}],"replies":[{"embeddable":true,"href":"https:\/\/agora.xtec.cat\/ceipfarigolaclot\/wp-json\/wp\/v2\/comments?post=39514"}],"version-history":[{"count":6,"href":"https:\/\/agora.xtec.cat\/ceipfarigolaclot\/wp-json\/wp\/v2\/pages\/39514\/revisions"}],"predecessor-version":[{"id":44237,"href":"https:\/\/agora.xtec.cat\/ceipfarigolaclot\/wp-json\/wp\/v2\/pages\/39514\/revisions\/44237"}],"up":[{"embeddable":true,"href":"https:\/\/agora.xtec.cat\/ceipfarigolaclot\/wp-json\/wp\/v2\/pages\/22"}],"wp:attachment":[{"href":"https:\/\/agora.xtec.cat\/ceipfarigolaclot\/wp-json\/wp\/v2\/media?parent=39514"}],"curies":[{"name":"wp","href":"https:\/\/api.w.org\/{rel}","templated":true}]}}