{"id":29858,"date":"2022-03-22T22:43:35","date_gmt":"2022-03-22T21:43:35","guid":{"rendered":"https:\/\/agora.xtec.cat\/ceipfarigolaclot\/?page_id=29858"},"modified":"2026-03-03T15:49:22","modified_gmt":"2026-03-03T14:49:22","slug":"preinscripcio","status":"publish","type":"page","link":"https:\/\/agora.xtec.cat\/ceipfarigolaclot\/lescola\/preinscripcio\/","title":{"rendered":"Proc\u00e9s de preinscripci\u00f3 i matr\u00edcula"},"content":{"rendered":"\n<h5 class=\"wp-block-heading\" style=\"padding-top:0;padding-bottom:0\"><span style=\"text-decoration: underline;\"><span style=\"color: #008000; text-decoration: underline;\">Informacions d&#8217;inter\u00e8s<\/span><\/span><\/h5>\n\n\n\n<ul class=\"wp-block-list\">\n<li style=\"margin-right:var(--wp--preset--spacing--30);margin-left:var(--wp--preset--spacing--30)\"><a href=\"https:\/\/agora.xtec.cat\/ceipfarigolaclot\/general\/trets-caracteristics-i-diferencials-de-la-nostra-escola\/\">Trets caracter\u00edstics i diferencials de la nostra escola<\/a>: qui som?, qu\u00e8 fem?, com ho fem?<\/li>\n\n\n\n<li style=\"margin-right:var(--wp--preset--spacing--30);margin-left:var(--wp--preset--spacing--30)\"><a href=\"https:\/\/drive.google.com\/file\/d\/18bNbI5nkrBDWs154PAsnV8PfG-7TtcDx\/view?usp=sharing\" target=\"_blank\" rel=\"noreferrer noopener\">Projecte educatiu del centre<\/a><\/li>\n\n\n\n<li style=\"margin-right:var(--wp--preset--spacing--30);margin-left:var(--wp--preset--spacing--30)\"><a href=\"https:\/\/agora.xtec.cat\/ceipfarigolaclot\/general\/centres-adscrits\/\">Centres adscrits<\/a><\/li>\n\n\n\n<li style=\"margin-right:var(--wp--preset--spacing--30);margin-left:var(--wp--preset--spacing--30)\"><a href=\"https:\/\/agora.xtec.cat\/ceipfarigolaclot\/general\/quotes\/\">Aportacions de les fam\u00edlies per a material i sortides<\/a><\/li>\n\n\n\n<li style=\"margin-right:var(--wp--preset--spacing--30);margin-left:var(--wp--preset--spacing--30)\"><a href=\"https:\/\/agora.xtec.cat\/ceipfarigolaclot\/serveis\/menjador-escolar\/#pla\" target=\"_blank\" rel=\"noopener\">Pla de funcionament de menjador<\/a><\/li>\n\n\n\n<li style=\"margin-right:var(--wp--preset--spacing--30);margin-left:var(--wp--preset--spacing--30)\">Activitats extraescolars (curs 2025-2026): <a href=\"http:\/\/afafarigoladelclot.cat\/wp-content\/uploads\/2025\/05\/20250528-Dossier-25-26-AFA-Farigola-V5.pdf\" data-type=\"link\" data-id=\"http:\/\/afafarigoladelclot.cat\/wp-content\/uploads\/2024\/09\/20240914-Dossier-24-25-AFA-Farigola-V3.pdf\" target=\"_blank\" rel=\"noreferrer noopener\">Dossier de l&#8217;AFA <\/a>(p\u00e0gina 7)<\/li>\n\n\n\n<li style=\"margin-right:var(--wp--preset--spacing--30);margin-left:var(--wp--preset--spacing--30)\"><a href=\"https:\/\/agora.xtec.cat\/ceipfarigolaclot\/lescola\/linia-pedagogica\/escola-inclusiva\/\">Mesures i suports previstos per a l&#8217;atenci\u00f3 educativa de l&#8217;alumnat<\/a><\/li>\n\n\n\n<li style=\"margin-right:var(--wp--preset--spacing--30);margin-left:var(--wp--preset--spacing--30)\"><a href=\"https:\/\/agora.xtec.cat\/ceipfarigolaclot\/general\/informacio-sobre-lassociacio-de-families-de-lalumnat-afa\/\">Quota d&#8217;inscripci\u00f3 a l&#8217;Associaci\u00f3 de Fam\u00edlies de l&#8217;Alumnat (AFA)<\/a><\/li>\n<\/ul>\n\n\n\n<h5 class=\"wp-block-heading\" style=\"padding-top:0;padding-bottom:0\"><span style=\"text-decoration: underline;\"><span style=\"color: #008000; text-decoration: underline;\">Publicacions (fes clic a cada t\u00edtol per veure la publicaci\u00f3<\/span><\/span>)<\/h5>\n\n\n\n<div class=\"wp-block-getwid-toggle has-icon-left\">\n<div class=\"wp-block-getwid-toggle__row\"><div class=\"wp-block-getwid-toggle__header-wrapper\"><span class=\"wp-block-getwid-toggle__header\"><a href=\"#\"><span class=\"wp-block-getwid-toggle__header-title\"><strong>Oferta de places inicial<\/strong><\/span><span class=\"wp-block-getwid-toggle__icon is-active\"><i class=\"fas fa-plus\"><\/i><\/span><span class=\"wp-block-getwid-toggle__icon is-passive\"><i class=\"fas fa-minus\"><\/i><\/span><\/a><\/span><\/div><div class=\"wp-block-getwid-toggle__content-wrapper\"><div class=\"wp-block-getwid-toggle__content\">\n<div data-wp-interactive=\"core\/file\" class=\"wp-block-file\"><object data-wp-bind--hidden=\"!state.hasPdfPreview\" hidden class=\"wp-block-file__embed\" data=\"https:\/\/agora.xtec.cat\/ceipfarigolaclot\/wp-content\/uploads\/usu983\/2026\/03\/20260303_Informe_Oferta_INICIAL.pdf\" type=\"application\/pdf\" style=\"width:100%;height:600px\" aria-label=\"Incrustaci\u00f3 de PDF\"><\/object><\/div>\n<\/div><\/div><\/div>\n\n\n\n<div class=\"wp-block-getwid-toggle__row\"><div class=\"wp-block-getwid-toggle__header-wrapper\"><span class=\"wp-block-getwid-toggle__header\"><a href=\"#\"><span class=\"wp-block-getwid-toggle__header-title\"><strong>Llista de sol\u00b7licituds amb la puntuaci\u00f3 provisional<\/strong><\/span><span class=\"wp-block-getwid-toggle__icon is-active\"><i class=\"fas fa-plus\"><\/i><\/span><span class=\"wp-block-getwid-toggle__icon is-passive\"><i class=\"fas fa-minus\"><\/i><\/span><\/a><\/span><\/div><div class=\"wp-block-getwid-toggle__content-wrapper\"><div class=\"wp-block-getwid-toggle__content\">\n<p>Pendent de publicaci\u00f3<\/p>\n<\/div><\/div><\/div>\n\n\n\n<div class=\"wp-block-getwid-toggle__row\"><div class=\"wp-block-getwid-toggle__header-wrapper\"><span class=\"wp-block-getwid-toggle__header\"><a href=\"#\"><span class=\"wp-block-getwid-toggle__header-title\"><strong>Llista de sol\u00b7licituds un cop resoltes les reclamacions i n\u00famero de desempat<\/strong><\/span><span class=\"wp-block-getwid-toggle__icon is-active\"><i class=\"fas fa-plus\"><\/i><\/span><span class=\"wp-block-getwid-toggle__icon is-passive\"><i class=\"fas fa-minus\"><\/i><\/span><\/a><\/span><\/div><div class=\"wp-block-getwid-toggle__content-wrapper\"><div class=\"wp-block-getwid-toggle__content\">\n<p>Pendent de publicaci\u00f3<\/p>\n<\/div><\/div><\/div>\n\n\n\n<div class=\"wp-block-getwid-toggle__row\"><div class=\"wp-block-getwid-toggle__header-wrapper\"><span class=\"wp-block-getwid-toggle__header\"><a href=\"#\"><span class=\"wp-block-getwid-toggle__header-title\"><strong>Sorteig<\/strong><\/span><span class=\"wp-block-getwid-toggle__icon is-active\"><i class=\"fas fa-plus\"><\/i><\/span><span class=\"wp-block-getwid-toggle__icon is-passive\"><i class=\"fas fa-minus\"><\/i><\/span><\/a><\/span><\/div><div class=\"wp-block-getwid-toggle__content-wrapper\"><div class=\"wp-block-getwid-toggle__content\">\n<p>Pendent de publicaci\u00f3<\/p>\n<\/div><\/div><\/div>\n\n\n\n<div class=\"wp-block-getwid-toggle__row\"><div class=\"wp-block-getwid-toggle__header-wrapper\"><span class=\"wp-block-getwid-toggle__header\"><a href=\"#\"><span class=\"wp-block-getwid-toggle__header-title\"><strong>Llista de sol\u00b7licituds ordenada per puntuaci\u00f3<\/strong><\/span><span class=\"wp-block-getwid-toggle__icon is-active\"><i class=\"fas fa-plus\"><\/i><\/span><span class=\"wp-block-getwid-toggle__icon is-passive\"><i class=\"fas fa-minus\"><\/i><\/span><\/a><\/span><\/div><div class=\"wp-block-getwid-toggle__content-wrapper\"><div class=\"wp-block-getwid-toggle__content\">\n<p>Per indicaci\u00f3 del Consorci d&#8217;Educaci\u00f3 de Barcelona us informem que fins a la llista definitiva d\u2019admesos. No es pot saber amb total certesa a quin centre tindreu la pla\u00e7a assignada, at\u00e8s que l\u2019alumnat que opta a pla\u00e7a de reserva NEE no est\u00e0 identificat al llistat. Aquest fet pot provocar que passin per davant de l\u2019alumnat ordinari o viceversa, en funci\u00f3 de la tipologia de les places vacants de l&#8217;oferta.<\/p>\n<\/div><\/div><\/div>\n\n\n\n<div class=\"wp-block-getwid-toggle__row\"><div class=\"wp-block-getwid-toggle__header-wrapper\"><span class=\"wp-block-getwid-toggle__header\"><a href=\"#\"><span class=\"wp-block-getwid-toggle__header-title\"><strong>Oferta de places definitiva, llista amb assignaci\u00f3 al centre, llista de preinscrits al centre i llista d&#8217;espera<\/strong><\/span><span class=\"wp-block-getwid-toggle__icon is-active\"><i class=\"fas fa-plus\"><\/i><\/span><span class=\"wp-block-getwid-toggle__icon is-passive\"><i class=\"fas fa-minus\"><\/i><\/span><\/a><\/span><\/div><div class=\"wp-block-getwid-toggle__content-wrapper\"><div class=\"wp-block-getwid-toggle__content\">\n<p class=\"has-text-align-left has-ast-global-color-0-color has-text-color has-link-color has-medium-font-size wp-elements-4207df7818b7940d3a0a148d9d945291\"><strong>Oferta de places definitiva<\/strong><\/p>\n\n\n\n<p class=\"has-text-align-left has-ast-global-color-0-color has-text-color has-link-color has-medium-font-size wp-elements-673ce1ef74176c44c8d5804891f3dd96\"><strong>Alumnes amb assignaci\u00f3 al centre<\/strong><\/p>\n\n\n\n<p class=\"has-text-align-left has-ast-global-color-0-color has-text-color has-link-color has-medium-font-size wp-elements-58fa6b9ac5c7713a72fca7a7e732d37b\"><strong>Alumnes preinscrits al centre<\/strong><\/p>\n\n\n\n<p class=\"has-text-align-left has-ast-global-color-0-color has-text-color has-link-color has-medium-font-size wp-elements-02457997458363a731f8016c0a7666c5\"><strong>Llista d&#8217;espera<\/strong><\/p>\n<\/div><\/div><\/div>\n<\/div>\n\n\n\n<h5 class=\"wp-block-heading\" style=\"padding-top:var(--wp--preset--spacing--50);padding-bottom:var(--wp--preset--spacing--50)\"><span style=\"text-decoration: underline;\"><span style=\"color: #008000; text-decoration: underline;\">Principals dates del proc\u00e9s de preinscripci\u00f3 i matr\u00edcula<\/span><\/span><\/h5>\n\n\n\n<div class=\"wp-block-getwid-content-timeline\" data-animation=\"none\" data-filling=\"true\"><div class=\"wp-block-getwid-content-timeline__line\"><div class=\"wp-block-getwid-content-timeline__bar\"><\/div><\/div><div class=\"wp-block-getwid-content-timeline__wrapper\">\n<div class=\"wp-block-getwid-content-timeline-item\"><div class=\"wp-block-getwid-content-timeline-item__wrapper\"><div class=\"wp-block-getwid-content-timeline-item__card\"><div class=\"wp-block-getwid-content-timeline-item__card-wrapper\"><div class=\"wp-block-getwid-content-timeline-item__content-wrapper\"><div class=\"wp-block-getwid-content-timeline-item__mobile-meta\"><p class=\"wp-block-getwid-content-timeline-item__meta-content\">9 de febrer de 2026<br><\/p><\/div>\n<h3 class=\"wp-block-heading\">Sessions informatives per a les fam\u00edlies amb fills i filles que iniciaran l&#8217;escolaritat a I3 el curs 2026-2027<\/h3>\n\n\n\n<p>Auditori de Sant Mart\u00ed<\/p>\n\n\n\n<p>Pla\u00e7a d&#8217;Angeleta Ferrer, 2<\/p>\n\n\n\n<p>17:00 h<\/p>\n<\/div><\/div><\/div><div class=\"wp-block-getwid-content-timeline-item__point\"><div class=\"wp-block-getwid-content-timeline-item__point-content\"><\/div><\/div><div class=\"wp-block-getwid-content-timeline-item__meta\"><p class=\"wp-block-getwid-content-timeline-item__meta-content\">9 de febrer de 2026<br><\/p><\/div><\/div><\/div>\n\n\n\n<div class=\"wp-block-getwid-content-timeline-item\"><div class=\"wp-block-getwid-content-timeline-item__wrapper\"><div class=\"wp-block-getwid-content-timeline-item__card\"><div class=\"wp-block-getwid-content-timeline-item__card-wrapper\"><div class=\"wp-block-getwid-content-timeline-item__content-wrapper\"><div class=\"wp-block-getwid-content-timeline-item__mobile-meta\"><p class=\"wp-block-getwid-content-timeline-item__meta-content\">20 i 21 de febrer de 2026<br>13 de mar\u00e7 de 2026<br><\/p><\/div>\n<h3 class=\"wp-block-heading\">Portes obertes<\/h3>\n\n\n\n<p>Reserves: <a href=\"https:\/\/docs.google.com\/forms\/d\/e\/1FAIpQLSfw1LuQItHpSeoKrO9DYIQAKClup-fTcb-Lal_LgmDGGYoK-g\/viewform\" data-type=\"link\" data-id=\"https:\/\/docs.google.com\/forms\/d\/e\/1FAIpQLSfw1LuQItHpSeoKrO9DYIQAKClup-fTcb-Lal_LgmDGGYoK-g\/viewform\" target=\"_blank\" rel=\"noreferrer noopener\">feu clic aqu\u00ed<\/a><\/p>\n<\/div><\/div><\/div><div class=\"wp-block-getwid-content-timeline-item__point\"><div class=\"wp-block-getwid-content-timeline-item__point-content\"><\/div><\/div><div class=\"wp-block-getwid-content-timeline-item__meta\"><p class=\"wp-block-getwid-content-timeline-item__meta-content\">20 i 21 de febrer de 2026<br>13 de mar\u00e7 de 2026<br><\/p><\/div><\/div><\/div>\n\n\n\n<div class=\"wp-block-getwid-content-timeline-item\"><div class=\"wp-block-getwid-content-timeline-item__wrapper\"><div class=\"wp-block-getwid-content-timeline-item__card\"><div class=\"wp-block-getwid-content-timeline-item__card-wrapper\"><div class=\"wp-block-getwid-content-timeline-item__content-wrapper\"><div class=\"wp-block-getwid-content-timeline-item__mobile-meta\"><p class=\"wp-block-getwid-content-timeline-item__meta-content\">3 de mar\u00e7 de 2026<\/p><\/div>\n<h3 class=\"wp-block-heading\">Publicaci\u00f3 de l&#8217;oferta de places inicial<\/h3>\n<\/div><\/div><\/div><div class=\"wp-block-getwid-content-timeline-item__point\"><div class=\"wp-block-getwid-content-timeline-item__point-content\"><\/div><\/div><div class=\"wp-block-getwid-content-timeline-item__meta\"><p class=\"wp-block-getwid-content-timeline-item__meta-content\">3 de mar\u00e7 de 2026<\/p><\/div><\/div><\/div>\n\n\n\n<div class=\"wp-block-getwid-content-timeline-item\"><div class=\"wp-block-getwid-content-timeline-item__wrapper\"><div class=\"wp-block-getwid-content-timeline-item__card\"><div class=\"wp-block-getwid-content-timeline-item__card-wrapper\"><div class=\"wp-block-getwid-content-timeline-item__content-wrapper\"><div class=\"wp-block-getwid-content-timeline-item__mobile-meta\"><p class=\"wp-block-getwid-content-timeline-item__meta-content\">Del 4 al 18 de mar\u00e7 de 2026<\/p><\/div>\n<h3 class=\"wp-block-heading\"><strong>Presentaci\u00f3 de sol\u00b7licituds<\/strong><\/h3>\n<\/div><\/div><\/div><div class=\"wp-block-getwid-content-timeline-item__point\"><div class=\"wp-block-getwid-content-timeline-item__point-content\"><\/div><\/div><div class=\"wp-block-getwid-content-timeline-item__meta\"><p class=\"wp-block-getwid-content-timeline-item__meta-content\">Del 4 al 18 de mar\u00e7 de 2026<\/p><\/div><\/div><\/div>\n\n\n\n<div class=\"wp-block-getwid-content-timeline-item\"><div class=\"wp-block-getwid-content-timeline-item__wrapper\"><div class=\"wp-block-getwid-content-timeline-item__card\"><div class=\"wp-block-getwid-content-timeline-item__card-wrapper\"><div class=\"wp-block-getwid-content-timeline-item__content-wrapper\"><div class=\"wp-block-getwid-content-timeline-item__mobile-meta\"><p class=\"wp-block-getwid-content-timeline-item__meta-content\">15 d&#8217;abril de 2026<\/p><\/div>\n<h3 class=\"wp-block-heading\"><strong>Publicaci\u00f3 de la llista de sol\u00b7licituds amb la puntuaci\u00f3 provisional<\/strong><\/h3>\n<\/div><\/div><\/div><div class=\"wp-block-getwid-content-timeline-item__point\"><div class=\"wp-block-getwid-content-timeline-item__point-content\"><\/div><\/div><div class=\"wp-block-getwid-content-timeline-item__meta\"><p class=\"wp-block-getwid-content-timeline-item__meta-content\">15 d&#8217;abril de 2026<\/p><\/div><\/div><\/div>\n\n\n\n<div class=\"wp-block-getwid-content-timeline-item\"><div class=\"wp-block-getwid-content-timeline-item__wrapper\"><div class=\"wp-block-getwid-content-timeline-item__card\"><div class=\"wp-block-getwid-content-timeline-item__card-wrapper\"><div class=\"wp-block-getwid-content-timeline-item__content-wrapper\"><div class=\"wp-block-getwid-content-timeline-item__mobile-meta\"><p class=\"wp-block-getwid-content-timeline-item__meta-content\">28 d&#8217;abril de 2026<\/p><\/div>\n<h3 class=\"wp-block-heading\">Sorteig<\/h3>\n\n\n\n<p style=\"padding-top:0;padding-bottom:0\">en cas d&#8217;haver rebut m\u00e9s sol\u00b7licituds que places disponibles al centre<\/p>\n<\/div><\/div><\/div><div class=\"wp-block-getwid-content-timeline-item__point\"><div class=\"wp-block-getwid-content-timeline-item__point-content\"><\/div><\/div><div class=\"wp-block-getwid-content-timeline-item__meta\"><p class=\"wp-block-getwid-content-timeline-item__meta-content\">28 d&#8217;abril de 2026<\/p><\/div><\/div><\/div>\n\n\n\n<div class=\"wp-block-getwid-content-timeline-item\"><div class=\"wp-block-getwid-content-timeline-item__wrapper\"><div class=\"wp-block-getwid-content-timeline-item__card\"><div class=\"wp-block-getwid-content-timeline-item__card-wrapper\"><div class=\"wp-block-getwid-content-timeline-item__content-wrapper\"><div class=\"wp-block-getwid-content-timeline-item__mobile-meta\"><p class=\"wp-block-getwid-content-timeline-item__meta-content\">29 d&#8217;abril de 2026<\/p><\/div>\n<h3 class=\"wp-block-heading\"><strong>Publicaci\u00f3 de la llista ordenada<\/strong><\/h3>\n\n\n\n<p><\/p>\n<\/div><\/div><\/div><div class=\"wp-block-getwid-content-timeline-item__point\"><div class=\"wp-block-getwid-content-timeline-item__point-content\"><\/div><\/div><div class=\"wp-block-getwid-content-timeline-item__meta\"><p class=\"wp-block-getwid-content-timeline-item__meta-content\">29 d&#8217;abril de 2026<\/p><\/div><\/div><\/div>\n\n\n\n<div class=\"wp-block-getwid-content-timeline-item\"><div class=\"wp-block-getwid-content-timeline-item__wrapper\"><div class=\"wp-block-getwid-content-timeline-item__card\"><div class=\"wp-block-getwid-content-timeline-item__card-wrapper\"><div class=\"wp-block-getwid-content-timeline-item__content-wrapper\"><div class=\"wp-block-getwid-content-timeline-item__mobile-meta\"><p class=\"wp-block-getwid-content-timeline-item__meta-content\"><strong>Del 13  al 14 de maig de 2026: <br><\/strong>Ampliaci\u00f3 de peticions -per alumnes NEE B que necessiten assignaci\u00f3 d&#8217;ofici i no s&#8217;han assignat per petici\u00f3 original- i que rebin l&#8217;av\u00eds per correu.<\/p><\/div>\n<h3 class=\"wp-block-heading\">Ampliaci\u00f3 de peticions per alumnes NEE B<\/h3>\n<\/div><\/div><\/div><div class=\"wp-block-getwid-content-timeline-item__point\"><div class=\"wp-block-getwid-content-timeline-item__point-content\"><\/div><\/div><div class=\"wp-block-getwid-content-timeline-item__meta\"><p class=\"wp-block-getwid-content-timeline-item__meta-content\"><strong>Del 13  al 14 de maig de 2026: <br><\/strong>Ampliaci\u00f3 de peticions -per alumnes NEE B que necessiten assignaci\u00f3 d&#8217;ofici i no s&#8217;han assignat per petici\u00f3 original- i que rebin l&#8217;av\u00eds per correu.<\/p><\/div><\/div><\/div>\n\n\n\n<div class=\"wp-block-getwid-content-timeline-item\"><div class=\"wp-block-getwid-content-timeline-item__wrapper\"><div class=\"wp-block-getwid-content-timeline-item__card\"><div class=\"wp-block-getwid-content-timeline-item__card-wrapper\"><div class=\"wp-block-getwid-content-timeline-item__content-wrapper\"><div class=\"wp-block-getwid-content-timeline-item__mobile-meta\"><p class=\"wp-block-getwid-content-timeline-item__meta-content\"><strong>Del 1 al 3 de juny de 2026:<\/strong><br>Ampliaci\u00f3 de peticions -per alumnes ordinaris que necessiten assignaci\u00f3 d&#8217;ofici i no s&#8217;han assignat per petici\u00f3 original- i que rebin l&#8217;av\u00eds per correu.<\/p><\/div>\n<h3 class=\"wp-block-heading\">Ampliaci\u00f3 de peticions per alumnes ordinaris<\/h3>\n\n\n\n<p><\/p>\n<\/div><\/div><\/div><div class=\"wp-block-getwid-content-timeline-item__point\"><div class=\"wp-block-getwid-content-timeline-item__point-content\"><\/div><\/div><div class=\"wp-block-getwid-content-timeline-item__meta\"><p class=\"wp-block-getwid-content-timeline-item__meta-content\"><strong>Del 1 al 3 de juny de 2026:<\/strong><br>Ampliaci\u00f3 de peticions -per alumnes ordinaris que necessiten assignaci\u00f3 d&#8217;ofici i no s&#8217;han assignat per petici\u00f3 original- i que rebin l&#8217;av\u00eds per correu.<\/p><\/div><\/div><\/div>\n\n\n\n<div class=\"wp-block-getwid-content-timeline-item\"><div class=\"wp-block-getwid-content-timeline-item__wrapper\"><div class=\"wp-block-getwid-content-timeline-item__card\"><div class=\"wp-block-getwid-content-timeline-item__card-wrapper\"><div class=\"wp-block-getwid-content-timeline-item__content-wrapper\"><div class=\"wp-block-getwid-content-timeline-item__mobile-meta\"><p class=\"wp-block-getwid-content-timeline-item__meta-content\">10 de juny de 2026<\/p><\/div>\n<h3 class=\"wp-block-heading\">Publicaci\u00f3 de l&#8217;oferta final, de la llista d&#8217;admesos i de la llista d&#8217;espera<\/h3>\n<\/div><\/div><\/div><div class=\"wp-block-getwid-content-timeline-item__point\"><div class=\"wp-block-getwid-content-timeline-item__point-content\"><\/div><\/div><div class=\"wp-block-getwid-content-timeline-item__meta\"><p class=\"wp-block-getwid-content-timeline-item__meta-content\">10 de juny de 2026<\/p><\/div><\/div><\/div>\n\n\n\n<div class=\"wp-block-getwid-content-timeline-item\"><div class=\"wp-block-getwid-content-timeline-item__wrapper\"><div class=\"wp-block-getwid-content-timeline-item__card\"><div class=\"wp-block-getwid-content-timeline-item__card-wrapper\"><div class=\"wp-block-getwid-content-timeline-item__content-wrapper\"><div class=\"wp-block-getwid-content-timeline-item__mobile-meta\"><p class=\"wp-block-getwid-content-timeline-item__meta-content\">Del 22 al 30 de juny de 2026<\/p><\/div>\n<h3 class=\"wp-block-heading\"><strong>Matricula<\/strong><\/h3>\n\n\n\n<p>Aconseguit! Ja sou farigolins i farigolines. <\/p>\n<\/div><\/div><\/div><div class=\"wp-block-getwid-content-timeline-item__point\"><div class=\"wp-block-getwid-content-timeline-item__point-content\"><\/div><\/div><div class=\"wp-block-getwid-content-timeline-item__meta\"><p class=\"wp-block-getwid-content-timeline-item__meta-content\">Del 22 al 30 de juny de 2026<\/p><\/div><\/div><\/div>\n<\/div><\/div>\n\n\n\n<p><\/p>\n\n\n\n<p><strong>M\u00e9s informaci\u00f3 sobre el proc\u00e9s:<\/strong><\/p>\n\n\n\n<ul class=\"wp-block-list\">\n<li style=\"margin-right:var(--wp--preset--spacing--30);margin-left:var(--wp--preset--spacing--30)\"><a href=\"https:\/\/www.edubcn.cat\/ca\/alumnat_i_familia\/informacio_general_matriculacio\/preinscripcio\" target=\"_blank\" rel=\"noopener\">Consorci d&#8217;Educaci\u00f3 de <\/a><a href=\"https:\/\/www.edubcn.cat\/ca\/alumnat_i_familia\/informacio_general_matriculacio\/preinscripcio_infohttps:\/\/www.edubcn.cat\/ca\/alumnat_i_familia\/informacio_general_matriculacio\/preinscripcio_info\" target=\"_blank\" rel=\"noreferrer noopener\">B<\/a><a href=\"https:\/\/www.edubcn.cat\/ca\/alumnat_i_familia\/informacio_general_matriculacio\/preinscripcio\" target=\"_blank\" rel=\"noopener\">arcelona<\/a><\/li>\n\n\n\n<li style=\"margin-right:var(--wp--preset--spacing--30);margin-left:var(--wp--preset--spacing--30)\"><a href=\"https:\/\/preinscripcio.gencat.cat\/ca\/estudis\/infantil-3-6\/inici\/\" target=\"_blank\" rel=\"noopener\">Preinscripci\u00f3: educaci\u00f3 infantil<\/a> (I3, I4 i I5)<\/li>\n\n\n\n<li style=\"margin-right:var(--wp--preset--spacing--30);margin-left:var(--wp--preset--spacing--30)\"><a href=\"https:\/\/preinscripcio.gencat.cat\/ca\/estudis\/primaria\/inici\/\" target=\"_blank\" rel=\"noopener\">Preinscripci\u00f3: educaci\u00f3 prim\u00e0ria<\/a> (de 1r a 6\u00e8)<\/li>\n<\/ul>\n\n\n\n<p><\/p>\n","protected":false},"excerpt":{"rendered":"<p>Informacions d&#8217;inter\u00e8s Publicacions (fes clic a cada t\u00edtol per veure la publicaci\u00f3) Principals dates del proc\u00e9s de preinscripci\u00f3 i matr\u00edcula [&hellip;]<\/p>\n","protected":false},"author":1,"featured_media":0,"parent":22,"menu_order":80,"comment_status":"closed","ping_status":"closed","template":"","meta":{"_bbp_topic_count":0,"_bbp_reply_count":0,"_bbp_total_topic_count":0,"_bbp_total_reply_count":0,"_bbp_voice_count":0,"_bbp_anonymous_reply_count":0,"_bbp_topic_count_hidden":0,"_bbp_reply_count_hidden":0,"_bbp_forum_subforum_count":0,"site-sidebar-layout":"default","site-content-layout":"","ast-site-content-layout":"default","site-content-style":"default","site-sidebar-style":"default","ast-global-header-display":"","ast-banner-title-visibility":"","ast-main-header-display":"","ast-hfb-above-header-display":"","ast-hfb-below-header-display":"","ast-hfb-mobile-header-display":"","site-post-title":"","ast-breadcrumbs-content":"","ast-featured-img":"","footer-sml-layout":"","theme-transparent-header-meta":"","adv-header-id-meta":"","stick-header-meta":"","header-above-stick-meta":"","header-main-stick-meta":"","header-below-stick-meta":"","astra-migrate-meta-layouts":"set","ast-page-background-enabled":"default","ast-page-background-meta":{"desktop":{"background-color":"var(--ast-global-color-4)","background-image":"","background-repeat":"repeat","background-position":"center center","background-size":"auto","background-attachment":"scroll","background-type":"","background-media":"","overlay-type":"","overlay-color":"","overlay-opacity":"","overlay-gradient":""},"tablet":{"background-color":"","background-image":"","background-repeat":"repeat","background-position":"center center","background-size":"auto","background-attachment":"scroll","background-type":"","background-media":"","overlay-type":"","overlay-color":"","overlay-opacity":"","overlay-gradient":""},"mobile":{"background-color":"","background-image":"","background-repeat":"repeat","background-position":"center center","background-size":"auto","background-attachment":"scroll","background-type":"","background-media":"","overlay-type":"","overlay-color":"","overlay-opacity":"","overlay-gradient":""}},"ast-content-background-meta":{"desktop":{"background-color":"var(--ast-global-color-5)","background-image":"","background-repeat":"repeat","background-position":"center center","background-size":"auto","background-attachment":"scroll","background-type":"","background-media":"","overlay-type":"","overlay-color":"","overlay-opacity":"","overlay-gradient":""},"tablet":{"background-color":"var(--ast-global-color-5)","background-image":"","background-repeat":"repeat","background-position":"center center","background-size":"auto","background-attachment":"scroll","background-type":"","background-media":"","overlay-type":"","overlay-color":"","overlay-opacity":"","overlay-gradient":""},"mobile":{"background-color":"var(--ast-global-color-5)","background-image":"","background-repeat":"repeat","background-position":"center center","background-size":"auto","background-attachment":"scroll","background-type":"","background-media":"","overlay-type":"","overlay-color":"","overlay-opacity":"","overlay-gradient":""}},"footnotes":""},"class_list":["post-29858","page","type-page","status-publish","hentry"],"post_mailing_queue_ids":[],"_links":{"self":[{"href":"https:\/\/agora.xtec.cat\/ceipfarigolaclot\/wp-json\/wp\/v2\/pages\/29858","targetHints":{"allow":["GET"]}}],"collection":[{"href":"https:\/\/agora.xtec.cat\/ceipfarigolaclot\/wp-json\/wp\/v2\/pages"}],"about":[{"href":"https:\/\/agora.xtec.cat\/ceipfarigolaclot\/wp-json\/wp\/v2\/types\/page"}],"author":[{"embeddable":true,"href":"https:\/\/agora.xtec.cat\/ceipfarigolaclot\/wp-json\/wp\/v2\/users\/1"}],"replies":[{"embeddable":true,"href":"https:\/\/agora.xtec.cat\/ceipfarigolaclot\/wp-json\/wp\/v2\/comments?post=29858"}],"version-history":[{"count":6,"href":"https:\/\/agora.xtec.cat\/ceipfarigolaclot\/wp-json\/wp\/v2\/pages\/29858\/revisions"}],"predecessor-version":[{"id":46087,"href":"https:\/\/agora.xtec.cat\/ceipfarigolaclot\/wp-json\/wp\/v2\/pages\/29858\/revisions\/46087"}],"up":[{"embeddable":true,"href":"https:\/\/agora.xtec.cat\/ceipfarigolaclot\/wp-json\/wp\/v2\/pages\/22"}],"wp:attachment":[{"href":"https:\/\/agora.xtec.cat\/ceipfarigolaclot\/wp-json\/wp\/v2\/media?parent=29858"}],"curies":[{"name":"wp","href":"https:\/\/api.w.org\/{rel}","templated":true}]}}