{"id":22,"date":"2014-09-18T12:19:57","date_gmt":"2014-09-18T11:19:57","guid":{"rendered":"http:\/\/agora.xtec.cat\/ceipfarigolaclot\/?page_id=22"},"modified":"2022-12-04T00:24:27","modified_gmt":"2022-12-03T23:24:27","slug":"lescola","status":"publish","type":"page","link":"https:\/\/agora.xtec.cat\/ceipfarigolaclot\/lescola\/","title":{"rendered":"L&#8217;escola"},"content":{"rendered":"<p>Som una escola amb hist\u00f2ria i que treballa per al futur.<\/p>\n<p>Som una escola oberta al barri, de servei p\u00fablic, inclusiva, de qualitat i que pret\u00e9n preparar infants i joves per tal que siguin capa\u00e7os de formar part de la societat i millorar-la.<\/p>\n<p><a href=\"http:\/\/agora.xtec.cat\/ceipfarigolaclot\/wp-content\/uploads\/usu983\/2016\/02\/DEF-logo-escola-COLOR.jpg\"><img loading=\"lazy\" decoding=\"async\" class=\"aligncenter wp-image-437 size-thumbnail\" src=\"http:\/\/agora.xtec.cat\/ceipfarigolaclot\/wp-content\/uploads\/usu983\/2016\/02\/DEF-logo-escola-COLOR-150x150.jpg\" alt=\"DEF logo escola COLOR\" width=\"150\" height=\"150\" \/><\/a><\/p>\n<p>Per\u00f2 l&#8217;escola \u00e9s molt m\u00e9s&#8230; Per con\u00e8ixer amb m\u00e9s detall com treballem, nom\u00e9s cal que seguiu aquests enlla\u00e7os<\/p>\n<ul class=\"side-nav\">\n<li class=\"page_item page-item-658\">\n<h5><a href=\"http:\/\/agora.xtec.cat\/ceipfarigolaclot\/lescola\/linia-pedagogica\/\">L\u00ednia pedag\u00f2gica<\/a><\/h5>\n<ul>\n<li class=\"page_item page-item-658\">\n<h5><a title=\"Escola triling\u00fce\" href=\"http:\/\/agora.xtec.cat\/ceipfarigolaclot\/lescola\/linia-pedagogica\/escola-trilingue\/\">Escola triling\u00fce<\/a><\/h5>\n<\/li>\n<li class=\"page_item page-item-674\">\n<h5><a title=\"Escola d'aprenentatge i servei\" href=\"http:\/\/agora.xtec.cat\/ceipfarigolaclot\/lescola\/linia-pedagogica\/escola-daprenentatge-i-servei\/\">Escola d&#8217;aprenentatge i servei<\/a><\/h5>\n<\/li>\n<li class=\"page_item page-item-661\">\n<h5><a title=\"Escola tecnol\u00f2gica\" href=\"http:\/\/agora.xtec.cat\/ceipfarigolaclot\/lescola\/linia-pedagogica\/escola-tecnologica\/\">Escola tecnol\u00f2gica<\/a><\/h5>\n<\/li>\n<li class=\"page_item page-item-664\">\n<h5><a title=\"Escola inclusiva\" href=\"http:\/\/agora.xtec.cat\/ceipfarigolaclot\/lescola\/linia-pedagogica\/escola-inclusiva\/\">Escola inclusiva<\/a><\/h5>\n<\/li>\n<li class=\"page_item page-item-671\">\n<h5><a title=\"Escola verda\" href=\"http:\/\/agora.xtec.cat\/ceipfarigolaclot\/lescola\/linia-pedagogica\/escola-verda\/\">Escola verda<\/a><\/h5>\n<\/li>\n<li class=\"page_item page-item-666\">\n<h5><a title=\"Escola integrada al barri\" href=\"http:\/\/agora.xtec.cat\/ceipfarigolaclot\/lescola\/linia-pedagogica\/escola-integrada-al-barri\/\">Escola integrada al barri<\/a><\/h5>\n<\/li>\n<\/ul>\n<\/li>\n<\/ul>\n","protected":false},"excerpt":{"rendered":"<p>Som una escola amb hist\u00f2ria i que treballa per al futur. Som una escola oberta al barri, de servei p\u00fablic, [&hellip;]<\/p>\n","protected":false},"author":1,"featured_media":0,"parent":0,"menu_order":0,"comment_status":"closed","ping_status":"closed","template":"page-templates\/side-menu.php","meta":{"_bbp_topic_count":0,"_bbp_reply_count":0,"_bbp_total_topic_count":0,"_bbp_total_reply_count":0,"_bbp_voice_count":0,"_bbp_anonymous_reply_count":0,"_bbp_topic_count_hidden":0,"_bbp_reply_count_hidden":0,"_bbp_forum_subforum_count":0,"site-sidebar-layout":"default","site-content-layout":"","ast-site-content-layout":"","site-content-style":"default","site-sidebar-style":"default","ast-global-header-display":"","ast-banner-title-visibility":"","ast-main-header-display":"","ast-hfb-above-header-display":"","ast-hfb-below-header-display":"","ast-hfb-mobile-header-display":"","site-post-title":"","ast-breadcrumbs-content":"","ast-featured-img":"","footer-sml-layout":"","theme-transparent-header-meta":"","adv-header-id-meta":"","stick-header-meta":"","header-above-stick-meta":"","header-main-stick-meta":"","header-below-stick-meta":"","astra-migrate-meta-layouts":"default","ast-page-background-enabled":"default","ast-page-background-meta":{"desktop":{"background-color":"var(--ast-global-color-4)","background-image":"","background-repeat":"repeat","background-position":"center center","background-size":"auto","background-attachment":"scroll","background-type":"","background-media":"","overlay-type":"","overlay-color":"","overlay-opacity":"","overlay-gradient":""},"tablet":{"background-color":"","background-image":"","background-repeat":"repeat","background-position":"center center","background-size":"auto","background-attachment":"scroll","background-type":"","background-media":"","overlay-type":"","overlay-color":"","overlay-opacity":"","overlay-gradient":""},"mobile":{"background-color":"","background-image":"","background-repeat":"repeat","background-position":"center center","background-size":"auto","background-attachment":"scroll","background-type":"","background-media":"","overlay-type":"","overlay-color":"","overlay-opacity":"","overlay-gradient":""}},"ast-content-background-meta":{"desktop":{"background-color":"var(--ast-global-color-5)","background-image":"","background-repeat":"repeat","background-position":"center center","background-size":"auto","background-attachment":"scroll","background-type":"","background-media":"","overlay-type":"","overlay-color":"","overlay-opacity":"","overlay-gradient":""},"tablet":{"background-color":"var(--ast-global-color-5)","background-image":"","background-repeat":"repeat","background-position":"center center","background-size":"auto","background-attachment":"scroll","background-type":"","background-media":"","overlay-type":"","overlay-color":"","overlay-opacity":"","overlay-gradient":""},"mobile":{"background-color":"var(--ast-global-color-5)","background-image":"","background-repeat":"repeat","background-position":"center center","background-size":"auto","background-attachment":"scroll","background-type":"","background-media":"","overlay-type":"","overlay-color":"","overlay-opacity":"","overlay-gradient":""}},"footnotes":""},"class_list":["post-22","page","type-page","status-publish","hentry"],"post_mailing_queue_ids":[],"_links":{"self":[{"href":"https:\/\/agora.xtec.cat\/ceipfarigolaclot\/wp-json\/wp\/v2\/pages\/22","targetHints":{"allow":["GET"]}}],"collection":[{"href":"https:\/\/agora.xtec.cat\/ceipfarigolaclot\/wp-json\/wp\/v2\/pages"}],"about":[{"href":"https:\/\/agora.xtec.cat\/ceipfarigolaclot\/wp-json\/wp\/v2\/types\/page"}],"author":[{"embeddable":true,"href":"https:\/\/agora.xtec.cat\/ceipfarigolaclot\/wp-json\/wp\/v2\/users\/1"}],"replies":[{"embeddable":true,"href":"https:\/\/agora.xtec.cat\/ceipfarigolaclot\/wp-json\/wp\/v2\/comments?post=22"}],"version-history":[{"count":3,"href":"https:\/\/agora.xtec.cat\/ceipfarigolaclot\/wp-json\/wp\/v2\/pages\/22\/revisions"}],"predecessor-version":[{"id":33041,"href":"https:\/\/agora.xtec.cat\/ceipfarigolaclot\/wp-json\/wp\/v2\/pages\/22\/revisions\/33041"}],"wp:attachment":[{"href":"https:\/\/agora.xtec.cat\/ceipfarigolaclot\/wp-json\/wp\/v2\/media?parent=22"}],"curies":[{"name":"wp","href":"https:\/\/api.w.org\/{rel}","templated":true}]}}