{"id":1042,"date":"2017-08-30T18:07:19","date_gmt":"2017-08-30T16:07:19","guid":{"rendered":"http:\/\/agora.xtec.cat\/ceipfarigola-seva\/?page_id=1042"},"modified":"2025-01-27T10:08:12","modified_gmt":"2025-01-27T09:08:12","slug":"qui-som","status":"publish","type":"page","link":"https:\/\/agora.xtec.cat\/ceipfarigola-seva\/lescola\/qui-som\/","title":{"rendered":"Qui som"},"content":{"rendered":"<p style=\"text-align: center;\"><em><strong>EQUIP HUM\u00c0 PEL CURS 2024-25<\/strong><\/em><\/p>\n<p style=\"text-align: center;\"><strong>Directora:<\/strong> Mia Casades\u00fas, <strong>Cap d\u2019estudis:<\/strong> Silvia Castany, <strong>Secret\u00e0ria:<\/strong> Irene Aguado<\/p>\n<p><a href=\"https:\/\/agora.xtec.cat\/ceipfarigola-seva\/wp-content\/uploads\/usu217\/2024\/09\/IMG_2156.jpeg\"><img loading=\"lazy\" decoding=\"async\" class=\"alignnone size-large wp-image-4435\" src=\"https:\/\/agora.xtec.cat\/ceipfarigola-seva\/wp-content\/uploads\/usu217\/2024\/09\/IMG_2156-1024x588.jpeg\" alt=\"\" width=\"1024\" height=\"588\" srcset=\"https:\/\/agora.xtec.cat\/ceipfarigola-seva\/wp-content\/uploads\/usu217\/2024\/09\/IMG_2156-1024x588.jpeg 1024w, https:\/\/agora.xtec.cat\/ceipfarigola-seva\/wp-content\/uploads\/usu217\/2024\/09\/IMG_2156-300x172.jpeg 300w, https:\/\/agora.xtec.cat\/ceipfarigola-seva\/wp-content\/uploads\/usu217\/2024\/09\/IMG_2156-768x441.jpeg 768w, https:\/\/agora.xtec.cat\/ceipfarigola-seva\/wp-content\/uploads\/usu217\/2024\/09\/IMG_2156-1536x882.jpeg 1536w, https:\/\/agora.xtec.cat\/ceipfarigola-seva\/wp-content\/uploads\/usu217\/2024\/09\/IMG_2156.jpeg 1894w\" sizes=\"auto, (max-width: 1024px) 100vw, 1024px\" \/><\/a><\/p>\n<table class=\" aligncenter\" style=\"width: 82.9454%; height: 506px;\">\n<tbody>\n<tr style=\"height: 18px;\">\n<td style=\"width: 48.5986%; height: 18px; background-color: #afb4e0;\" width=\"283\"><strong>Roman\u00ed i referent I3: <\/strong>Roser Baulenas<\/td>\n<td style=\"width: 84.2448%; height: 18px; background-color: #afb4e0;\" width=\"283\"><strong>Refor\u00e7 Ed. infantil:\u00a0<\/strong>Rut Dulcet i Marta Mata<\/td>\n<\/tr>\n<tr style=\"height: 57px;\">\n<td style=\"width: 48.5986%; height: 57px;\" width=\"283\"><strong>Menta i referent I4: <\/strong>Nat\u00e0lia Vega<\/td>\n<td style=\"width: 84.2448%; height: 57px;\" width=\"283\"><strong>Especialistes d\u2019angl\u00e8s:<\/strong> Laura Sureda i Rut Dulcet<\/td>\n<\/tr>\n<tr style=\"height: 57px;\">\n<td style=\"width: 48.5986%; height: 57px; background-color: #afb4e0;\" width=\"283\"><strong>Esp\u00edgol i referent I5: <\/strong>Irene Garcia<\/td>\n<td style=\"width: 84.2448%; height: 57px; background-color: #afb4e0;\" width=\"283\"><strong>Especialista Ed. F\u00edsica: <\/strong>Jordi Serradelarca<\/td>\n<\/tr>\n<tr style=\"height: 57px;\">\n<td style=\"width: 48.5986%; height: 57px;\" width=\"283\"><strong>1r: <\/strong>Roser Par\u00e9<\/td>\n<td style=\"width: 84.2448%; height: 57px;\" width=\"283\"><strong>Especialista Ed. especial:<\/strong> Judit Mateu i Montse Galbany<\/td>\n<\/tr>\n<tr style=\"height: 79px;\">\n<td style=\"width: 48.5986%; height: 41px; background-color: #afb4e0;\" width=\"283\"><strong>2n: <\/strong>N\u00faria Orra<\/td>\n<td style=\"width: 84.2448%; height: 41px; background-color: #afb4e0;\" width=\"283\"><strong>Especialista de m\u00fasica:<\/strong> Mia Casades\u00fas<\/td>\n<\/tr>\n<tr style=\"height: 57px;\">\n<td style=\"width: 48.5986%; height: 57px;\" width=\"283\"><strong>3r: <\/strong>Dolors Morera<\/td>\n<td style=\"width: 84.2448%; height: 57px;\" width=\"283\"><b>Refor\u00e7 mitjans: <\/b>Marta Mata i Ferran Tudela<\/td>\n<\/tr>\n<tr style=\"height: 57px;\">\n<td style=\"width: 48.5986%; height: 57px; background-color: #afb4e0;\" width=\"283\"><strong>4t: <\/strong>Laura Sureda<\/td>\n<td style=\"width: 84.2448%; height: 57px; background-color: #afb4e0;\" width=\"283\"><strong>Vetlladora:<\/strong> Teresa Guitart<\/td>\n<\/tr>\n<tr style=\"height: 57px;\">\n<td style=\"width: 48.5986%; height: 57px;\" width=\"283\"><strong>5\u00e8: <\/strong>Irene Aguado<\/td>\n<td style=\"width: 84.2448%; height: 57px;\" width=\"283\"><strong>EAP:<\/strong> N\u00faria Molet<\/td>\n<\/tr>\n<tr style=\"height: 57px;\">\n<td style=\"width: 48.5986%; height: 57px; background-color: #afb4e0;\" width=\"283\"><strong>6\u00e8: <\/strong>Estefania Cruz<\/td>\n<td style=\"width: 84.2448%; height: 57px; background-color: #afb4e0;\" width=\"283\"><strong>Administrativa: <\/strong>Rebeca Monz\u00f3n<\/td>\n<\/tr>\n<\/tbody>\n<\/table>\n","protected":false},"excerpt":{"rendered":"<p>EQUIP HUM\u00c0 PEL CURS 2024-25 Directora: Mia Casades\u00fas, Cap d\u2019estudis: Silvia Castany, Secret\u00e0ria: Irene Aguado Roman\u00ed i referent I3: Roser Baulenas Refor\u00e7 Ed. infantil:\u00a0Rut Dulcet i Marta Mata Menta i referent I4: Nat\u00e0lia Vega Especialistes d\u2019angl\u00e8s: Laura Sureda i Rut Dulcet Esp\u00edgol i referent I5: Irene Garcia Especialista Ed. F\u00edsica: Jordi Serradelarca 1r: Roser Par\u00e9 [&hellip;]<\/p>\n","protected":false},"author":1,"featured_media":0,"parent":22,"menu_order":0,"comment_status":"closed","ping_status":"closed","template":"","meta":{"_bbp_topic_count":0,"_bbp_reply_count":0,"_bbp_total_topic_count":0,"_bbp_total_reply_count":0,"_bbp_voice_count":0,"_bbp_anonymous_reply_count":0,"_bbp_topic_count_hidden":0,"_bbp_reply_count_hidden":0,"_bbp_forum_subforum_count":0,"site-sidebar-layout":"default","site-content-layout":"","ast-site-content-layout":"","site-content-style":"default","site-sidebar-style":"default","ast-global-header-display":"","ast-banner-title-visibility":"","ast-main-header-display":"","ast-hfb-above-header-display":"","ast-hfb-below-header-display":"","ast-hfb-mobile-header-display":"","site-post-title":"","ast-breadcrumbs-content":"","ast-featured-img":"","footer-sml-layout":"","theme-transparent-header-meta":"","adv-header-id-meta":"","stick-header-meta":"","header-above-stick-meta":"","header-main-stick-meta":"","header-below-stick-meta":"","astra-migrate-meta-layouts":"default","ast-page-background-enabled":"default","ast-page-background-meta":{"desktop":{"background-color":"var(--ast-global-color-4)","background-image":"","background-repeat":"repeat","background-position":"center center","background-size":"auto","background-attachment":"scroll","background-type":"","background-media":"","overlay-type":"","overlay-color":"","overlay-opacity":"","overlay-gradient":""},"tablet":{"background-color":"","background-image":"","background-repeat":"repeat","background-position":"center center","background-size":"auto","background-attachment":"scroll","background-type":"","background-media":"","overlay-type":"","overlay-color":"","overlay-opacity":"","overlay-gradient":""},"mobile":{"background-color":"","background-image":"","background-repeat":"repeat","background-position":"center center","background-size":"auto","background-attachment":"scroll","background-type":"","background-media":"","overlay-type":"","overlay-color":"","overlay-opacity":"","overlay-gradient":""}},"ast-content-background-meta":{"desktop":{"background-color":"var(--ast-global-color-5)","background-image":"","background-repeat":"repeat","background-position":"center center","background-size":"auto","background-attachment":"scroll","background-type":"","background-media":"","overlay-type":"","overlay-color":"","overlay-opacity":"","overlay-gradient":""},"tablet":{"background-color":"var(--ast-global-color-5)","background-image":"","background-repeat":"repeat","background-position":"center center","background-size":"auto","background-attachment":"scroll","background-type":"","background-media":"","overlay-type":"","overlay-color":"","overlay-opacity":"","overlay-gradient":""},"mobile":{"background-color":"var(--ast-global-color-5)","background-image":"","background-repeat":"repeat","background-position":"center center","background-size":"auto","background-attachment":"scroll","background-type":"","background-media":"","overlay-type":"","overlay-color":"","overlay-opacity":"","overlay-gradient":""}},"footnotes":""},"class_list":["post-1042","page","type-page","status-publish","hentry"],"post_mailing_queue_ids":[],"_links":{"self":[{"href":"https:\/\/agora.xtec.cat\/ceipfarigola-seva\/wp-json\/wp\/v2\/pages\/1042","targetHints":{"allow":["GET"]}}],"collection":[{"href":"https:\/\/agora.xtec.cat\/ceipfarigola-seva\/wp-json\/wp\/v2\/pages"}],"about":[{"href":"https:\/\/agora.xtec.cat\/ceipfarigola-seva\/wp-json\/wp\/v2\/types\/page"}],"author":[{"embeddable":true,"href":"https:\/\/agora.xtec.cat\/ceipfarigola-seva\/wp-json\/wp\/v2\/users\/1"}],"replies":[{"embeddable":true,"href":"https:\/\/agora.xtec.cat\/ceipfarigola-seva\/wp-json\/wp\/v2\/comments?post=1042"}],"version-history":[{"count":6,"href":"https:\/\/agora.xtec.cat\/ceipfarigola-seva\/wp-json\/wp\/v2\/pages\/1042\/revisions"}],"predecessor-version":[{"id":4581,"href":"https:\/\/agora.xtec.cat\/ceipfarigola-seva\/wp-json\/wp\/v2\/pages\/1042\/revisions\/4581"}],"up":[{"embeddable":true,"href":"https:\/\/agora.xtec.cat\/ceipfarigola-seva\/wp-json\/wp\/v2\/pages\/22"}],"wp:attachment":[{"href":"https:\/\/agora.xtec.cat\/ceipfarigola-seva\/wp-json\/wp\/v2\/media?parent=1042"}],"curies":[{"name":"wp","href":"https:\/\/api.w.org\/{rel}","templated":true}]}}