{"id":1028,"date":"2017-07-13T13:37:49","date_gmt":"2017-07-13T11:37:49","guid":{"rendered":"http:\/\/agora.xtec.cat\/ceipfarigola-seva\/?page_id=1028"},"modified":"2026-04-20T13:21:27","modified_gmt":"2026-04-20T11:21:27","slug":"documents","status":"publish","type":"page","link":"https:\/\/agora.xtec.cat\/ceipfarigola-seva\/documents\/","title":{"rendered":"Documents"},"content":{"rendered":"<p><a href=\"http:\/\/agora.xtec.cat\/ceipfarigola-seva\/lescola\/material-escolar\/\">Material escolar<\/a><\/p>\n<p><a href=\"https:\/\/agora.xtec.cat\/ceipfarigola-seva\/wp-content\/uploads\/usu217\/2025\/10\/PAGAMENTS-CURS-25-26.pdf\">PAGAMENTS CURS 25-26<\/a><\/p>\n<p><a href=\"https:\/\/agora.xtec.cat\/ceipfarigola-seva\/wp-content\/uploads\/usu217\/2026\/02\/Operacions-basiques-INNOVAMAT.pdf\" target=\"_blank\" rel=\"noopener\">Operacions b\u00e0siques INNOVAMAT<\/a><\/p>\n<p><a href=\"https:\/\/agora.xtec.cat\/ceipfarigola-seva\/wp-content\/uploads\/usu217\/2026\/02\/PEC-2025-26.pdf\" target=\"_blank\" rel=\"noopener\">PEC<\/a><\/p>\n<p><a href=\"https:\/\/agora.xtec.cat\/ceipfarigola-seva\/wp-content\/uploads\/usu217\/2026\/03\/NOFC-2025-2026.pdf\">NOFC 2025-2026<\/a><\/p>\n<p><a href=\"https:\/\/agora.xtec.cat\/ceipfarigola-seva\/wp-content\/uploads\/usu217\/2026\/02\/Mod4-Carta-de-compromis-educatiu.pdf\">Carta de Comprom\u00eds Educatiu<\/a><\/p>\n<p><a href=\"https:\/\/sites.google.com\/escolafarigola.cat\/edc-escolafarigola\/p%C3%A0gina-principal\">Estrat\u00e8gia Digital de Centre (EDC), 2026-2030<\/a><\/p>\n","protected":false},"excerpt":{"rendered":"<p>Material escolar PAGAMENTS CURS 25-26 Operacions b\u00e0siques INNOVAMAT PEC NOFC 2025-2026 Carta de Comprom\u00eds Educatiu Estrat\u00e8gia Digital de Centre (EDC), 2026-2030<\/p>\n","protected":false},"author":3,"featured_media":0,"parent":0,"menu_order":10,"comment_status":"closed","ping_status":"closed","template":"","meta":{"_bbp_topic_count":0,"_bbp_reply_count":0,"_bbp_total_topic_count":0,"_bbp_total_reply_count":0,"_bbp_voice_count":0,"_bbp_anonymous_reply_count":0,"_bbp_topic_count_hidden":0,"_bbp_reply_count_hidden":0,"_bbp_forum_subforum_count":0,"site-sidebar-layout":"default","site-content-layout":"","ast-site-content-layout":"default","site-content-style":"default","site-sidebar-style":"default","ast-global-header-display":"","ast-banner-title-visibility":"","ast-main-header-display":"","ast-hfb-above-header-display":"","ast-hfb-below-header-display":"","ast-hfb-mobile-header-display":"","site-post-title":"","ast-breadcrumbs-content":"","ast-featured-img":"","footer-sml-layout":"","theme-transparent-header-meta":"default","adv-header-id-meta":"","stick-header-meta":"","header-above-stick-meta":"","header-main-stick-meta":"","header-below-stick-meta":"","astra-migrate-meta-layouts":"set","ast-page-background-enabled":"default","ast-page-background-meta":{"desktop":{"background-color":"var(--ast-global-color-4)","background-image":"","background-repeat":"repeat","background-position":"center center","background-size":"auto","background-attachment":"scroll","background-type":"","background-media":"","overlay-type":"","overlay-color":"","overlay-opacity":"","overlay-gradient":""},"tablet":{"background-color":"","background-image":"","background-repeat":"repeat","background-position":"center center","background-size":"auto","background-attachment":"scroll","background-type":"","background-media":"","overlay-type":"","overlay-color":"","overlay-opacity":"","overlay-gradient":""},"mobile":{"background-color":"","background-image":"","background-repeat":"repeat","background-position":"center center","background-size":"auto","background-attachment":"scroll","background-type":"","background-media":"","overlay-type":"","overlay-color":"","overlay-opacity":"","overlay-gradient":""}},"ast-content-background-meta":{"desktop":{"background-color":"var(--ast-global-color-5)","background-image":"","background-repeat":"repeat","background-position":"center center","background-size":"auto","background-attachment":"scroll","background-type":"","background-media":"","overlay-type":"","overlay-color":"","overlay-opacity":"","overlay-gradient":""},"tablet":{"background-color":"var(--ast-global-color-5)","background-image":"","background-repeat":"repeat","background-position":"center center","background-size":"auto","background-attachment":"scroll","background-type":"","background-media":"","overlay-type":"","overlay-color":"","overlay-opacity":"","overlay-gradient":""},"mobile":{"background-color":"var(--ast-global-color-5)","background-image":"","background-repeat":"repeat","background-position":"center center","background-size":"auto","background-attachment":"scroll","background-type":"","background-media":"","overlay-type":"","overlay-color":"","overlay-opacity":"","overlay-gradient":""}},"footnotes":""},"class_list":["post-1028","page","type-page","status-publish","hentry"],"post_mailing_queue_ids":[],"_links":{"self":[{"href":"https:\/\/agora.xtec.cat\/ceipfarigola-seva\/wp-json\/wp\/v2\/pages\/1028","targetHints":{"allow":["GET"]}}],"collection":[{"href":"https:\/\/agora.xtec.cat\/ceipfarigola-seva\/wp-json\/wp\/v2\/pages"}],"about":[{"href":"https:\/\/agora.xtec.cat\/ceipfarigola-seva\/wp-json\/wp\/v2\/types\/page"}],"author":[{"embeddable":true,"href":"https:\/\/agora.xtec.cat\/ceipfarigola-seva\/wp-json\/wp\/v2\/users\/3"}],"replies":[{"embeddable":true,"href":"https:\/\/agora.xtec.cat\/ceipfarigola-seva\/wp-json\/wp\/v2\/comments?post=1028"}],"version-history":[{"count":6,"href":"https:\/\/agora.xtec.cat\/ceipfarigola-seva\/wp-json\/wp\/v2\/pages\/1028\/revisions"}],"predecessor-version":[{"id":5124,"href":"https:\/\/agora.xtec.cat\/ceipfarigola-seva\/wp-json\/wp\/v2\/pages\/1028\/revisions\/5124"}],"wp:attachment":[{"href":"https:\/\/agora.xtec.cat\/ceipfarigola-seva\/wp-json\/wp\/v2\/media?parent=1028"}],"curies":[{"name":"wp","href":"https:\/\/api.w.org\/{rel}","templated":true}]}}