{"id":9264,"date":"2019-08-13T12:31:45","date_gmt":"2019-08-13T10:31:45","guid":{"rendered":"http:\/\/agora.xtec.cat\/ceipestalella\/?page_id=9264"},"modified":"2025-01-13T10:41:03","modified_gmt":"2025-01-13T09:41:03","slug":"convenis-vigents","status":"publish","type":"page","link":"https:\/\/agora.xtec.cat\/ceipestalella\/convenis-vigents\/","title":{"rendered":"CONVENIS VIGENTS"},"content":{"rendered":"<p>L&#8217;escola ha signat convenis de col\u00b7laboraci\u00f3 amb.<\/p>\n<ul>\n<li><a href=\"https:\/\/agora.xtec.cat\/ceipestalella\/wp-content\/uploads\/usu318\/2019\/08\/CONVENI-AJUNTAMENT-ESCOLA-AJUT-VETLLADOR-MENJADOR.pdf\">Ajuntament de Vilafranca del Pened\u00e8s<\/a><\/li>\n<li><a href=\"https:\/\/agora.xtec.cat\/ceipestalella\/wp-content\/uploads\/usu318\/2019\/08\/CONVENI-AMPA-ESCOLA-de-gesti\u00f3-de-menjador.pdf\">AMPA (gesti\u00f3 del menjador)<\/a><\/li>\n<li><a href=\"https:\/\/agora.xtec.cat\/ceipestalella\/wp-content\/uploads\/usu318\/2019\/08\/CONVENI-CONSORCI-PER-LA-NOMALITZACI\u00d3-L\u00cdNG\u00dc\u00cdSTICA-I-ESCOLA.pdf\">Consorci per a la Normalitzaci\u00f3 Ling\u00fc\u00edstica<\/a><\/li>\n<li><a href=\"https:\/\/agora.xtec.cat\/ceipestalella\/wp-content\/uploads\/usu318\/2019\/08\/CONVENI-EDUCO-ESCOLA.pdf\">Educo<\/a><\/li>\n<li><a href=\"https:\/\/agora.xtec.cat\/ceipestalella\/wp-content\/uploads\/usu318\/2025\/01\/2024_Conveni-Escola-Amiga_Estalella.pdf\">Vinseum, museu de les cultures del vi de Catalunya<\/a><\/li>\n<li><a href=\"https:\/\/agora.xtec.cat\/ceipestalella\/wp-content\/uploads\/usu318\/2025\/01\/CONVENI-DE-COL\u00b7LABORACIO-ENTRE-LESCOLA-ESTALELLA-I-GRAELLS-I-RADIO-VILAFRANCA_PENEDES-TELEVISIO-.pdf\">SERCOM, Serveis Municipals de Comunicaci\u00f3. RTVVilafranca.\u00a0<\/a><\/li>\n<\/ul>\n","protected":false},"excerpt":{"rendered":"<p>L&#8217;escola ha signat convenis de col\u00b7laboraci\u00f3 amb. Ajuntament de Vilafranca del Pened\u00e8s AMPA (gesti\u00f3 del menjador) Consorci per a la [&hellip;]<\/p>\n","protected":false},"author":8,"featured_media":0,"parent":0,"menu_order":0,"comment_status":"closed","ping_status":"closed","template":"","meta":{"_bbp_topic_count":0,"_bbp_reply_count":0,"_bbp_total_topic_count":0,"_bbp_total_reply_count":0,"_bbp_voice_count":0,"_bbp_anonymous_reply_count":0,"_bbp_topic_count_hidden":0,"_bbp_reply_count_hidden":0,"_bbp_forum_subforum_count":0,"site-sidebar-layout":"default","site-content-layout":"","ast-site-content-layout":"","site-content-style":"default","site-sidebar-style":"default","ast-global-header-display":"","ast-banner-title-visibility":"","ast-main-header-display":"","ast-hfb-above-header-display":"","ast-hfb-below-header-display":"","ast-hfb-mobile-header-display":"","site-post-title":"","ast-breadcrumbs-content":"","ast-featured-img":"","footer-sml-layout":"","theme-transparent-header-meta":"","adv-header-id-meta":"","stick-header-meta":"","header-above-stick-meta":"","header-main-stick-meta":"","header-below-stick-meta":"","astra-migrate-meta-layouts":"default","ast-page-background-enabled":"default","ast-page-background-meta":{"desktop":{"background-color":"var(--ast-global-color-4)","background-image":"","background-repeat":"repeat","background-position":"center center","background-size":"auto","background-attachment":"scroll","background-type":"","background-media":"","overlay-type":"","overlay-color":"","overlay-opacity":"","overlay-gradient":""},"tablet":{"background-color":"","background-image":"","background-repeat":"repeat","background-position":"center center","background-size":"auto","background-attachment":"scroll","background-type":"","background-media":"","overlay-type":"","overlay-color":"","overlay-opacity":"","overlay-gradient":""},"mobile":{"background-color":"","background-image":"","background-repeat":"repeat","background-position":"center center","background-size":"auto","background-attachment":"scroll","background-type":"","background-media":"","overlay-type":"","overlay-color":"","overlay-opacity":"","overlay-gradient":""}},"ast-content-background-meta":{"desktop":{"background-color":"var(--ast-global-color-5)","background-image":"","background-repeat":"repeat","background-position":"center center","background-size":"auto","background-attachment":"scroll","background-type":"","background-media":"","overlay-type":"","overlay-color":"","overlay-opacity":"","overlay-gradient":""},"tablet":{"background-color":"var(--ast-global-color-5)","background-image":"","background-repeat":"repeat","background-position":"center center","background-size":"auto","background-attachment":"scroll","background-type":"","background-media":"","overlay-type":"","overlay-color":"","overlay-opacity":"","overlay-gradient":""},"mobile":{"background-color":"var(--ast-global-color-5)","background-image":"","background-repeat":"repeat","background-position":"center center","background-size":"auto","background-attachment":"scroll","background-type":"","background-media":"","overlay-type":"","overlay-color":"","overlay-opacity":"","overlay-gradient":""}},"footnotes":""},"class_list":["post-9264","page","type-page","status-publish","hentry"],"post_mailing_queue_ids":[],"_links":{"self":[{"href":"https:\/\/agora.xtec.cat\/ceipestalella\/wp-json\/wp\/v2\/pages\/9264","targetHints":{"allow":["GET"]}}],"collection":[{"href":"https:\/\/agora.xtec.cat\/ceipestalella\/wp-json\/wp\/v2\/pages"}],"about":[{"href":"https:\/\/agora.xtec.cat\/ceipestalella\/wp-json\/wp\/v2\/types\/page"}],"author":[{"embeddable":true,"href":"https:\/\/agora.xtec.cat\/ceipestalella\/wp-json\/wp\/v2\/users\/8"}],"replies":[{"embeddable":true,"href":"https:\/\/agora.xtec.cat\/ceipestalella\/wp-json\/wp\/v2\/comments?post=9264"}],"version-history":[{"count":5,"href":"https:\/\/agora.xtec.cat\/ceipestalella\/wp-json\/wp\/v2\/pages\/9264\/revisions"}],"predecessor-version":[{"id":19159,"href":"https:\/\/agora.xtec.cat\/ceipestalella\/wp-json\/wp\/v2\/pages\/9264\/revisions\/19159"}],"wp:attachment":[{"href":"https:\/\/agora.xtec.cat\/ceipestalella\/wp-json\/wp\/v2\/media?parent=9264"}],"curies":[{"name":"wp","href":"https:\/\/api.w.org\/{rel}","templated":true}]}}