{"id":9,"date":"2014-09-17T15:08:18","date_gmt":"2014-09-17T15:08:18","guid":{"rendered":"http:\/\/agora.xtec.cat\/ceipestalella\/?page_id=9"},"modified":"2026-03-10T12:05:41","modified_gmt":"2026-03-10T11:05:41","slug":"pagina-dinici-buida","status":"publish","type":"page","link":"https:\/\/agora.xtec.cat\/ceipestalella\/","title":{"rendered":""},"content":{"rendered":"\n<figure class=\"wp-block-image aligncenter size-full\"><a href=\"https:\/\/agora.xtec.cat\/ceipestalella\/general\/comunicat-claustres-de-lalt-penedes\/\"><img loading=\"lazy\" decoding=\"async\" width=\"1080\" height=\"1350\" src=\"https:\/\/agora.xtec.cat\/ceipestalella\/wp-content\/uploads\/usu318\/2026\/03\/1.png\" alt=\"\" class=\"wp-image-20794\" srcset=\"https:\/\/agora.xtec.cat\/ceipestalella\/wp-content\/uploads\/usu318\/2026\/03\/1.png 1080w, https:\/\/agora.xtec.cat\/ceipestalella\/wp-content\/uploads\/usu318\/2026\/03\/1-240x300.png 240w, https:\/\/agora.xtec.cat\/ceipestalella\/wp-content\/uploads\/usu318\/2026\/03\/1-819x1024.png 819w, https:\/\/agora.xtec.cat\/ceipestalella\/wp-content\/uploads\/usu318\/2026\/03\/1-120x150.png 120w, https:\/\/agora.xtec.cat\/ceipestalella\/wp-content\/uploads\/usu318\/2026\/03\/1-768x960.png 768w\" sizes=\"auto, (max-width: 1080px) 100vw, 1080px\" \/><\/a><\/figure>\n\n\n\n<figure class=\"wp-block-image aligncenter size-full is-resized\"><a href=\"https:\/\/agora.xtec.cat\/ceipestalella\/general\/entra-lescola-estalella\/\"><img loading=\"lazy\" decoding=\"async\" width=\"851\" height=\"315\" src=\"https:\/\/agora.xtec.cat\/ceipestalella\/wp-content\/uploads\/usu318\/2026\/02\/3.png\" alt=\"\" class=\"wp-image-20728\" style=\"width:846px;height:auto\" srcset=\"https:\/\/agora.xtec.cat\/ceipestalella\/wp-content\/uploads\/usu318\/2026\/02\/3.png 851w, https:\/\/agora.xtec.cat\/ceipestalella\/wp-content\/uploads\/usu318\/2026\/02\/3-300x111.png 300w, https:\/\/agora.xtec.cat\/ceipestalella\/wp-content\/uploads\/usu318\/2026\/02\/3-150x56.png 150w, https:\/\/agora.xtec.cat\/ceipestalella\/wp-content\/uploads\/usu318\/2026\/02\/3-768x284.png 768w\" sizes=\"auto, (max-width: 851px) 100vw, 851px\" \/><\/a><\/figure>\n\n\n\n<figure class=\"wp-block-image aligncenter size-full\"><a href=\"https:\/\/www.instagram.com\/estalellaigraells\/\"><img loading=\"lazy\" decoding=\"async\" width=\"851\" height=\"315\" src=\"https:\/\/agora.xtec.cat\/ceipestalella\/wp-content\/uploads\/usu318\/2026\/02\/5.png\" alt=\"\" class=\"wp-image-20729\" srcset=\"https:\/\/agora.xtec.cat\/ceipestalella\/wp-content\/uploads\/usu318\/2026\/02\/5.png 851w, https:\/\/agora.xtec.cat\/ceipestalella\/wp-content\/uploads\/usu318\/2026\/02\/5-300x111.png 300w, https:\/\/agora.xtec.cat\/ceipestalella\/wp-content\/uploads\/usu318\/2026\/02\/5-150x56.png 150w, https:\/\/agora.xtec.cat\/ceipestalella\/wp-content\/uploads\/usu318\/2026\/02\/5-768x284.png 768w\" sizes=\"auto, (max-width: 851px) 100vw, 851px\" \/><\/a><\/figure>\n\n\n\n<figure class=\"wp-block-table is-style-regular\"><table class=\"has-fixed-layout\" style=\"border-style:none;border-width:0px\"><tbody><tr><td><a href=\"https:\/\/agora.xtec.cat\/ceipestalella\/preinscripcio-escolar-2020-2021\/\"><img loading=\"lazy\" decoding=\"async\" width=\"500\" height=\"175\" src=\"https:\/\/agora.xtec.cat\/ceipestalella\/wp-content\/uploads\/usu318\/2024\/11\/PRE.png\" alt=\"\"><\/a><\/td><td><a href=\"https:\/\/agora.xtec.cat\/ceipestalella\/preinscripcio-escolar-2020-2021\/\"><a href=\"https:\/\/agora.xtec.cat\/ceipestalella\/matricula-2020-2021\/\"><img loading=\"lazy\" decoding=\"async\" width=\"500\" height=\"175\" src=\"https:\/\/agora.xtec.cat\/ceipestalella\/wp-content\/uploads\/usu318\/2024\/11\/MATR.png\" alt=\"\"><\/a><\/a><\/td><\/tr><\/tbody><\/table><\/figure>\n\n\n\n<figure class=\"wp-block-image aligncenter is-resized is-style-default\"><img loading=\"lazy\" decoding=\"async\" width=\"500\" height=\"121\" src=\"https:\/\/agora.xtec.cat\/ceipestalella\/wp-content\/uploads\/usu318\/2024\/11\/9-e1731943793550.png\" alt=\"\" class=\"wp-image-18963\" style=\"width:175px;height:auto\" srcset=\"https:\/\/agora.xtec.cat\/ceipestalella\/wp-content\/uploads\/usu318\/2024\/11\/9-e1731943793550.png 500w, https:\/\/agora.xtec.cat\/ceipestalella\/wp-content\/uploads\/usu318\/2024\/11\/9-e1731943793550-300x73.png 300w\" sizes=\"auto, (max-width: 500px) 100vw, 500px\" \/><\/figure>\n\n\n\n<div class=\"wp-block-getwid-section getwid-margin-top-small\"><div class=\"wp-block-getwid-section__wrapper getwid-padding-top-small getwid-padding-bottom-small getwid-padding-left-small getwid-padding-right-small\" style=\"min-height:100px\"><div class=\"wp-block-getwid-section__inner-wrapper\"><div class=\"wp-block-getwid-section__background-holder\"><div class=\"wp-block-getwid-section__background\"><\/div><div class=\"wp-block-getwid-section__foreground\"><\/div><\/div><div class=\"wp-block-getwid-section__content\"><div class=\"wp-block-getwid-section__inner-content\">\n<div class=\"wp-block-getwid-section has-inner-blocks-gap-small\"><div class=\"wp-block-getwid-section__wrapper\"><div class=\"wp-block-getwid-section__inner-wrapper\"><div class=\"wp-block-getwid-section__background-holder\"><div class=\"wp-block-getwid-section__background\"><\/div><div class=\"wp-block-getwid-section__foreground\"><\/div><\/div><div class=\"wp-block-getwid-section__content\"><div class=\"wp-block-getwid-section__inner-content\">\n<div class=\"wp-block-columns is-layout-flex wp-container-core-columns-is-layout-1 wp-block-columns-is-layout-flex\">\n<div class=\"wp-block-column is-layout-flow wp-block-column-is-layout-flow\">\n<figure class=\"wp-block-image aligncenter size-full\"><a href=\"https:\/\/agora.xtec.cat\/ceipestalella\/categoria\/infantil\/i3\/\"><img loading=\"lazy\" decoding=\"async\" width=\"500\" height=\"500\" src=\"https:\/\/agora.xtec.cat\/ceipestalella\/wp-content\/uploads\/usu318\/2025\/02\/1-6.png\" alt=\"\" class=\"wp-image-19419\" srcset=\"https:\/\/agora.xtec.cat\/ceipestalella\/wp-content\/uploads\/usu318\/2025\/02\/1-6.png 500w, https:\/\/agora.xtec.cat\/ceipestalella\/wp-content\/uploads\/usu318\/2025\/02\/1-6-300x300.png 300w, https:\/\/agora.xtec.cat\/ceipestalella\/wp-content\/uploads\/usu318\/2025\/02\/1-6-150x150.png 150w\" sizes=\"auto, (max-width: 500px) 100vw, 500px\" \/><\/a><\/figure>\n<\/div>\n\n\n\n<div class=\"wp-block-column is-layout-flow wp-block-column-is-layout-flow\">\n<figure class=\"wp-block-image aligncenter size-full\"><a href=\"https:\/\/agora.xtec.cat\/ceipestalella\/categoria\/infantil\/i4\/\"><img loading=\"lazy\" decoding=\"async\" width=\"500\" height=\"500\" src=\"https:\/\/agora.xtec.cat\/ceipestalella\/wp-content\/uploads\/usu318\/2025\/02\/2-5.png\" alt=\"\" class=\"wp-image-19420\" srcset=\"https:\/\/agora.xtec.cat\/ceipestalella\/wp-content\/uploads\/usu318\/2025\/02\/2-5.png 500w, https:\/\/agora.xtec.cat\/ceipestalella\/wp-content\/uploads\/usu318\/2025\/02\/2-5-300x300.png 300w, https:\/\/agora.xtec.cat\/ceipestalella\/wp-content\/uploads\/usu318\/2025\/02\/2-5-150x150.png 150w\" sizes=\"auto, (max-width: 500px) 100vw, 500px\" \/><\/a><\/figure>\n<\/div>\n\n\n\n<div class=\"wp-block-column is-layout-flow wp-block-column-is-layout-flow\">\n<figure class=\"wp-block-image aligncenter size-full\"><a href=\"https:\/\/agora.xtec.cat\/ceipestalella\/categoria\/infantil\/i5\/\"><img loading=\"lazy\" decoding=\"async\" width=\"500\" height=\"500\" src=\"https:\/\/agora.xtec.cat\/ceipestalella\/wp-content\/uploads\/usu318\/2025\/02\/3-5.png\" alt=\"\" class=\"wp-image-19421\" srcset=\"https:\/\/agora.xtec.cat\/ceipestalella\/wp-content\/uploads\/usu318\/2025\/02\/3-5.png 500w, https:\/\/agora.xtec.cat\/ceipestalella\/wp-content\/uploads\/usu318\/2025\/02\/3-5-300x300.png 300w, https:\/\/agora.xtec.cat\/ceipestalella\/wp-content\/uploads\/usu318\/2025\/02\/3-5-150x150.png 150w\" sizes=\"auto, (max-width: 500px) 100vw, 500px\" \/><\/a><\/figure>\n<\/div>\n\n\n\n<div class=\"wp-block-column is-layout-flow wp-block-column-is-layout-flow\">\n<figure class=\"wp-block-image aligncenter size-full\"><a href=\"https:\/\/agora.xtec.cat\/ceipestalella\/categoria\/general\/primaria\/1r\/\"><img loading=\"lazy\" decoding=\"async\" width=\"500\" height=\"500\" src=\"https:\/\/agora.xtec.cat\/ceipestalella\/wp-content\/uploads\/usu318\/2025\/02\/4-1.png\" alt=\"\" class=\"wp-image-19422\" srcset=\"https:\/\/agora.xtec.cat\/ceipestalella\/wp-content\/uploads\/usu318\/2025\/02\/4-1.png 500w, https:\/\/agora.xtec.cat\/ceipestalella\/wp-content\/uploads\/usu318\/2025\/02\/4-1-300x300.png 300w, https:\/\/agora.xtec.cat\/ceipestalella\/wp-content\/uploads\/usu318\/2025\/02\/4-1-150x150.png 150w\" sizes=\"auto, (max-width: 500px) 100vw, 500px\" \/><\/a><\/figure>\n<\/div>\n\n\n\n<div class=\"wp-block-column is-layout-flow wp-block-column-is-layout-flow\">\n<figure class=\"wp-block-image aligncenter size-full\"><a href=\"https:\/\/agora.xtec.cat\/ceipestalella\/categoria\/general\/primaria\/2n\/\"><img loading=\"lazy\" decoding=\"async\" width=\"500\" height=\"500\" src=\"https:\/\/agora.xtec.cat\/ceipestalella\/wp-content\/uploads\/usu318\/2025\/02\/5.png\" alt=\"\" class=\"wp-image-19423\" srcset=\"https:\/\/agora.xtec.cat\/ceipestalella\/wp-content\/uploads\/usu318\/2025\/02\/5.png 500w, https:\/\/agora.xtec.cat\/ceipestalella\/wp-content\/uploads\/usu318\/2025\/02\/5-300x300.png 300w, https:\/\/agora.xtec.cat\/ceipestalella\/wp-content\/uploads\/usu318\/2025\/02\/5-150x150.png 150w\" sizes=\"auto, (max-width: 500px) 100vw, 500px\" \/><\/a><\/figure>\n<\/div>\n\n\n\n<div class=\"wp-block-column is-layout-flow wp-block-column-is-layout-flow\">\n<figure class=\"wp-block-image aligncenter size-full\"><a href=\"https:\/\/agora.xtec.cat\/ceipestalella\/categoria\/general\/primaria\/3r\/\"><img loading=\"lazy\" decoding=\"async\" width=\"500\" height=\"500\" src=\"https:\/\/agora.xtec.cat\/ceipestalella\/wp-content\/uploads\/usu318\/2025\/02\/6.png\" alt=\"\" class=\"wp-image-19424\" srcset=\"https:\/\/agora.xtec.cat\/ceipestalella\/wp-content\/uploads\/usu318\/2025\/02\/6.png 500w, https:\/\/agora.xtec.cat\/ceipestalella\/wp-content\/uploads\/usu318\/2025\/02\/6-300x300.png 300w, https:\/\/agora.xtec.cat\/ceipestalella\/wp-content\/uploads\/usu318\/2025\/02\/6-150x150.png 150w\" sizes=\"auto, (max-width: 500px) 100vw, 500px\" \/><\/a><\/figure>\n<\/div>\n\n\n\n<div class=\"wp-block-column is-layout-flow wp-block-column-is-layout-flow\">\n<figure class=\"wp-block-image aligncenter size-full\"><a href=\"https:\/\/agora.xtec.cat\/ceipestalella\/categoria\/general\/primaria\/4t\/\"><img loading=\"lazy\" decoding=\"async\" width=\"500\" height=\"500\" src=\"https:\/\/agora.xtec.cat\/ceipestalella\/wp-content\/uploads\/usu318\/2025\/02\/7.png\" alt=\"\" class=\"wp-image-19425\" srcset=\"https:\/\/agora.xtec.cat\/ceipestalella\/wp-content\/uploads\/usu318\/2025\/02\/7.png 500w, https:\/\/agora.xtec.cat\/ceipestalella\/wp-content\/uploads\/usu318\/2025\/02\/7-300x300.png 300w, https:\/\/agora.xtec.cat\/ceipestalella\/wp-content\/uploads\/usu318\/2025\/02\/7-150x150.png 150w\" sizes=\"auto, (max-width: 500px) 100vw, 500px\" \/><\/a><\/figure>\n<\/div>\n\n\n\n<div class=\"wp-block-column is-layout-flow wp-block-column-is-layout-flow\">\n<figure class=\"wp-block-image aligncenter size-full\"><a href=\"https:\/\/agora.xtec.cat\/ceipestalella\/categoria\/general\/primaria\/5e\/\"><img loading=\"lazy\" decoding=\"async\" width=\"500\" height=\"500\" src=\"https:\/\/agora.xtec.cat\/ceipestalella\/wp-content\/uploads\/usu318\/2025\/02\/8.png\" alt=\"\" class=\"wp-image-19426\" srcset=\"https:\/\/agora.xtec.cat\/ceipestalella\/wp-content\/uploads\/usu318\/2025\/02\/8.png 500w, https:\/\/agora.xtec.cat\/ceipestalella\/wp-content\/uploads\/usu318\/2025\/02\/8-300x300.png 300w, https:\/\/agora.xtec.cat\/ceipestalella\/wp-content\/uploads\/usu318\/2025\/02\/8-150x150.png 150w\" sizes=\"auto, (max-width: 500px) 100vw, 500px\" \/><\/a><\/figure>\n<\/div>\n\n\n\n<div class=\"wp-block-column is-layout-flow wp-block-column-is-layout-flow\">\n<figure class=\"wp-block-image aligncenter size-full\"><a href=\"https:\/\/agora.xtec.cat\/ceipestalella\/categoria\/general\/primaria\/6e\/\"><img loading=\"lazy\" decoding=\"async\" width=\"500\" height=\"500\" src=\"https:\/\/agora.xtec.cat\/ceipestalella\/wp-content\/uploads\/usu318\/2025\/02\/9.png\" alt=\"\" class=\"wp-image-19427\" srcset=\"https:\/\/agora.xtec.cat\/ceipestalella\/wp-content\/uploads\/usu318\/2025\/02\/9.png 500w, https:\/\/agora.xtec.cat\/ceipestalella\/wp-content\/uploads\/usu318\/2025\/02\/9-300x300.png 300w, https:\/\/agora.xtec.cat\/ceipestalella\/wp-content\/uploads\/usu318\/2025\/02\/9-150x150.png 150w\" sizes=\"auto, (max-width: 500px) 100vw, 500px\" \/><\/a><\/figure>\n<\/div>\n<\/div>\n<\/div><\/div><\/div><\/div><\/div>\n<\/div><\/div><\/div><\/div><\/div>\n\n\n<div class=\"wp-block-getwid-instagram has-spacing-none\">\n            <div class=\"wp-block-getwid-instagram__wrapper has-4-columns\">\n                <div class=\"wp-block-getwid-instagram__item\">\n\t<div class=\"wp-block-getwid-instagram__media-wrapper\">\n\t\t<a class=\"wp-block-getwid-instagram__media-link\" target=\"_blank\" href=\"https:\/\/www.instagram.com\/p\/DVssjdRjFYf\/\">\n\t\t\t\t\t\t\t<img decoding=\"async\" class=\"wp-block-getwid-instagram__media\" src=\"https:\/\/scontent-lhr6-1.cdninstagram.com\/v\/t51.82787-15\/649871308_18044963723723985_1561227063799779776_n.jpg?stp=dst-jpg_e35_tt6&#038;_nc_cat=110&#038;ccb=7-5&#038;_nc_sid=18de74&#038;efg=eyJlZmdfdGFnIjoiQ0FST1VTRUxfSVRFTS5iZXN0X2ltYWdlX3VybGdlbi5DMyJ9&#038;_nc_ohc=FCJCKaY6ptUQ7kNvwEmtHns&#038;_nc_oc=AdqLa1fDjJpQdaDFgr2vAlLFvosHcv2fy_LdamzAd8XtSqYZh0sTCEh8bfV2gOHFDEU&#038;_nc_zt=23&#038;_nc_ht=scontent-lhr6-1.cdninstagram.com&#038;edm=ANo9K5cEAAAA&#038;_nc_gid=SsC8ilEKrMLuySnXO2j36Q&#038;_nc_tpa=Q5bMBQETOi_F-PUnhYtFjWj0DIIuY4ZeZIWvwjMYYCcxUbAjWweF48yMcEM_DWuuseWuA88tXmeAs5qXFg&#038;oh=00_Af6f4iVg-cjTQkxyUHxLnoCoTUpDMVx1eo27--iV1Rln5g&#038;oe=6A029C78\" alt=\"Comunicat claustres de l\u2019Alt Pened\u00e8s Davant de la situaci\u00f3 de &quot;col\u00b7lapse estructural&quot; del sistema educatiu i la manca de solucions i de compromisos de millora significatius per part del Departament d\u2019Educaci\u00f3 i Formaci\u00f3 Professional. Insufici\u00e8ncia de recursos. Impossibilitat d\u2019atenci\u00f3 a tot l&#039;alumnat. Assumpci\u00f3 volunt\u00e0ria de tasques que van m\u00e9s enll\u00e0 de les nostres obligacions estrictament&hellip;\"\/>\n\t\t\t\t\t<\/a>\n\t<\/div>\n<\/div><div class=\"wp-block-getwid-instagram__item\">\n\t<div class=\"wp-block-getwid-instagram__media-wrapper\">\n\t\t<a class=\"wp-block-getwid-instagram__media-link\" target=\"_blank\" href=\"https:\/\/www.instagram.com\/p\/DVssfyJjDTd\/\">\n\t\t\t\t\t\t\t<img decoding=\"async\" class=\"wp-block-getwid-instagram__media\" src=\"https:\/\/scontent-lhr6-1.cdninstagram.com\/v\/t51.82787-15\/649654956_18044963627723985_8329659917400735083_n.jpg?stp=dst-jpg_e35_tt6&#038;_nc_cat=110&#038;ccb=7-5&#038;_nc_sid=18de74&#038;efg=eyJlZmdfdGFnIjoiQ0FST1VTRUxfSVRFTS5iZXN0X2ltYWdlX3VybGdlbi5DMyJ9&#038;_nc_ohc=QPZGypwRU4wQ7kNvwG60nsy&#038;_nc_oc=AdqO0ikFlDnjNi151GpFKQ26Z0cv8fvxxA-4GnGnS4dYWZVhyBXoj7mOJV6sSkHq5hc&#038;_nc_zt=23&#038;_nc_ht=scontent-lhr6-1.cdninstagram.com&#038;edm=ANo9K5cEAAAA&#038;_nc_gid=SsC8ilEKrMLuySnXO2j36Q&#038;_nc_tpa=Q5bMBQEiAfz0bmO_ub9b5t5tZUJWLTYIejcyfr4DJiPQeWT4yVlz4FPwDYfoCBVwEix0Dnx_vKwZxm5IaQ&#038;oh=00_Af48tni-Gg1apeOHTQQUn447Cqbm8L0n3wnVhUrpstACeQ&#038;oe=6A027DDC\" alt=\"Comunicat claustres de l\u2019Alt Pened\u00e8s Davant de la situaci\u00f3 de &quot;col\u00b7lapse estructural&quot; del sistema educatiu i la manca de solucions i de compromisos de millora significatius per part del Departament d\u2019Educaci\u00f3 i Formaci\u00f3 Professional. Insufici\u00e8ncia de recursos. Impossibilitat d\u2019atenci\u00f3 a tot l&#039;alumnat. Assumpci\u00f3 volunt\u00e0ria de tasques que van m\u00e9s enll\u00e0 de les nostres obligacions estrictament&hellip;\"\/>\n\t\t\t\t\t<\/a>\n\t<\/div>\n<\/div><div class=\"wp-block-getwid-instagram__item\">\n\t<div class=\"wp-block-getwid-instagram__media-wrapper\">\n\t\t<a class=\"wp-block-getwid-instagram__media-link\" target=\"_blank\" href=\"https:\/\/www.instagram.com\/p\/DVssYvKjJE6\/\">\n\t\t\t\t\t\t\t<img decoding=\"async\" class=\"wp-block-getwid-instagram__media\" src=\"https:\/\/scontent-lhr8-1.cdninstagram.com\/v\/t51.82787-15\/649362859_18044963537723985_7956188016271981394_n.jpg?stp=dst-jpg_e35_tt6&#038;_nc_cat=107&#038;ccb=7-5&#038;_nc_sid=18de74&#038;efg=eyJlZmdfdGFnIjoiQ0FST1VTRUxfSVRFTS5iZXN0X2ltYWdlX3VybGdlbi5DMyJ9&#038;_nc_ohc=2aWOLMkB89gQ7kNvwGlgc2J&#038;_nc_oc=Adq2rm42zO_iqH6E7dOuf7GPFWv4vzGR3rceJSCrUbkF80kwu_VDC6UiiEIRCX_GPD4&#038;_nc_zt=23&#038;_nc_ht=scontent-lhr8-1.cdninstagram.com&#038;edm=ANo9K5cEAAAA&#038;_nc_gid=SsC8ilEKrMLuySnXO2j36Q&#038;_nc_tpa=Q5bMBQFMzdl-6CYJ5JDxySZsxvZhXtrEVxKNgGDM6shONqnoPddvTc-nYWUjB12yi2XVcV87L_ZV5NNR2Q&#038;oh=00_Af5qYx4AS-D7EDca6VkTl7UJAO_vQcuVUpcDXxYBuueLLA&#038;oe=6A02A1CA\" alt=\"Comunicat claustres de l\u2019Alt Pened\u00e8s Davant de la situaci\u00f3 de &quot;col\u00b7lapse estructural&quot; del sistema educatiu i la manca de solucions i de compromisos de millora significatius per part del Departament d\u2019Educaci\u00f3 i Formaci\u00f3 Professional. Insufici\u00e8ncia de recursos. Impossibilitat d\u2019atenci\u00f3 a tot l&#039;alumnat. Assumpci\u00f3 volunt\u00e0ria de tasques que van m\u00e9s enll\u00e0 de les nostres obligacions estrictament&hellip;\"\/>\n\t\t\t\t\t<\/a>\n\t<\/div>\n<\/div><div class=\"wp-block-getwid-instagram__item\">\n\t<div class=\"wp-block-getwid-instagram__media-wrapper\">\n\t\t<a class=\"wp-block-getwid-instagram__media-link\" target=\"_blank\" href=\"https:\/\/www.instagram.com\/reel\/DVjhav0DKsv\/\">\n\t\t\t\t\t\t\t<img decoding=\"async\" class=\"wp-block-getwid-instagram__media\" src=\"https:\/\/scontent-lhr8-2.cdninstagram.com\/v\/t51.82787-15\/649230290_18044502191723985_1873331250859034914_n.jpg?stp=dst-jpg_e35_tt6&#038;_nc_cat=101&#038;ccb=7-5&#038;_nc_sid=18de74&#038;efg=eyJlZmdfdGFnIjoiQ0xJUFMuYmVzdF9pbWFnZV91cmxnZW4uQzMifQ%3D%3D&#038;_nc_ohc=cNbm0vSc5bwQ7kNvwHIP-hh&#038;_nc_oc=Adq6SWabUKp5xWdsL6_Fl1Jl6PXoee_hr0eZFbhWz1Uts0PoDYgC60gCLz2S_K2o67A&#038;_nc_zt=23&#038;_nc_ht=scontent-lhr8-2.cdninstagram.com&#038;edm=ANo9K5cEAAAA&#038;_nc_gid=SsC8ilEKrMLuySnXO2j36Q&#038;_nc_tpa=Q5bMBQG1MRJUaYwoOzr7_d49iEuwxRGs4ADswa3px_yTCIX8Mr31SiCFD5EAvgpEaztNTUZFGdiOMgQdsg&#038;oh=00_Af7de-hBs9fseM2oNTPrqKqWAam79w2eMlquJHKjBg2Dbg&#038;oe=6A02A7AA\" alt=\"\ud83c\udf27\ufe0f\u2728 Col\u00f2nies de 3r i 4t a Can Vandrell \ud83d\ude80 Aquests dies hem viscut unes col\u00f2nies plenes d\u2019aventures a Can Vandrell! Tot i la pluja, ens ho hem passat d\u2019all\u00f2 m\u00e9s b\u00e9. Hem fet un viatge pel sistema solar amb ulleres de realitat virtual, hem experimentat creant cr\u00e0ters, hem jugat molt\u00edssim i tamb\u00e9 hem gaudit&hellip;\"\/>\n\t\t\t\t\t<\/a>\n\t<\/div>\n<\/div><\/div>\n        <\/div>\n\n","protected":false},"excerpt":{"rendered":"","protected":false},"author":2,"featured_media":0,"parent":7,"menu_order":0,"comment_status":"closed","ping_status":"closed","template":"","meta":{"_bbp_topic_count":0,"_bbp_reply_count":0,"_bbp_total_topic_count":0,"_bbp_total_reply_count":0,"_bbp_voice_count":0,"_bbp_anonymous_reply_count":0,"_bbp_topic_count_hidden":0,"_bbp_reply_count_hidden":0,"_bbp_forum_subforum_count":0,"site-sidebar-layout":"default","site-content-layout":"","ast-site-content-layout":"default","site-content-style":"default","site-sidebar-style":"default","ast-global-header-display":"","ast-banner-title-visibility":"","ast-main-header-display":"","ast-hfb-above-header-display":"","ast-hfb-below-header-display":"","ast-hfb-mobile-header-display":"","site-post-title":"disabled","ast-breadcrumbs-content":"","ast-featured-img":"","footer-sml-layout":"","theme-transparent-header-meta":"","adv-header-id-meta":"","stick-header-meta":"","header-above-stick-meta":"","header-main-stick-meta":"","header-below-stick-meta":"","astra-migrate-meta-layouts":"set","ast-page-background-enabled":"default","ast-page-background-meta":{"desktop":{"background-color":"var(--ast-global-color-4)","background-image":"","background-repeat":"repeat","background-position":"center center","background-size":"auto","background-attachment":"scroll","background-type":"","background-media":"","overlay-type":"","overlay-color":"","overlay-opacity":"","overlay-gradient":""},"tablet":{"background-color":"","background-image":"","background-repeat":"repeat","background-position":"center center","background-size":"auto","background-attachment":"scroll","background-type":"","background-media":"","overlay-type":"","overlay-color":"","overlay-opacity":"","overlay-gradient":""},"mobile":{"background-color":"","background-image":"","background-repeat":"repeat","background-position":"center center","background-size":"auto","background-attachment":"scroll","background-type":"","background-media":"","overlay-type":"","overlay-color":"","overlay-opacity":"","overlay-gradient":""}},"ast-content-background-meta":{"desktop":{"background-color":"var(--ast-global-color-5)","background-image":"","background-repeat":"repeat","background-position":"center center","background-size":"auto","background-attachment":"scroll","background-type":"","background-media":"","overlay-type":"","overlay-color":"","overlay-opacity":"","overlay-gradient":""},"tablet":{"background-color":"var(--ast-global-color-5)","background-image":"","background-repeat":"repeat","background-position":"center center","background-size":"auto","background-attachment":"scroll","background-type":"","background-media":"","overlay-type":"","overlay-color":"","overlay-opacity":"","overlay-gradient":""},"mobile":{"background-color":"var(--ast-global-color-5)","background-image":"","background-repeat":"repeat","background-position":"center center","background-size":"auto","background-attachment":"scroll","background-type":"","background-media":"","overlay-type":"","overlay-color":"","overlay-opacity":"","overlay-gradient":""}},"footnotes":""},"class_list":["post-9","page","type-page","status-publish","hentry"],"post_mailing_queue_ids":[],"_links":{"self":[{"href":"https:\/\/agora.xtec.cat\/ceipestalella\/wp-json\/wp\/v2\/pages\/9","targetHints":{"allow":["GET"]}}],"collection":[{"href":"https:\/\/agora.xtec.cat\/ceipestalella\/wp-json\/wp\/v2\/pages"}],"about":[{"href":"https:\/\/agora.xtec.cat\/ceipestalella\/wp-json\/wp\/v2\/types\/page"}],"author":[{"embeddable":true,"href":"https:\/\/agora.xtec.cat\/ceipestalella\/wp-json\/wp\/v2\/users\/2"}],"replies":[{"embeddable":true,"href":"https:\/\/agora.xtec.cat\/ceipestalella\/wp-json\/wp\/v2\/comments?post=9"}],"version-history":[{"count":6,"href":"https:\/\/agora.xtec.cat\/ceipestalella\/wp-json\/wp\/v2\/pages\/9\/revisions"}],"predecessor-version":[{"id":20806,"href":"https:\/\/agora.xtec.cat\/ceipestalella\/wp-json\/wp\/v2\/pages\/9\/revisions\/20806"}],"up":[{"embeddable":true,"href":"https:\/\/agora.xtec.cat\/ceipestalella\/wp-json\/wp\/v2\/pages\/7"}],"wp:attachment":[{"href":"https:\/\/agora.xtec.cat\/ceipestalella\/wp-json\/wp\/v2\/media?parent=9"}],"curies":[{"name":"wp","href":"https:\/\/api.w.org\/{rel}","templated":true}]}}