{"id":839,"date":"2015-11-11T13:22:40","date_gmt":"2015-11-11T12:22:40","guid":{"rendered":"http:\/\/agora.xtec.cat\/ceipestalella\/?page_id=839"},"modified":"2024-01-25T09:46:08","modified_gmt":"2024-01-25T08:46:08","slug":"autoritzacions","status":"publish","type":"page","link":"https:\/\/agora.xtec.cat\/ceipestalella\/autoritzacions\/","title":{"rendered":"Autoritzacions"},"content":{"rendered":"<p>A continuaci\u00f3 trobareu tots els models d&#8217;autoritzacions, cartes i declaracions que les fam\u00edlies podeu necessitar:<\/p>\n<p><strong>Autoritzacions<\/strong><\/p>\n<ul>\n<li><a style=\"font-family: inherit; font-size: 1em;\" href=\"https:\/\/agora.xtec.cat\/ceipestalella\/wp-content\/uploads\/usu318\/2020\/10\/Autoritzacio_proves_covid.pdf\">Autoritzaci\u00f3 per al procediment de gesti\u00f3 de casos i contactes de la covid-19 als centres educatius<\/a><\/li>\n<li><a style=\"font-family: inherit; font-size: 1em;\" href=\"https:\/\/agora.xtec.cat\/ceipestalella\/wp-content\/uploads\/usu318\/2019\/11\/Autoritzaci\u00f3-marxar-del-centre.pdf\">Autoritzaci\u00f3 per marxar del centre a l&#8217;acabar les classes (de P3 a 2n)<\/a><\/li>\n<li><a style=\"font-family: inherit; font-size: 1em;\" href=\"https:\/\/agora.xtec.cat\/ceipestalella\/wp-content\/uploads\/usu318\/2019\/04\/Autoritzaci\u00f3-per-administrar-un-medicament.pdf\">Autoritzaci\u00f3 d&#8217;administraci\u00f3 de medicaments.<\/a><\/li>\n<li><a href=\"https:\/\/agora.xtec.cat\/ceipestalella\/wp-content\/uploads\/usu318\/2024\/01\/AUTORITZACIO-drets-imatge-video-Portes-Obertes.pdf\">Autoritzaci\u00f3 drets imatge per al v\u00eddeo de Portes Obertes (ex-alumnes)<\/a><\/li>\n<\/ul>\n<hr \/>\n<p><strong>Cartes<\/strong><\/p>\n<ul>\n<li><a style=\"font-family: inherit; font-size: 1em;\" href=\"https:\/\/agora.xtec.cat\/ceipestalella\/wp-content\/uploads\/usu318\/2019\/09\/Carta-de-comprom\u00eds-educatiu-nova-NOU.pdf\">Carta de comprom\u00eds educatiu<\/a><\/li>\n<\/ul>\n<hr \/>\n<p><strong>Declaracions responsables<\/strong><\/p>\n<ul>\n<li><a href=\"https:\/\/agora.xtec.cat\/ceipestalella\/wp-content\/uploads\/usu318\/2020\/10\/Declaraci\u00f3-repsonsable-COVID-fam\u00edlies.pdf\">Declaraci\u00f3 responsable per al familiar que ve a una entrevista a l&#8217;escola<\/a><\/li>\n<li><a style=\"font-family: inherit; font-size: 1em;\" href=\"https:\/\/agora.xtec.cat\/ceipestalella\/wp-content\/uploads\/usu318\/2020\/09\/ALUMNAT-INFANTIL.-Declaraci%C3%B3-responsable.pdf\">Declaraci\u00f3 responsable per a les fam\u00edlies d\u2019alumnes d\u2019educaci\u00f3 infantil<\/a><\/li>\n<li><a style=\"font-family: inherit; font-size: 1em;\" href=\"https:\/\/agora.xtec.cat\/ceipestalella\/wp-content\/uploads\/usu318\/2020\/09\/ALUMNAT-PRIM%C3%80RIA.-Declaraci%C3%B3-responsable.pdf\">Declaraci\u00f3 responsable per a les fam\u00edlies d\u2019alumnes d\u2019educaci\u00f3 prim\u00e0ria<\/a><\/li>\n<\/ul>\n","protected":false},"excerpt":{"rendered":"<p>A continuaci\u00f3 trobareu tots els models d&#8217;autoritzacions, cartes i declaracions que les fam\u00edlies podeu necessitar: Autoritzacions Autoritzaci\u00f3 per al procediment [&hellip;]<\/p>\n","protected":false},"author":1,"featured_media":0,"parent":0,"menu_order":0,"comment_status":"closed","ping_status":"closed","template":"page-templates\/side-menu.php","meta":{"_bbp_topic_count":0,"_bbp_reply_count":0,"_bbp_total_topic_count":0,"_bbp_total_reply_count":0,"_bbp_voice_count":0,"_bbp_anonymous_reply_count":0,"_bbp_topic_count_hidden":0,"_bbp_reply_count_hidden":0,"_bbp_forum_subforum_count":0,"site-sidebar-layout":"default","site-content-layout":"","ast-site-content-layout":"","site-content-style":"default","site-sidebar-style":"default","ast-global-header-display":"","ast-banner-title-visibility":"","ast-main-header-display":"","ast-hfb-above-header-display":"","ast-hfb-below-header-display":"","ast-hfb-mobile-header-display":"","site-post-title":"","ast-breadcrumbs-content":"","ast-featured-img":"","footer-sml-layout":"","theme-transparent-header-meta":"","adv-header-id-meta":"","stick-header-meta":"","header-above-stick-meta":"","header-main-stick-meta":"","header-below-stick-meta":"","astra-migrate-meta-layouts":"default","ast-page-background-enabled":"default","ast-page-background-meta":{"desktop":{"background-color":"var(--ast-global-color-4)","background-image":"","background-repeat":"repeat","background-position":"center center","background-size":"auto","background-attachment":"scroll","background-type":"","background-media":"","overlay-type":"","overlay-color":"","overlay-opacity":"","overlay-gradient":""},"tablet":{"background-color":"","background-image":"","background-repeat":"repeat","background-position":"center center","background-size":"auto","background-attachment":"scroll","background-type":"","background-media":"","overlay-type":"","overlay-color":"","overlay-opacity":"","overlay-gradient":""},"mobile":{"background-color":"","background-image":"","background-repeat":"repeat","background-position":"center center","background-size":"auto","background-attachment":"scroll","background-type":"","background-media":"","overlay-type":"","overlay-color":"","overlay-opacity":"","overlay-gradient":""}},"ast-content-background-meta":{"desktop":{"background-color":"var(--ast-global-color-5)","background-image":"","background-repeat":"repeat","background-position":"center center","background-size":"auto","background-attachment":"scroll","background-type":"","background-media":"","overlay-type":"","overlay-color":"","overlay-opacity":"","overlay-gradient":""},"tablet":{"background-color":"var(--ast-global-color-5)","background-image":"","background-repeat":"repeat","background-position":"center center","background-size":"auto","background-attachment":"scroll","background-type":"","background-media":"","overlay-type":"","overlay-color":"","overlay-opacity":"","overlay-gradient":""},"mobile":{"background-color":"var(--ast-global-color-5)","background-image":"","background-repeat":"repeat","background-position":"center center","background-size":"auto","background-attachment":"scroll","background-type":"","background-media":"","overlay-type":"","overlay-color":"","overlay-opacity":"","overlay-gradient":""}},"footnotes":""},"class_list":["post-839","page","type-page","status-publish","hentry"],"post_mailing_queue_ids":[],"_links":{"self":[{"href":"https:\/\/agora.xtec.cat\/ceipestalella\/wp-json\/wp\/v2\/pages\/839","targetHints":{"allow":["GET"]}}],"collection":[{"href":"https:\/\/agora.xtec.cat\/ceipestalella\/wp-json\/wp\/v2\/pages"}],"about":[{"href":"https:\/\/agora.xtec.cat\/ceipestalella\/wp-json\/wp\/v2\/types\/page"}],"author":[{"embeddable":true,"href":"https:\/\/agora.xtec.cat\/ceipestalella\/wp-json\/wp\/v2\/users\/1"}],"replies":[{"embeddable":true,"href":"https:\/\/agora.xtec.cat\/ceipestalella\/wp-json\/wp\/v2\/comments?post=839"}],"version-history":[{"count":9,"href":"https:\/\/agora.xtec.cat\/ceipestalella\/wp-json\/wp\/v2\/pages\/839\/revisions"}],"predecessor-version":[{"id":17844,"href":"https:\/\/agora.xtec.cat\/ceipestalella\/wp-json\/wp\/v2\/pages\/839\/revisions\/17844"}],"wp:attachment":[{"href":"https:\/\/agora.xtec.cat\/ceipestalella\/wp-json\/wp\/v2\/media?parent=839"}],"curies":[{"name":"wp","href":"https:\/\/api.w.org\/{rel}","templated":true}]}}