{"id":456,"date":"2015-06-29T12:20:53","date_gmt":"2015-06-29T11:20:53","guid":{"rendered":"http:\/\/agora.xtec.cat\/ceipestalella\/?page_id=456"},"modified":"2025-02-25T18:59:10","modified_gmt":"2025-02-25T17:59:10","slug":"placa-de-lametller","status":"publish","type":"page","link":"https:\/\/agora.xtec.cat\/ceipestalella\/els-nostres-projectes\/placa-de-lametller\/","title":{"rendered":"Pla\u00e7a de l&#8217;Ametller"},"content":{"rendered":"\n<p><\/p>\n\n\n\n<p>La Pla\u00e7a de l\u2019Ametller \u00e9s una aula de l\u2019escola habilitada per al joc simb\u00f2lic. Hi ha 7 casetes per jugar: una escola, un taller mec\u00e0nic, una botiga, una casa, una consulta m\u00e8dica, un restaurant i una perruqueria. Totes les cases estan disposades al voltant d\u2019una aula com si <span style=\"font-family: inherit; font-size: 1em;\">el centre fos una pla\u00e7a. Compta amb un material molt divers i espec\u00edfic en cadascun dels espais.<\/span><\/p>\n\n\n\n<div class=\"wp-block-columns is-layout-flex wp-container-core-columns-is-layout-1 wp-block-columns-is-layout-flex\">\n<div class=\"wp-block-column is-layout-flow wp-block-column-is-layout-flow\">\n<figure class=\"wp-block-image size-large is-resized\"><img loading=\"lazy\" decoding=\"async\" width=\"907\" height=\"907\" src=\"https:\/\/agora.xtec.cat\/ceipestalella\/wp-content\/uploads\/usu318\/2025\/02\/20240215_114531-1-edited.jpg\" alt=\"\" class=\"wp-image-19626\" style=\"width:238px;height:auto\" srcset=\"https:\/\/agora.xtec.cat\/ceipestalella\/wp-content\/uploads\/usu318\/2025\/02\/20240215_114531-1-edited.jpg 907w, https:\/\/agora.xtec.cat\/ceipestalella\/wp-content\/uploads\/usu318\/2025\/02\/20240215_114531-1-edited-300x300.jpg 300w, https:\/\/agora.xtec.cat\/ceipestalella\/wp-content\/uploads\/usu318\/2025\/02\/20240215_114531-1-edited-150x150.jpg 150w, https:\/\/agora.xtec.cat\/ceipestalella\/wp-content\/uploads\/usu318\/2025\/02\/20240215_114531-1-edited-768x768.jpg 768w\" sizes=\"auto, (max-width: 907px) 100vw, 907px\" \/><\/figure>\n<\/div>\n\n\n\n<div class=\"wp-block-column is-layout-flow wp-block-column-is-layout-flow\">\n<figure class=\"wp-block-image size-full is-resized\"><img loading=\"lazy\" decoding=\"async\" width=\"887\" height=\"913\" src=\"https:\/\/agora.xtec.cat\/ceipestalella\/wp-content\/uploads\/usu318\/2024\/03\/20240130_152703.jpg\" alt=\"\" class=\"wp-image-18139\" style=\"width:231px;height:auto\" srcset=\"https:\/\/agora.xtec.cat\/ceipestalella\/wp-content\/uploads\/usu318\/2024\/03\/20240130_152703.jpg 887w, https:\/\/agora.xtec.cat\/ceipestalella\/wp-content\/uploads\/usu318\/2024\/03\/20240130_152703-291x300.jpg 291w, https:\/\/agora.xtec.cat\/ceipestalella\/wp-content\/uploads\/usu318\/2024\/03\/20240130_152703-768x791.jpg 768w\" sizes=\"auto, (max-width: 887px) 100vw, 887px\" \/><\/figure>\n<\/div>\n\n\n\n<div class=\"wp-block-column is-layout-flow wp-block-column-is-layout-flow\">\n<figure class=\"wp-block-image size-full is-resized\"><img loading=\"lazy\" decoding=\"async\" width=\"907\" height=\"1017\" src=\"https:\/\/agora.xtec.cat\/ceipestalella\/wp-content\/uploads\/usu318\/2024\/03\/20240313_151951.jpg\" alt=\"\" class=\"wp-image-18138\" style=\"width:212px;height:auto\" srcset=\"https:\/\/agora.xtec.cat\/ceipestalella\/wp-content\/uploads\/usu318\/2024\/03\/20240313_151951.jpg 907w, https:\/\/agora.xtec.cat\/ceipestalella\/wp-content\/uploads\/usu318\/2024\/03\/20240313_151951-268x300.jpg 268w, https:\/\/agora.xtec.cat\/ceipestalella\/wp-content\/uploads\/usu318\/2024\/03\/20240313_151951-768x861.jpg 768w\" sizes=\"auto, (max-width: 907px) 100vw, 907px\" \/><\/figure>\n<\/div>\n<\/div>\n\n\n\n<p>En aquest espai els nens gaudeixen del joc simb\u00f2lic. Estableixen relacions am<span style=\"font-family: inherit; font-size: 1em;\">b el seus companys i companyes tot adoptant rols de personatges de la vida quotidiana convertint-se en els protagonistes de l\u2019acci\u00f3 i representant diferents papers (pare, mare, fill, botig<\/span><span style=\"font-family: inherit; font-size: 1em;\">uera, mestra, metgessa\u2026) que poden relacionar amb situacions de la vida quotidiana. Despr\u00e9s, aquests papers els poden transferir a fora de l\u2019escola (quan van al metge perqu\u00e8 no es troben b\u00e9, quan es van a tallar els cabells a una perruqueria\u2026).<\/span><\/p>\n\n\n\n<figure class=\"wp-block-image aligncenter\"><img loading=\"lazy\" decoding=\"async\" width=\"2560\" height=\"1267\" src=\"https:\/\/agora.xtec.cat\/ceipestalella\/wp-content\/uploads\/usu318\/2024\/03\/20230908_155027-scaled.jpg\" alt=\"\" class=\"wp-image-18136\" srcset=\"https:\/\/agora.xtec.cat\/ceipestalella\/wp-content\/uploads\/usu318\/2024\/03\/20230908_155027-scaled.jpg 2560w, https:\/\/agora.xtec.cat\/ceipestalella\/wp-content\/uploads\/usu318\/2024\/03\/20230908_155027-300x148.jpg 300w, https:\/\/agora.xtec.cat\/ceipestalella\/wp-content\/uploads\/usu318\/2024\/03\/20230908_155027-1024x507.jpg 1024w, https:\/\/agora.xtec.cat\/ceipestalella\/wp-content\/uploads\/usu318\/2024\/03\/20230908_155027-768x380.jpg 768w, https:\/\/agora.xtec.cat\/ceipestalella\/wp-content\/uploads\/usu318\/2024\/03\/20230908_155027-1536x760.jpg 1536w, https:\/\/agora.xtec.cat\/ceipestalella\/wp-content\/uploads\/usu318\/2024\/03\/20230908_155027-2048x1013.jpg 2048w\" sizes=\"auto, (max-width: 2560px) 100vw, 2560px\" \/><\/figure>\n\n\n\n<p>Alhora, practiquen vocabulari i estructures ling\u00fc\u00edstiques. Mentre juguen verbalitzen les seves accions, establint aix\u00ed conversa i di\u00e0leg amb els companys.<br>Aquesta activitat es realitza un cop cada setmana. En cada sessi\u00f3 el grup es separa en dos: la primera estona mig grup va a la Pla\u00e7a Ametller mentre la resta es queda a l\u2019aula, i a continuaci\u00f3 el mig grup que estava a l\u2019aula, va a la Pla\u00e7a Ametller. En cada sessi\u00f3 s\u2019inicia l\u2019activitat recordant les normes establertes de l&#8217;espai i el joc. D\u2019aquesta manera poden jugar de manera m\u00e9s relaxada i podem donar una atenci\u00f3 m\u00e9s personalitzada.<\/p>\n\n\n\n<p>El joc simb\u00f2lic \u00e9s un mitj\u00e0 d\u2019aprenentatge important que ajuda les nenes i els nens tant a con\u00e8ixer-se a si mateixos com al m\u00f3n que els envolta.<\/p>\n\n\n\n<p>Aquesta idea es va posar en pr\u00e0ctica ja fa molts anys gr\u00e0cies a la col\u00b7laboraci\u00f3 de les fam\u00edlies i les\/els mestres que van participar en el disseny, dibuix i pintura de cada una de les cases que composen la Pla\u00e7a de l\u2019Ametller.<\/p>\n\n\n\n<div class=\"issuuembed\" style=\"width: 525px; height: 743px;\" data-configid=\"6189868\/7836681\">&nbsp;<\/div>\n\n\n\n<p><script src=\"\/\/e.issuu.com\/embed.js\" async=\"true\" type=\"text\/javascript\"><\/script><\/p>\n","protected":false},"excerpt":{"rendered":"<p>La Pla\u00e7a de l\u2019Ametller \u00e9s una aula de l\u2019escola habilitada per al joc simb\u00f2lic. Hi ha 7 casetes per jugar: [&hellip;]<\/p>\n","protected":false},"author":1,"featured_media":0,"parent":1483,"menu_order":2,"comment_status":"closed","ping_status":"closed","template":"","meta":{"_bbp_topic_count":0,"_bbp_reply_count":0,"_bbp_total_topic_count":0,"_bbp_total_reply_count":0,"_bbp_voice_count":0,"_bbp_anonymous_reply_count":0,"_bbp_topic_count_hidden":0,"_bbp_reply_count_hidden":0,"_bbp_forum_subforum_count":0,"site-sidebar-layout":"default","site-content-layout":"","ast-site-content-layout":"normal-width-container","site-content-style":"default","site-sidebar-style":"default","ast-global-header-display":"","ast-banner-title-visibility":"","ast-main-header-display":"","ast-hfb-above-header-display":"","ast-hfb-below-header-display":"","ast-hfb-mobile-header-display":"","site-post-title":"","ast-breadcrumbs-content":"","ast-featured-img":"","footer-sml-layout":"","theme-transparent-header-meta":"","adv-header-id-meta":"","stick-header-meta":"","header-above-stick-meta":"","header-main-stick-meta":"","header-below-stick-meta":"","astra-migrate-meta-layouts":"set","ast-page-background-enabled":"default","ast-page-background-meta":{"desktop":{"background-color":"var(--ast-global-color-4)","background-image":"","background-repeat":"repeat","background-position":"center center","background-size":"auto","background-attachment":"scroll","background-type":"","background-media":"","overlay-type":"","overlay-color":"","overlay-opacity":"","overlay-gradient":""},"tablet":{"background-color":"","background-image":"","background-repeat":"repeat","background-position":"center center","background-size":"auto","background-attachment":"scroll","background-type":"","background-media":"","overlay-type":"","overlay-color":"","overlay-opacity":"","overlay-gradient":""},"mobile":{"background-color":"","background-image":"","background-repeat":"repeat","background-position":"center center","background-size":"auto","background-attachment":"scroll","background-type":"","background-media":"","overlay-type":"","overlay-color":"","overlay-opacity":"","overlay-gradient":""}},"ast-content-background-meta":{"desktop":{"background-color":"var(--ast-global-color-5)","background-image":"","background-repeat":"repeat","background-position":"center center","background-size":"auto","background-attachment":"scroll","background-type":"","background-media":"","overlay-type":"","overlay-color":"","overlay-opacity":"","overlay-gradient":""},"tablet":{"background-color":"var(--ast-global-color-5)","background-image":"","background-repeat":"repeat","background-position":"center center","background-size":"auto","background-attachment":"scroll","background-type":"","background-media":"","overlay-type":"","overlay-color":"","overlay-opacity":"","overlay-gradient":""},"mobile":{"background-color":"var(--ast-global-color-5)","background-image":"","background-repeat":"repeat","background-position":"center center","background-size":"auto","background-attachment":"scroll","background-type":"","background-media":"","overlay-type":"","overlay-color":"","overlay-opacity":"","overlay-gradient":""}},"footnotes":""},"class_list":["post-456","page","type-page","status-publish","hentry"],"post_mailing_queue_ids":[],"_links":{"self":[{"href":"https:\/\/agora.xtec.cat\/ceipestalella\/wp-json\/wp\/v2\/pages\/456","targetHints":{"allow":["GET"]}}],"collection":[{"href":"https:\/\/agora.xtec.cat\/ceipestalella\/wp-json\/wp\/v2\/pages"}],"about":[{"href":"https:\/\/agora.xtec.cat\/ceipestalella\/wp-json\/wp\/v2\/types\/page"}],"author":[{"embeddable":true,"href":"https:\/\/agora.xtec.cat\/ceipestalella\/wp-json\/wp\/v2\/users\/1"}],"replies":[{"embeddable":true,"href":"https:\/\/agora.xtec.cat\/ceipestalella\/wp-json\/wp\/v2\/comments?post=456"}],"version-history":[{"count":6,"href":"https:\/\/agora.xtec.cat\/ceipestalella\/wp-json\/wp\/v2\/pages\/456\/revisions"}],"predecessor-version":[{"id":19629,"href":"https:\/\/agora.xtec.cat\/ceipestalella\/wp-json\/wp\/v2\/pages\/456\/revisions\/19629"}],"up":[{"embeddable":true,"href":"https:\/\/agora.xtec.cat\/ceipestalella\/wp-json\/wp\/v2\/pages\/1483"}],"wp:attachment":[{"href":"https:\/\/agora.xtec.cat\/ceipestalella\/wp-json\/wp\/v2\/media?parent=456"}],"curies":[{"name":"wp","href":"https:\/\/api.w.org\/{rel}","templated":true}]}}