{"id":28,"date":"2014-09-18T12:29:35","date_gmt":"2014-09-18T10:29:35","guid":{"rendered":"http:\/\/agora.xtec.cat\/ceipestalella\/?page_id=28"},"modified":"2026-04-10T15:26:18","modified_gmt":"2026-04-10T13:26:18","slug":"consell-escolar","status":"publish","type":"page","link":"https:\/\/agora.xtec.cat\/ceipestalella\/consell-escolar\/","title":{"rendered":"Consell escolar"},"content":{"rendered":"<h3>Acords del Consell escolar<\/h3>\n<h4>Normativa<\/h4>\n<p style=\"text-align: justify;\">La Llei 19\/2014, del 29 de desembre, de transpar\u00e8ncia, acc\u00e9s a la informaci\u00f3 p\u00fablica i\u00a0bon govern (en endavant, LTAIPBG), va entrar en vigor l&#8217;1 de juliol de 2015. Aquesta\u00a0Llei regula les obligacions de publicitat activa de les administracions p\u00fabliques i detallala informaci\u00f3 que s&#8217;ha de publicar de forma obligat\u00f2ria al portal de la Transpar\u00e8ncia de\u00a0la Generalitat de Catalunya. Tamb\u00e9 estableix el dret d&#8217;acc\u00e9s a la informaci\u00f3 p\u00fablica per\u00a0part de la ciutadania i crea la Comissi\u00f3 de Garantia del Dret d&#8217;Acc\u00e9s a la Informaci\u00f3\u00a0P\u00fablica (GAIP), que \u00e9s l&#8217;encarregada de vetllar pel compliment i les garanties del dret\u00a0d&#8217;acc\u00e9s a la informaci\u00f3 p\u00fablica. En aquest \u00e0mbit, el Departament d&#8217;Educaci\u00f3 ha aprovat la seva pol\u00edtica de\u00a0transpar\u00e8ncia i la Instrucci\u00f3 2\/2019, de 25 de febrer, per a la tramitaci\u00f3 de les\u00a0sol\u00b7licituds de dret d&#8217;acc\u00e9s a la informaci\u00f3 p\u00fablica i al compliment de les obligacions de publicitat activa, obertura de dades p\u00fabliques, bon govern i participaci\u00f3 ciutadana, que\u00a0es regulen a la Llei esmentada de transpar\u00e8ncia, acc\u00e9s a la informaci\u00f3 p\u00fablica i bon\u00a0govern. Els centres educatius han de publicar al seu web els documents vigents (PEC, PL, NOFC) i els acords presos al Consell escolar, aix\u00ed com els imports sobre les aportacions de les fam\u00edlies, l&#8217;estructura organitzativa interna, el pressupost i els convenis vigents.<\/p>\n<h4>Acords curs 25-26<\/h4>\n<ul>\n<li><a href=\"https:\/\/agora.xtec.cat\/ceipestalella\/wp-content\/uploads\/usu318\/2025\/11\/Acords-15-09-25.pdf\">Acords Consell escolar del dia 15\/09\/25<\/a><\/li>\n<li><a href=\"https:\/\/agora.xtec.cat\/ceipestalella\/wp-content\/uploads\/usu318\/2026\/03\/Acords-16-10-25.pdf\">Acords Consell escolar del dia 16\/10\/25<\/a><\/li>\n<li><a href=\"https:\/\/agora.xtec.cat\/ceipestalella\/wp-content\/uploads\/usu318\/2026\/03\/Acords-26.1-11-25.pdf\">Acords Consell escolar 1 del dia 26\/11\/2025<\/a><\/li>\n<li><a href=\"https:\/\/agora.xtec.cat\/ceipestalella\/wp-content\/uploads\/usu318\/2026\/03\/Acords-26.2-11-25.pdf\">Acords Consell escolar 2 del dia 26\/11\/2025<\/a><\/li>\n<li><a href=\"https:\/\/agora.xtec.cat\/ceipestalella\/wp-content\/uploads\/usu318\/2026\/03\/Acords-14-01-26.pdf\">Acords Consell escolar extraordinari del dia 14\/01\/2026<\/a><\/li>\n<\/ul>\n<h4><strong>Acords curs 24-25<\/strong><\/h4>\n<ul>\n<li><a href=\"https:\/\/agora.xtec.cat\/ceipestalella\/wp-content\/uploads\/usu318\/2025\/02\/Acords-16-10-24.pdf\">Acords del Consell escolar del dia 16\/10\/24<\/a><\/li>\n<li><a href=\"https:\/\/agora.xtec.cat\/ceipestalella\/wp-content\/uploads\/usu318\/2025\/02\/Acords-Ext16-12-24.pdf\">Acords del Consell escolar extraordinari del dia 16\/12\/24<\/a><\/li>\n<li><a href=\"https:\/\/agora.xtec.cat\/ceipestalella\/wp-content\/uploads\/usu318\/2025\/07\/Acords-29-01-25.pdf\">Acords del Consell escolar del dia 29\/01\/25<\/a><\/li>\n<li><a href=\"https:\/\/agora.xtec.cat\/ceipestalella\/wp-content\/uploads\/usu318\/2025\/07\/Acords-19-03-25.pdf\">Acords del Consell escolar del dia 19\/03\/25<\/a><\/li>\n<li><a href=\"https:\/\/agora.xtec.cat\/ceipestalella\/wp-content\/uploads\/usu318\/2025\/07\/Acords-Ext28-04-25.pdf\">Acords del Consell escolar extraordinari del dia 28\/04\/25<\/a><\/li>\n<li><a href=\"https:\/\/agora.xtec.cat\/ceipestalella\/wp-content\/uploads\/usu318\/2025\/07\/Acords-29-05-25.pdf\">Acords del Consell escolar del dia 29\/05\/25<\/a><\/li>\n<li><a href=\"https:\/\/agora.xtec.cat\/ceipestalella\/wp-content\/uploads\/usu318\/2025\/07\/Acords-18-06-25.pdf\">Acords del Consell escolar del dia 18\/06\/25<\/a><\/li>\n<li><a href=\"https:\/\/agora.xtec.cat\/ceipestalella\/wp-content\/uploads\/usu318\/2025\/07\/Acords-25-06-25.pdf\">Acords del Consell escolar del dia 25\/06\/25<\/a><\/li>\n<\/ul>\n<h4><strong>Acords curs 23-24<\/strong><\/h4>\n<ul>\n<li><a href=\"https:\/\/agora.xtec.cat\/ceipestalella\/wp-content\/uploads\/usu318\/2024\/02\/Acords-CEExtr12-9-23.pdf\">Acords del Consell escolar del dia 12\/09\/2023<\/a><\/li>\n<li><a href=\"https:\/\/agora.xtec.cat\/ceipestalella\/wp-content\/uploads\/usu318\/2024\/02\/Acords-10-10-23.pdf\">Acords del Consell escolar del dia 10\/10\/2023<\/a><\/li>\n<li><a href=\"https:\/\/agora.xtec.cat\/ceipestalella\/wp-content\/uploads\/usu318\/2024\/02\/Acords-18-10-23.pdf\">Acords del Consell escolar del dia 18\/10\/2023<\/a><\/li>\n<li><a href=\"https:\/\/agora.xtec.cat\/ceipestalella\/wp-content\/uploads\/usu318\/2024\/02\/Acords-13-12-23.pdf\">Acords del Consell escolar del dia 13\/12\/2023<\/a><\/li>\n<li><a href=\"https:\/\/agora.xtec.cat\/ceipestalella\/wp-content\/uploads\/usu318\/2024\/05\/Acords-29-1-24.pdf\">Acords del Consell escolar del dia 29\/01\/2024<\/a><\/li>\n<li><a href=\"https:\/\/agora.xtec.cat\/ceipestalella\/wp-content\/uploads\/usu318\/2024\/06\/Acords-23-5-24.pdf\">Acords del Consell escolar del dia 23\/05\/2024<\/a><\/li>\n<li><a href=\"https:\/\/agora.xtec.cat\/ceipestalella\/wp-content\/uploads\/usu318\/2024\/12\/Acords-17-6-24.pdf\">Acords del Consell escolar del dia 17\/06\/2024<\/a><\/li>\n<li><a href=\"https:\/\/agora.xtec.cat\/ceipestalella\/wp-content\/uploads\/usu318\/2024\/12\/Acords-26-6-24.pdf\">Acords del Consell escolar del dia 26\/06\/2024<\/a><\/li>\n<\/ul>\n<h4><strong>Acords curs 22-23<\/strong><\/h4>\n<ul>\n<li><a href=\"https:\/\/agora.xtec.cat\/ceipestalella\/wp-content\/uploads\/usu318\/2023\/06\/Acords-04-05-23.pdf\">Acords del Consell escolar del dia 04\/05\/2023<\/a><\/li>\n<li><a href=\"https:\/\/agora.xtec.cat\/ceipestalella\/wp-content\/uploads\/usu318\/2022\/11\/Acords-13-10-22.pdf\" target=\"_blank\" rel=\"noopener\">Acords del Consell escolar del dia 13\/10\/2022<\/a><\/li>\n<li><a href=\"https:\/\/agora.xtec.cat\/ceipestalella\/wp-content\/uploads\/usu318\/2023\/02\/Acords-14-12-22.pdf\" target=\"_blank\" rel=\"noopener\">Acords del Consell escolar del dia 14\/12\/2022<\/a><\/li>\n<li><a href=\"https:\/\/agora.xtec.cat\/ceipestalella\/wp-content\/uploads\/usu318\/2023\/02\/Acords-30-1-23.pdf\" target=\"_blank\" rel=\"noopener\">Acords del Consell escolar del dia 30\/01\/2023<\/a><\/li>\n<li><a href=\"https:\/\/agora.xtec.cat\/ceipestalella\/wp-content\/uploads\/usu318\/2024\/02\/Acords-04-5-23.pdf\">Acords del Consell escolar del dia 04\/05\/2023<\/a><\/li>\n<li><a href=\"https:\/\/agora.xtec.cat\/ceipestalella\/wp-content\/uploads\/usu318\/2024\/02\/Acords-21-6-23.pdf\">Acords del Consell escolar del dia 21\/06\/2023<\/a><\/li>\n<li><a href=\"https:\/\/agora.xtec.cat\/ceipestalella\/wp-content\/uploads\/usu318\/2024\/02\/Acords-29-6-23.pdf\">Acords del Consell escolar del dia 29\/06\/2023<\/a><\/li>\n<\/ul>\n<h4><strong>Acords curs 21-22<\/strong><\/h4>\n<ul>\n<li><a href=\"https:\/\/agora.xtec.cat\/ceipestalella\/wp-content\/uploads\/usu318\/2022\/06\/Acords-16-6-22.pdf\" target=\"_blank\" rel=\"noopener\">Acords del Consell escolar del dia 16\/06\/2022<\/a><\/li>\n<li><a href=\"https:\/\/agora.xtec.cat\/ceipestalella\/wp-content\/uploads\/usu318\/2022\/05\/Acords-18-5-22.pdf\">Acords del Consell escolar extraordinari del dia 18\/05\/2022<\/a><\/li>\n<li><a href=\"https:\/\/agora.xtec.cat\/ceipestalella\/wp-content\/uploads\/usu318\/2022\/05\/Acords-4-5-22.pdf\">Acords del Consell escolar extraordinari del dia 4\/05\/2022<\/a><\/li>\n<li><a href=\"https:\/\/agora.xtec.cat\/ceipestalella\/wp-content\/uploads\/usu318\/2022\/02\/Acords-26-1-22.pdf\" target=\"_blank\" rel=\"noopener\">Acords del Consell escolar del dia 26\/01\/2022<\/a><\/li>\n<li><a href=\"https:\/\/agora.xtec.cat\/ceipestalella\/wp-content\/uploads\/usu318\/2021\/10\/Acords-14-10-21.pdf\" target=\"_blank\" rel=\"noopener\">Acords del Consell escolar del dia 14\/10\/2021<\/a><\/li>\n<li><a href=\"https:\/\/agora.xtec.cat\/ceipestalella\/wp-content\/uploads\/usu318\/2022\/01\/Acords-15-12-21.pdf\" target=\"_blank\" rel=\"noopener\">Acords del Consell escolar del dia 15\/12\/2021<\/a><\/li>\n<\/ul>\n<hr \/>\n<h3>Qu\u00e8 \u00e9s i quines funcions fa el Consell escolar?<img loading=\"lazy\" decoding=\"async\" class=\" wp-image-1789 alignright\" src=\"http:\/\/agora.xtec.cat\/ceipestalella\/wp-content\/uploads\/usu318\/2014\/09\/consell-1024x720.jpg\" alt=\"consell\" width=\"364\" height=\"256\" srcset=\"https:\/\/agora.xtec.cat\/ceipestalella\/wp-content\/uploads\/usu318\/2014\/09\/consell-1024x720.jpg 1024w, https:\/\/agora.xtec.cat\/ceipestalella\/wp-content\/uploads\/usu318\/2014\/09\/consell-300x211.jpg 300w\" sizes=\"auto, (max-width: 364px) 100vw, 364px\" \/><\/h3>\n<p style=\"text-align: justify;\">El Consell Escolar del centre \u00e9s l&#8217;<strong>\u00f2rgan col\u00b7legiat de participaci\u00f3<\/strong> de la comunitat escolar en el govern del centre. En el Consell Escolar hi ha representats tots els col\u00b7lectius que intervenen en la comunitat educativa: director\/a, professorat, representants de l&#8217;AMPA, personal d&#8217;administraci\u00f3 i serveis, etc.<\/p>\n<p style=\"text-align: justify;\">En els centres p\u00fablics, la funci\u00f3 principal del Consell Escolar \u00e9s <strong>participar en la presa de decisions en relaci\u00f3 amb aquells temes importants per al funcionament i l&#8217;organitzaci\u00f3 del centre<\/strong>: el projecte educatiu de centre (PEC), la programaci\u00f3 general, la gesti\u00f3 econ\u00f2mica, etc.<\/p>\n<p style=\"text-align: justify;\">Els membres del consell escolar s\u00f3n elegits per un per\u00edode de quatre anys i es renoven per meitats cada dos anys.<\/p>\n<p style=\"text-align: justify;\">Si voleu saber m\u00e9s detalls de la normativa que regeix els Consells Escolars, podeu fer click <a href=\"http:\/\/ensenyament.gencat.cat\/ca\/arees-actuacio\/centres-serveis-educatius\/centres\/consells-escolars-centres\/normativa\/\" target=\"_blank\" rel=\"noopener noreferrer\">aqu\u00ed<\/a> ;).<\/p>\n<hr \/>\n<h3>Com s&#8217;organitza el Consell Escolar de la nostra escola?<\/h3>\n<p style=\"text-align: justify;\">Hi ha <strong>representants<\/strong> dels diferents sectors\u00a0que conformen la comunitat educativa:<img loading=\"lazy\" decoding=\"async\" class=\" size-full wp-image-1847 alignright\" src=\"http:\/\/agora.xtec.cat\/ceipestalella\/wp-content\/uploads\/usu318\/2014\/09\/consell-escolar.jpg\" alt=\"consell escolar\" width=\"504\" height=\"367\" srcset=\"https:\/\/agora.xtec.cat\/ceipestalella\/wp-content\/uploads\/usu318\/2014\/09\/consell-escolar.jpg 504w, https:\/\/agora.xtec.cat\/ceipestalella\/wp-content\/uploads\/usu318\/2014\/09\/consell-escolar-300x218.jpg 300w\" sizes=\"auto, (max-width: 504px) 100vw, 504px\" \/><\/p>\n<ul>\n<li>Equip Directiu<\/li>\n<li>Representants del claustre<\/li>\n<li>Representant de l&#8217;AMPA<\/li>\n<li>Representants de les fam\u00edlies<\/li>\n<li>Representant del PAS (personal d&#8217;administraci\u00f3 i serveis)<\/li>\n<li>Representant del PAE<\/li>\n<li>Representant de l&#8217;Ajuntament<\/li>\n<\/ul>\n<p style=\"text-align: justify;\">A m\u00e9s, el Consell Escolar tamb\u00e9 s&#8217;organitza en\u00a0<strong>comissions espec\u00edfiques<\/strong>, convocades pel President del Consell,\u00a0en qu\u00e8 es tracten temes relacionats amb l&#8217;escola. Es poden constituir noves comissions per treballar algun tema concret que aix\u00ed ho precisi.<\/p>\n<p style=\"text-align: justify;\">Tots els membres de les Comissions han de ser del Consell Escolar i s\u00f3n escollits per aquest \u00f2rgan. En cada reuni\u00f3, la secret\u00e0ria aixeca una acta que recull tots els punts tractats.<\/p>\n<p style=\"text-align: justify;\">Actualment, les comissions s\u00f3n les seg\u00fcents:<\/p>\n<ul>\n<li style=\"text-align: justify;\"><span style=\"color: #800080;\"><strong>Comissi\u00f3 de conviv\u00e8ncia<\/strong><\/span>, formada per l\u2019Equip Directiu, un\/a mestre\/a i un pare o mare del Consell Escolar. Les seves funcions seran vetllar pel compliment dels drets i deures de l\u2019alumnat del Centre.<\/li>\n<li style=\"text-align: justify;\"><strong><span style=\"color: #3366ff;\">Comissi\u00f3 de menjador<\/span>,<\/strong> formada per l\u2019Equip Directiu, el o la representant de l\u2019Associaci\u00f3 de Pares i Mares al Consell Escolar, l\u2019encarregat o l\u2019encarregada del Menjador, un pare o una mare i dos mestres del Consell Escolar. Les seves funcions seran vetllar per l\u2019organitzaci\u00f3 i bon funcionament del servei i fer la liquidaci\u00f3 de comptes.<\/li>\n<li style=\"text-align: justify;\"><span style=\"color: #339966;\"><strong>Comissi\u00f3 econ\u00f2mica<\/strong><\/span>, formada per l\u2019Equip Directiu, un pare o una mare i un\/a mestre\/a del Consell Escolar. Les seves funcions seran supervisar el Pressupost Anual del Centre i la liquidaci\u00f3 dels comptes.<\/li>\n<li style=\"text-align: justify;\"><span style=\"color: #ff6600;\"><strong>Comissi\u00f3 permanent<\/strong><\/span>, formada per l\u2019Equip Directiu, un\/a mestra\/e i un pare o mare del Consell Escolar i el representant de l\u2019Ajuntament. La seva funci\u00f3 ser\u00e0 actuar en casos d\u2019emerg\u00e8ncia.<\/li>\n<li><span style=\"color: #99cc00;\"><strong>Responsable de coeducaci\u00f3<\/strong>: <span style=\"color: #000000;\">Un membre del consell escolar<\/span><\/span><\/li>\n<\/ul>\n<hr \/>\n<h3>Membres del Consell Escolar<\/h3>\n<p style=\"text-align: justify;\">A continuaci\u00f3 us informem\u00a0sobre els membres que conformen el nostre Consell Escolar, aix\u00ed com la comissi\u00f3 a la qual pertanyen:<\/p>\n<ul>\n<li style=\"text-align: justify;\"><strong>Equip directiu<\/strong>: M\u00f2nica, Gemma i Auba<\/li>\n<li style=\"text-align: justify;\"><strong>Representants del claustre<\/strong>: Esther, N\u00faria, Raimon, Alberto, Irene, Roger.<\/li>\n<li style=\"text-align: justify;\"><strong>Representant de l&#8217;AFA<\/strong>: Jes\u00fas.<\/li>\n<li style=\"text-align: justify;\"><strong>Representants de les fam\u00edlies: <\/strong>Jordi, Quiteria, Daniel, N\u00faria i Jordi.<\/li>\n<li style=\"text-align: justify;\"><strong>Representant del PAS: <\/strong>F\u00e8lix<\/li>\n<li><strong>Representant del PAE: <\/strong>Agn\u00e8s<\/li>\n<li style=\"text-align: justify;\"><strong>Representant de l&#8217;Ajuntament<\/strong>: Salvador<\/li>\n<\/ul>\n<h4>Comissions<\/h4>\n<ul>\n<li style=\"text-align: justify;\"><strong><span style=\"color: #800080;\">Comissi\u00f3 de conviv\u00e8ncia<\/span>: <\/strong>Equip directiu,<span style=\"color: #000000;\"> Irene, Alberto, Daniel, N\u00faria.<\/span><strong><br \/>\n<\/strong><\/li>\n<li style=\"text-align: justify;\"><strong><span style=\"color: #3366ff;\">Comissi\u00f3 de menjador<\/span>:\u00a0<\/strong>Equip directiu, Aida , Jes\u00fas, Quiteria,\u00a0 Esther, N\u00faria, Agn\u00e8s.\u00a0<strong><strong><br \/>\n<\/strong><\/strong><\/li>\n<li style=\"text-align: justify;\"><strong><span style=\"color: #008000;\">Comissi\u00f3 econ\u00f2mica<\/span>: <\/strong>Equip directiu, <span style=\"color: #000000;\">Roger i Jordi.<\/span><\/li>\n<li style=\"text-align: justify;\"><span style=\"color: #000000;\"><strong>Comissi\u00f3 permanent:<\/strong> Equip directiu,\u00a0 Raimon, Jordi.\u00a0<\/span><\/li>\n<\/ul>\n<hr \/>\n<h3>Cada quan es convoquen reunions?<\/h3>\n<p style=\"text-align: justify;\">No hi ha dies\u00a0fixes ja que les convocat\u00f2ries depenen de molts factors, sovint externs a l&#8217;escola. Per\u00f2 generalment, el Consell Escolar es reuneix\u00a0entre 4 i 6 vegades al curs.<\/p>\n<p style=\"text-align: justify;\">A mode orientatiu, el Consell Escolar es convoca per tractar el seg\u00fcents temes (a m\u00e9s d&#8217;informacions diverses):<\/p>\n<ul>\n<li style=\"text-align: justify;\">Octubre: Proposta d&#8217;aprovaci\u00f3 de la Mem\u00f2ria i del Projecte General Anual del curs.<\/li>\n<li style=\"text-align: justify;\">Gener: Liquidaci\u00f3 econ\u00f2mica de l&#8217;any anterior i aprovaci\u00f3 de pressupostos.<\/li>\n<li style=\"text-align: justify;\">Mar\u00e7: Preinscripcions i matr\u00edcula.<\/li>\n<li style=\"text-align: justify;\">Juny: Calendari i quotes del curs vinent.<\/li>\n<\/ul>\n<p style=\"text-align: justify;\">A m\u00e9s, cada dos anys hi ha renovaci\u00f3 de membres del Consell Escolar per la qual cosa es convoca\u00a0una reuni\u00f3 extraordin\u00e0ria.<\/p>\n<hr \/>\n","protected":false},"excerpt":{"rendered":"<p>Acords del Consell escolar Normativa La Llei 19\/2014, del 29 de desembre, de transpar\u00e8ncia, acc\u00e9s a la informaci\u00f3 p\u00fablica i\u00a0bon [&hellip;]<\/p>\n","protected":false},"author":2,"featured_media":0,"parent":0,"menu_order":3,"comment_status":"closed","ping_status":"closed","template":"","meta":{"_bbp_topic_count":0,"_bbp_reply_count":0,"_bbp_total_topic_count":0,"_bbp_total_reply_count":0,"_bbp_voice_count":0,"_bbp_anonymous_reply_count":0,"_bbp_topic_count_hidden":0,"_bbp_reply_count_hidden":0,"_bbp_forum_subforum_count":0,"site-sidebar-layout":"default","site-content-layout":"","ast-site-content-layout":"default","site-content-style":"default","site-sidebar-style":"default","ast-global-header-display":"","ast-banner-title-visibility":"","ast-main-header-display":"","ast-hfb-above-header-display":"","ast-hfb-below-header-display":"","ast-hfb-mobile-header-display":"","site-post-title":"","ast-breadcrumbs-content":"","ast-featured-img":"","footer-sml-layout":"","theme-transparent-header-meta":"","adv-header-id-meta":"","stick-header-meta":"","header-above-stick-meta":"","header-main-stick-meta":"","header-below-stick-meta":"","astra-migrate-meta-layouts":"set","ast-page-background-enabled":"default","ast-page-background-meta":{"desktop":{"background-color":"var(--ast-global-color-4)","background-image":"","background-repeat":"repeat","background-position":"center center","background-size":"auto","background-attachment":"scroll","background-type":"","background-media":"","overlay-type":"","overlay-color":"","overlay-opacity":"","overlay-gradient":""},"tablet":{"background-color":"","background-image":"","background-repeat":"repeat","background-position":"center center","background-size":"auto","background-attachment":"scroll","background-type":"","background-media":"","overlay-type":"","overlay-color":"","overlay-opacity":"","overlay-gradient":""},"mobile":{"background-color":"","background-image":"","background-repeat":"repeat","background-position":"center center","background-size":"auto","background-attachment":"scroll","background-type":"","background-media":"","overlay-type":"","overlay-color":"","overlay-opacity":"","overlay-gradient":""}},"ast-content-background-meta":{"desktop":{"background-color":"var(--ast-global-color-5)","background-image":"","background-repeat":"repeat","background-position":"center center","background-size":"auto","background-attachment":"scroll","background-type":"","background-media":"","overlay-type":"","overlay-color":"","overlay-opacity":"","overlay-gradient":""},"tablet":{"background-color":"var(--ast-global-color-5)","background-image":"","background-repeat":"repeat","background-position":"center center","background-size":"auto","background-attachment":"scroll","background-type":"","background-media":"","overlay-type":"","overlay-color":"","overlay-opacity":"","overlay-gradient":""},"mobile":{"background-color":"var(--ast-global-color-5)","background-image":"","background-repeat":"repeat","background-position":"center center","background-size":"auto","background-attachment":"scroll","background-type":"","background-media":"","overlay-type":"","overlay-color":"","overlay-opacity":"","overlay-gradient":""}},"footnotes":""},"class_list":["post-28","page","type-page","status-publish","hentry"],"post_mailing_queue_ids":[],"_links":{"self":[{"href":"https:\/\/agora.xtec.cat\/ceipestalella\/wp-json\/wp\/v2\/pages\/28","targetHints":{"allow":["GET"]}}],"collection":[{"href":"https:\/\/agora.xtec.cat\/ceipestalella\/wp-json\/wp\/v2\/pages"}],"about":[{"href":"https:\/\/agora.xtec.cat\/ceipestalella\/wp-json\/wp\/v2\/types\/page"}],"author":[{"embeddable":true,"href":"https:\/\/agora.xtec.cat\/ceipestalella\/wp-json\/wp\/v2\/users\/2"}],"replies":[{"embeddable":true,"href":"https:\/\/agora.xtec.cat\/ceipestalella\/wp-json\/wp\/v2\/comments?post=28"}],"version-history":[{"count":6,"href":"https:\/\/agora.xtec.cat\/ceipestalella\/wp-json\/wp\/v2\/pages\/28\/revisions"}],"predecessor-version":[{"id":20844,"href":"https:\/\/agora.xtec.cat\/ceipestalella\/wp-json\/wp\/v2\/pages\/28\/revisions\/20844"}],"wp:attachment":[{"href":"https:\/\/agora.xtec.cat\/ceipestalella\/wp-json\/wp\/v2\/media?parent=28"}],"curies":[{"name":"wp","href":"https:\/\/api.w.org\/{rel}","templated":true}]}}