{"id":24,"date":"2014-09-18T12:23:15","date_gmt":"2014-09-18T12:23:15","guid":{"rendered":"http:\/\/agora.xtec.cat\/ceipestalella\/?page_id=24"},"modified":"2021-01-13T10:34:43","modified_gmt":"2021-01-13T09:34:43","slug":"on-som","status":"publish","type":"page","link":"https:\/\/agora.xtec.cat\/ceipestalella\/on-som\/","title":{"rendered":"Contacte"},"content":{"rendered":"<h1 style=\"color: #666666; text-align: center;\"><strong>E.P. Dr. Estalella i Graells\u00a0<\/strong><\/h1>\n<table style=\"width: 1024px;\">\n<tbody>\n<tr>\n<td style=\"width: 438px;\">\n<h3>Localitzaci\u00f3<\/h3>\n<p><a href=\"https:\/\/www.google.es\/maps\/place\/Carrer+del+Carme,+1,+08720+Vilafranca+del+Pened%C3%A8s,+Barcelona\/@41.3473123,1.6976061,17z\/data=!3m1!4b1!4m2!3m1!1s0x12a4798a22af84ff:0x79984c6799a0e90d?hl=ca\">C\/ Carme, 1<\/a>\u00a0(08720)<br \/>\nVilafranca del Pened\u00e8s<\/p>\n<hr \/>\n<h3>Contacte<\/h3>\n<p><strong>Tel\u00e8fon:<\/strong> 93.892.08.13<\/p>\n<p>informacio@estalella.cat (informaci\u00f3 general)<\/p>\n<p>secretaria@estalella.cat (informaci\u00f3 sobre quotes i pagaments)<\/p>\n<hr \/>\n<h3>R\u00e0dio Estalella<\/h3>\n<p><strong>Tel\u00e8fon:<\/strong> 93.892.19.96<\/p>\n<hr \/>\n<h3>AMPA<\/h3>\n<p><strong>Tel\u00e8fon:<\/strong> 93.818.00.77<\/p>\n<p>ampa@estalella.cat<\/td>\n<td style=\"width: 578px;\">\n<h3>Mapa<\/h3>\n<p><img loading=\"lazy\" decoding=\"async\" class=\"aligncenter size-full wp-image-3573\" src=\"http:\/\/agora.xtec.cat\/ceipestalella\/wp-content\/uploads\/usu318\/2014\/09\/mapa-escola.png\" alt=\"mapa escola\" width=\"477\" height=\"426\" srcset=\"https:\/\/agora.xtec.cat\/ceipestalella\/wp-content\/uploads\/usu318\/2014\/09\/mapa-escola.png 477w, https:\/\/agora.xtec.cat\/ceipestalella\/wp-content\/uploads\/usu318\/2014\/09\/mapa-escola-300x268.png 300w\" sizes=\"auto, (max-width: 477px) 100vw, 477px\" \/><\/td>\n<\/tr>\n<\/tbody>\n<\/table>\n<h3 style=\"color: #666666;\"><\/h3>\n<p>&nbsp;<\/p>\n","protected":false},"excerpt":{"rendered":"<p>E.P. Dr. Estalella i Graells\u00a0 Localitzaci\u00f3 C\/ Carme, 1\u00a0(08720) Vilafranca del Pened\u00e8s Contacte Tel\u00e8fon: 93.892.08.13 informacio@estalella.cat (informaci\u00f3 general) secretaria@estalella.cat (informaci\u00f3 [&hellip;]<\/p>\n","protected":false},"author":2,"featured_media":0,"parent":0,"menu_order":1,"comment_status":"closed","ping_status":"closed","template":"page-templates\/side-menu.php","meta":{"_bbp_topic_count":0,"_bbp_reply_count":0,"_bbp_total_topic_count":0,"_bbp_total_reply_count":0,"_bbp_voice_count":0,"_bbp_anonymous_reply_count":0,"_bbp_topic_count_hidden":0,"_bbp_reply_count_hidden":0,"_bbp_forum_subforum_count":0,"site-sidebar-layout":"default","site-content-layout":"","ast-site-content-layout":"","site-content-style":"default","site-sidebar-style":"default","ast-global-header-display":"","ast-banner-title-visibility":"","ast-main-header-display":"","ast-hfb-above-header-display":"","ast-hfb-below-header-display":"","ast-hfb-mobile-header-display":"","site-post-title":"","ast-breadcrumbs-content":"","ast-featured-img":"","footer-sml-layout":"","theme-transparent-header-meta":"","adv-header-id-meta":"","stick-header-meta":"","header-above-stick-meta":"","header-main-stick-meta":"","header-below-stick-meta":"","astra-migrate-meta-layouts":"default","ast-page-background-enabled":"default","ast-page-background-meta":{"desktop":{"background-color":"var(--ast-global-color-4)","background-image":"","background-repeat":"repeat","background-position":"center center","background-size":"auto","background-attachment":"scroll","background-type":"","background-media":"","overlay-type":"","overlay-color":"","overlay-opacity":"","overlay-gradient":""},"tablet":{"background-color":"","background-image":"","background-repeat":"repeat","background-position":"center center","background-size":"auto","background-attachment":"scroll","background-type":"","background-media":"","overlay-type":"","overlay-color":"","overlay-opacity":"","overlay-gradient":""},"mobile":{"background-color":"","background-image":"","background-repeat":"repeat","background-position":"center center","background-size":"auto","background-attachment":"scroll","background-type":"","background-media":"","overlay-type":"","overlay-color":"","overlay-opacity":"","overlay-gradient":""}},"ast-content-background-meta":{"desktop":{"background-color":"var(--ast-global-color-5)","background-image":"","background-repeat":"repeat","background-position":"center center","background-size":"auto","background-attachment":"scroll","background-type":"","background-media":"","overlay-type":"","overlay-color":"","overlay-opacity":"","overlay-gradient":""},"tablet":{"background-color":"var(--ast-global-color-5)","background-image":"","background-repeat":"repeat","background-position":"center center","background-size":"auto","background-attachment":"scroll","background-type":"","background-media":"","overlay-type":"","overlay-color":"","overlay-opacity":"","overlay-gradient":""},"mobile":{"background-color":"var(--ast-global-color-5)","background-image":"","background-repeat":"repeat","background-position":"center center","background-size":"auto","background-attachment":"scroll","background-type":"","background-media":"","overlay-type":"","overlay-color":"","overlay-opacity":"","overlay-gradient":""}},"footnotes":""},"class_list":["post-24","page","type-page","status-publish","hentry"],"post_mailing_queue_ids":[],"_links":{"self":[{"href":"https:\/\/agora.xtec.cat\/ceipestalella\/wp-json\/wp\/v2\/pages\/24","targetHints":{"allow":["GET"]}}],"collection":[{"href":"https:\/\/agora.xtec.cat\/ceipestalella\/wp-json\/wp\/v2\/pages"}],"about":[{"href":"https:\/\/agora.xtec.cat\/ceipestalella\/wp-json\/wp\/v2\/types\/page"}],"author":[{"embeddable":true,"href":"https:\/\/agora.xtec.cat\/ceipestalella\/wp-json\/wp\/v2\/users\/2"}],"replies":[{"embeddable":true,"href":"https:\/\/agora.xtec.cat\/ceipestalella\/wp-json\/wp\/v2\/comments?post=24"}],"version-history":[{"count":5,"href":"https:\/\/agora.xtec.cat\/ceipestalella\/wp-json\/wp\/v2\/pages\/24\/revisions"}],"predecessor-version":[{"id":13134,"href":"https:\/\/agora.xtec.cat\/ceipestalella\/wp-json\/wp\/v2\/pages\/24\/revisions\/13134"}],"wp:attachment":[{"href":"https:\/\/agora.xtec.cat\/ceipestalella\/wp-json\/wp\/v2\/media?parent=24"}],"curies":[{"name":"wp","href":"https:\/\/api.w.org\/{rel}","templated":true}]}}