{"id":20605,"date":"2026-01-23T16:39:59","date_gmt":"2026-01-23T15:39:59","guid":{"rendered":"https:\/\/agora.xtec.cat\/ceipestalella\/?page_id=20605"},"modified":"2026-02-02T10:34:29","modified_gmt":"2026-02-02T09:34:29","slug":"premis-i-reconeixements","status":"publish","type":"page","link":"https:\/\/agora.xtec.cat\/ceipestalella\/premis-i-reconeixements\/","title":{"rendered":"Premis i reconeixements"},"content":{"rendered":"\n<h3 class=\"wp-block-heading\">Curs 2024-25<\/h3>\n\n\n\n<ul class=\"wp-block-list\">\n<li><strong><a href=\"https:\/\/www.educac.cat\/premis-educac\/edicions-anteriors\/22ns-premis-educac\">22ns Premis eduCAC<\/a><\/strong>&#8211;<em> <\/em>2n premi al projecte <em><a href=\"https:\/\/youtu.be\/Tl4hHyun4eE\">TN Estalella 4t<\/a><\/em><\/li>\n\n\n\n<li><strong>XII Jocs Florals Escolars de Catalunya<\/strong>. Una alumna de 4t seleccionada per a la final territorial<\/li>\n<\/ul>\n\n\n\n<h3 class=\"wp-block-heading\">Curs 2018-19<\/h3>\n\n\n\n<ul class=\"wp-block-list\">\n<li><strong><a href=\"https:\/\/www.educac.cat\/premis-educac\/edicions-anteriors\/xvi-premis-cac-lescola\" data-type=\"link\" data-id=\"https:\/\/www.educac.cat\/premis-educac\/edicions-anteriors\/xvi-premis-cac-lescola\">XVI Premis el CAC a l\u2019escola<\/a><\/strong>. 1r premi a R\u00e0dio Estalella, emissora escolar (subcategoria treballs de r\u00e0dio)<\/li>\n<\/ul>\n\n\n\n<h3 class=\"wp-block-heading\">Curs 2016-17<\/h3>\n\n\n\n<ul class=\"wp-block-list\">\n<li><strong>Jocs Florals del Pened\u00e8s. <\/strong>Una alumna de cicle inicial (O.S.) guanya els Jocs Florals del Pened\u00e8s.<\/li>\n<\/ul>\n\n\n\n<h3 class=\"wp-block-heading\">Curs 2011-12<\/h3>\n\n\n\n<ul class=\"wp-block-list\">\n<li><strong>Premios a Materiales Educativos en Soporte Electr\u00f3nico<\/strong>. 2n premi al projecte <a href=\"https:\/\/www.youtube.com\/watch?v=tWb-82N88Wg\">BIBLIOCLIC&nbsp;<\/a><\/li>\n<\/ul>\n\n\n\n<h3 class=\"wp-block-heading\">Curs 2010-11<\/h3>\n\n\n\n<ul class=\"wp-block-list\">\n<li><strong>Concurs d\u2019Angl\u00e8s Interescolar The Fonix 2011 .<\/strong> 1a posici\u00f3 d&#8217;un alumne de 6\u00e8 (C.F.F.) en la final comarcal de Barcelona i 4t en la final de Catalunya<\/li>\n<\/ul>\n\n\n\n<h3 class=\"wp-block-heading\">Curs 2009-10<\/h3>\n\n\n\n<ul class=\"wp-block-list\">\n<li><strong>Premis Baldiri Reixac 2010. <\/strong>&nbsp;<a href=\"https:\/\/agora.xtec.cat\/ceipestalella\/general\/els-nostres-nous-jocs-de-pati-en-catala\/\">Els nostres nous jocs de pati en catal\u00e0 cicle inicial(<em>categoria Alumnes)<\/em><\/a><\/li>\n\n\n\n<li>&nbsp;<strong>Concurs Interescolar d\u2019Angl\u00e8s de Catalunya \u201cThe Fonix 2009\u201d<\/strong>. 2a posici\u00f3 d&#8217;un alumne de 6\u00e8 (A.A.C.) en la final comarcal de Barcelona i 6\u00e8 classificat en la final de Catalunya<\/li>\n<\/ul>\n\n\n\n<h3 class=\"wp-block-heading\">Curs 2005-06<\/h3>\n\n\n\n<ul class=\"wp-block-list\">\n<li><strong>Premis Baldiri Reixac 2005<\/strong>. La Festa Major de l\u2019Estalella 2005 (<em>categoria Alumnes)<\/em><\/li>\n<\/ul>\n\n\n\n<h3 class=\"wp-block-heading\">Curs 2000-01<\/h3>\n\n\n\n<ul class=\"wp-block-list\">\n<li><strong>Premis Civisme als Mitjans de Comunicaci\u00f3<\/strong> del Departament de Benestar Social de la Generalitat de Catalunya. 1r premi al programa \u201c<em>Viure en la diversitat&#8217; <\/em>de R\u00e0dio Estalella<\/li>\n<\/ul>\n\n\n\n<h3 class=\"wp-block-heading\">Curs 1998-99<\/h3>\n\n\n\n<ul class=\"wp-block-list\">\n<li><strong>Beques<\/strong> d&#8217;ajuda a l&#8217;escola de la <strong>Fundaci\u00f3 Enciclop\u00e8dia Catalana<\/strong> a R\u00e0dio Estalella. <\/li>\n\n\n\n<li><strong>Premi de la Diputaci\u00f3 de Barcelona<\/strong> al programa <em>4 Ratlles\u2026 i Altres Troballes<\/em> de R\u00e0dio Vilafranca amb la participaci\u00f3 de Radio Estalella amb un reportatge sobre la vinya i el vi.<\/li>\n<\/ul>\n\n\n\n<p><\/p>\n","protected":false},"excerpt":{"rendered":"<p>Curs 2024-25 Curs 2018-19 Curs 2016-17 Curs 2011-12 Curs 2010-11 Curs 2009-10 Curs 2005-06 Curs 2000-01 Curs 1998-99<\/p>\n","protected":false},"author":35,"featured_media":0,"parent":0,"menu_order":0,"comment_status":"closed","ping_status":"close","template":"","meta":{"_bbp_topic_count":0,"_bbp_reply_count":0,"_bbp_total_topic_count":0,"_bbp_total_reply_count":0,"_bbp_voice_count":0,"_bbp_anonymous_reply_count":0,"_bbp_topic_count_hidden":0,"_bbp_reply_count_hidden":0,"_bbp_forum_subforum_count":0,"site-sidebar-layout":"default","site-content-layout":"","ast-site-content-layout":"default","site-content-style":"default","site-sidebar-style":"default","ast-global-header-display":"","ast-banner-title-visibility":"","ast-main-header-display":"","ast-hfb-above-header-display":"","ast-hfb-below-header-display":"","ast-hfb-mobile-header-display":"","site-post-title":"","ast-breadcrumbs-content":"","ast-featured-img":"","footer-sml-layout":"","theme-transparent-header-meta":"","adv-header-id-meta":"","stick-header-meta":"","header-above-stick-meta":"","header-main-stick-meta":"","header-below-stick-meta":"","astra-migrate-meta-layouts":"set","ast-page-background-enabled":"default","ast-page-background-meta":{"desktop":{"background-color":"var(--ast-global-color-4)","background-image":"","background-repeat":"repeat","background-position":"center center","background-size":"auto","background-attachment":"scroll","background-type":"","background-media":"","overlay-type":"","overlay-color":"","overlay-opacity":"","overlay-gradient":""},"tablet":{"background-color":"","background-image":"","background-repeat":"repeat","background-position":"center center","background-size":"auto","background-attachment":"scroll","background-type":"","background-media":"","overlay-type":"","overlay-color":"","overlay-opacity":"","overlay-gradient":""},"mobile":{"background-color":"","background-image":"","background-repeat":"repeat","background-position":"center center","background-size":"auto","background-attachment":"scroll","background-type":"","background-media":"","overlay-type":"","overlay-color":"","overlay-opacity":"","overlay-gradient":""}},"ast-content-background-meta":{"desktop":{"background-color":"var(--ast-global-color-5)","background-image":"","background-repeat":"repeat","background-position":"center center","background-size":"auto","background-attachment":"scroll","background-type":"","background-media":"","overlay-type":"","overlay-color":"","overlay-opacity":"","overlay-gradient":""},"tablet":{"background-color":"var(--ast-global-color-5)","background-image":"","background-repeat":"repeat","background-position":"center center","background-size":"auto","background-attachment":"scroll","background-type":"","background-media":"","overlay-type":"","overlay-color":"","overlay-opacity":"","overlay-gradient":""},"mobile":{"background-color":"var(--ast-global-color-5)","background-image":"","background-repeat":"repeat","background-position":"center center","background-size":"auto","background-attachment":"scroll","background-type":"","background-media":"","overlay-type":"","overlay-color":"","overlay-opacity":"","overlay-gradient":""}},"footnotes":""},"class_list":["post-20605","page","type-page","status-publish","hentry"],"post_mailing_queue_ids":[],"_links":{"self":[{"href":"https:\/\/agora.xtec.cat\/ceipestalella\/wp-json\/wp\/v2\/pages\/20605","targetHints":{"allow":["GET"]}}],"collection":[{"href":"https:\/\/agora.xtec.cat\/ceipestalella\/wp-json\/wp\/v2\/pages"}],"about":[{"href":"https:\/\/agora.xtec.cat\/ceipestalella\/wp-json\/wp\/v2\/types\/page"}],"author":[{"embeddable":true,"href":"https:\/\/agora.xtec.cat\/ceipestalella\/wp-json\/wp\/v2\/users\/35"}],"replies":[{"embeddable":true,"href":"https:\/\/agora.xtec.cat\/ceipestalella\/wp-json\/wp\/v2\/comments?post=20605"}],"version-history":[{"count":5,"href":"https:\/\/agora.xtec.cat\/ceipestalella\/wp-json\/wp\/v2\/pages\/20605\/revisions"}],"predecessor-version":[{"id":20707,"href":"https:\/\/agora.xtec.cat\/ceipestalella\/wp-json\/wp\/v2\/pages\/20605\/revisions\/20707"}],"wp:attachment":[{"href":"https:\/\/agora.xtec.cat\/ceipestalella\/wp-json\/wp\/v2\/media?parent=20605"}],"curies":[{"name":"wp","href":"https:\/\/api.w.org\/{rel}","templated":true}]}}