{"id":18354,"date":"2024-09-03T19:43:54","date_gmt":"2024-09-03T17:43:54","guid":{"rendered":"https:\/\/agora.xtec.cat\/ceipestalella\/?page_id=18354"},"modified":"2024-09-03T19:48:29","modified_gmt":"2024-09-03T17:48:29","slug":"innovamat-4t","status":"publish","type":"page","link":"https:\/\/agora.xtec.cat\/ceipestalella\/innovamat-4t\/","title":{"rendered":"Innovamat 4t"},"content":{"rendered":"<h3>Innovamat a 4t<\/h3>\n<p style=\"text-align: justify;\">A continuaci\u00f3 trobareu tots els v\u00eddeos explicatius per entendre la metodologia Innovamat que necessiteu per 4t. Esperem que us siguin de gran utilitat.<\/p>\n<p>&nbsp;<\/p>\n<p><iframe loading=\"lazy\" title=\"Constru\u00efm les taules de multiplicar - Estrat\u00e8gies en 2 minuts | Prim\u00e0ria | Cicle Mitj\u00e0 (3r i 4t)\" src=\"https:\/\/www.youtube.com\/embed\/fkN2m8MAAg4?list=PLTJatQ6w11aXhYWW2VWUa5wH9KYZbSy-a\" width=\"806\" height=\"453\" frameborder=\"0\" allowfullscreen=\"allowfullscreen\"><\/iframe><\/p>\n<p><iframe loading=\"lazy\" title=\"Multipliquem amb el model rectangular - Estrat\u00e8gies en 2 minuts | Prim\u00e0ria | Cicle Mitj\u00e0 (3r i 4t)\" src=\"https:\/\/www.youtube.com\/embed\/uNEHHKRFOQ0?list=PLTJatQ6w11aXhYWW2VWUa5wH9KYZbSy-a\" width=\"806\" height=\"453\" frameborder=\"0\" allowfullscreen=\"allowfullscreen\"><\/iframe><\/p>\n<p><iframe loading=\"lazy\" width=\"806\" height=\"453\" src=\"https:\/\/www.youtube.com\/embed\/XR7jinkgcy4?list=PLTJatQ6w11aXhYWW2VWUa5wH9KYZbSy-a\" title=\"Dividim - Estrat\u00e8gies en 2 minuts | Prim\u00e0ria | Cicle Mitj\u00e0 (3r i 4t)\" frameborder=\"0\" allow=\"accelerometer; autoplay; clipboard-write; encrypted-media; gyroscope; picture-in-picture; web-share\" referrerpolicy=\"strict-origin-when-cross-origin\" allowfullscreen><\/iframe><\/p>\n<p><iframe loading=\"lazy\" width=\"806\" height=\"453\" src=\"https:\/\/www.youtube.com\/embed\/glwKqcwOnfg?list=PLTJatQ6w11aXhYWW2VWUa5wH9KYZbSy-a\" title=\"Derivem fets - Estrat\u00e8gies en 2 minuts | Prim\u00e0ria | Cicle Mitj\u00e0 (3r i 4t)\" frameborder=\"0\" allow=\"accelerometer; autoplay; clipboard-write; encrypted-media; gyroscope; picture-in-picture; web-share\" referrerpolicy=\"strict-origin-when-cross-origin\" allowfullscreen><\/iframe><\/p>\n<p><iframe loading=\"lazy\" width=\"806\" height=\"453\" src=\"https:\/\/www.youtube.com\/embed\/UUXb5kKcsPQ?list=PLTJatQ6w11aXhYWW2VWUa5wH9KYZbSy-a\" title=\"Estimem - Estrat\u00e8gies en 2 minuts | Prim\u00e0ria | Cicle Mitj\u00e0 (3r i 4t)\" frameborder=\"0\" allow=\"accelerometer; autoplay; clipboard-write; encrypted-media; gyroscope; picture-in-picture; web-share\" referrerpolicy=\"strict-origin-when-cross-origin\" allowfullscreen><\/iframe><\/p>\n","protected":false},"excerpt":{"rendered":"<p>Innovamat a 4t A continuaci\u00f3 trobareu tots els v\u00eddeos explicatius per entendre la metodologia Innovamat que necessiteu per 4t. Esperem [&hellip;]<\/p>\n","protected":false},"author":28,"featured_media":0,"parent":0,"menu_order":0,"comment_status":"closed","ping_status":"closed","template":"","meta":{"_bbp_topic_count":0,"_bbp_reply_count":0,"_bbp_total_topic_count":0,"_bbp_total_reply_count":0,"_bbp_voice_count":0,"_bbp_anonymous_reply_count":0,"_bbp_topic_count_hidden":0,"_bbp_reply_count_hidden":0,"_bbp_forum_subforum_count":0,"site-sidebar-layout":"default","site-content-layout":"","ast-site-content-layout":"","site-content-style":"default","site-sidebar-style":"default","ast-global-header-display":"","ast-banner-title-visibility":"","ast-main-header-display":"","ast-hfb-above-header-display":"","ast-hfb-below-header-display":"","ast-hfb-mobile-header-display":"","site-post-title":"","ast-breadcrumbs-content":"","ast-featured-img":"","footer-sml-layout":"","theme-transparent-header-meta":"","adv-header-id-meta":"","stick-header-meta":"","header-above-stick-meta":"","header-main-stick-meta":"","header-below-stick-meta":"","astra-migrate-meta-layouts":"default","ast-page-background-enabled":"default","ast-page-background-meta":{"desktop":{"background-color":"var(--ast-global-color-4)","background-image":"","background-repeat":"repeat","background-position":"center center","background-size":"auto","background-attachment":"scroll","background-type":"","background-media":"","overlay-type":"","overlay-color":"","overlay-opacity":"","overlay-gradient":""},"tablet":{"background-color":"","background-image":"","background-repeat":"repeat","background-position":"center center","background-size":"auto","background-attachment":"scroll","background-type":"","background-media":"","overlay-type":"","overlay-color":"","overlay-opacity":"","overlay-gradient":""},"mobile":{"background-color":"","background-image":"","background-repeat":"repeat","background-position":"center center","background-size":"auto","background-attachment":"scroll","background-type":"","background-media":"","overlay-type":"","overlay-color":"","overlay-opacity":"","overlay-gradient":""}},"ast-content-background-meta":{"desktop":{"background-color":"var(--ast-global-color-5)","background-image":"","background-repeat":"repeat","background-position":"center center","background-size":"auto","background-attachment":"scroll","background-type":"","background-media":"","overlay-type":"","overlay-color":"","overlay-opacity":"","overlay-gradient":""},"tablet":{"background-color":"var(--ast-global-color-5)","background-image":"","background-repeat":"repeat","background-position":"center center","background-size":"auto","background-attachment":"scroll","background-type":"","background-media":"","overlay-type":"","overlay-color":"","overlay-opacity":"","overlay-gradient":""},"mobile":{"background-color":"var(--ast-global-color-5)","background-image":"","background-repeat":"repeat","background-position":"center center","background-size":"auto","background-attachment":"scroll","background-type":"","background-media":"","overlay-type":"","overlay-color":"","overlay-opacity":"","overlay-gradient":""}},"footnotes":""},"class_list":["post-18354","page","type-page","status-publish","hentry"],"post_mailing_queue_ids":[],"_links":{"self":[{"href":"https:\/\/agora.xtec.cat\/ceipestalella\/wp-json\/wp\/v2\/pages\/18354","targetHints":{"allow":["GET"]}}],"collection":[{"href":"https:\/\/agora.xtec.cat\/ceipestalella\/wp-json\/wp\/v2\/pages"}],"about":[{"href":"https:\/\/agora.xtec.cat\/ceipestalella\/wp-json\/wp\/v2\/types\/page"}],"author":[{"embeddable":true,"href":"https:\/\/agora.xtec.cat\/ceipestalella\/wp-json\/wp\/v2\/users\/28"}],"replies":[{"embeddable":true,"href":"https:\/\/agora.xtec.cat\/ceipestalella\/wp-json\/wp\/v2\/comments?post=18354"}],"version-history":[{"count":2,"href":"https:\/\/agora.xtec.cat\/ceipestalella\/wp-json\/wp\/v2\/pages\/18354\/revisions"}],"predecessor-version":[{"id":18358,"href":"https:\/\/agora.xtec.cat\/ceipestalella\/wp-json\/wp\/v2\/pages\/18354\/revisions\/18358"}],"wp:attachment":[{"href":"https:\/\/agora.xtec.cat\/ceipestalella\/wp-json\/wp\/v2\/media?parent=18354"}],"curies":[{"name":"wp","href":"https:\/\/api.w.org\/{rel}","templated":true}]}}