{"id":16385,"date":"2022-09-12T11:55:50","date_gmt":"2022-09-12T09:55:50","guid":{"rendered":"https:\/\/agora.xtec.cat\/ceipestalella\/?page_id=16385"},"modified":"2025-09-25T09:34:56","modified_gmt":"2025-09-25T07:34:56","slug":"escoltam-2","status":"publish","type":"page","link":"https:\/\/agora.xtec.cat\/ceipestalella\/escoltam-2\/","title":{"rendered":"Escolta&#8217;m"},"content":{"rendered":"<h2>Un projecte de tutoria personalitzada per millorar la conviv\u00e8ncia i per <span style=\"font-family: inherit; font-size: 1em;\">aprendre a escoltar i a dialogar.<\/span><\/h2>\n<p style=\"text-align: justify;\">El projecte <em>Escolta\u2019m<\/em> neix fruit de la constataci\u00f3 que quan un infant est\u00e0 b\u00e9 emocionalment, la seva implicaci\u00f3 en l\u2019aprenentatge millora, per tant \u00e9s necessari acompanyar-lo amb vincles emocionals que l\u2019ajudin a enfortir l\u2019autoestima, creant un clima de confian\u00e7a amb els seus tutors i tutores.<\/p>\n<p style=\"text-align: justify;\">\u00c9s un projecte de tutoria personalitzada on els tutors i tutores disposen d\u2019un espai per escoltar i dialogar de manera distesa amb els i les alumnes i per establir vincles afectius positius i resilients, centrants en aspectes que afavoreixin el progr\u00e9s des de les seves potencialitats per anar aconseguint cotes de seguretat personal que l\u2019ajudin a desenvolupar-se de forma integral i satisfact\u00f2ria.<\/p>\n<p style=\"text-align: justify;\">Per l\u2019espai <em>Escolta\u2019m<\/em> hi passen de manera rotativa tots els i les alumnes de la classe una sessi\u00f3 a la setmana individualment o en grups de tres, mentre la resta d\u2019infants fan una altra activitat amb la mestra de refor\u00e7 o amb l\u2019especialista.<\/p>\n<p style=\"text-align: justify;\">\u00c9s un espai acollidor on els infants se senten c\u00f2modes, relaxats, on els m\u00e9s petits parlen de temes relacionats amb les emocions a partir d\u2019un conte, d\u2019una imatge o d\u2019un objecte. Els de prim\u00e0ria parlen de temes que no acostumen a sortir a classe, del temps lliure, dels seus desitjos i inquietuds, dels objectius que volen aconseguir&#8230; de tot all\u00f2 que els interessa.<\/p>\n<p style=\"text-align: justify;\">Als nens i nenes els agrada molt participar-hi i els genera una sensaci\u00f3 de tranquil\u00b7litat i de benestar. Aquesta \u00e9s una de les virtuts del projecte, perqu\u00e8 com m\u00e9s benestar, m\u00e9s aprenentatge.\u00a0Tamb\u00e9 afavoreix la millora de la conviv\u00e8ncia a l\u2019aula, enforteix la cohesi\u00f3 de grup, permet que les mestres i els mestres coneguin m\u00e9s els i les alumnes i proporciona un bon clima emocional d\u2019aula i motivaci\u00f3 per voler aprendre i treballar a l\u2019escola.<\/p>\n<table style=\"border-collapse: collapse; width: 100%;\">\n<tbody>\n<tr>\n<td style=\"width: 50%;\"><img loading=\"lazy\" decoding=\"async\" class=\" wp-image-16383 aligncenter\" src=\"https:\/\/agora.xtec.cat\/ceipestalella\/wp-content\/uploads\/usu318\/2022\/09\/foto-escotlam.jpg\" alt=\"\" width=\"266\" height=\"321\" srcset=\"https:\/\/agora.xtec.cat\/ceipestalella\/wp-content\/uploads\/usu318\/2022\/09\/foto-escotlam.jpg 325w, https:\/\/agora.xtec.cat\/ceipestalella\/wp-content\/uploads\/usu318\/2022\/09\/foto-escotlam-249x300.jpg 249w\" sizes=\"auto, (max-width: 266px) 100vw, 266px\" \/><\/td>\n<td style=\"width: 50%;\"><a href=\"https:\/\/agora.xtec.cat\/ceipestalella\/wp-content\/uploads\/usu318\/2025\/09\/Captura-de-pantalla-2025-09-25-093333.png\"><img loading=\"lazy\" decoding=\"async\" class=\"alignnone  wp-image-20168\" src=\"https:\/\/agora.xtec.cat\/ceipestalella\/wp-content\/uploads\/usu318\/2025\/09\/Captura-de-pantalla-2025-09-25-093333.png\" alt=\"\" width=\"251\" height=\"320\" srcset=\"https:\/\/agora.xtec.cat\/ceipestalella\/wp-content\/uploads\/usu318\/2025\/09\/Captura-de-pantalla-2025-09-25-093333.png 453w, https:\/\/agora.xtec.cat\/ceipestalella\/wp-content\/uploads\/usu318\/2025\/09\/Captura-de-pantalla-2025-09-25-093333-236x300.png 236w, https:\/\/agora.xtec.cat\/ceipestalella\/wp-content\/uploads\/usu318\/2025\/09\/Captura-de-pantalla-2025-09-25-093333-118x150.png 118w\" sizes=\"auto, (max-width: 251px) 100vw, 251px\" \/><\/a><\/td>\n<\/tr>\n<\/tbody>\n<\/table>\n","protected":false},"excerpt":{"rendered":"<p>Un projecte de tutoria personalitzada per millorar la conviv\u00e8ncia i per aprendre a escoltar i a dialogar. El projecte Escolta\u2019m [&hellip;]<\/p>\n","protected":false},"author":8,"featured_media":0,"parent":0,"menu_order":0,"comment_status":"closed","ping_status":"closed","template":"","meta":{"_bbp_topic_count":0,"_bbp_reply_count":0,"_bbp_total_topic_count":0,"_bbp_total_reply_count":0,"_bbp_voice_count":0,"_bbp_anonymous_reply_count":0,"_bbp_topic_count_hidden":0,"_bbp_reply_count_hidden":0,"_bbp_forum_subforum_count":0,"site-sidebar-layout":"default","site-content-layout":"","ast-site-content-layout":"default","site-content-style":"default","site-sidebar-style":"default","ast-global-header-display":"","ast-banner-title-visibility":"","ast-main-header-display":"","ast-hfb-above-header-display":"","ast-hfb-below-header-display":"","ast-hfb-mobile-header-display":"","site-post-title":"","ast-breadcrumbs-content":"","ast-featured-img":"","footer-sml-layout":"","theme-transparent-header-meta":"","adv-header-id-meta":"","stick-header-meta":"","header-above-stick-meta":"","header-main-stick-meta":"","header-below-stick-meta":"","astra-migrate-meta-layouts":"set","ast-page-background-enabled":"default","ast-page-background-meta":{"desktop":{"background-color":"var(--ast-global-color-4)","background-image":"","background-repeat":"repeat","background-position":"center center","background-size":"auto","background-attachment":"scroll","background-type":"","background-media":"","overlay-type":"","overlay-color":"","overlay-opacity":"","overlay-gradient":""},"tablet":{"background-color":"","background-image":"","background-repeat":"repeat","background-position":"center center","background-size":"auto","background-attachment":"scroll","background-type":"","background-media":"","overlay-type":"","overlay-color":"","overlay-opacity":"","overlay-gradient":""},"mobile":{"background-color":"","background-image":"","background-repeat":"repeat","background-position":"center center","background-size":"auto","background-attachment":"scroll","background-type":"","background-media":"","overlay-type":"","overlay-color":"","overlay-opacity":"","overlay-gradient":""}},"ast-content-background-meta":{"desktop":{"background-color":"var(--ast-global-color-5)","background-image":"","background-repeat":"repeat","background-position":"center center","background-size":"auto","background-attachment":"scroll","background-type":"","background-media":"","overlay-type":"","overlay-color":"","overlay-opacity":"","overlay-gradient":""},"tablet":{"background-color":"var(--ast-global-color-5)","background-image":"","background-repeat":"repeat","background-position":"center center","background-size":"auto","background-attachment":"scroll","background-type":"","background-media":"","overlay-type":"","overlay-color":"","overlay-opacity":"","overlay-gradient":""},"mobile":{"background-color":"var(--ast-global-color-5)","background-image":"","background-repeat":"repeat","background-position":"center center","background-size":"auto","background-attachment":"scroll","background-type":"","background-media":"","overlay-type":"","overlay-color":"","overlay-opacity":"","overlay-gradient":""}},"footnotes":""},"class_list":["post-16385","page","type-page","status-publish","hentry"],"post_mailing_queue_ids":[],"_links":{"self":[{"href":"https:\/\/agora.xtec.cat\/ceipestalella\/wp-json\/wp\/v2\/pages\/16385","targetHints":{"allow":["GET"]}}],"collection":[{"href":"https:\/\/agora.xtec.cat\/ceipestalella\/wp-json\/wp\/v2\/pages"}],"about":[{"href":"https:\/\/agora.xtec.cat\/ceipestalella\/wp-json\/wp\/v2\/types\/page"}],"author":[{"embeddable":true,"href":"https:\/\/agora.xtec.cat\/ceipestalella\/wp-json\/wp\/v2\/users\/8"}],"replies":[{"embeddable":true,"href":"https:\/\/agora.xtec.cat\/ceipestalella\/wp-json\/wp\/v2\/comments?post=16385"}],"version-history":[{"count":6,"href":"https:\/\/agora.xtec.cat\/ceipestalella\/wp-json\/wp\/v2\/pages\/16385\/revisions"}],"predecessor-version":[{"id":20170,"href":"https:\/\/agora.xtec.cat\/ceipestalella\/wp-json\/wp\/v2\/pages\/16385\/revisions\/20170"}],"wp:attachment":[{"href":"https:\/\/agora.xtec.cat\/ceipestalella\/wp-json\/wp\/v2\/media?parent=16385"}],"curies":[{"name":"wp","href":"https:\/\/api.w.org\/{rel}","templated":true}]}}