{"id":14936,"date":"2021-08-05T14:00:56","date_gmt":"2021-08-05T12:00:56","guid":{"rendered":"https:\/\/agora.xtec.cat\/ceipestalella\/?page_id=14936"},"modified":"2025-10-01T13:21:50","modified_gmt":"2025-10-01T11:21:50","slug":"sortides-i-activitats-4t","status":"publish","type":"page","link":"https:\/\/agora.xtec.cat\/ceipestalella\/sortides-i-activitats-4t\/","title":{"rendered":"Sortides i activitats 4t"},"content":{"rendered":"<h4><strong>PRIMER TRIMESTRE<\/strong><\/h4>\n<p><strong>Abric Roman\u00ed i mol\u00ed paperer<\/strong><\/p>\n<p style=\"text-align: justify;\">La sortida a l&#8217;Abric Roman\u00ed i al mol\u00ed paperer de Capellades est\u00e0 enfocada com a activitat complement\u00e0ria de l&#8217;\u00e0rea de medi social at\u00e8s que treballem la Prehist\u00f2ria. All\u00e0 visitarem un jaciment arqueol\u00f2gic i una part del museu prehist\u00f2ric. Tamb\u00e9 realitzarem una activitat relacionada amb les armes de l&#8217;\u00e8poca. Es realitzar\u00e0 el dia 7 d&#8217;octubre.<\/p>\n<table style=\"border-collapse: collapse; width: 100%;\">\n<tbody>\n<tr>\n<td style=\"width: 50%;\"><a href=\"https:\/\/agora.xtec.cat\/ceipestalella\/wp-content\/uploads\/usu318\/2021\/09\/20191029_113022-scaled.jpg\"><img loading=\"lazy\" decoding=\"async\" class=\"wp-image-15109 aligncenter\" src=\"https:\/\/agora.xtec.cat\/ceipestalella\/wp-content\/uploads\/usu318\/2021\/09\/20191029_113022-1024x768.jpg\" alt=\"\" width=\"280\" height=\"210\" srcset=\"https:\/\/agora.xtec.cat\/ceipestalella\/wp-content\/uploads\/usu318\/2021\/09\/20191029_113022-1024x768.jpg 1024w, https:\/\/agora.xtec.cat\/ceipestalella\/wp-content\/uploads\/usu318\/2021\/09\/20191029_113022-300x225.jpg 300w, https:\/\/agora.xtec.cat\/ceipestalella\/wp-content\/uploads\/usu318\/2021\/09\/20191029_113022-768x576.jpg 768w, https:\/\/agora.xtec.cat\/ceipestalella\/wp-content\/uploads\/usu318\/2021\/09\/20191029_113022-1536x1152.jpg 1536w, https:\/\/agora.xtec.cat\/ceipestalella\/wp-content\/uploads\/usu318\/2021\/09\/20191029_113022-2048x1536.jpg 2048w, https:\/\/agora.xtec.cat\/ceipestalella\/wp-content\/uploads\/usu318\/2021\/09\/20191029_113022-200x150.jpg 200w\" sizes=\"auto, (max-width: 280px) 100vw, 280px\" \/><\/a><\/td>\n<td style=\"width: 50%;\"><img loading=\"lazy\" decoding=\"async\" class=\"wp-image-15108 aligncenter\" style=\"font-family: inherit; font-size: 0.875em;\" src=\"https:\/\/agora.xtec.cat\/ceipestalella\/wp-content\/uploads\/usu318\/2021\/09\/20191029_104454-1024x768.jpg\" alt=\"\" width=\"279\" height=\"209\" srcset=\"https:\/\/agora.xtec.cat\/ceipestalella\/wp-content\/uploads\/usu318\/2021\/09\/20191029_104454-1024x768.jpg 1024w, https:\/\/agora.xtec.cat\/ceipestalella\/wp-content\/uploads\/usu318\/2021\/09\/20191029_104454-300x225.jpg 300w, https:\/\/agora.xtec.cat\/ceipestalella\/wp-content\/uploads\/usu318\/2021\/09\/20191029_104454-768x576.jpg 768w, https:\/\/agora.xtec.cat\/ceipestalella\/wp-content\/uploads\/usu318\/2021\/09\/20191029_104454-1536x1152.jpg 1536w, https:\/\/agora.xtec.cat\/ceipestalella\/wp-content\/uploads\/usu318\/2021\/09\/20191029_104454-2048x1536.jpg 2048w, https:\/\/agora.xtec.cat\/ceipestalella\/wp-content\/uploads\/usu318\/2021\/09\/20191029_104454-200x150.jpg 200w\" sizes=\"auto, (max-width: 279px) 100vw, 279px\" \/><\/td>\n<\/tr>\n<tr>\n<td style=\"width: 50%;\"><img loading=\"lazy\" decoding=\"async\" class=\"aligncenter\" src=\"https:\/\/www.laventanadelarte.es\/images\/barcelona\/2229\/centro-2229-1704161253583a92a5.jpg\" alt=\"la ventana del arte - p\u00e1gina para m\u00f3viles del espacio Museu Mol\u00ed Paperer\" width=\"283\" height=\"212\" \/><\/td>\n<td style=\"width: 50%;\"><img loading=\"lazy\" decoding=\"async\" class=\"aligncenter\" src=\"https:\/\/cmsmultimedia.catalunya.com\/mds\/multimedia\/9745\/F1\/\" alt=\"Museu Mol\u00ed Paperer de Capellades\" width=\"278\" height=\"207\" \/><\/td>\n<\/tr>\n<\/tbody>\n<\/table>\n<hr \/>\n<p><b>Palau de la M\u00fasica<br \/>\n<\/b><\/p>\n<p style=\"text-align: justify;\">Divendres 12 de desembre\u00a0 anem al Palau de la M\u00fasica de Barcelona juntament amb l&#8217;alumnat de 5\u00e8 i 6\u00e8.<\/p>\n<p style=\"text-align: justify;\">\u00c9s una sortida complement\u00e0ria a l&#8217;\u00e0rea de m\u00fasica molt enriquidora.<\/p>\n<p><img loading=\"lazy\" decoding=\"async\" class=\"size-full wp-image-19984 aligncenter\" src=\"https:\/\/agora.xtec.cat\/ceipestalella\/wp-content\/uploads\/usu318\/2025\/09\/Palau-musica.jpg\" alt=\"\" width=\"275\" height=\"183\" srcset=\"https:\/\/agora.xtec.cat\/ceipestalella\/wp-content\/uploads\/usu318\/2025\/09\/Palau-musica.jpg 275w, https:\/\/agora.xtec.cat\/ceipestalella\/wp-content\/uploads\/usu318\/2025\/09\/Palau-musica-150x100.jpg 150w\" sizes=\"auto, (max-width: 275px) 100vw, 275px\" \/><\/p>\n<h4><\/h4>\n<h4><strong>SEGON TRIMESTRE<\/strong><\/h4>\n<p style=\"text-align: left;\"><strong>Comencem la piscina!<\/strong><a href=\"https:\/\/agora.xtec.cat\/ceipestalella\/wp-content\/uploads\/usu318\/2021\/09\/Dibujo.jpg\"><img loading=\"lazy\" decoding=\"async\" class=\"wp-image-15113 alignright\" src=\"https:\/\/agora.xtec.cat\/ceipestalella\/wp-content\/uploads\/usu318\/2021\/09\/Dibujo.jpg\" alt=\"\" width=\"305\" height=\"150\" srcset=\"https:\/\/agora.xtec.cat\/ceipestalella\/wp-content\/uploads\/usu318\/2021\/09\/Dibujo.jpg 518w, https:\/\/agora.xtec.cat\/ceipestalella\/wp-content\/uploads\/usu318\/2021\/09\/Dibujo-300x148.jpg 300w\" sizes=\"auto, (max-width: 305px) 100vw, 305px\" \/><\/a><\/p>\n<p>Farem 5 sessions de piscina al Complex Aqu\u00e0tic de Vilafranca.<\/p>\n<p>Hora de sortida parada de bus 8:45h<\/p>\n<p><strong>Col\u00f2nies a la Casa de col\u00f2nies Can Vandrell (Sant Feliu de Buixadeu) <\/strong><\/p>\n<p>Dijous 5 i Divendres 6 de mar\u00e7 de 2026. Farem activitats relacionades amb l&#8217;univers i l&#8217;espai. A m\u00e9s a m\u00e9s, jocs cooperatius i un circuit d&#8217;al\u00e7ada!<\/p>\n<p>Aquest curs anem de col\u00f2nies tot Cicle Mitj\u00e0.<\/p>\n<table style=\"border-collapse: collapse; width: 95.5915%; height: 416px;\">\n<tbody>\n<tr>\n<td style=\"width: 680px;\"><img loading=\"lazy\" decoding=\"async\" class=\"alignnone wp-image-19982 size-full\" src=\"https:\/\/agora.xtec.cat\/ceipestalella\/wp-content\/uploads\/usu318\/2025\/09\/Casa-de-colonies-Can-Vandrell.jpg\" alt=\"\" width=\"975\" height=\"654\" srcset=\"https:\/\/agora.xtec.cat\/ceipestalella\/wp-content\/uploads\/usu318\/2025\/09\/Casa-de-colonies-Can-Vandrell.jpg 975w, https:\/\/agora.xtec.cat\/ceipestalella\/wp-content\/uploads\/usu318\/2025\/09\/Casa-de-colonies-Can-Vandrell-300x201.jpg 300w, https:\/\/agora.xtec.cat\/ceipestalella\/wp-content\/uploads\/usu318\/2025\/09\/Casa-de-colonies-Can-Vandrell-150x101.jpg 150w, https:\/\/agora.xtec.cat\/ceipestalella\/wp-content\/uploads\/usu318\/2025\/09\/Casa-de-colonies-Can-Vandrell-768x515.jpg 768w\" sizes=\"auto, (max-width: 975px) 100vw, 975px\" \/><\/td>\n<td style=\"width: 680px;\"><img loading=\"lazy\" decoding=\"async\" class=\"alignnone wp-image-19983 size-full\" src=\"https:\/\/agora.xtec.cat\/ceipestalella\/wp-content\/uploads\/usu318\/2025\/09\/Casa-de-colonies-Can-Vandrell-circuit-aventura.jpg\" alt=\"\" width=\"975\" height=\"654\" srcset=\"https:\/\/agora.xtec.cat\/ceipestalella\/wp-content\/uploads\/usu318\/2025\/09\/Casa-de-colonies-Can-Vandrell-circuit-aventura.jpg 975w, https:\/\/agora.xtec.cat\/ceipestalella\/wp-content\/uploads\/usu318\/2025\/09\/Casa-de-colonies-Can-Vandrell-circuit-aventura-300x201.jpg 300w, https:\/\/agora.xtec.cat\/ceipestalella\/wp-content\/uploads\/usu318\/2025\/09\/Casa-de-colonies-Can-Vandrell-circuit-aventura-150x101.jpg 150w, https:\/\/agora.xtec.cat\/ceipestalella\/wp-content\/uploads\/usu318\/2025\/09\/Casa-de-colonies-Can-Vandrell-circuit-aventura-768x515.jpg 768w\" sizes=\"auto, (max-width: 975px) 100vw, 975px\" \/><\/td>\n<\/tr>\n<\/tbody>\n<\/table>\n<hr \/>\n<p><strong>Jornades Esportives<\/strong> (mat\u00ed del 26 de mar\u00e7)<\/p>\n<p style=\"text-align: justify;\">Al mar\u00e7 anirem a les jornades esportives que s&#8217;organitzen a la zona esportiva de Vilafranca, all\u00e0 practicarem diversos esports en equip de manera cooperativa amb d&#8217;altres escoles.<\/p>\n<p><strong>TERCER TRIMESTRE<\/strong><\/p>\n<p><img loading=\"lazy\" decoding=\"async\" class=\"wp-image-15193 alignright\" src=\"https:\/\/agora.xtec.cat\/ceipestalella\/wp-content\/uploads\/usu318\/2021\/09\/unnamed.jpg\" alt=\"\" width=\"292\" height=\"208\" srcset=\"https:\/\/agora.xtec.cat\/ceipestalella\/wp-content\/uploads\/usu318\/2021\/09\/unnamed.jpg 512w, https:\/\/agora.xtec.cat\/ceipestalella\/wp-content\/uploads\/usu318\/2021\/09\/unnamed-300x214.jpg 300w\" sizes=\"auto, (max-width: 292px) 100vw, 292px\" \/><\/p>\n<p style=\"text-align: justify;\"><strong>Mol\u00ed del Foix<\/strong> (mat\u00ed)<\/p>\n<p style=\"text-align: justify;\">El Jard\u00ed Bot\u00e0nic Mol\u00ed del Foix \u00e9s un espai on, a m\u00e9s de passejar i gaudir de les plantes que s\u2019hi troben, podem aprendre sobre la nostra comarca i la vegetaci\u00f3 que hi trobem. La sortida es realitza l&#8217;abril.<\/p>\n<p style=\"text-align: justify;\">\u00c9s una sortida relacionada amb el contingut de\u00a0 l&#8217;\u00e0rea de medi natural.<\/p>\n<p><strong>Sortida a Sant Pau<\/strong> (tot el dia) <img loading=\"lazy\" decoding=\"async\" class=\" wp-image-16475 alignright\" src=\"https:\/\/agora.xtec.cat\/ceipestalella\/wp-content\/uploads\/usu318\/2022\/09\/sant-pau.jpg\" alt=\"\" width=\"291\" height=\"194\" srcset=\"https:\/\/agora.xtec.cat\/ceipestalella\/wp-content\/uploads\/usu318\/2022\/09\/sant-pau.jpg 800w, https:\/\/agora.xtec.cat\/ceipestalella\/wp-content\/uploads\/usu318\/2022\/09\/sant-pau-300x200.jpg 300w, https:\/\/agora.xtec.cat\/ceipestalella\/wp-content\/uploads\/usu318\/2022\/09\/sant-pau-768x512.jpg 768w\" sizes=\"auto, (max-width: 291px) 100vw, 291px\" \/><\/p>\n<p style=\"text-align: justify;\">La muntanya de Sant Pau \u00e9s una serra situada a Vilafranca i Pacs, t\u00e9 una elevaci\u00f3 de 302 metres.<\/p>\n<p style=\"text-align: justify;\">Per sort, tenim aquesta muntanya molt a prop de l&#8217;escola! Aix\u00ed que farem una caminada tots junts per la natura i gaudirem del nostre entorn m\u00e9s proper. La sortida es realitza al\u00a0 maig.<\/p>\n<p style=\"text-align: justify;\">\n","protected":false},"excerpt":{"rendered":"<p>PRIMER TRIMESTRE Abric Roman\u00ed i mol\u00ed paperer La sortida a l&#8217;Abric Roman\u00ed i al mol\u00ed paperer de Capellades est\u00e0 enfocada [&hellip;]<\/p>\n","protected":false},"author":1,"featured_media":0,"parent":0,"menu_order":0,"comment_status":"closed","ping_status":"closed","template":"","meta":{"_bbp_topic_count":0,"_bbp_reply_count":0,"_bbp_total_topic_count":0,"_bbp_total_reply_count":0,"_bbp_voice_count":0,"_bbp_anonymous_reply_count":0,"_bbp_topic_count_hidden":0,"_bbp_reply_count_hidden":0,"_bbp_forum_subforum_count":0,"site-sidebar-layout":"default","site-content-layout":"","ast-site-content-layout":"default","site-content-style":"default","site-sidebar-style":"default","ast-global-header-display":"","ast-banner-title-visibility":"","ast-main-header-display":"","ast-hfb-above-header-display":"","ast-hfb-below-header-display":"","ast-hfb-mobile-header-display":"","site-post-title":"","ast-breadcrumbs-content":"","ast-featured-img":"","footer-sml-layout":"","theme-transparent-header-meta":"","adv-header-id-meta":"","stick-header-meta":"","header-above-stick-meta":"","header-main-stick-meta":"","header-below-stick-meta":"","astra-migrate-meta-layouts":"set","ast-page-background-enabled":"default","ast-page-background-meta":{"desktop":{"background-color":"var(--ast-global-color-4)","background-image":"","background-repeat":"repeat","background-position":"center center","background-size":"auto","background-attachment":"scroll","background-type":"","background-media":"","overlay-type":"","overlay-color":"","overlay-opacity":"","overlay-gradient":""},"tablet":{"background-color":"","background-image":"","background-repeat":"repeat","background-position":"center center","background-size":"auto","background-attachment":"scroll","background-type":"","background-media":"","overlay-type":"","overlay-color":"","overlay-opacity":"","overlay-gradient":""},"mobile":{"background-color":"","background-image":"","background-repeat":"repeat","background-position":"center center","background-size":"auto","background-attachment":"scroll","background-type":"","background-media":"","overlay-type":"","overlay-color":"","overlay-opacity":"","overlay-gradient":""}},"ast-content-background-meta":{"desktop":{"background-color":"var(--ast-global-color-5)","background-image":"","background-repeat":"repeat","background-position":"center center","background-size":"auto","background-attachment":"scroll","background-type":"","background-media":"","overlay-type":"","overlay-color":"","overlay-opacity":"","overlay-gradient":""},"tablet":{"background-color":"var(--ast-global-color-5)","background-image":"","background-repeat":"repeat","background-position":"center center","background-size":"auto","background-attachment":"scroll","background-type":"","background-media":"","overlay-type":"","overlay-color":"","overlay-opacity":"","overlay-gradient":""},"mobile":{"background-color":"var(--ast-global-color-5)","background-image":"","background-repeat":"repeat","background-position":"center center","background-size":"auto","background-attachment":"scroll","background-type":"","background-media":"","overlay-type":"","overlay-color":"","overlay-opacity":"","overlay-gradient":""}},"footnotes":""},"class_list":["post-14936","page","type-page","status-publish","hentry"],"post_mailing_queue_ids":[],"_links":{"self":[{"href":"https:\/\/agora.xtec.cat\/ceipestalella\/wp-json\/wp\/v2\/pages\/14936","targetHints":{"allow":["GET"]}}],"collection":[{"href":"https:\/\/agora.xtec.cat\/ceipestalella\/wp-json\/wp\/v2\/pages"}],"about":[{"href":"https:\/\/agora.xtec.cat\/ceipestalella\/wp-json\/wp\/v2\/types\/page"}],"author":[{"embeddable":true,"href":"https:\/\/agora.xtec.cat\/ceipestalella\/wp-json\/wp\/v2\/users\/1"}],"replies":[{"embeddable":true,"href":"https:\/\/agora.xtec.cat\/ceipestalella\/wp-json\/wp\/v2\/comments?post=14936"}],"version-history":[{"count":6,"href":"https:\/\/agora.xtec.cat\/ceipestalella\/wp-json\/wp\/v2\/pages\/14936\/revisions"}],"predecessor-version":[{"id":20206,"href":"https:\/\/agora.xtec.cat\/ceipestalella\/wp-json\/wp\/v2\/pages\/14936\/revisions\/20206"}],"wp:attachment":[{"href":"https:\/\/agora.xtec.cat\/ceipestalella\/wp-json\/wp\/v2\/media?parent=14936"}],"curies":[{"name":"wp","href":"https:\/\/api.w.org\/{rel}","templated":true}]}}