{"id":14934,"date":"2021-08-05T14:00:53","date_gmt":"2021-08-05T12:00:53","guid":{"rendered":"https:\/\/agora.xtec.cat\/ceipestalella\/?page_id=14934"},"modified":"2025-11-12T12:34:48","modified_gmt":"2025-11-12T11:34:48","slug":"informacio-general-6e","status":"publish","type":"page","link":"https:\/\/agora.xtec.cat\/ceipestalella\/informacio-general-6e\/","title":{"rendered":"Informaci\u00f3 general 6\u00e8"},"content":{"rendered":"<p><em><strong>COMUNICACI\u00d3 AMB LES TUTORES<\/strong><\/em><\/p>\n<ul style=\"list-style-type: square;\">\n<li>Agenda dels\/de les alumnes<\/li>\n<li>Horari d\u2019atenci\u00f3: dimecres de 12:30 a 13:30.<\/li>\n<li>Per correu electr\u00f2nic<\/li>\n<\/ul>\n<p style=\"padding-left: 40px;\"><strong>N\u00faria Guillaumes<\/strong>: nuriag<i>@estalella.cat\u00a0<\/i><\/p>\n<p style=\"padding-left: 40px;\"><strong>Alberto Gonz\u00e1lez<\/strong>: <em>alberto@estalella.cat\u00a0<\/em><i><\/i><\/p>\n<ul style=\"list-style-type: square;\">\n<li>Tel\u00e8fon del centre 93.892.0813<\/li>\n<\/ul>\n<p><em><strong>HORARIS CURS 25-26<\/strong><\/em><\/p>\n<h2>6\u00e8 A<\/h2>\n<p><a href=\"https:\/\/agora.xtec.cat\/ceipestalella\/wp-content\/uploads\/usu318\/2024\/09\/6E-A.png\"><img loading=\"lazy\" decoding=\"async\" class=\"aligncenter wp-image-20055 size-large\" src=\"https:\/\/agora.xtec.cat\/ceipestalella\/wp-content\/uploads\/usu318\/2025\/09\/HORARI-6e-2526-1024x724.png\" alt=\"\" width=\"1024\" height=\"724\" srcset=\"https:\/\/agora.xtec.cat\/ceipestalella\/wp-content\/uploads\/usu318\/2025\/09\/HORARI-6e-2526-1024x724.png 1024w, https:\/\/agora.xtec.cat\/ceipestalella\/wp-content\/uploads\/usu318\/2025\/09\/HORARI-6e-2526-300x212.png 300w, https:\/\/agora.xtec.cat\/ceipestalella\/wp-content\/uploads\/usu318\/2025\/09\/HORARI-6e-2526-150x106.png 150w, https:\/\/agora.xtec.cat\/ceipestalella\/wp-content\/uploads\/usu318\/2025\/09\/HORARI-6e-2526-768x543.png 768w, https:\/\/agora.xtec.cat\/ceipestalella\/wp-content\/uploads\/usu318\/2025\/09\/HORARI-6e-2526-1536x1086.png 1536w, https:\/\/agora.xtec.cat\/ceipestalella\/wp-content\/uploads\/usu318\/2025\/09\/HORARI-6e-2526.png 2000w\" sizes=\"auto, (max-width: 1024px) 100vw, 1024px\" \/><\/a><\/p>\n<h2>6\u00e8 B<\/h2>\n<h2><a href=\"https:\/\/agora.xtec.cat\/ceipestalella\/wp-content\/uploads\/usu318\/2025\/09\/Captura-de-pantalla-2025-09-15-131253.png\"><img loading=\"lazy\" decoding=\"async\" class=\"aligncenter wp-image-20007 size-large\" src=\"https:\/\/agora.xtec.cat\/ceipestalella\/wp-content\/uploads\/usu318\/2025\/09\/Captura-de-pantalla-2025-09-15-131253-1024x655.png\" alt=\"\" width=\"1024\" height=\"655\" srcset=\"https:\/\/agora.xtec.cat\/ceipestalella\/wp-content\/uploads\/usu318\/2025\/09\/Captura-de-pantalla-2025-09-15-131253-1024x655.png 1024w, https:\/\/agora.xtec.cat\/ceipestalella\/wp-content\/uploads\/usu318\/2025\/09\/Captura-de-pantalla-2025-09-15-131253-300x192.png 300w, https:\/\/agora.xtec.cat\/ceipestalella\/wp-content\/uploads\/usu318\/2025\/09\/Captura-de-pantalla-2025-09-15-131253-150x96.png 150w, https:\/\/agora.xtec.cat\/ceipestalella\/wp-content\/uploads\/usu318\/2025\/09\/Captura-de-pantalla-2025-09-15-131253-768x491.png 768w, https:\/\/agora.xtec.cat\/ceipestalella\/wp-content\/uploads\/usu318\/2025\/09\/Captura-de-pantalla-2025-09-15-131253.png 1143w\" sizes=\"auto, (max-width: 1024px) 100vw, 1024px\" \/><\/a><\/h2>\n<p><em><strong>ASSIGNATURES<\/strong><\/em><\/p>\n<p><b>Catal\u00e0<\/b>: N\u00faria Guillaumes, Alberto Gonz\u00e1lez i M\u00edriam Catal\u00e1n.<\/p>\n<p><b>Castell\u00e0<\/b>: N\u00faria Guillaumes i Alberto Gonz\u00e1lez.<\/p>\n<p><b>Medi<\/b>: N\u00faria Guillaumes i Alberto Gonz\u00e1lez.<\/p>\n<p><b>Valors<\/b>: N\u00faria Guillaumes i Alberto Gonz\u00e1lez.<\/p>\n<p><b>Matem\u00e0tiques<\/b> (<b>Innovamat)<\/b>: Gemma Bertran, Alberto Gonz\u00e1lez i M\u00edriam Catal\u00e1n.<\/p>\n<p><b>C\u00e0lcul<\/b>: M\u00edriam Catal\u00e1n.<\/p>\n<p><b>Angl\u00e8s<\/b>: Alicia Rodr\u00edguez i Dani Puerta.<\/p>\n<p><b>Educaci\u00f3<\/b><b> F\u00edsica<\/b>: Regina Mestres<\/p>\n<p><b>M\u00fasica<\/b>: Joel Santana<\/p>\n<p><b>R\u00e0dio<\/b>: Maria Jos\u00e9 Huertas, M\u00edriam Catal\u00e1n, N\u00faria Guillaumes, Dani Puerta i Raquel Tornay<\/p>\n<p><em><strong>TALLERS\u00a0<\/strong><\/em><\/p>\n<p><strong><em>Ci\u00e8ncies\u00a0<\/em><\/strong><\/p>\n<ul>\n<li>Dissecci\u00f3 d&#8217;invertebrats<\/li>\n<li>M\u00e0quines i politges<\/li>\n<\/ul>\n<p><strong><em>Arts pl\u00e0stiques\u00a0<\/em><\/strong><\/p>\n<ul>\n<li>Retrat<\/li>\n<li>Costura<\/li>\n<\/ul>\n<p><em style=\"font-family: inherit; font-size: 1em;\"><strong>Llengua catalana<\/strong><\/em><\/p>\n<ul>\n<li>Text Teatral<\/li>\n<\/ul>\n<p><em style=\"font-family: inherit; font-size: 1em;\"><strong>Rob\u00f2tica<\/strong><\/em><\/p>\n<ul>\n<li>LEGO SPIKE PRIME<\/li>\n<\/ul>\n<p><em><strong>FUNCIONAMENT DEL CURS\u00a0<\/strong><\/em><\/p>\n<p>\u0097<b>Normes de conviv\u00e8ncia a l\u2019escola i al centre: <\/b>Aplicaci\u00f3 del NOFC, faltes lleus i greus i comunicaci\u00f3.<\/p>\n<p>\u0097<b>Tasques complement\u00e0ries a casa: <\/b>Fer deures \u00e9s responsabilitat dels alumnes per\u00f2 l\u2019ajuda de la fam\u00edlia \u00e9s molt important (guiar-los).<\/p>\n<p>\u0097<b>Presentaci\u00f3 de treballs: <\/b>Es tindran en compte el contingut i la presentaci\u00f3.<\/p>\n<p>\u0097<b>Compet\u00e8ncies B\u00e0siques: <\/b>\u00a0proves d\u2019avaluaci\u00f3 externa per sis\u00e8.<\/p>\n<p>Durant el mes de mar\u00e7, l&#8217;alumnat de 6\u00e8 realitza les <em>proves de compet\u00e8ncies b\u00e0siques<\/em> que s\u00f3n unes proves que avaluen les compet\u00e8ncies i els coneixements b\u00e0sics que han d&#8217;haver adquirit els alumnes de 6\u00e8 al final de l&#8217;educaci\u00f3 prim\u00e0ria.<\/p>\n<p>Aquestes proves venen marcades pel Departament d&#8217;Ensenyament de la Generalitat de Catalunya i les fan els mateixos dies tot l&#8217;alumnat de 6\u00e8 de Catalunya.<\/p>\n<p><em><strong>EDUCACI\u00d3 F\u00cdSICA I PISCINA\u00a0<\/strong><\/em><\/p>\n<p><b>\u0097Material d&#8217;E.F.: <\/b>Roba i cal\u00e7at esportiu, roba de recanvi i estris necessaris per la dutxa. \u00c9s obligatori dutxar-se i \u00e9s opcional mullar-se el cap.<\/p>\n<p>\u0097<b>Justificacions<\/b> signades a l\u2019agenda.<\/p>\n","protected":false},"excerpt":{"rendered":"<p>COMUNICACI\u00d3 AMB LES TUTORES Agenda dels\/de les alumnes Horari d\u2019atenci\u00f3: dimecres de 12:30 a 13:30. Per correu electr\u00f2nic N\u00faria Guillaumes: [&hellip;]<\/p>\n","protected":false},"author":1,"featured_media":0,"parent":0,"menu_order":0,"comment_status":"closed","ping_status":"closed","template":"","meta":{"_bbp_topic_count":0,"_bbp_reply_count":0,"_bbp_total_topic_count":0,"_bbp_total_reply_count":0,"_bbp_voice_count":0,"_bbp_anonymous_reply_count":0,"_bbp_topic_count_hidden":0,"_bbp_reply_count_hidden":0,"_bbp_forum_subforum_count":0,"site-sidebar-layout":"default","site-content-layout":"","ast-site-content-layout":"default","site-content-style":"default","site-sidebar-style":"default","ast-global-header-display":"","ast-banner-title-visibility":"","ast-main-header-display":"","ast-hfb-above-header-display":"","ast-hfb-below-header-display":"","ast-hfb-mobile-header-display":"","site-post-title":"","ast-breadcrumbs-content":"","ast-featured-img":"","footer-sml-layout":"","theme-transparent-header-meta":"","adv-header-id-meta":"","stick-header-meta":"","header-above-stick-meta":"","header-main-stick-meta":"","header-below-stick-meta":"","astra-migrate-meta-layouts":"set","ast-page-background-enabled":"default","ast-page-background-meta":{"desktop":{"background-color":"var(--ast-global-color-4)","background-image":"","background-repeat":"repeat","background-position":"center center","background-size":"auto","background-attachment":"scroll","background-type":"","background-media":"","overlay-type":"","overlay-color":"","overlay-opacity":"","overlay-gradient":""},"tablet":{"background-color":"","background-image":"","background-repeat":"repeat","background-position":"center center","background-size":"auto","background-attachment":"scroll","background-type":"","background-media":"","overlay-type":"","overlay-color":"","overlay-opacity":"","overlay-gradient":""},"mobile":{"background-color":"","background-image":"","background-repeat":"repeat","background-position":"center center","background-size":"auto","background-attachment":"scroll","background-type":"","background-media":"","overlay-type":"","overlay-color":"","overlay-opacity":"","overlay-gradient":""}},"ast-content-background-meta":{"desktop":{"background-color":"var(--ast-global-color-5)","background-image":"","background-repeat":"repeat","background-position":"center center","background-size":"auto","background-attachment":"scroll","background-type":"","background-media":"","overlay-type":"","overlay-color":"","overlay-opacity":"","overlay-gradient":""},"tablet":{"background-color":"var(--ast-global-color-5)","background-image":"","background-repeat":"repeat","background-position":"center center","background-size":"auto","background-attachment":"scroll","background-type":"","background-media":"","overlay-type":"","overlay-color":"","overlay-opacity":"","overlay-gradient":""},"mobile":{"background-color":"var(--ast-global-color-5)","background-image":"","background-repeat":"repeat","background-position":"center center","background-size":"auto","background-attachment":"scroll","background-type":"","background-media":"","overlay-type":"","overlay-color":"","overlay-opacity":"","overlay-gradient":""}},"footnotes":""},"class_list":["post-14934","page","type-page","status-publish","hentry"],"post_mailing_queue_ids":[],"_links":{"self":[{"href":"https:\/\/agora.xtec.cat\/ceipestalella\/wp-json\/wp\/v2\/pages\/14934","targetHints":{"allow":["GET"]}}],"collection":[{"href":"https:\/\/agora.xtec.cat\/ceipestalella\/wp-json\/wp\/v2\/pages"}],"about":[{"href":"https:\/\/agora.xtec.cat\/ceipestalella\/wp-json\/wp\/v2\/types\/page"}],"author":[{"embeddable":true,"href":"https:\/\/agora.xtec.cat\/ceipestalella\/wp-json\/wp\/v2\/users\/1"}],"replies":[{"embeddable":true,"href":"https:\/\/agora.xtec.cat\/ceipestalella\/wp-json\/wp\/v2\/comments?post=14934"}],"version-history":[{"count":6,"href":"https:\/\/agora.xtec.cat\/ceipestalella\/wp-json\/wp\/v2\/pages\/14934\/revisions"}],"predecessor-version":[{"id":20314,"href":"https:\/\/agora.xtec.cat\/ceipestalella\/wp-json\/wp\/v2\/pages\/14934\/revisions\/20314"}],"wp:attachment":[{"href":"https:\/\/agora.xtec.cat\/ceipestalella\/wp-json\/wp\/v2\/media?parent=14934"}],"curies":[{"name":"wp","href":"https:\/\/api.w.org\/{rel}","templated":true}]}}