{"id":14899,"date":"2021-08-05T13:32:30","date_gmt":"2021-08-05T11:32:30","guid":{"rendered":"https:\/\/agora.xtec.cat\/ceipestalella\/?page_id=14899"},"modified":"2025-10-01T12:14:46","modified_gmt":"2025-10-01T10:14:46","slug":"sortides-i-activitats-2n","status":"publish","type":"page","link":"https:\/\/agora.xtec.cat\/ceipestalella\/sortides-i-activitats-2n\/","title":{"rendered":"Sortides i activitats 2n"},"content":{"rendered":"<h4><strong>Curs 2025-26<\/strong><\/h4>\n<p><strong>SORTIDES\u00a0<\/strong><\/p>\n<ul>\n<li style=\"list-style-type: none;\">\n<ul>\n<li><em><strong>Museu Terra <\/strong>a <\/em>L&#8217;Espluga de Francol\u00ed<strong>: <\/strong>24 d&#8217;octubre.<\/li>\n<li><em><strong>Museu de les Matem\u00e0tiques<\/strong><\/em> a Cornell\u00e0: 12 de novembre.<\/li>\n<li><em><strong>Museu del Ferrocarril<\/strong> <\/em>a Vilanova: 24 d&#8217;abril.<\/li>\n<li><em><strong>Muntanya de Sant Pau i Sant Jaume<\/strong>:<\/em> 3 de juny.<\/li>\n<\/ul>\n<\/li>\n<\/ul>\n<p><strong>COL\u00d2NIES<\/strong><\/p>\n<ul>\n<li style=\"list-style-type: none;\">\n<ul>\n<li><em style=\"background-color: rgba(0, 0, 0, 0); font-size: 1rem; font-weight: inherit;\"><strong>La Marinada<\/strong><\/em><span style=\"background-color: rgba(0, 0, 0, 0); font-size: 1rem; font-weight: inherit;\">\u00a0 a Cambrils<\/span><em style=\"background-color: rgba(0, 0, 0, 0); font-size: 1rem; font-weight: inherit;\"><strong>:\u00a0 <\/strong><\/em><span style=\"background-color: rgba(0, 0, 0, 0); font-size: 1rem; font-weight: inherit;\">26 i 27 de febrer.<\/span><\/li>\n<\/ul>\n<\/li>\n<\/ul>\n<p><strong>ALTRES ACTIVITATS<\/strong><\/p>\n<ul>\n<li style=\"list-style-type: none;\">\n<ul>\n<li><em><strong>Visita i conte <\/strong><\/em>al Vinseum: 8 d&#8217;octubre.<\/li>\n<li><em><b>Taller a l&#8217;escola Qu\u00e8 passa si enterrem les deixalles? : <\/b><\/em>17 de novembre i 1 de desembre a l&#8217;escola.<\/li>\n<li>Visita a la <em><strong>Biblioteca Torras i Bages<\/strong><\/em>: 19 de novembre.<\/li>\n<li><em><strong>Espectacle de dansa<\/strong> <strong>\u00c8ter\u00a0<\/strong><\/em> a Cal Bolet: 28 de gener.<\/li>\n<li><em><strong>Fira musical <\/strong><\/em>a l&#8217;Escola Municipal de M\u00fasica<strong>:<\/strong> mar\u00e7.<\/li>\n<li><strong><em>Jornades esportives <\/em><\/strong>a la zona esportiva<strong><em>:\u00a0 <\/em><\/strong>27 de mar\u00e7.<\/li>\n<li><span style=\"background-color: #00ffff;\"><strong><em>Piscina <\/em><\/strong>al Complex Aqu\u00e0tic: 10, 17 i 24 de mar\u00e7 i 7 i 14 d&#8217;abril.<\/span><\/li>\n<li><strong>Petit Congr\u00e9s<\/strong> al Vinseum: del 13 al 15 de maig.<\/li>\n<li><em><strong>Teatre en angl\u00e8s<\/strong><\/em> a l&#8217;escola: 18 de maig.<\/li>\n<li><em><strong>Coneixem l&#8217;entorn <\/strong><\/em>a Vilafranca: al llarg del curs.<\/li>\n<li><strong>Taller d&#8217;escalada i jocs a<\/strong> <em><strong>La Bauma<\/strong><\/em>: 9 de juny.<\/li>\n<\/ul>\n<\/li>\n<\/ul>\n\n\n<p><\/p>\n","protected":false},"excerpt":{"rendered":"<p>Curs 2025-26 SORTIDES\u00a0 Museu Terra a L&#8217;Espluga de Francol\u00ed: 24 d&#8217;octubre. Museu de les Matem\u00e0tiques a Cornell\u00e0: 12 de novembre. [&hellip;]<\/p>\n","protected":false},"author":1,"featured_media":0,"parent":0,"menu_order":0,"comment_status":"closed","ping_status":"closed","template":"","meta":{"_bbp_topic_count":0,"_bbp_reply_count":0,"_bbp_total_topic_count":0,"_bbp_total_reply_count":0,"_bbp_voice_count":0,"_bbp_anonymous_reply_count":0,"_bbp_topic_count_hidden":0,"_bbp_reply_count_hidden":0,"_bbp_forum_subforum_count":0,"site-sidebar-layout":"default","site-content-layout":"","ast-site-content-layout":"default","site-content-style":"default","site-sidebar-style":"default","ast-global-header-display":"","ast-banner-title-visibility":"","ast-main-header-display":"","ast-hfb-above-header-display":"","ast-hfb-below-header-display":"","ast-hfb-mobile-header-display":"","site-post-title":"","ast-breadcrumbs-content":"","ast-featured-img":"","footer-sml-layout":"","theme-transparent-header-meta":"","adv-header-id-meta":"","stick-header-meta":"","header-above-stick-meta":"","header-main-stick-meta":"","header-below-stick-meta":"","astra-migrate-meta-layouts":"set","ast-page-background-enabled":"default","ast-page-background-meta":{"desktop":{"background-color":"var(--ast-global-color-4)","background-image":"","background-repeat":"repeat","background-position":"center center","background-size":"auto","background-attachment":"scroll","background-type":"","background-media":"","overlay-type":"","overlay-color":"","overlay-opacity":"","overlay-gradient":""},"tablet":{"background-color":"","background-image":"","background-repeat":"repeat","background-position":"center center","background-size":"auto","background-attachment":"scroll","background-type":"","background-media":"","overlay-type":"","overlay-color":"","overlay-opacity":"","overlay-gradient":""},"mobile":{"background-color":"","background-image":"","background-repeat":"repeat","background-position":"center center","background-size":"auto","background-attachment":"scroll","background-type":"","background-media":"","overlay-type":"","overlay-color":"","overlay-opacity":"","overlay-gradient":""}},"ast-content-background-meta":{"desktop":{"background-color":"var(--ast-global-color-5)","background-image":"","background-repeat":"repeat","background-position":"center center","background-size":"auto","background-attachment":"scroll","background-type":"","background-media":"","overlay-type":"","overlay-color":"","overlay-opacity":"","overlay-gradient":""},"tablet":{"background-color":"var(--ast-global-color-5)","background-image":"","background-repeat":"repeat","background-position":"center center","background-size":"auto","background-attachment":"scroll","background-type":"","background-media":"","overlay-type":"","overlay-color":"","overlay-opacity":"","overlay-gradient":""},"mobile":{"background-color":"var(--ast-global-color-5)","background-image":"","background-repeat":"repeat","background-position":"center center","background-size":"auto","background-attachment":"scroll","background-type":"","background-media":"","overlay-type":"","overlay-color":"","overlay-opacity":"","overlay-gradient":""}},"footnotes":""},"class_list":["post-14899","page","type-page","status-publish","hentry"],"post_mailing_queue_ids":[],"_links":{"self":[{"href":"https:\/\/agora.xtec.cat\/ceipestalella\/wp-json\/wp\/v2\/pages\/14899","targetHints":{"allow":["GET"]}}],"collection":[{"href":"https:\/\/agora.xtec.cat\/ceipestalella\/wp-json\/wp\/v2\/pages"}],"about":[{"href":"https:\/\/agora.xtec.cat\/ceipestalella\/wp-json\/wp\/v2\/types\/page"}],"author":[{"embeddable":true,"href":"https:\/\/agora.xtec.cat\/ceipestalella\/wp-json\/wp\/v2\/users\/1"}],"replies":[{"embeddable":true,"href":"https:\/\/agora.xtec.cat\/ceipestalella\/wp-json\/wp\/v2\/comments?post=14899"}],"version-history":[{"count":6,"href":"https:\/\/agora.xtec.cat\/ceipestalella\/wp-json\/wp\/v2\/pages\/14899\/revisions"}],"predecessor-version":[{"id":20205,"href":"https:\/\/agora.xtec.cat\/ceipestalella\/wp-json\/wp\/v2\/pages\/14899\/revisions\/20205"}],"wp:attachment":[{"href":"https:\/\/agora.xtec.cat\/ceipestalella\/wp-json\/wp\/v2\/media?parent=14899"}],"curies":[{"name":"wp","href":"https:\/\/api.w.org\/{rel}","templated":true}]}}