{"id":14893,"date":"2021-08-05T13:32:31","date_gmt":"2021-08-05T11:32:31","guid":{"rendered":"https:\/\/agora.xtec.cat\/ceipestalella\/?page_id=14893"},"modified":"2025-09-24T11:48:29","modified_gmt":"2025-09-24T09:48:29","slug":"informacio-general-1r","status":"publish","type":"page","link":"https:\/\/agora.xtec.cat\/ceipestalella\/informacio-general-1r\/","title":{"rendered":"Informaci\u00f3 general 1r"},"content":{"rendered":"<p><strong><u>Presentaci\u00f3 <\/u><\/strong><\/p>\n<p>El professorat que tindran els vostres fills\/es aquests curs \u00e9s:<\/p>\n<p style=\"text-align: center;\"><strong>Tutors: <\/strong>Roger Franquesa\u00a0 (1r A) i Ant\u00f2nia Coral (1r B)<\/p>\n<p style=\"text-align: center;\"><strong>M\u00fasica: <\/strong>Joel Santana<\/p>\n<p style=\"text-align: center;\"><strong>Educaci\u00f3 F\u00edsica: <\/strong>Melodie Osuna (Subst. Regina Mestres)<\/p>\n<p style=\"text-align: center;\"><strong>Educaci\u00f3 Especial i SIEI: <\/strong>Marta Guilera i M\u00edriam Martos<\/p>\n<p style=\"text-align: center;\"><strong>Educadora EE:<\/strong>\u00a0 Agn\u00e8s Vallv\u00e9<\/p>\n<p style=\"text-align: center;\"><strong>Llengua Anglesa:<\/strong> Ivette Esc\u00e1ndil<\/p>\n<p style=\"text-align: center;\"><strong>Ambients:<\/strong> Ant\u00f2nia, Roger, Toni, \u00c9rika, Al\u00edcia i Raquel<\/p>\n<p style=\"text-align: center;\"><strong>Vetlladores:\u00a0<\/strong> Paqui Polo i Montse Rod\u00f3n<\/p>\n<p style=\"text-align: center;\"><strong>Coordinadora de CI: <\/strong>Raquel Tornay<\/p>\n<p><strong><u>Comunicaci\u00f3 fam\u00edlia-escola<\/u><\/strong><\/p>\n<p>L\u2019escola transmet la informaci\u00f3 a trav\u00e9s del <strong>web de l\u2019escola<\/strong> i el <strong>sistema TPV<\/strong>.<\/p>\n<p>Per part dels tutors i tutores, el principal canal de comunicaci\u00f3 \u00e9s l\u2019<strong>agenda<\/strong>. Tamb\u00e9 es pot fer \u00fas del <strong>correu electr\u00f2nic<\/strong> per a informacions puntuals i\/o particulars. Es recorda que la resposta dels correus electr\u00f2nics es realitza en horari lectiu.<\/p>\n<p>Tamb\u00e9 disposem d&#8217;un <strong>horari d\u2019atenci\u00f3 a les fam\u00edlies: <\/strong>dimecres de 12:30h a 13:30h. Cal demanar cita pr\u00e8via a trav\u00e9s de l&#8217;agenda o del correu electr\u00f2nic.<\/p>\n<p>Per tal de confirmar que tenim el llistat de les vostres dades actualitzat, envieu un correu amb els vostres mails de contacte al correu de la tutora del vostre fill\/a:<\/p>\n<table style=\"border-collapse: collapse; width: 86.744%;\">\n<tbody>\n<tr>\n<td style=\"width: 44.0578%; text-align: center;\"><strong>1r A: roger<span class=\"\">@estalella.cat<\/span><\/strong><\/td>\n<td style=\"width: 42.6874%; text-align: center;\"><strong><span class=\"\">1r B: <\/span><\/strong><strong>antonia<span class=\"\">@estalella.cat<\/span><\/strong><\/td>\n<\/tr>\n<\/tbody>\n<\/table>\n<p><strong><u>Agenda<\/u><\/strong><\/p>\n<p>L\u2019<strong>agenda<\/strong> t\u00e9 dues funcions b\u00e0siques: una \u00e9s l\u2019organitzaci\u00f3 personal dels nens i nenes, i l\u2019altra \u00e9s la de facilitar la comunicaci\u00f3 entre mestres i fam\u00edlies. \u00c9s bo que l&#8217;aneu revisant a diari, ja que \u00e9s on quedar\u00e0 registrat:<\/p>\n<ul>\n<li>Els deures que ha de fer l&#8217;alumnat i el dia que s&#8217;han d&#8217;entregar.<\/li>\n<li>Les sortides.<\/li>\n<li>Material espec\u00edfic que s&#8217;hagi de portar.<\/li>\n<li>Les felicitacions i les faltes de comportament, de deures i d&#8217;oblit.<\/li>\n<li>Altres.<\/li>\n<\/ul>\n<p><strong><u>Horari i assignatures<\/u><\/strong><\/p>\n<table style=\"border-collapse: collapse; width: 100%;\">\n<tbody>\n<tr>\n<td style=\"width: 50%;\"><a href=\"https:\/\/agora.xtec.cat\/ceipestalella\/wp-content\/uploads\/usu318\/2025\/09\/image-3.png\"><img loading=\"lazy\" decoding=\"async\" class=\"alignnone  wp-image-20132\" src=\"https:\/\/agora.xtec.cat\/ceipestalella\/wp-content\/uploads\/usu318\/2025\/09\/image-3.png\" alt=\"\" width=\"403\" height=\"279\" srcset=\"https:\/\/agora.xtec.cat\/ceipestalella\/wp-content\/uploads\/usu318\/2025\/09\/image-3.png 1234w, https:\/\/agora.xtec.cat\/ceipestalella\/wp-content\/uploads\/usu318\/2025\/09\/image-3-300x207.png 300w, https:\/\/agora.xtec.cat\/ceipestalella\/wp-content\/uploads\/usu318\/2025\/09\/image-3-1024x708.png 1024w, https:\/\/agora.xtec.cat\/ceipestalella\/wp-content\/uploads\/usu318\/2025\/09\/image-3-150x104.png 150w, https:\/\/agora.xtec.cat\/ceipestalella\/wp-content\/uploads\/usu318\/2025\/09\/image-3-768x531.png 768w\" sizes=\"auto, (max-width: 403px) 100vw, 403px\" \/><\/a><\/td>\n<td style=\"width: 50%;\"><a href=\"https:\/\/agora.xtec.cat\/ceipestalella\/wp-content\/uploads\/usu318\/2025\/09\/Horari-1r.png\"><img loading=\"lazy\" decoding=\"async\" class=\"alignnone  wp-image-20119\" src=\"https:\/\/agora.xtec.cat\/ceipestalella\/wp-content\/uploads\/usu318\/2025\/09\/Horari-1r.png\" alt=\"\" width=\"403\" height=\"285\" srcset=\"https:\/\/agora.xtec.cat\/ceipestalella\/wp-content\/uploads\/usu318\/2025\/09\/Horari-1r.png 2000w, https:\/\/agora.xtec.cat\/ceipestalella\/wp-content\/uploads\/usu318\/2025\/09\/Horari-1r-300x212.png 300w, https:\/\/agora.xtec.cat\/ceipestalella\/wp-content\/uploads\/usu318\/2025\/09\/Horari-1r-1024x724.png 1024w, https:\/\/agora.xtec.cat\/ceipestalella\/wp-content\/uploads\/usu318\/2025\/09\/Horari-1r-150x106.png 150w, https:\/\/agora.xtec.cat\/ceipestalella\/wp-content\/uploads\/usu318\/2025\/09\/Horari-1r-768x543.png 768w, https:\/\/agora.xtec.cat\/ceipestalella\/wp-content\/uploads\/usu318\/2025\/09\/Horari-1r-1536x1086.png 1536w\" sizes=\"auto, (max-width: 403px) 100vw, 403px\" \/><\/a><\/td>\n<\/tr>\n<\/tbody>\n<\/table>\n<p>A\u00a0<strong>matem\u00e0tiques<\/strong> seguim amb Innovamat: farem sessions de laboratori de nombres, c\u00e0lcul mental i ciutat (treball individual amb tauleta) i d\u2019Aventures. A m\u00e9s a m\u00e9s, des de casa seguirem treballant amb les applets per tal de refor\u00e7ar, consolidar i ampliar els continguts treballats a l\u2019aula.<\/p>\n<p>La\u00a0<strong>llengua catalana<\/strong> la treballem durant tres hores a la setmana. Dues sessions les farem amb tot el grup i la tercera amb mig grup on ens centrarem en l\u2019expressi\u00f3 escrita de diverses tipologies textuals.<\/p>\n<p>La\u00a0<strong>llengua castellana<\/strong> la treballem en gran grup. Dues sessions les farem en gran grup (1 amb 2 mestres a l&#8217;aula) i la tercera per treballar la comprensi\u00f3 lectora.<\/p>\n<p>Farem dues sessions de\u00a0<strong>llengua anglesa<\/strong>, una en gran grup i una altra amb mig grup.<\/p>\n<p>Refor\u00e7arem <strong>la lectura<\/strong> per tal de consolidar el proc\u00e9s d\u2019aprenentatge de la llengua.<\/p>\n<p>A\u00a0<strong>medi natural i social\u00a0<\/strong> treballem sense llibres per tal de realitzar un aprenentatge m\u00e9s significatiu i proper. Els llibres seran un recurs de consulta. Algunes sortides complementen aquesta \u00e0rea, com la de la granja.<\/p>\n<p>Seguim amb el projecte\u00a0<strong>Escolta\u2019m<\/strong>, un projecte proper que pret\u00e9n establir un di\u00e0leg obert i sincer entre l\u2019alumnat i el\/ la tutor\/a. L\u2019objectiu \u00e9s con\u00e8ixer la realitat de l\u2019infant i les seves inquietuds per acompanyar-lo durant el seu proc\u00e9s emocional a l\u2019escola.<\/p>\n<p>Tamb\u00e9 serem acompanyats pels <strong>padrins i padrines de lectura<\/strong> de quart una sessi\u00f3 de mitja hora setmanal.<\/p>\n<p>D&#8217;<strong>educaci\u00f3 f\u00edsica<\/strong> en farem dos dies a la setmana:<\/p>\n<ul>\n<li><strong>1r A:<\/strong> dilluns de 10h a 11h i dijous de 11:30h a 12:30h.<\/li>\n<li><strong>1r B:<\/strong> dilluns 11:30h a 12:30h i dimecres de 10h a 11h.<\/li>\n<\/ul>\n<p>Recordem que cal portar<b> l&#8217;equipament adequat (<\/b><strong><u>roba i cal\u00e7at esportiu) i una ampolla d&#8217;aigua<\/u>.<\/strong><\/p>\n<p><strong><u>Ambients<\/u><\/strong><\/p>\n<p>Enguany farem 6 ambients\u00a0 (cient\u00edfic, biblioteca, pl\u00e0stica en angl\u00e8s, rob\u00f2tica, jocs tradicionals i matem\u00e0tic). Tot l&#8217;alumnat passar\u00e0 pels diferents ambients al llarg de cada trimestre, les propostes de cada ambient es canviaran trimestralment.<\/p>\n<p><strong><u>Deures<\/u><\/strong><\/p>\n<p>Cada dilluns, l&#8217;alumnat portar\u00e0 a casa una o m\u00e9s tasques que haur\u00e0 de realitzar al llarg de la setmana. El seg\u00fcent dilluns, s&#8217;entregar\u00e0 i se li facilitar\u00e0 una altra tasca diferent. Tanmateix, podran escollir un llibre de lectura que, una vegada llegit, es retornar\u00e0 a l&#8217;aula i es podr\u00e0 canviar per un altre de diferent.<\/p>\n<p>Recordar que els nens i nenes poden practicar les matem\u00e0tiques amb la <strong>plataforma d&#8217;Innovamat<\/strong> des de casa, per tal de complementar la feina realitzada a l\u2019aula.<\/p>\n<p><strong><u>Piscina<\/u><\/strong><\/p>\n<p>Farem piscina durant el segon trimestre (consultar sortides). L\u2019autob\u00fas sortir\u00e0 puntual a les 9:00h i els nens i les nenes hauran d\u2019estar 10 minuts abans a la parada de l&#8217;autob\u00fas. Hauran de portar el seg\u00fcent equipament: banyador, gorra, tovallola, xancletes, ulleres (recomanable) i roba interior de recanvi.<\/p>\n<p><strong><u>Salut<\/u><\/strong><\/p>\n<ul>\n<li>Si s\u2019han d\u2019administrar <strong>medicaments<\/strong> dins l\u2019horari escolar, cal portar la recepta del metge i una autoritzaci\u00f3 (la podeu trobar al web).<\/li>\n<li>En cas de qualsevol <strong style=\"font-family: inherit; font-size: 1em;\">incid\u00e8ncia i\/o abs\u00e8ncia<\/strong><span style=\"font-family: inherit; font-size: 1em;\"> haureu d&#8217;avisar a la tutora mitjan\u00e7ant el correu electr\u00f2nic.<\/span><\/li>\n<li>Recordeu que si hi ha <strong style=\"font-family: inherit; font-size: 1em;\">polls<\/strong><span style=\"font-family: inherit; font-size: 1em;\"> i el vostre fill\/a en t\u00e9, <\/span><strong style=\"font-family: inherit; font-size: 1em;\">no pot venir a l\u2019escola<\/strong><span style=\"font-family: inherit; font-size: 1em;\"> per vetllar per la salut i la higiene de la comunitat educativa.<\/span><\/li>\n<\/ul>\n<p><strong><u>Altres informacions<\/u><\/strong><\/p>\n<p>&#8211; La <strong>roba<\/strong> ha d\u2019anar <strong>marcada.<\/strong> Les jaquetes i la bata han de portar <strong>una beta<\/strong> per poder-les penjar b\u00e9. La bata sortir\u00e0 divendres i ha de tornar neta dilluns.<\/p>\n<p>&#8211; Han de portar cada dia una <strong>ampolla petita d\u2019aigua<\/strong> o una cantimplora <strong>marcada amb el nom<\/strong>. <strong>No pot ser de vidre.<\/strong><\/p>\n<p>&#8211; L&#8217;esmorzar ha de ser <strong>saludable<\/strong> i ha d&#8217;anar en una carmanyola <strong>marcada amb el nom,<\/strong> sense paper d&#8217;alumini.<\/p>\n<p>&#8211; No es poden portar llaminadures, joguines, diners ni tetrabrics a l\u2019escola.<\/p>\n<p>&#8211; Es demana molta <strong>puntualitat<\/strong> tant a l\u2019entrada dels alumnes com en la seva recollida.<\/p>\n<p>&#8211; Recordeu que \u00e9s <strong>molt important<\/strong> tenir els pagaments de material i llibres (app TPV) al dia.<\/p>\n<p>&#8211; Us animem a consultar la <strong>Web de l\u2019escola <a href=\"http:\/\/agora.xtec.cat\/ceipestalella\/\">http:\/\/agora.xtec.cat\/ceipestalella\/<\/a> <\/strong>i a escoltar el programa de r\u00e0dio que es comen\u00e7ar\u00e0 a emetre a finals d\u2019octubre. El dial \u00e9s el 97.9 de la FM. L&#8217;alumnat del cicle inicial far\u00e0 les col\u00b7laboracions de r\u00e0dio els dimecres.<\/p>\n","protected":false},"excerpt":{"rendered":"<p>Presentaci\u00f3 El professorat que tindran els vostres fills\/es aquests curs \u00e9s: Tutors: Roger Franquesa\u00a0 (1r A) i Ant\u00f2nia Coral (1r [&hellip;]<\/p>\n","protected":false},"author":1,"featured_media":0,"parent":0,"menu_order":0,"comment_status":"closed","ping_status":"closed","template":"","meta":{"_bbp_topic_count":0,"_bbp_reply_count":0,"_bbp_total_topic_count":0,"_bbp_total_reply_count":0,"_bbp_voice_count":0,"_bbp_anonymous_reply_count":0,"_bbp_topic_count_hidden":0,"_bbp_reply_count_hidden":0,"_bbp_forum_subforum_count":0,"site-sidebar-layout":"default","site-content-layout":"","ast-site-content-layout":"default","site-content-style":"default","site-sidebar-style":"default","ast-global-header-display":"","ast-banner-title-visibility":"","ast-main-header-display":"","ast-hfb-above-header-display":"","ast-hfb-below-header-display":"","ast-hfb-mobile-header-display":"","site-post-title":"","ast-breadcrumbs-content":"","ast-featured-img":"","footer-sml-layout":"","theme-transparent-header-meta":"","adv-header-id-meta":"","stick-header-meta":"","header-above-stick-meta":"","header-main-stick-meta":"","header-below-stick-meta":"","astra-migrate-meta-layouts":"set","ast-page-background-enabled":"default","ast-page-background-meta":{"desktop":{"background-color":"var(--ast-global-color-4)","background-image":"","background-repeat":"repeat","background-position":"center center","background-size":"auto","background-attachment":"scroll","background-type":"","background-media":"","overlay-type":"","overlay-color":"","overlay-opacity":"","overlay-gradient":""},"tablet":{"background-color":"","background-image":"","background-repeat":"repeat","background-position":"center center","background-size":"auto","background-attachment":"scroll","background-type":"","background-media":"","overlay-type":"","overlay-color":"","overlay-opacity":"","overlay-gradient":""},"mobile":{"background-color":"","background-image":"","background-repeat":"repeat","background-position":"center center","background-size":"auto","background-attachment":"scroll","background-type":"","background-media":"","overlay-type":"","overlay-color":"","overlay-opacity":"","overlay-gradient":""}},"ast-content-background-meta":{"desktop":{"background-color":"var(--ast-global-color-5)","background-image":"","background-repeat":"repeat","background-position":"center center","background-size":"auto","background-attachment":"scroll","background-type":"","background-media":"","overlay-type":"","overlay-color":"","overlay-opacity":"","overlay-gradient":""},"tablet":{"background-color":"var(--ast-global-color-5)","background-image":"","background-repeat":"repeat","background-position":"center center","background-size":"auto","background-attachment":"scroll","background-type":"","background-media":"","overlay-type":"","overlay-color":"","overlay-opacity":"","overlay-gradient":""},"mobile":{"background-color":"var(--ast-global-color-5)","background-image":"","background-repeat":"repeat","background-position":"center center","background-size":"auto","background-attachment":"scroll","background-type":"","background-media":"","overlay-type":"","overlay-color":"","overlay-opacity":"","overlay-gradient":""}},"footnotes":""},"class_list":["post-14893","page","type-page","status-publish","hentry"],"post_mailing_queue_ids":[],"_links":{"self":[{"href":"https:\/\/agora.xtec.cat\/ceipestalella\/wp-json\/wp\/v2\/pages\/14893","targetHints":{"allow":["GET"]}}],"collection":[{"href":"https:\/\/agora.xtec.cat\/ceipestalella\/wp-json\/wp\/v2\/pages"}],"about":[{"href":"https:\/\/agora.xtec.cat\/ceipestalella\/wp-json\/wp\/v2\/types\/page"}],"author":[{"embeddable":true,"href":"https:\/\/agora.xtec.cat\/ceipestalella\/wp-json\/wp\/v2\/users\/1"}],"replies":[{"embeddable":true,"href":"https:\/\/agora.xtec.cat\/ceipestalella\/wp-json\/wp\/v2\/comments?post=14893"}],"version-history":[{"count":6,"href":"https:\/\/agora.xtec.cat\/ceipestalella\/wp-json\/wp\/v2\/pages\/14893\/revisions"}],"predecessor-version":[{"id":20152,"href":"https:\/\/agora.xtec.cat\/ceipestalella\/wp-json\/wp\/v2\/pages\/14893\/revisions\/20152"}],"wp:attachment":[{"href":"https:\/\/agora.xtec.cat\/ceipestalella\/wp-json\/wp\/v2\/media?parent=14893"}],"curies":[{"name":"wp","href":"https:\/\/api.w.org\/{rel}","templated":true}]}}