{"id":14849,"date":"2021-08-05T12:32:27","date_gmt":"2021-08-05T10:32:27","guid":{"rendered":"https:\/\/agora.xtec.cat\/ceipestalella\/?page_id=14849"},"modified":"2025-09-18T11:23:09","modified_gmt":"2025-09-18T09:23:09","slug":"informacio-general-p4","status":"publish","type":"page","link":"https:\/\/agora.xtec.cat\/ceipestalella\/informacio-general-p4\/","title":{"rendered":"Informaci\u00f3 general I4"},"content":{"rendered":"<div style=\"position: relative; width: 100%; height: 0; padding-top: 70.7071%; padding-bottom: 0; box-shadow: 0 2px 8px 0 rgba(63,69,81,0.16); margin-top: 1.6em; margin-bottom: 0.9em; overflow: hidden; border-radius: 8px; will-change: transform;\"><iframe style=\"position: absolute; width: 100%; height: 100%; top: 0; left: 0; border: none; padding: 0; margin: 0;\" src=\"https:\/\/www.canva.com\/design\/DAGzUXmiL8Y\/LHavC7XNLGdG57iGVsb-nw\/view?embed\" allowfullscreen=\"allowfullscreen\" data-mce-fragment=\"1\"><br \/>\n  <\/iframe><\/div>\n<p><strong>CORREU ELECTR\u00d2NIC PER COMUNICAR-NOS<\/strong><\/p>\n<p>Si ens heu de donar alguna informaci\u00f3 puntual, us preguem que ho feu amb una nota per escrit \u00a0a trav\u00e9s del nostre correu.<\/p>\n<p>I4 A: mercell@estalella.cat<\/p>\n<p>I4 B: esther@estalella.cat<\/p>\n<p><strong>ENTRADES I SORTIDES<\/strong><\/p>\n<p>L&#8217;alumnat d&#8217;I4 entrar\u00e0 i sortir\u00e0 pel carrer del Carme, juntament amb l&#8217;alumnat d&#8217;I5.<\/p>\n<p>HORARI<\/p>\n<p>Mat\u00ed: 9:00h a 12,30h.<\/p>\n<p>Tarda: 15:00 h a 16,30h.<\/p>\n<p><strong>ESMORZARS<\/strong><\/p>\n<p>No \u00e9s obligatori portar esmorzar a l\u2019escola. Pensem que el primer \u00e0pat \u00e9s molt important i que conv\u00e9 fer-lo a casa. Tot i aix\u00ed, el fet de menjar a la classe ens permet treballar els h\u00e0bits de seure, de higiene personal i de la taula, i de menjar sols.<\/p>\n<p>Si decidiu portar l\u2019esmorzar a l\u2019escola procureu que sigui variat. No es poden portar <strong>ni sucs ni iogurts.<\/strong><\/p>\n<p><strong>INFORMES I ENTREVISTES<\/strong><\/p>\n<p>Us lliurarem dos informes un per Nadal i un altre a final de curs.<\/p>\n<p>Farem, com a m\u00ednim, una entrevista amb vosaltres durant el curs.<strong>\u00a0 \u00a0 \u00a0 \u00a0 \u00a0 \u00a0 \u00a0 \u00a0<\/strong><\/p>\n<p><strong>HORARI I MESTRES QUE INTERVENEN A LES AULES DE&#8217;I-4 A\/B<\/strong><\/p>\n<p>PSICOMOTRICITAT: Esther Rodr\u00edguez. Els dies que els toca psicomotricitat cal que vinguin des de casa amb vambes f\u00e0cils de posar i treure, mitjons i xandall.<\/p>\n<p>I4 A: dimarts mat\u00ed<\/p>\n<p>I4 B: dimecres mat\u00ed.<\/p>\n<p>M\u00daSICA: En fan una hora setmanal amb la Laia Muray.<\/p>\n<p>EDUCACI\u00d3 ESPECIAL: Isa Curiel, Marta Guilera i \u00a0M\u00edriam Martos (SIEI). Atendran l\u2019alumnat amb necessitats educatives especials.<\/p>\n<p>REFOR\u00c7OS: Raquel Tornay, Abril Ortega i Esther Rodr\u00edguez. Algunes sessions setmanals podrem treballar amb grups m\u00e9s redu\u00efts i\/o serem dues persones a l\u2019aula.<\/p>\n<p>ANGL\u00c8S: Alicia Rodr\u00edguez. Una sessi\u00f3 setmanal de 45 minuts amb mig grup a l\u2019aula d\u2019angl\u00e8s<\/p>\n<p><a href=\"https:\/\/agora.xtec.cat\/ceipestalella\/categoria\/radio-estalella\/\"><strong><u>R\u00c0DIO ESTALELLA<\/u><\/strong><\/a><\/p>\n<p>A Vilafranca se\u2019ns pot sintonitzar al 97.9 de la FM. Fem una emissi\u00f3 en directe, de les 10 a 2\/4 d\u201911 del mat\u00ed, i dues en diferit: el mateix dia a les 8 del vespre i l\u2019endem\u00e0 a 1\/4 de 9 del mat\u00ed.<\/p>\n<p>Tamb\u00e9 podeu <a href=\"http:\/\/ceipestalella.xtec.cat:8084\/radio\">escoltar els programes en directe<\/a> a trav\u00e9s d&#8217;internet.<\/p>\n<p>Les col\u00b7laboracions d&#8217;I4 seran els divendres.<\/p>\n<p><strong>MENJADOR<\/strong><\/p>\n<ul>\n<li>Cal portar un informe m\u00e8dic en el cas de que hi hagi algun nen\/a amb algun tipus d\u2019al\u00b7l\u00e8rgia.<\/li>\n<li>Recordeu que el servei de menjador \u00e9s un servei educatiu i que per tant als nens se&#8217;ls acostuma a que mengin de tot o si m\u00e9s no que provin tot el que se&#8217;ls posa.<\/li>\n<li>Despr\u00e9s de dinar els nens d&#8217;I4 surten al pati a jugar.<\/li>\n<\/ul>\n<p><strong>MEDICAMENTS<\/strong><\/p>\n<p>Si hem d&#8217;administrar algun medicament cal que porteu l&#8217;autoritzaci\u00f3 degudament complimentada (es pot descarregar al web de l\u2019escola ) i la recepta m\u00e8dica.<\/p>\n<p>\u00c9s normativa i no podrem administrar cap medicament sense aquests dos documents.<strong style=\"font-family: inherit; font-size: 1em;\">\u00a0<\/strong><strong>\u00a0<\/strong><\/p>\n<p><strong>\u00a0<\/strong><\/p>\n<p><strong>\u00a0<\/strong><\/p>\n","protected":false},"excerpt":{"rendered":"<p>CORREU ELECTR\u00d2NIC PER COMUNICAR-NOS Si ens heu de donar alguna informaci\u00f3 puntual, us preguem que ho feu amb una nota [&hellip;]<\/p>\n","protected":false},"author":1,"featured_media":0,"parent":0,"menu_order":0,"comment_status":"closed","ping_status":"closed","template":"","meta":{"_bbp_topic_count":0,"_bbp_reply_count":0,"_bbp_total_topic_count":0,"_bbp_total_reply_count":0,"_bbp_voice_count":0,"_bbp_anonymous_reply_count":0,"_bbp_topic_count_hidden":0,"_bbp_reply_count_hidden":0,"_bbp_forum_subforum_count":0,"site-sidebar-layout":"default","site-content-layout":"","ast-site-content-layout":"default","site-content-style":"default","site-sidebar-style":"default","ast-global-header-display":"","ast-banner-title-visibility":"","ast-main-header-display":"","ast-hfb-above-header-display":"","ast-hfb-below-header-display":"","ast-hfb-mobile-header-display":"","site-post-title":"","ast-breadcrumbs-content":"","ast-featured-img":"","footer-sml-layout":"","theme-transparent-header-meta":"","adv-header-id-meta":"","stick-header-meta":"","header-above-stick-meta":"","header-main-stick-meta":"","header-below-stick-meta":"","astra-migrate-meta-layouts":"set","ast-page-background-enabled":"default","ast-page-background-meta":{"desktop":{"background-color":"var(--ast-global-color-4)","background-image":"","background-repeat":"repeat","background-position":"center center","background-size":"auto","background-attachment":"scroll","background-type":"","background-media":"","overlay-type":"","overlay-color":"","overlay-opacity":"","overlay-gradient":""},"tablet":{"background-color":"","background-image":"","background-repeat":"repeat","background-position":"center center","background-size":"auto","background-attachment":"scroll","background-type":"","background-media":"","overlay-type":"","overlay-color":"","overlay-opacity":"","overlay-gradient":""},"mobile":{"background-color":"","background-image":"","background-repeat":"repeat","background-position":"center center","background-size":"auto","background-attachment":"scroll","background-type":"","background-media":"","overlay-type":"","overlay-color":"","overlay-opacity":"","overlay-gradient":""}},"ast-content-background-meta":{"desktop":{"background-color":"var(--ast-global-color-5)","background-image":"","background-repeat":"repeat","background-position":"center center","background-size":"auto","background-attachment":"scroll","background-type":"","background-media":"","overlay-type":"","overlay-color":"","overlay-opacity":"","overlay-gradient":""},"tablet":{"background-color":"var(--ast-global-color-5)","background-image":"","background-repeat":"repeat","background-position":"center center","background-size":"auto","background-attachment":"scroll","background-type":"","background-media":"","overlay-type":"","overlay-color":"","overlay-opacity":"","overlay-gradient":""},"mobile":{"background-color":"var(--ast-global-color-5)","background-image":"","background-repeat":"repeat","background-position":"center center","background-size":"auto","background-attachment":"scroll","background-type":"","background-media":"","overlay-type":"","overlay-color":"","overlay-opacity":"","overlay-gradient":""}},"footnotes":""},"class_list":["post-14849","page","type-page","status-publish","hentry"],"post_mailing_queue_ids":[],"_links":{"self":[{"href":"https:\/\/agora.xtec.cat\/ceipestalella\/wp-json\/wp\/v2\/pages\/14849","targetHints":{"allow":["GET"]}}],"collection":[{"href":"https:\/\/agora.xtec.cat\/ceipestalella\/wp-json\/wp\/v2\/pages"}],"about":[{"href":"https:\/\/agora.xtec.cat\/ceipestalella\/wp-json\/wp\/v2\/types\/page"}],"author":[{"embeddable":true,"href":"https:\/\/agora.xtec.cat\/ceipestalella\/wp-json\/wp\/v2\/users\/1"}],"replies":[{"embeddable":true,"href":"https:\/\/agora.xtec.cat\/ceipestalella\/wp-json\/wp\/v2\/comments?post=14849"}],"version-history":[{"count":6,"href":"https:\/\/agora.xtec.cat\/ceipestalella\/wp-json\/wp\/v2\/pages\/14849\/revisions"}],"predecessor-version":[{"id":20060,"href":"https:\/\/agora.xtec.cat\/ceipestalella\/wp-json\/wp\/v2\/pages\/14849\/revisions\/20060"}],"wp:attachment":[{"href":"https:\/\/agora.xtec.cat\/ceipestalella\/wp-json\/wp\/v2\/media?parent=14849"}],"curies":[{"name":"wp","href":"https:\/\/api.w.org\/{rel}","templated":true}]}}