{"id":14818,"date":"2021-08-05T11:27:29","date_gmt":"2021-08-05T09:27:29","guid":{"rendered":"https:\/\/agora.xtec.cat\/ceipestalella\/?page_id=14818"},"modified":"2024-09-13T16:26:43","modified_gmt":"2024-09-13T14:26:43","slug":"families-delegades","status":"publish","type":"page","link":"https:\/\/agora.xtec.cat\/ceipestalella\/families-delegades\/","title":{"rendered":"Delegades i delegats"},"content":{"rendered":"<h1><strong>DEFINICI\u00d3<\/strong><\/h1>\n<p>Els delegats i delegades de curs s\u00f3n pares, mares i tutors legals que s\u2019ofereixen de forma volunt\u00e0ria a fer aquesta funci\u00f3 durant almenys un curs escolar i tenint en compte el que es relaciona a continuaci\u00f3.<\/p>\n<p>Aquesta designaci\u00f3 es fa a l\u2019inici de curs en la reuni\u00f3 general de nivell, o durant el curs, en cas que hi hagi una baixa.<\/p>\n<p>Normalment s\u2019escullen dos delegats o delegades per a cadascuna de les classes del nivell.<\/p>\n<p>Els delegats de curs representen la totalitat de les fam\u00edlies de la classe i no intervenen en temes de caire personal dels alumnes i\/o dels seus pares.<\/p>\n<p>Tampoc els correspon intervenir en q\u00fcestions pedag\u00f2giques, les quals corresponen als professionals de l\u2019educaci\u00f3, que s\u00f3n els mestres, i que en tot cas seran tractades en Consell Escolar o per altres vies si s\u2019escau.<\/p>\n<p>&nbsp;<\/p>\n<h1><strong>OBJECTIUS<\/strong><\/h1>\n<ul>\n<li>Afavorir la comunicaci\u00f3 entre pares, mares i tutors legals i l\u2019escola.<\/li>\n<li>Aconseguir el m\u00e0xim de representaci\u00f3 i participaci\u00f3 dels pares, mares i tutors legals en el funcionament de l\u2019escola.<\/li>\n<\/ul>\n<p>&nbsp;<\/p>\n<h1><strong>FUNCIONS <\/strong><\/h1>\n<ol>\n<li>\u00a0Recordar a les fam\u00edlies els camins i les formes de les comunicacions a l\u2019escola, tot evitant fer de transmissores d\u2019informacions de casos particulars. (veure al web <a href=\"https:\/\/agora.xtec.cat\/ceipestalella\/general\/comunicacio-estalella-i-graells\/\">Comunicaci\u00f3 Estalella i Graells<\/a> i <a href=\"https:\/\/agora.xtec.cat\/ceipestalella\/general\/normativa-del-grup-de-whatsapp\/\">Normativa del grup de WhatsApp<\/a>)<\/li>\n<li>Motivar els pares, mares i tutors legals del seu curs amb la finalitat de millorar la seva participaci\u00f3 a l\u2019escola i integrar-los en la din\u00e0mica del centre (reunions, festes, comissions, xerrades de fam\u00edlies,&#8230;), tant dintre de l\u2019horari lectiu com fora.<\/li>\n<li>Ajudar a integrar les fam\u00edlies nouvingudes a l\u2019escola.<\/li>\n<li>Col\u00b7laborar i fomentar la participaci\u00f3, en la mesura del possible, en les activitats proposades pel tutor o tutora del grup classe.<\/li>\n<li>Col\u00b7laborar estretament amb els pares i mares de la Junta de l\u2019AFA en tots aquells afers que es decideixi dur a terme en el pla del curs, acordant la f\u00f3rmula de participaci\u00f3 que millor s\u2019adapti a la realitzaci\u00f3 de cadasc\u00fa.<\/li>\n<li>Assistir a les reunions de delegats pares, mares i tutors legals que es convoquin i traspassar la informaci\u00f3 a la resta de fam\u00edlies.<\/li>\n<li>Col\u00b7laborar en la cohesi\u00f3 del grup de fam\u00edlies dinamitzant si s\u2019escau alguna trobada o activitat l\u00fadica fora de l\u2019escola.<\/li>\n<\/ol>\n","protected":false},"excerpt":{"rendered":"<p>DEFINICI\u00d3 Els delegats i delegades de curs s\u00f3n pares, mares i tutors legals que s\u2019ofereixen de forma volunt\u00e0ria a fer [&hellip;]<\/p>\n","protected":false},"author":1,"featured_media":0,"parent":0,"menu_order":0,"comment_status":"closed","ping_status":"closed","template":"","meta":{"_bbp_topic_count":0,"_bbp_reply_count":0,"_bbp_total_topic_count":0,"_bbp_total_reply_count":0,"_bbp_voice_count":0,"_bbp_anonymous_reply_count":0,"_bbp_topic_count_hidden":0,"_bbp_reply_count_hidden":0,"_bbp_forum_subforum_count":0,"site-sidebar-layout":"default","site-content-layout":"","ast-site-content-layout":"","site-content-style":"default","site-sidebar-style":"default","ast-global-header-display":"","ast-banner-title-visibility":"","ast-main-header-display":"","ast-hfb-above-header-display":"","ast-hfb-below-header-display":"","ast-hfb-mobile-header-display":"","site-post-title":"","ast-breadcrumbs-content":"","ast-featured-img":"","footer-sml-layout":"","theme-transparent-header-meta":"","adv-header-id-meta":"","stick-header-meta":"","header-above-stick-meta":"","header-main-stick-meta":"","header-below-stick-meta":"","astra-migrate-meta-layouts":"default","ast-page-background-enabled":"default","ast-page-background-meta":{"desktop":{"background-color":"var(--ast-global-color-4)","background-image":"","background-repeat":"repeat","background-position":"center center","background-size":"auto","background-attachment":"scroll","background-type":"","background-media":"","overlay-type":"","overlay-color":"","overlay-opacity":"","overlay-gradient":""},"tablet":{"background-color":"","background-image":"","background-repeat":"repeat","background-position":"center center","background-size":"auto","background-attachment":"scroll","background-type":"","background-media":"","overlay-type":"","overlay-color":"","overlay-opacity":"","overlay-gradient":""},"mobile":{"background-color":"","background-image":"","background-repeat":"repeat","background-position":"center center","background-size":"auto","background-attachment":"scroll","background-type":"","background-media":"","overlay-type":"","overlay-color":"","overlay-opacity":"","overlay-gradient":""}},"ast-content-background-meta":{"desktop":{"background-color":"var(--ast-global-color-5)","background-image":"","background-repeat":"repeat","background-position":"center center","background-size":"auto","background-attachment":"scroll","background-type":"","background-media":"","overlay-type":"","overlay-color":"","overlay-opacity":"","overlay-gradient":""},"tablet":{"background-color":"var(--ast-global-color-5)","background-image":"","background-repeat":"repeat","background-position":"center center","background-size":"auto","background-attachment":"scroll","background-type":"","background-media":"","overlay-type":"","overlay-color":"","overlay-opacity":"","overlay-gradient":""},"mobile":{"background-color":"var(--ast-global-color-5)","background-image":"","background-repeat":"repeat","background-position":"center center","background-size":"auto","background-attachment":"scroll","background-type":"","background-media":"","overlay-type":"","overlay-color":"","overlay-opacity":"","overlay-gradient":""}},"footnotes":""},"class_list":["post-14818","page","type-page","status-publish","hentry"],"post_mailing_queue_ids":[],"_links":{"self":[{"href":"https:\/\/agora.xtec.cat\/ceipestalella\/wp-json\/wp\/v2\/pages\/14818","targetHints":{"allow":["GET"]}}],"collection":[{"href":"https:\/\/agora.xtec.cat\/ceipestalella\/wp-json\/wp\/v2\/pages"}],"about":[{"href":"https:\/\/agora.xtec.cat\/ceipestalella\/wp-json\/wp\/v2\/types\/page"}],"author":[{"embeddable":true,"href":"https:\/\/agora.xtec.cat\/ceipestalella\/wp-json\/wp\/v2\/users\/1"}],"replies":[{"embeddable":true,"href":"https:\/\/agora.xtec.cat\/ceipestalella\/wp-json\/wp\/v2\/comments?post=14818"}],"version-history":[{"count":6,"href":"https:\/\/agora.xtec.cat\/ceipestalella\/wp-json\/wp\/v2\/pages\/14818\/revisions"}],"predecessor-version":[{"id":18444,"href":"https:\/\/agora.xtec.cat\/ceipestalella\/wp-json\/wp\/v2\/pages\/14818\/revisions\/18444"}],"wp:attachment":[{"href":"https:\/\/agora.xtec.cat\/ceipestalella\/wp-json\/wp\/v2\/media?parent=14818"}],"curies":[{"name":"wp","href":"https:\/\/api.w.org\/{rel}","templated":true}]}}