{"id":14817,"date":"2021-08-05T11:27:29","date_gmt":"2021-08-05T09:27:29","guid":{"rendered":"https:\/\/agora.xtec.cat\/ceipestalella\/?page_id=14817"},"modified":"2025-10-13T15:21:21","modified_gmt":"2025-10-13T13:21:21","slug":"tpvescola","status":"publish","type":"page","link":"https:\/\/agora.xtec.cat\/ceipestalella\/tpvescola\/","title":{"rendered":"TPVescola"},"content":{"rendered":"<ul>\n<li><strong>Qu\u00e8 \u00e9s?<br \/>\n<\/strong>TPVescola \u00e9s una plataforma molt senzilla que us permetr\u00e0 realitzar els <strong>pagaments de les quotes<\/strong> de material i sortides de manera f\u00e0cil i segura <span id=\"ctl00_MainContent_LblIntro1\" class=\"paragraf\">amb targeta de cr\u00e8dit, d\u00e8bit o prepagament de qualsevol entitat financera nacional, <span id=\"ctl00_MainContent_LblIntro2\" class=\"paragraf\"><b>signar autoritzacions, <\/b>rebre <b>comunicats<\/b> del centre i els <strong>informes trimestrals<\/strong> dels vostres fills i filles.\u00a0<\/span><\/span><\/li>\n<li><strong>Com hi puc accedir?<br \/>\n<\/strong>&#8211; Descarregant l&#8217;app TPVescola al vostre m\u00f2bil o tauleta<br \/>\n&#8211; A trav\u00e9s d\u2019un ordinador mitjan\u00e7ant la p\u00e0gina web <a href=\"https:\/\/www.tpvescola.com\/Default2.aspx\"><strong>tpvescola.com<\/strong><\/a><br \/>\n&#8211; Des del punt TPV d&#8217;atenci\u00f3 a les fam\u00edlies situat a l&#8217;entrada del c\/ del Carme (dimarts de 9h a 10h amb la secret\u00e0ria i cada dia de 9 a 10h amb la TIS)<\/li>\n<\/ul>\n<p>Us deixem un v\u00eddeo explicatiu on podreu veure com instal\u00b7lar l&#8217;aplicaci\u00f3 i el funcionament d&#8217;aquesta<\/p>\n<p><iframe loading=\"lazy\" title=\"Nous Usuaris\" src=\"\/\/www.youtube.com\/embed\/kJNGO-RrJpc\" width=\"1246\" height=\"701\" frameborder=\"0\" allowfullscreen=\"allowfullscreen\"><\/iframe><\/p>\n<p><span style=\"color: #000000;\">Si encara no teniu el vostre <strong>codi d&#8217;acc\u00e9s i la contrasenya<\/strong> podeu enviar un correu a: <strong>secretaria@estalella.cat<\/strong><\/span><\/p>\n","protected":false},"excerpt":{"rendered":"<p>Qu\u00e8 \u00e9s? TPVescola \u00e9s una plataforma molt senzilla que us permetr\u00e0 realitzar els pagaments de les quotes de material i [&hellip;]<\/p>\n","protected":false},"author":1,"featured_media":0,"parent":0,"menu_order":0,"comment_status":"closed","ping_status":"closed","template":"","meta":{"_bbp_topic_count":0,"_bbp_reply_count":0,"_bbp_total_topic_count":0,"_bbp_total_reply_count":0,"_bbp_voice_count":0,"_bbp_anonymous_reply_count":0,"_bbp_topic_count_hidden":0,"_bbp_reply_count_hidden":0,"_bbp_forum_subforum_count":0,"site-sidebar-layout":"default","site-content-layout":"","ast-site-content-layout":"default","site-content-style":"default","site-sidebar-style":"default","ast-global-header-display":"","ast-banner-title-visibility":"","ast-main-header-display":"","ast-hfb-above-header-display":"","ast-hfb-below-header-display":"","ast-hfb-mobile-header-display":"","site-post-title":"","ast-breadcrumbs-content":"","ast-featured-img":"","footer-sml-layout":"","theme-transparent-header-meta":"","adv-header-id-meta":"","stick-header-meta":"","header-above-stick-meta":"","header-main-stick-meta":"","header-below-stick-meta":"","astra-migrate-meta-layouts":"set","ast-page-background-enabled":"default","ast-page-background-meta":{"desktop":{"background-color":"var(--ast-global-color-4)","background-image":"","background-repeat":"repeat","background-position":"center center","background-size":"auto","background-attachment":"scroll","background-type":"","background-media":"","overlay-type":"","overlay-color":"","overlay-opacity":"","overlay-gradient":""},"tablet":{"background-color":"","background-image":"","background-repeat":"repeat","background-position":"center center","background-size":"auto","background-attachment":"scroll","background-type":"","background-media":"","overlay-type":"","overlay-color":"","overlay-opacity":"","overlay-gradient":""},"mobile":{"background-color":"","background-image":"","background-repeat":"repeat","background-position":"center center","background-size":"auto","background-attachment":"scroll","background-type":"","background-media":"","overlay-type":"","overlay-color":"","overlay-opacity":"","overlay-gradient":""}},"ast-content-background-meta":{"desktop":{"background-color":"var(--ast-global-color-5)","background-image":"","background-repeat":"repeat","background-position":"center center","background-size":"auto","background-attachment":"scroll","background-type":"","background-media":"","overlay-type":"","overlay-color":"","overlay-opacity":"","overlay-gradient":""},"tablet":{"background-color":"var(--ast-global-color-5)","background-image":"","background-repeat":"repeat","background-position":"center center","background-size":"auto","background-attachment":"scroll","background-type":"","background-media":"","overlay-type":"","overlay-color":"","overlay-opacity":"","overlay-gradient":""},"mobile":{"background-color":"var(--ast-global-color-5)","background-image":"","background-repeat":"repeat","background-position":"center center","background-size":"auto","background-attachment":"scroll","background-type":"","background-media":"","overlay-type":"","overlay-color":"","overlay-opacity":"","overlay-gradient":""}},"footnotes":""},"class_list":["post-14817","page","type-page","status-publish","hentry"],"post_mailing_queue_ids":[],"_links":{"self":[{"href":"https:\/\/agora.xtec.cat\/ceipestalella\/wp-json\/wp\/v2\/pages\/14817","targetHints":{"allow":["GET"]}}],"collection":[{"href":"https:\/\/agora.xtec.cat\/ceipestalella\/wp-json\/wp\/v2\/pages"}],"about":[{"href":"https:\/\/agora.xtec.cat\/ceipestalella\/wp-json\/wp\/v2\/types\/page"}],"author":[{"embeddable":true,"href":"https:\/\/agora.xtec.cat\/ceipestalella\/wp-json\/wp\/v2\/users\/1"}],"replies":[{"embeddable":true,"href":"https:\/\/agora.xtec.cat\/ceipestalella\/wp-json\/wp\/v2\/comments?post=14817"}],"version-history":[{"count":5,"href":"https:\/\/agora.xtec.cat\/ceipestalella\/wp-json\/wp\/v2\/pages\/14817\/revisions"}],"predecessor-version":[{"id":20211,"href":"https:\/\/agora.xtec.cat\/ceipestalella\/wp-json\/wp\/v2\/pages\/14817\/revisions\/20211"}],"wp:attachment":[{"href":"https:\/\/agora.xtec.cat\/ceipestalella\/wp-json\/wp\/v2\/media?parent=14817"}],"curies":[{"name":"wp","href":"https:\/\/api.w.org\/{rel}","templated":true}]}}